{"id":20461,"date":"2019-11-01T13:53:43","date_gmt":"2019-11-01T13:53:43","guid":{"rendered":"http:\/\/www.adrianwood.ch\/?page_id=20461"},"modified":"2019-11-01T13:56:14","modified_gmt":"2019-11-01T13:56:14","slug":"programme","status":"publish","type":"page","link":"https:\/\/www.adrianwood.ch\/?page_id=20461","title":{"rendered":"Programme"},"content":{"rendered":"<div class=\"pmdi_content_wrapper\">\n<figure id=\"attachment_20464\" aria-describedby=\"caption-attachment-20464\" style=\"width: 1620px\" class=\"wp-caption alignleft\"><a href=\"http:\/\/www.adrianwood.ch\/wp-content\/uploads\/2019\/11\/USB_0176.jpg\"><img loading=\"lazy\" decoding=\"async\" class=\"size-full wp-image-20464\" src=\"http:\/\/www.adrianwood.ch\/wp-content\/uploads\/2019\/11\/USB_0176.jpg\" alt=\"\" width=\"1620\" height=\"1080\" srcset=\"https:\/\/www.adrianwood.ch\/wp-content\/uploads\/2019\/11\/USB_0176.jpg 1620w, https:\/\/www.adrianwood.ch\/wp-content\/uploads\/2019\/11\/USB_0176-300x200.jpg 300w, https:\/\/www.adrianwood.ch\/wp-content\/uploads\/2019\/11\/USB_0176-768x512.jpg 768w, https:\/\/www.adrianwood.ch\/wp-content\/uploads\/2019\/11\/USB_0176-1024x683.jpg 1024w\" sizes=\"auto, (max-width: 1620px) 100vw, 1620px\" \/><\/a><figcaption id=\"caption-attachment-20464\" class=\"wp-caption-text\">Our group and guide in Tashkent<\/figcaption><\/figure>\n<p class=\"Normal-P\" style=\"margin-bottom: 0pt; direction: ltr; unicode-bidi: normal; text-autospace: none;\"><span class=\"Normal-H\"><span style=\"font-family: Verdana,Bold; font-weight: bold; font-size: 18pt;\">biss <\/span><span style=\"font-family: Verdana; font-size: 16pt;\">Aktivreisen <\/span><span style=\"font-family: Helvetica-Bold; font-weight: bold; font-size: 10pt;\">Fichtestr. 30, D-10967 Berlin, Tel: (030) 695 68 767<\/span><\/span><\/p>\n<p class=\"Normal-P\" style=\"margin-bottom: 6pt; direction: ltr; unicode-bidi: normal; text-autospace: none;\"><span class=\"Normal-H\"><span style=\"font-family: Helvetica-Bold; font-weight: bold; font-size: 10pt;\">info@biss-reisen.de www.biss-reisen.de<\/span><\/span><\/p>\n<p class=\"Normal-P\" style=\"margin-bottom: 6pt; direction: ltr; unicode-bidi: normal; text-autospace: none;\"><span class=\"Normal-H\"><span style=\"font-family: Helvetica-Bold; font-weight: bold; color: #000000; font-size: 12pt;\">Auf Hirtenpfaden &amp; Pilgerwegen nach Samarkand<\/span><\/span><\/p>\n<p class=\"Normal-P\" style=\"margin-bottom: 6pt; direction: ltr; unicode-bidi: normal; text-autospace: none;\"><span class=\"Normal-H\"><span style=\"font-family: Helvetica-Bold; font-weight: bold; font-style: italic; color: #000000; font-size: 12pt; text-decoration: underline;\">Wanderstudienreise in Usbekistan<\/span><\/span><\/p>\n<p class=\"Normal-P\" style=\"margin-bottom: 6pt; direction: ltr; unicode-bidi: normal; text-autospace: none;\"><span class=\"Normal-H\"><span style=\"font-family: Helvetica-Bold; font-weight: bold; color: #000000; font-size: 12pt;\">Reisebeschreibung<\/span><\/span><\/p>\n<p class=\"Normal-P\" style=\"margin-bottom: 6pt; direction: ltr; unicode-bidi: normal; text-autospace: none;\"><span class=\"Normal-H\"><span style=\"font-family: ArialMT; color: #000000; font-size: 10pt;\">Der alte Handelsweg der Seidenstra\u00dfe machte Zentralasien mehr als ein Jahrtausend lang zur Drehscheibe des<\/span><span style=\"font-family: ArialMT; color: #000000; font-size: 10pt;\">Welthandels und der Kulturen. Besondere Bedeutung erlangten die Oasenst\u00e4dte Samarkand und Buchara durch<\/span><span style=\"font-family: ArialMT; color: #000000; font-size: 10pt;\">ihre Lage an den Kreuzungspunkten der Handelsrouten. Wundervolle Moscheen und Koranschulen mit<\/span><span style=\"font-family: ArialMT; color: #000000; font-size: 10pt;\">t\u00fcrkisfarbenen Kuppeln machen den besonderen Reiz dieser St\u00e4dte <\/span><span style=\"font-family: ArialMT; color: #000000; font-size: 10pt;\">aus.Neben<\/span><span style=\"font-family: ArialMT; color: #000000; font-size: 10pt;\"> diesen Zeugen vergangener<\/span><span style=\"font-family: ArialMT; color: #000000; font-size: 10pt;\">Hochkulturen entdecken wir auch die heutige Alltagskultur: in den Teeh\u00e4usern der D\u00f6rfer und Kleinst\u00e4dte<\/span><span style=\"font-family: ArialMT; color: #000000; font-size: 10pt;\">unterwegs, bei unseren Wanderungen in den Gebirgen <\/span><span style=\"font-family: ArialMT; color: #000000; font-size: 10pt;\">Tschimgan<\/span><span style=\"font-family: ArialMT; color: #000000; font-size: 10pt;\"> und <\/span><span style=\"font-family: ArialMT; color: #000000; font-size: 10pt;\">Nuratau<\/span><span style=\"font-family: ArialMT; color: #000000; font-size: 10pt;\"> sowie beim Besuch islamischer<\/span><span style=\"font-family: ArialMT; color: #000000; font-size: 10pt;\">Pilgerorte. In einem Gebirgsdorf \u00fcbernachten wir zwei Tage bei Familien, lernen die usbekische Gastfreundschaft<\/span><span style=\"font-family: ArialMT; color: #000000; font-size: 10pt;\">und auch die typischen Speisen des Landes kennen, wie z.B. <\/span><span style=\"font-family: ArialMT; color: #000000; font-size: 10pt;\">Palow<\/span><span style=\"font-family: ArialMT; color: #000000; font-size: 10pt;\">, ein Reisgericht mit Lammfleisch, gelben<\/span><span style=\"font-family: ArialMT; color: #000000; font-size: 10pt;\">Mohrr\u00fcben und Kichererbsen.<\/span><\/span><\/p>\n<p class=\"Normal-P\" style=\"margin-bottom: 6pt; direction: ltr; unicode-bidi: normal; text-autospace: none;\"><span class=\"Normal-H\"><span style=\"font-family: Helvetica-Bold; font-weight: bold; color: #000000; font-size: 12pt;\">Reiseablauf <\/span><span style=\"font-family: ArialMT; color: #000000; font-size: 8pt;\">(\u00c4nderungen vorbehalten)<\/span><\/span><\/p>\n<p class=\"Normal-P\" style=\"margin-bottom: 6pt; direction: ltr; unicode-bidi: normal; text-autospace: none;\"><span class=\"Normal-H\"><span style=\"font-family: Helvetica-Bold; font-weight: bold; color: #000000; font-size: 10pt;\">1. Tag: Anreise nach Usbekistan<\/span><\/span><\/p>\n<p class=\"Normal-P\" style=\"margin-bottom: 6pt; direction: ltr; unicode-bidi: normal; text-autospace: none;\"><span class=\"Normal-H\"><span style=\"font-family: ArialMT; color: #000000; font-size: 10pt;\">Flug von Frankfurt nach Taschkent. Ankunft am Abend und \u00dcbernachtung im Hotel in Taschkent.<\/span><\/span><\/p>\n<p class=\"Normal-P\" style=\"margin-bottom: 6pt; direction: ltr; unicode-bidi: normal; text-autospace: none;\"><span class=\"Normal-H\"><span style=\"font-family: Helvetica-Bold; font-weight: bold; color: #000000; font-size: 10pt;\">2. Tag: Taschkent \/ Unterkunftswechsel ins <\/span><span style=\"font-family: Helvetica-Bold; font-weight: bold; color: #000000; font-size: 10pt;\">Tschimgan<\/span><span style=\"font-family: Helvetica-Bold; font-weight: bold; color: #000000; font-size: 10pt;\">-Gebirge<\/span><\/span><\/p>\n<p class=\"Normal-P\" style=\"margin-bottom: 6pt; direction: ltr; unicode-bidi: normal; text-autospace: none;\"><span class=\"Normal-H\"><span style=\"font-family: ArialMT; color: #000000; font-size: 10pt;\">Gef\u00fchrter Stadtrundgang durch die moderne usbekische Hauptstadt. Wir besichtigen u. a. die Medrese<\/span><span style=\"font-family: ArialMT; color: #000000; font-size: 10pt;\">Kukeldash<\/span><span style=\"font-family: ArialMT; color: #000000; font-size: 10pt;\"> in der kleinen Altstadt, das Denkmal f\u00fcr die Erdbebenopfer von 1966 und einige besonders sch\u00f6ne<\/span><span style=\"font-family: ArialMT; color: #000000; font-size: 10pt;\">Metrostationen. Am sp\u00e4ten Nachmittag Transfer ins <\/span><span style=\"font-family: ArialMT; color: #000000; font-size: 10pt;\">Tschimgan<\/span><span style=\"font-family: ArialMT; color: #000000; font-size: 10pt;\">-Gebirge (3 \u00dcbernachtungen in einem kleinen<\/span><span style=\"font-family: ArialMT; color: #000000; font-size: 10pt;\">Hotel)<\/span><\/span><\/p>\n<p class=\"Normal-P\" style=\"margin-bottom: 6pt; direction: ltr; unicode-bidi: normal; text-autospace: none;\"><span class=\"Normal-H\"><span style=\"font-family: Helvetica-Bold; font-weight: bold; color: #000000; font-size: 10pt;\">3.-5. Tag: Im <\/span><span style=\"font-family: Helvetica-Bold; font-weight: bold; color: #000000; font-size: 10pt;\">Tschimgan<\/span><span style=\"font-family: Helvetica-Bold; font-weight: bold; color: #000000; font-size: 10pt;\">-Gebirge \/ am 5. Tag Unterkunftswechsel nach Buchara<\/span><\/span><\/p>\n<p class=\"Normal-P\" style=\"margin-bottom: 6pt; direction: ltr; unicode-bidi: normal; text-autospace: none;\"><span class=\"Normal-H\"><span style=\"font-family: ArialMT; color: #000000; font-size: 10pt;\">Das <\/span><span style=\"font-family: ArialMT; color: #000000; font-size: 10pt;\">Tschimgan<\/span><span style=\"font-family: ArialMT; color: #000000; font-size: 10pt;\">-Gebirge ist ein Ausl\u00e4ufer des <\/span><span style=\"font-family: ArialMT; color: #000000; font-size: 10pt;\">Tienshan<\/span><span style=\"font-family: ArialMT; color: #000000; font-size: 10pt;\"> mit bis zu 4.000 m hohen Bergen. Von unserem Hotel<\/span><span style=\"font-family: ArialMT; color: #000000; font-size: 10pt;\">aus unternehmen wir Tageswanderungen in die umliegenden Berge: auf alten Hirtenpfaden, \u00fcber Almwiesen<\/span><span style=\"font-family: ArialMT; color: #000000; font-size: 10pt;\">und zu einem Wasserfall. Am Nachmittag des 5. Tages fahren wir zur\u00fcck nach Taschkent und besteigen am<\/span><span style=\"font-family: ArialMT; color: #000000; font-size: 10pt;\">Abend den Nachtzug nach Buchara.<\/span><\/span><\/p>\n<p class=\"Normal-P\" style=\"margin-bottom: 6pt; direction: ltr; unicode-bidi: normal; text-autospace: none;\"><span class=\"Normal-H\"><span style=\"font-family: Helvetica-Bold; font-weight: bold; color: #000000; font-size: 10pt;\">6. Tag: Heilige Stadt Buchara<\/span><\/span><\/p>\n<p class=\"Normal-P\" style=\"margin-bottom: 6pt; direction: ltr; unicode-bidi: normal; text-autospace: none;\"><span class=\"Normal-H\"><span style=\"font-family: ArialMT; color: #000000; font-size: 10pt;\">Am Morgen Ankunft in Buchara. Transfer zum Hotel in der Altstadt. Gef\u00fchrter Stadtrundgang. Buchara gilt als<\/span><span style=\"font-family: ArialMT; color: #000000; font-size: 10pt;\">die \u201eheilige Stadt\u201c Zentralasiens. Hier erwartet uns ein noch fast vollst\u00e4ndig erhaltener orientalischer Stadtkern<\/span><span style=\"font-family: ArialMT; color: #000000; font-size: 10pt;\">mit vielen historischen Bauten wie der m\u00e4chtigen <\/span><span style=\"font-family: ArialMT; color: #000000; font-size: 10pt;\">Kalon<\/span><span style=\"font-family: ArialMT; color: #000000; font-size: 10pt;\">-Moschee oder der Medrese Mir i <\/span><span style=\"font-family: ArialMT; color: #000000; font-size: 10pt;\">Arab<\/span><span style=\"font-family: ArialMT; color: #000000; font-size: 10pt;\">, der gr\u00f6\u00dften<\/span><span style=\"font-family: ArialMT; color: #000000; font-size: 10pt;\">Koranschule der Region, deren Kuppeln in leuchtendem T\u00fcrkis erstrahlen.<\/span><\/span><\/p>\n<p class=\"Normal-P\" style=\"margin-bottom: 6pt; direction: ltr; unicode-bidi: normal; text-autospace: none;\"><span class=\"Normal-H\"><span style=\"font-family: Helvetica-Bold; font-weight: bold; color: #000000; font-size: 10pt;\">7. Tag: Zur freien Verf\u00fcgung<\/span><\/span><\/p>\n<p class=\"Normal-P\" style=\"margin-bottom: 6pt; direction: ltr; unicode-bidi: normal; text-autospace: none;\"><span class=\"Normal-H\"><span style=\"font-family: ArialMT; color: #000000; font-size: 10pt;\">Heute ist Zeit f\u00fcr eigene Erkundungen in Buchara oder einen Ausflug in die Umgebung, z. B. zum Mausoleum<\/span><span style=\"font-family: ArialMT; color: #000000; font-size: 10pt;\">von <\/span><span style=\"font-family: ArialMT; color: #000000; font-size: 10pt;\">Bahovuddin<\/span><span style=\"font-family: ArialMT; color: #000000; font-size: 10pt;\">Naqshband<\/span><span style=\"font-family: ArialMT; color: #000000; font-size: 10pt;\">, dem Begr\u00fcnder des Sufi-Ordens der <\/span><span style=\"font-family: ArialMT; color: #000000; font-size: 10pt;\">Naqshbandi<\/span><span style=\"font-family: ArialMT; color: #000000; font-size: 10pt;\">. Am <\/span><span style=\"font-family: ArialMT; color: #000000; font-size: 10pt;\">Ljabi<\/span><span style=\"font-family: ArialMT; color: #000000; font-size: 10pt;\">Chaus<\/span><span style=\"font-family: ArialMT; color: #000000; font-size: 10pt;\">, dem von<\/span><span style=\"font-family: ArialMT; color: #000000; font-size: 10pt;\">Moscheen und Medresen ges\u00e4umten gro\u00dfen Teich im Herzen der Altstadt, kann man am Nachmittag im<\/span><span style=\"font-family: ArialMT; color: #000000; font-size: 10pt;\">Schatten uralter Maulbeerb\u00e4ume eine Schale gr\u00fcnen Tees genie\u00dfen und einfach dem regen Treiben<\/span><span style=\"font-family: ArialMT; color: #000000; font-size: 10pt;\">zuschauen.<\/span><\/span><\/p>\n<p class=\"Normal-P\" style=\"margin-bottom: 6pt; direction: ltr; unicode-bidi: normal; text-autospace: none;\"><span class=\"Normal-H\"><span style=\"font-family: Helvetica-Bold; font-weight: bold; color: #000000; font-size: 10pt;\">8. Tag: W\u00fcste <\/span><span style=\"font-family: Helvetica-Bold; font-weight: bold; color: #000000; font-size: 10pt;\">Kysyl<\/span><span style=\"font-family: Helvetica-Bold; font-weight: bold; color: #000000; font-size: 10pt;\">Kum<\/span><\/span><\/p>\n<p class=\"Normal-P\" style=\"margin-bottom: 6pt; direction: ltr; unicode-bidi: normal; text-autospace: none;\"><span class=\"Normal-H\"><span style=\"font-family: ArialMT; color: #000000; font-size: 10pt;\">Heute fahren wir in die W\u00fcste <\/span><span style=\"font-family: ArialMT; color: #000000; font-size: 10pt;\">Kysyl<\/span><span style=\"font-family: ArialMT; color: #000000; font-size: 10pt;\">Kum<\/span><span style=\"font-family: ArialMT; color: #000000; font-size: 10pt;\"> \u2013 die W\u00fcste des Roten Sandes. Unterwegs besichtigen wir in der f\u00fcr<\/span><span style=\"font-family: ArialMT; color: #000000; font-size: 10pt;\">ihre Keramik bekannten Stadt <\/span><span style=\"font-family: ArialMT; color: #000000; font-size: 10pt;\">Gishduwan<\/span><span style=\"font-family: ArialMT; color: #000000; font-size: 10pt;\"> die Werkstatt des T\u00f6pfermeisters Abdullah Aka. In <\/span><span style=\"font-family: ArialMT; color: #000000; font-size: 10pt;\">Nurata<\/span><span style=\"font-family: ArialMT; color: #000000; font-size: 10pt;\"> besuchen<\/span><span style=\"font-family: ArialMT; color: #000000; font-size: 10pt;\">wir die <\/span><span style=\"font-family: ArialMT; color: #000000; font-size: 10pt;\">Hasrat<\/span><span style=\"font-family: ArialMT; color: #000000; font-size: 10pt;\">-Ali-Quelle. Die Quelle gilt als heilig und zieht muslimische Pilger aus ganz Zentralasien an. In<\/span><span style=\"font-family: ArialMT; color: #000000; font-size: 10pt;\">der W\u00fcste \u00fcbernachten wir in traditionellen Jurten (Filzzelten der Nomaden).<\/span><\/span><\/p>\n<p class=\"Normal-P\" style=\"margin-bottom: 6pt; direction: ltr; unicode-bidi: normal; text-autospace: none;\"><span class=\"Normal-H\"><span style=\"font-family: Helvetica-Bold; font-weight: bold; color: #000000; font-size: 10pt;\">9. Tag: Kamelritt und Fahrt ins <\/span><span style=\"font-family: Helvetica-Bold; font-weight: bold; color: #000000; font-size: 10pt;\">Nuratau<\/span><span style=\"font-family: Helvetica-Bold; font-weight: bold; color: #000000; font-size: 10pt;\">-Gebirge \/ Unterkunftswechsel nach <\/span><span style=\"font-family: Helvetica-Bold; font-weight: bold; color: #000000; font-size: 10pt;\">Sentob<\/span><\/span><\/p>\n<p class=\"Normal-P\" style=\"margin-bottom: 6pt; direction: ltr; unicode-bidi: normal; text-autospace: none;\"><span class=\"Normal-H\"><span style=\"font-family: ArialMT; color: #000000; font-size: 10pt;\">Am Vormittag unternehmen wir von unserem <\/span><span style=\"font-family: ArialMT; color: #000000; font-size: 10pt;\">Jurtencamp<\/span><span style=\"font-family: ArialMT; color: #000000; font-size: 10pt;\"> aus einen kurzen Kamelritt durch die W\u00fcste und<\/span><span style=\"font-family: ArialMT; color: #000000; font-size: 10pt;\">besuchen kasachische Hirten und Kamelz\u00fcchter. Anschlie\u00dfend fahren wir ins <\/span><span style=\"font-family: ArialMT; color: #000000; font-size: 10pt;\">Nuratau<\/span><span style=\"font-family: ArialMT; color: #000000; font-size: 10pt;\">-Gebirge. Unterwegs<\/span><span style=\"font-family: ArialMT; color: #000000; font-size: 10pt;\">probieren wir bei einem Picknick gebratenen Fisch direkt am Ufer des <\/span><span style=\"font-family: ArialMT; color: #000000; font-size: 10pt;\">Aydarkul<\/span><span style=\"font-family: ArialMT; color: #000000; font-size: 10pt;\">-Sees, der mitten in der W\u00fcste<\/span><span style=\"font-family: ArialMT; color: #000000; font-size: 10pt;\">wie eine Fata Morgana vor uns aufgetaucht ist. Am Nachmittag erreichen wir das <\/span><span style=\"font-family: ArialMT; color: #000000; font-size: 10pt;\">Dorf <\/span><span style=\"font-family: ArialMT; color: #000000; font-size: 10pt;\">Sentob<\/span><span style=\"font-family: ArialMT; color: #000000; font-size: 10pt;\">im <\/span><span style=\"font-family: ArialMT; color: #000000; font-size: 10pt;\">Nuratau<\/span><span style=\"font-family: ArialMT; color: #000000; font-size: 10pt;\">-Gebirge, beziehen unser Quartier bei <\/span><span style=\"font-family: ArialMT; color: #000000; font-size: 10pt;\">tadschikischsprachigen<\/span><span style=\"font-family: ArialMT; color: #000000; font-size: 10pt;\"> Familien und unternehmen eine kleine<\/span><span style=\"font-family: ArialMT; color: #000000; font-size: 10pt;\">Wanderung durch das Dorf und seine Umgebung. Die gro\u00dfe Gastfreundschaft und Herzlichkeit der Familien<\/span><span style=\"font-family: ArialMT; color: #000000; font-size: 10pt;\">und die guten Einblicke in das Alltagsleben auf dem Lande, lassen uns den Komfortverzicht fast vergessen.<\/span><\/span><\/p>\n<p class=\"Normal-P\" style=\"margin-bottom: 6pt; direction: ltr; unicode-bidi: normal; text-autospace: none;\"><span class=\"Normal-H\"><span style=\"font-family: Helvetica-Bold; font-weight: bold; color: #000000; font-size: 10pt;\">10.-11. Tag: Wandern im <\/span><span style=\"font-family: Helvetica-Bold; font-weight: bold; color: #000000; font-size: 10pt;\">Nuratau<\/span><span style=\"font-family: Helvetica-Bold; font-weight: bold; color: #000000; font-size: 10pt;\">-Gebirge \/ am 11. Tag: Unterkunftswechsel nach Samarkand<\/span><\/span><\/p>\n<p class=\"Normal-P\" style=\"margin-bottom: 6pt; direction: ltr; unicode-bidi: normal; text-autospace: none;\"><span class=\"Normal-H\"><span style=\"font-family: ArialMT; color: #000000; font-size: 10pt;\">Von <\/span><span style=\"font-family: ArialMT; color: #000000; font-size: 10pt;\">Sentob<\/span><span style=\"font-family: ArialMT; color: #000000; font-size: 10pt;\"> aus unternehmen wir zwei Tageswanderungen in die Berge und durch die T\u00e4ler der Umgebung.<\/span><span style=\"font-family: ArialMT; color: #000000; font-size: 10pt;\">Abends erwarten uns die Gastfamilien mit einem reich gedeckten \u201eVierbeiner\u201c, einer Art Hochbett, das<\/span><span style=\"font-family: ArialMT; color: #000000; font-size: 10pt;\">gleichzeitig als Tisch und Sitzgelegenheit dient. Bei einer Schale gr\u00fcnen Tees ist dann auch Gelegenheit f\u00fcr<\/span><span style=\"font-family: ArialMT; color: #000000; font-size: 10pt;\">interessante Gespr\u00e4che. Am Nachmittag des 11. Tages fahren wir weiter nach Samarkand (3 Hotel<\/span><span style=\"font-family: ArialMT; color: #000000; font-size: 10pt;\">\u00dcbernachtungen).<\/span><\/span><\/p>\n<p class=\"Normal-P\" style=\"margin-bottom: 6pt; direction: ltr; unicode-bidi: normal; text-autospace: none;\"><span class=\"Normal-H\"><span style=\"font-family: Helvetica-Bold; font-weight: bold; color: #000000; font-size: 10pt;\">12. Tag: Samarkand<\/span><\/span><\/p>\n<p class=\"Normal-P\" style=\"margin-bottom: 6pt; direction: ltr; unicode-bidi: normal; text-autospace: none;\"><span class=\"Normal-H\"><span style=\"font-family: ArialMT; color: #000000; font-size: 10pt;\">Samarkand ist eine der \u00e4ltesten St\u00e4dte der Welt. Mit ihren Meisterwerken islamischer Baukunst wie dem<\/span><span style=\"font-family: ArialMT; color: #000000; font-size: 10pt;\">Mausoleum Guri Amir oder der Bibi <\/span><span style=\"font-family: ArialMT; color: #000000; font-size: 10pt;\">Chanym<\/span><span style=\"font-family: ArialMT; color: #000000; font-size: 10pt;\"> Moschee, ihrem lebendigen Basar und den niedrigen<\/span><span style=\"font-family: ArialMT; color: #000000; font-size: 10pt;\">Lehmh\u00e4usern aber auch durch den Einfluss der von Handel und Wandel gepr\u00e4gten postsozialistischen<\/span><span style=\"font-family: ArialMT; color: #000000; font-size: 10pt;\">Moderne ist diese Stadt heute die Metropole des zentralasiatischen Orients schlechthin.<\/span><\/span><\/p>\n<p class=\"Normal-P\" style=\"margin-bottom: 6pt; direction: ltr; unicode-bidi: normal; text-autospace: none;\"><span class=\"Normal-H\"><span style=\"font-family: Helvetica-Bold; font-weight: bold; color: #000000; font-size: 10pt;\">13. Tag: Wanderung zum <\/span><span style=\"font-family: Helvetica-Bold; font-weight: bold; color: #000000; font-size: 10pt;\">Hasrat<\/span><span style=\"font-family: Helvetica-Bold; font-weight: bold; color: #000000; font-size: 10pt;\"> Dawud<\/span><\/span><\/p>\n<p class=\"Normal-P\" style=\"margin-bottom: 6pt; direction: ltr; unicode-bidi: normal; text-autospace: none;\"><span class=\"Normal-H\"><span style=\"font-family: ArialMT; color: #000000; font-size: 10pt;\">Heute fahren wir ins nahegelegene <\/span><span style=\"font-family: ArialMT; color: #000000; font-size: 10pt;\">Serawschan<\/span><span style=\"font-family: ArialMT; color: #000000; font-size: 10pt;\">-Gebirge und wandern zum Berg <\/span><span style=\"font-family: ArialMT; color: #000000; font-size: 10pt;\">Hasrat<\/span><span style=\"font-family: ArialMT; color: #000000; font-size: 10pt;\"> Dawud, einem<\/span><span style=\"font-family: ArialMT; color: #000000; font-size: 10pt;\">islamischen Pilgerort, der dem Heiligen David (arab.: Dawud) gewidmet ist, der sich hier einst in einer H\u00f6hle<\/span><span style=\"font-family: ArialMT; color: #000000; font-size: 10pt;\">versteckt haben soll.<\/span><\/span><\/p>\n<p class=\"Normal-P\" style=\"margin-bottom: 6pt; direction: ltr; unicode-bidi: normal; text-autospace: none;\"><span class=\"Normal-H\"><span style=\"font-family: Helvetica-Bold; font-weight: bold; color: #000000; font-size: 10pt;\">14. Tag: <\/span><span style=\"font-family: Helvetica-Bold; font-weight: bold; color: #000000; font-size: 10pt;\">Vormittags<\/span><span style=\"font-family: Helvetica-Bold; font-weight: bold; color: #000000; font-size: 10pt;\"> zur freien Verf\u00fcgung \/ Nachmittags <\/span><span style=\"font-family: Helvetica-Bold; font-weight: bold; color: #000000; font-size: 10pt;\">Unterkunftwechsel<\/span><span style=\"font-family: Helvetica-Bold; font-weight: bold; color: #000000; font-size: 10pt;\"> nach Taschkent<\/span><\/span><\/p>\n<p class=\"Normal-P\" style=\"margin-bottom: 6pt; direction: ltr; unicode-bidi: normal; text-autospace: none;\"><span class=\"Normal-H\"><span style=\"font-family: ArialMT; color: #000000; font-size: 10pt;\">Vormittags ist Zeit f\u00fcr eigene Erkundungen in Samarkand. Optional ist auch der Besuch einer<\/span><span style=\"font-family: ArialMT; color: #000000; font-size: 10pt;\">Seidenteppichmanufaktur m\u00f6glich. Am sp\u00e4ten Nachmittag fahren wir mit dem Schnellzug durch die<\/span><span style=\"font-family: ArialMT; color: #000000; font-size: 10pt;\">Hungersteppe nach Taschkent<\/span><span style=\"font-family: ArialMT; color: #000000; font-size: 10pt;\">.<\/span><\/span><\/p>\n<p class=\"Normal-P\" style=\"margin-bottom: 6pt; direction: ltr; unicode-bidi: normal; text-autospace: none;\"><span class=\"Normal-H\"><span style=\"font-family: Helvetica-Bold; font-weight: bold; color: #000000; font-size: 10pt;\">15. Tag: R\u00fcckreise nach Deutschland<\/span><\/span><\/p>\n<p class=\"Normal-P\" style=\"margin-bottom: 6pt; direction: ltr; unicode-bidi: normal; text-autospace: none;\"><span class=\"Normal-H\"><span style=\"font-family: ArialMT; color: #000000; font-size: 10pt;\">Fr\u00fchmorgens Transfer vom Hotel zum Flughafen. R\u00fcckflug nach Frankfurt.<\/span><\/span><\/p>\n<\/div>\n","protected":false},"excerpt":{"rendered":"<p>biss Aktivreisen Fichtestr. 30, D-10967 Berlin, Tel: (030) 695 68 767 info@biss-reisen.de www.biss-reisen.de Auf Hirtenpfaden &amp; Pilgerwegen nach Samarkand Wanderstudienreise in Usbekistan Reisebeschreibung Der alte Handelsweg der Seidenstra\u00dfe machte Zentralasien mehr als ein Jahrtausend lang zur Drehscheibe desWelthandels und der Kulturen. Besondere Bedeutung erlangten die Oasenst\u00e4dte Samarkand und Buchara durchihre Lage an den Kreuzungspunkten der &hellip; <a href=\"https:\/\/www.adrianwood.ch\/?page_id=20461\" class=\"more-link\">Continue reading <span class=\"screen-reader-text\">Programme<\/span> <span class=\"meta-nav\">&rarr;<\/span><\/a><\/p>\n","protected":false},"author":1,"featured_media":0,"parent":20457,"menu_order":5581,"comment_status":"closed","ping_status":"closed","template":"","meta":{"ngg_post_thumbnail":0,"footnotes":""},"class_list":["post-20461","page","type-page","status-publish","hentry"],"_links":{"self":[{"href":"https:\/\/www.adrianwood.ch\/index.php?rest_route=\/wp\/v2\/pages\/20461","targetHints":{"allow":["GET"]}}],"collection":[{"href":"https:\/\/www.adrianwood.ch\/index.php?rest_route=\/wp\/v2\/pages"}],"about":[{"href":"https:\/\/www.adrianwood.ch\/index.php?rest_route=\/wp\/v2\/types\/page"}],"author":[{"embeddable":true,"href":"https:\/\/www.adrianwood.ch\/index.php?rest_route=\/wp\/v2\/users\/1"}],"replies":[{"embeddable":true,"href":"https:\/\/www.adrianwood.ch\/index.php?rest_route=%2Fwp%2Fv2%2Fcomments&post=20461"}],"version-history":[{"count":3,"href":"https:\/\/www.adrianwood.ch\/index.php?rest_route=\/wp\/v2\/pages\/20461\/revisions"}],"predecessor-version":[{"id":20463,"href":"https:\/\/www.adrianwood.ch\/index.php?rest_route=\/wp\/v2\/pages\/20461\/revisions\/20463"}],"up":[{"embeddable":true,"href":"https:\/\/www.adrianwood.ch\/index.php?rest_route=\/wp\/v2\/pages\/20457"}],"wp:attachment":[{"href":"https:\/\/www.adrianwood.ch\/index.php?rest_route=%2Fwp%2Fv2%2Fmedia&parent=20461"}],"curies":[{"name":"wp","href":"https:\/\/api.w.org\/{rel}","templated":true}]}}