{"id":2055,"date":"2012-07-15T16:22:12","date_gmt":"2012-07-15T15:22:12","guid":{"rendered":"http:\/\/adrianwood.ch\/?page_id=2055"},"modified":"2012-07-15T16:22:12","modified_gmt":"2012-07-15T15:22:12","slug":"04-14-osterfest","status":"publish","type":"page","link":"https:\/\/www.adrianwood.ch\/?page_id=2055","title":{"rendered":"04-14 Osterfest"},"content":{"rendered":"<p><strong>Samstag 14. Apri<\/strong><strong>l,<\/strong><strong> Anreise und Osterfest<\/strong><\/p>\n<table border=\"0\" cellspacing=\"0\" cellpadding=\"0\">\n<tbody>\n<tr>\n<td colspan=\"2\" valign=\"top\" width=\"815\">27 Sportkl\u00fcbler (der 28. st\u00f6sst erst am Montag zu uns) besteigen in Z\u00fcrich-Kloten die Swiss-Maschine von Edelweiss-Air, welche wegen Radwechsels mit 15 Minuten Versp\u00e4tung in Richtung Zypern abfliegt. Zypern ist nach Sizilien und Sardinien die drittgr\u00f6sste Insel des Mittelmeeres und z\u00e4hlt ca. 1 Mio. Einwohner. Nach einem ruhigen Flug \u00fcber Wolken von 3 1\/2 Stunden lockern sich diese auf und als erste bekannte Bodenformation erscheint unter uns Limmasol mit seinem Salzwassersee. Wenige Minuten sp\u00e4ter landen wir um 16.30 Uhr Ortszeit (MESZ+1) in L\u00e1rnaka.<\/p>\n<p style=\"text-align: justify;\">Hier begr\u00fcsst uns die Reiseleiterin Mini von <em>ismini travel<\/em> und h\u00e4ndigt uns Unterlagen zu unseren Wanderungen in der ersten Woche aus. Es folgt ein zweist\u00fcndiger Bustransfer nach Paphos, der antiken Hauptstadt im S\u00fcdwesten der Insel, bis zu unserem Hotel Cynthiana direkt am Meer. Paphos ist die viertgr\u00f6sste Stadt der Insel. Das Hinterland von Paphos besteht aus weiten Ebenen mit Obstplantagen, terrassenf\u00f6rmigen Weinfeldern, Olivenb\u00e4umen und D\u00f6rfern mit nahezu unverf\u00e4lschter Atmosph\u00e4re.<\/p>\n<\/td>\n<\/tr>\n<tr>\n<td style=\"text-align: justify;\" valign=\"top\" width=\"407\">&nbsp;<\/p>\n<p>Nach dem Einrichten in den Zimmern mit Meeressicht und Nachtessen bleiben ein paar Unentwegte (Margrit, Regine, Ren\u00e9 und der Schreibende) bis ein Uhr morgens auf, um am griechisch-orthodoxen Ostergottesdienst um 23.30 Uhr in der Kirche vom nahen Dorf Kissonerga teilzunehmen. Mit dem Hotelbus gelangt man dorthin, wo Grossbetrieb herrscht mit Feuer, Petarden, Raketen und vielen grossen und kleinen Griechischzyprioten. Nun str\u00f6men die Ein-heimischen und ein paar Touristen in die Kirche und kaufen Osterkerzen.<strong><\/strong><\/td>\n<td valign=\"top\" width=\"408\">\u00a0<img decoding=\"async\" class=\"ngg-singlepic ngg-none\" src=\"http:\/\/adrianwood.ch\/wp-content\/gallery\/zypern04\/image001_r4.jpg\" alt=\"image001_r4\" \/><\/td>\n<\/tr>\n<tr>\n<td valign=\"top\" width=\"407\">\u00a0<img decoding=\"async\" class=\"ngg-singlepic ngg-none\" src=\"http:\/\/adrianwood.ch\/wp-content\/gallery\/zypern04\/image003_r4.jpg\" alt=\"image003_r4\" \/><\/td>\n<td valign=\"top\" width=\"408\">\u00a0<img decoding=\"async\" class=\"ngg-singlepic ngg-none\" src=\"http:\/\/adrianwood.ch\/wp-content\/gallery\/zypern04\/image005_r4.jpg\" alt=\"image005_r4\" \/><\/td>\n<\/tr>\n<tr>\n<td valign=\"top\" width=\"407\">\n<p style=\"text-align: justify;\">Diese werden nach Abschluss des Gottesdienstes (&#8220;Christos Anesti&#8221; &#8211; Christ ist auferstanden) vom Pope entz\u00fcndet und das Feuer wird den Kerzen der anderen Gl\u00e4ubigen weitergegeben. Anschliessend versammelt sich alles Volk mit leuchtenden Kerzen in den H\u00e4nden zur um die Kirche stattfindenden Osterprozession. Unter Donner eines Feuerwerkes finden wir den Weg zu unserem Hotelbus zur\u00fcck. Es war ein eindr\u00fcckliches Erlebnis, v.a. die Lichterf\u00fclle in und um die Kirche und der volksnahe Betrieb in den umgebenden Tavernen, der sich angeblich bis zum Morgen fortsetzen soll.<\/p>\n<p style=\"text-align: justify;\">Philippe<strong><\/strong><\/p>\n<\/td>\n<td valign=\"top\" width=\"408\">\u00a0<img decoding=\"async\" class=\"ngg-singlepic ngg-none\" src=\"http:\/\/adrianwood.ch\/wp-content\/gallery\/zypern04\/image007_r4.jpg\" alt=\"image007_r4\" \/><\/td>\n<\/tr>\n<\/tbody>\n<\/table>\n","protected":false},"excerpt":{"rendered":"<p>Samstag 14. April, Anreise und Osterfest 27 Sportkl\u00fcbler (der 28. st\u00f6sst erst am Montag zu uns) besteigen in Z\u00fcrich-Kloten die Swiss-Maschine von Edelweiss-Air, welche wegen Radwechsels mit 15 Minuten Versp\u00e4tung in Richtung Zypern abfliegt. Zypern ist nach Sizilien und Sardinien die drittgr\u00f6sste Insel des Mittelmeeres und z\u00e4hlt ca. 1 Mio. Einwohner. Nach einem ruhigen Flug &hellip; <a href=\"https:\/\/www.adrianwood.ch\/?page_id=2055\" class=\"more-link\">Continue reading <span class=\"screen-reader-text\">04-14 Osterfest<\/span> <span class=\"meta-nav\">&rarr;<\/span><\/a><\/p>\n","protected":false},"author":1,"featured_media":0,"parent":2038,"menu_order":2414,"comment_status":"closed","ping_status":"closed","template":"","meta":{"ngg_post_thumbnail":0,"footnotes":""},"class_list":["post-2055","page","type-page","status-publish","hentry"],"_links":{"self":[{"href":"https:\/\/www.adrianwood.ch\/index.php?rest_route=\/wp\/v2\/pages\/2055","targetHints":{"allow":["GET"]}}],"collection":[{"href":"https:\/\/www.adrianwood.ch\/index.php?rest_route=\/wp\/v2\/pages"}],"about":[{"href":"https:\/\/www.adrianwood.ch\/index.php?rest_route=\/wp\/v2\/types\/page"}],"author":[{"embeddable":true,"href":"https:\/\/www.adrianwood.ch\/index.php?rest_route=\/wp\/v2\/users\/1"}],"replies":[{"embeddable":true,"href":"https:\/\/www.adrianwood.ch\/index.php?rest_route=%2Fwp%2Fv2%2Fcomments&post=2055"}],"version-history":[{"count":0,"href":"https:\/\/www.adrianwood.ch\/index.php?rest_route=\/wp\/v2\/pages\/2055\/revisions"}],"up":[{"embeddable":true,"href":"https:\/\/www.adrianwood.ch\/index.php?rest_route=\/wp\/v2\/pages\/2038"}],"wp:attachment":[{"href":"https:\/\/www.adrianwood.ch\/index.php?rest_route=%2Fwp%2Fv2%2Fmedia&parent=2055"}],"curies":[{"name":"wp","href":"https:\/\/api.w.org\/{rel}","templated":true}]}}