{"id":2062,"date":"2012-07-15T16:43:43","date_gmt":"2012-07-15T15:43:43","guid":{"rendered":"http:\/\/adrianwood.ch\/?page_id=2062"},"modified":"2012-07-15T16:43:43","modified_gmt":"2012-07-15T15:43:43","slug":"04-15-akamas","status":"publish","type":"page","link":"https:\/\/www.adrianwood.ch\/?page_id=2062","title":{"rendered":"04-15 Akamas"},"content":{"rendered":"<p><strong>Ostersonntag 15. April<\/strong><strong>,<\/strong><strong> Im Akamas auf den Spuren des Adonis und der Aphrodite<\/strong><strong><\/strong><\/p>\n<table border=\"0\" cellspacing=\"0\" cellpadding=\"0\">\n<tbody>\n<tr>\n<td style=\"text-align: justify;\" valign=\"top\" width=\"410\">Die Abfahrt mit dem Bus mit seinem Chauffeur Vassilis zu unserer ersten Wanderung ist auf 8.30 Uhr angesetzt. Vorher jedoch verteilt Mini zu unserer freudigen \u00dcberraschung allen farbige Ostereier und lachend &#8220;t\u00fctschen&#8221; wir sie gegenseitig. Wir fahren nun in 1 1\/2 Stunden durch das Hinterland \u00fcber eine H\u00f6he an die Nordk\u00fcste nach Lakki, einem Fischerdorf. Unterwegs bringt uns Mini wichtige griechische W\u00f6rter bei: Kalimera\/ Kalispera \/ Kalinichte (guten Morgen \/ Tag \/ Abend); Ephcharisto \/ Paracallo (Danke \/ Bitte), Avrio (morgen), Endaxi (in Ordnung)&#8230;.<\/td>\n<td valign=\"top\" width=\"411\">\u00a0<img decoding=\"async\" class=\"ngg-singlepic ngg-none\" src=\"http:\/\/adrianwood.ch\/wp-content\/gallery\/zypern05\/image009_r4.jpg\" alt=\"image009_r4\" \/><\/td>\n<\/tr>\n<tr>\n<td style=\"text-align: justify;\" valign=\"top\" width=\"410\">Unsere 12 km lange Wanderung bei sonnigem, doch nicht zu heissem Wetter f\u00fchrt uns in das Naturschutzgebiet der Halbinsel Akamas mit seinem Pflanzenreichtum. Die Landschaft mit ihren steilen Abh\u00e4ngen und kleinen Schluchten ist einer der letzten von Menschenhand noch wenig ber\u00fchrten R\u00e4ume. Entlang des Naturlehrpfades steigen wir hoch. Um 11 Uhr gibt es in Pyrgos tis Rigainas unter einer uralten Galleiche ein leckeres Pick-Nick, das Mini mitgebracht hat. Es steigt weiter an bis der herrliche Rundweg die mannigfaltigen Aussichten \u00fcber die Nordwestk\u00fcste wieder preisgibt: nach 1 1\/2 Stunden erreichen Moutti tis Sotiras auf 370 m \u00fcber Meer. In Serpentinen geht es nun auf einem sch\u00f6nen Saumpfad mit Blumen und weiten Ausblicken wieder dem Meer zu.<\/td>\n<td valign=\"top\" width=\"411\">\u00a0<img decoding=\"async\" class=\"ngg-singlepic ngg-none\" src=\"http:\/\/adrianwood.ch\/wp-content\/gallery\/zypern05\/image011_r4.jpg\" alt=\"image011_r4\" \/><\/td>\n<\/tr>\n<tr>\n<td style=\"text-align: justify;\" colspan=\"2\" valign=\"top\" width=\"820\"><\/td>\n<\/tr>\n<tr>\n<td valign=\"top\" width=\"410\">\u00a0<img decoding=\"async\" class=\"ngg-singlepic ngg-none\" src=\"http:\/\/adrianwood.ch\/wp-content\/gallery\/zypern05\/image013_r4.jpg\" alt=\"image013_r4\" \/><\/td>\n<td valign=\"top\" width=\"411\">\u00a0<img decoding=\"async\" class=\"ngg-singlepic ngg-none\" src=\"http:\/\/adrianwood.ch\/wp-content\/gallery\/zypern05\/image015_r4.jpg\" alt=\"image015_r4\" \/><\/td>\n<\/tr>\n<tr>\n<td style=\"text-align: justify;\" valign=\"top\" width=\"410\">Unterwegs sichten wir auch eine auf einem Steinblock d\u00f6sende Schleuderschwanzagame (Echse).<\/p>\n<p style=\"text-align: justify;\">Regine f\u00e4llt um und verletzt sich an der Lippe und Hand, sodass Mini eine Ambulanz kommen l\u00e4sst, welche Regine zur Behandlung nach Polis bringt. Pr\u00e4chtige Johannisbrotb\u00e4ume s\u00e4umen den Weg. Am Ende besuchen wir dann noch das lauschige sagenumwobene Bad der Aphrodite, wo die Badende von Adonis \u00fcberrascht wurde. Das Liebesabenteuer wurde aber durch Verrat j\u00e4h beendet und Aphrodite musste auf den Olymp zur\u00fcck. Um 15 Uhr in Lakki angekommen, kehren wir ins direkt am Hafen liegende Restaurant &#8220;Sea Crest&#8221; ein, wo uns Regine schon erwartet.<\/p>\n<\/td>\n<td valign=\"top\" width=\"411\">\u00a0<img decoding=\"async\" class=\"ngg-singlepic ngg-none\" src=\"http:\/\/adrianwood.ch\/wp-content\/gallery\/zypern05\/image017_r4.jpg\" alt=\"image017_r4\" \/><\/td>\n<\/tr>\n<tr>\n<td valign=\"top\" width=\"410\">\u00a0<img decoding=\"async\" class=\"ngg-singlepic ngg-none\" src=\"http:\/\/adrianwood.ch\/wp-content\/gallery\/zypern05\/image019_r4.jpg\" alt=\"image019_r4\" \/><\/td>\n<td valign=\"top\" width=\"411\">\u00a0<img decoding=\"async\" class=\"ngg-singlepic ngg-none\" src=\"http:\/\/adrianwood.ch\/wp-content\/gallery\/zypern05\/image021_r4.jpg\" alt=\"image021_r4\" \/><\/td>\n<\/tr>\n<tr>\n<td style=\"text-align: justify;\" colspan=\"2\" valign=\"top\" width=\"820\">Eine schmackhafte Fisch Meze mit s\u00fcffigem Landwein wird uns serviert. &#8220;Meze&#8221; bedeutet ein Mal mit verschiedenen Tellerchen leckerer Vorspeisen gefolgt von diversen Fischsorten als Hauptspeise. Um 16.15 Uhr ist Abfahrt nach Paphos wo wir nach dreiviertelst\u00fcndiger Verdauungsfahrt im Hotel ankommen. Vereinzelte geniessen noch vor dem Nachtessen ein erfrischendes Bad im hoteleigenen, von grossen Wellen gesch\u00fctzten Strand.<\/td>\n<\/tr>\n<tr>\n<td colspan=\"2\" valign=\"top\" width=\"820\">\u00a0P.S.: Am 17. April stirbt der bekannte griechische S\u00e4nger Dimitris Mitropanos mit 64 Jahren. Er war einer der letzten sog. Laik\u00f2-S\u00e4nger. Ganz Griechenland und S\u00fcdzypern seien traurig, sagt Mini und \u00fcberall in den Hotels und im Bus h\u00f6rt man seine Lieder.\u00a0\u00a0\u00a0\u00a0\u00a0\u00a0\u00a0\u00a0\u00a0\u00a0\u00a0\u00a0\u00a0\u00a0\u00a0\u00a0\u00a0\u00a0 Philippe<\/td>\n<\/tr>\n<tr>\n<td colspan=\"2\" valign=\"top\" width=\"820\">\u00a0<img decoding=\"async\" class=\"ngg-singlepic ngg-none\" src=\"http:\/\/adrianwood.ch\/wp-content\/gallery\/zypern05\/image023_r7.jpg\" alt=\"image023_r7\" \/><\/td>\n<\/tr>\n<\/tbody>\n<\/table>\n<p>&nbsp;<\/p>\n","protected":false},"excerpt":{"rendered":"<p>Ostersonntag 15. April, Im Akamas auf den Spuren des Adonis und der Aphrodite Die Abfahrt mit dem Bus mit seinem Chauffeur Vassilis zu unserer ersten Wanderung ist auf 8.30 Uhr angesetzt. Vorher jedoch verteilt Mini zu unserer freudigen \u00dcberraschung allen farbige Ostereier und lachend &#8220;t\u00fctschen&#8221; wir sie gegenseitig. Wir fahren nun in 1 1\/2 Stunden &hellip; <a href=\"https:\/\/www.adrianwood.ch\/?page_id=2062\" class=\"more-link\">Continue reading <span class=\"screen-reader-text\">04-15 Akamas<\/span> <span class=\"meta-nav\">&rarr;<\/span><\/a><\/p>\n","protected":false},"author":1,"featured_media":0,"parent":2038,"menu_order":2415,"comment_status":"closed","ping_status":"closed","template":"","meta":{"ngg_post_thumbnail":0,"footnotes":""},"class_list":["post-2062","page","type-page","status-publish","hentry"],"_links":{"self":[{"href":"https:\/\/www.adrianwood.ch\/index.php?rest_route=\/wp\/v2\/pages\/2062","targetHints":{"allow":["GET"]}}],"collection":[{"href":"https:\/\/www.adrianwood.ch\/index.php?rest_route=\/wp\/v2\/pages"}],"about":[{"href":"https:\/\/www.adrianwood.ch\/index.php?rest_route=\/wp\/v2\/types\/page"}],"author":[{"embeddable":true,"href":"https:\/\/www.adrianwood.ch\/index.php?rest_route=\/wp\/v2\/users\/1"}],"replies":[{"embeddable":true,"href":"https:\/\/www.adrianwood.ch\/index.php?rest_route=%2Fwp%2Fv2%2Fcomments&post=2062"}],"version-history":[{"count":0,"href":"https:\/\/www.adrianwood.ch\/index.php?rest_route=\/wp\/v2\/pages\/2062\/revisions"}],"up":[{"embeddable":true,"href":"https:\/\/www.adrianwood.ch\/index.php?rest_route=\/wp\/v2\/pages\/2038"}],"wp:attachment":[{"href":"https:\/\/www.adrianwood.ch\/index.php?rest_route=%2Fwp%2Fv2%2Fmedia&parent=2062"}],"curies":[{"name":"wp","href":"https:\/\/api.w.org\/{rel}","templated":true}]}}