{"id":2079,"date":"2012-07-15T20:30:58","date_gmt":"2012-07-15T19:30:58","guid":{"rendered":"http:\/\/adrianwood.ch\/?page_id=2079"},"modified":"2012-07-15T20:30:58","modified_gmt":"2012-07-15T19:30:58","slug":"04-17-paphos","status":"publish","type":"page","link":"https:\/\/www.adrianwood.ch\/?page_id=2079","title":{"rendered":"04-17 Paphos"},"content":{"rendered":"<p><strong>Dienstag, 17. April, Freier Tag in Paphos, Besuch der Ausgrabungen<br \/>\n<\/strong><\/p>\n<table border=\"0\" cellspacing=\"0\" cellpadding=\"0\">\n<tbody>\n<tr>\n<td style=\"text-align: justify;\" colspan=\"2\" valign=\"top\" width=\"815\">Die Sonne strahlt heute von einem wolkenlosen Himmel und es ist unser freier Tag. Ziel f\u00fcr fast alle ist die Stadt Paphos, hinter unserem Hotel liegt die Bushaltestelle, eine Tageskarte ist schnell gekauft und der Bus entl\u00e4sst uns am malerischen Hafen. Hier reiht sich Restaurant an Restaurant, am Ende ragt das urspr\u00fcnglich byzantinische Kastell in den Himmel, das von den T\u00fcrken 1592 wieder aufgebaut wurde.<\/td>\n<\/tr>\n<tr>\n<td valign=\"top\" width=\"407\">\u00a0<img decoding=\"async\" class=\"ngg-singlepic ngg-none\" src=\"http:\/\/adrianwood.ch\/wp-content\/gallery\/zypern07\/image001_r4.jpg\" alt=\"image001_r4\" \/><\/td>\n<td valign=\"top\" width=\"407\">\u00a0<img decoding=\"async\" class=\"ngg-singlepic ngg-none\" src=\"http:\/\/adrianwood.ch\/wp-content\/gallery\/zypern07\/image003_r4.jpg\" alt=\"image003_r4\" \/><\/td>\n<\/tr>\n<tr>\n<td style=\"text-align: justify;\" colspan=\"2\" valign=\"top\" width=\"815\">Die meisten zieht es aber in kleinen Gruppen in den arch\u00e4ologischen Park. Hier befand sich die r\u00f6mische Stadt mit grossz\u00fcgigen Villen, die mit wunderbaren Bodenmosaiken geschm\u00fcckt waren, seit 1980 UNESCO Kulturerbe. Sie stammen aus dem 3. und 4. Jh. n. Chr. und sind handwerklich meisterhaft gestaltet. Hier wurde ein Bilderbuch der Mythologie freigelegt, auf vier H\u00e4user verteilt erz\u00e4hlen sie zB die Geschichte des Dionysos, die Weinlese ist besonders anschaulich dargestellt und auch Alltagsgegenst\u00e4nde konnte ich entdecken. Ein grosses rundes Mosaik befindet sich im Haus des Theseus und stellt den Kampf des Theseus mit dem Minotaurus auf Kreta dar. Am h\u00f6chsten Punkt des Ausgrabungsfelds steht ein Leuchtturm aus britischer Zeit, von dort hat man einen wunderbaren Blick \u00fcber die r\u00f6mische Stadt und das Meer. Unterhalb des Turms wurde das r\u00f6mische Odeon freigelegt, ein kleines Theater f\u00fcr lyrische Wettbewerbe und musikalische Darbietungen. Von den zw\u00f6lf Sitzreihen aus blickt man auf eine grosse Fl\u00e4che, die in der Antike voller Leben war &#8211; das Forum, also der Marktplatz.<\/td>\n<\/tr>\n<tr>\n<td valign=\"top\" width=\"407\">\u00a0<img decoding=\"async\" class=\"ngg-singlepic ngg-none\" src=\"http:\/\/adrianwood.ch\/wp-content\/gallery\/zypern07\/image005_r4.jpg\" alt=\"image005_r4\" \/><\/td>\n<td valign=\"top\" width=\"407\">\u00a0<img decoding=\"async\" class=\"ngg-singlepic ngg-none\" src=\"http:\/\/adrianwood.ch\/wp-content\/gallery\/zypern07\/image007_r4.jpg\" alt=\"image007_r4\" \/><\/td>\n<\/tr>\n<tr>\n<td style=\"text-align: justify;\" colspan=\"2\" valign=\"top\" width=\"815\">Zum arch\u00e4ologischen Park geh\u00f6ren auch die K\u00f6nigsgr\u00e4ber, ca. 1300 Meter n\u00f6rdlich der damaligen Stadtmauer. Hier wurden die Toten vom 3. Jahrhundert vor Christus bis zum 3. Jahrhundert nach Christus bestattet. Den Christen dienten sie als Katakomben. Im Mittelalter wurden sie zum Teil baulich ver\u00e4ndert, da sie teilweise bewohnt wurden. In der r\u00f6mischen Zeit wurden die Grabbeigaben geraubt. Die Bezeichnung K\u00f6nigsgr\u00e4ber ist falsch, da hier keine K\u00f6nige bestattet wurden, sondern die ptolem\u00e4ischen Statthalter und deren Familien.<\/p>\n<p style=\"text-align: justify;\">Ein weiterer Bus bringt uns in die obere Stadt mit der grossen Markthalle, gleich dahinter ist die alte t\u00fcrkische Moschee und das malerische t\u00fcrkische Viertel. Fast alle Bewohner sind nach 1974 geflohen und die H\u00e4user zerfallen zusehends. Am Rande der Markthalle gibt es mehrere Restaurants, die zur Mittagsrast oder <em>einem K<\/em>affee einladen, der Blick \u00fcber die untere Hafenstadt und das Meer ist bezaubernd.<\/p>\n<p style=\"text-align: justify;\">Am sp\u00e4ten Nachmittag treffen sich viele am kleinen Sandstrand in unserem Hotel zu einem Sonnenbad, die mutigen springen ins 18gr\u00e4dige Meer in die grosse Felsenbadewanne. \u00a0\u00a0\u00a0\u00a0\u00a0\u00a0\u00a0\u00a0Helga<\/p>\n<\/td>\n<\/tr>\n<\/tbody>\n<\/table>\n<p>&nbsp;<\/p>\n","protected":false},"excerpt":{"rendered":"<p>Dienstag, 17. April, Freier Tag in Paphos, Besuch der Ausgrabungen Die Sonne strahlt heute von einem wolkenlosen Himmel und es ist unser freier Tag. Ziel f\u00fcr fast alle ist die Stadt Paphos, hinter unserem Hotel liegt die Bushaltestelle, eine Tageskarte ist schnell gekauft und der Bus entl\u00e4sst uns am malerischen Hafen. Hier reiht sich Restaurant &hellip; <a href=\"https:\/\/www.adrianwood.ch\/?page_id=2079\" class=\"more-link\">Continue reading <span class=\"screen-reader-text\">04-17 Paphos<\/span> <span class=\"meta-nav\">&rarr;<\/span><\/a><\/p>\n","protected":false},"author":1,"featured_media":0,"parent":2038,"menu_order":2417,"comment_status":"closed","ping_status":"closed","template":"","meta":{"ngg_post_thumbnail":0,"footnotes":""},"class_list":["post-2079","page","type-page","status-publish","hentry"],"_links":{"self":[{"href":"https:\/\/www.adrianwood.ch\/index.php?rest_route=\/wp\/v2\/pages\/2079","targetHints":{"allow":["GET"]}}],"collection":[{"href":"https:\/\/www.adrianwood.ch\/index.php?rest_route=\/wp\/v2\/pages"}],"about":[{"href":"https:\/\/www.adrianwood.ch\/index.php?rest_route=\/wp\/v2\/types\/page"}],"author":[{"embeddable":true,"href":"https:\/\/www.adrianwood.ch\/index.php?rest_route=\/wp\/v2\/users\/1"}],"replies":[{"embeddable":true,"href":"https:\/\/www.adrianwood.ch\/index.php?rest_route=%2Fwp%2Fv2%2Fcomments&post=2079"}],"version-history":[{"count":0,"href":"https:\/\/www.adrianwood.ch\/index.php?rest_route=\/wp\/v2\/pages\/2079\/revisions"}],"up":[{"embeddable":true,"href":"https:\/\/www.adrianwood.ch\/index.php?rest_route=\/wp\/v2\/pages\/2038"}],"wp:attachment":[{"href":"https:\/\/www.adrianwood.ch\/index.php?rest_route=%2Fwp%2Fv2%2Fmedia&parent=2079"}],"curies":[{"name":"wp","href":"https:\/\/api.w.org\/{rel}","templated":true}]}}