{"id":2088,"date":"2012-07-16T07:57:49","date_gmt":"2012-07-16T06:57:49","guid":{"rendered":"http:\/\/adrianwood.ch\/?page_id=2088"},"modified":"2012-07-16T07:57:49","modified_gmt":"2012-07-16T06:57:49","slug":"troodos","status":"publish","type":"page","link":"https:\/\/www.adrianwood.ch\/?page_id=2088","title":{"rendered":"Troodos"},"content":{"rendered":"<figure id=\"attachment_2089\" aria-describedby=\"caption-attachment-2089\" style=\"width: 730px\" class=\"wp-caption alignleft\"><a href=\"http:\/\/adrianwood.ch\/club-holidays\/2012-04-zypern\/troodos\/cyp_0466_r7\/\" rel=\"attachment wp-att-2089\"><img loading=\"lazy\" decoding=\"async\" class=\"size-full wp-image-2089\" title=\"CYP_0466_r7\" src=\"http:\/\/adrianwood.ch\/wp-content\/uploads\/2012\/07\/CYP_0466_r7.jpg\" alt=\"Im Troodos Gebirge\" width=\"730\" height=\"485\" \/><\/a><figcaption id=\"caption-attachment-2089\" class=\"wp-caption-text\">Im Troodos Gebirge<\/figcaption><\/figure>\n<h2 style=\"text-align: left;\">Troodos Gebirge, Programm und Bilder<\/h2>\n<p style=\"text-align: justify;\">Das D\u00f6rfchen <strong>Troodos<\/strong> (1650 m) ist eigentlich keine gewachsene Siedlung, sondern Anh\u00e4ngsel der britischen Lauschstation auf dem h\u00f6chsten Berg Zyperns, dem Olypm (1951 m). Von hier aus gibt es einige reizvolle Wanderwege, die direkt vor der Hotel T\u00fcr starten. Man kann den Olymp praktisch auf gleicher Meeresh\u00f6he umrunden und immer wieder sch\u00f6ne klare Blicke bis zum Meer geniessen. Es existiert sogar ein Skilift und kleine Schneeresten beweisen, dass es doch manchmal schneit. Auch im April kann es kuhl werden.<\/p>\n<p><strong>6.Tag: Troodos, im Zeichen des Wassers<\/strong><\/p>\n<p>L\u00e4nge: 12 km, ca. 4 Stunden, 600 m Abstieg, Verpflegung: Forelle essen<\/p>\n<p>Unser Wanderweg der nach der Fr\u00fchlingsg\u00f6ttin \u201ePersephoni\u201c benannt ist beginnt auf 1720 m H\u00f6he. Von den H\u00e4ngen des weitl\u00e4ufigen Olympus \u2013 Massivs bieten sich immer neue Ausblicke \u00fcber die gr\u00f6\u00dftenteils, mit Kiefern bedeckten Berge. Der Olympus ist mit 1954 der h\u00f6chste Berg Zyperns und hat seinen Namen von dem ber\u00fchmten G\u00f6ttersitz in Nordgriechenland. Unser Weg f\u00fchrt uns dann weiter auf dem Kalydonia \u2013 Naturlehrpfad zu den gleichnamigen Wasserf\u00e4llen, die ein f\u00fcr Zypern ungew\u00f6hnliches Naturschauspiel bieten. Die Wanderung f\u00fchrt am Ufer des Kryos Potamos, der nie austrocknet entlang und endet in Pano Platres.<\/p>\n<p>&nbsp;<\/p>\n<p><strong>7. Tag: Scheunendachkirchen und <\/strong><strong>Adelfoi Umrundung<\/strong><\/p>\n<p>L\u00e4nge: 10 km, ca. 4,5 Std., 350 m in An und Abstieg, Verpflegung: Pick nick mit Wein<\/p>\n<p style=\"text-align: justify;\">Zwei der sch\u00f6nsten Scheunendachkirchen der Insel sind heute Ausgangs- und Endpunkt unserer Wanderung. Die Scheunendachkirche Stavros tou Agiasmati bezaubert uns mit byzantinischen Fresken. Von hier aus f\u00fchrt ein stetiger Anstieg durch lichten Kiefernwald zum h\u00f6chsten Punkt unserer heutigen Wanderung auf 1200 m. In leichtem Auf und Ab geht es weiter und unser Blick schweift \u00fcber kunstvoll terrassierte Weinberge. \u00dcber einen Eselspfad geht es dann hinab in das Dorf Lagoudhera mit der Scheunendachkirche Panagia tou Araka aus dem Jahr 1192. In der ehemaligen Klosteranlage genie\u00dfen wir ein uriges Pick nick. Am Nachmittag Umrundung der Adelfoi im Felsigem Landschaft.<\/p>\n<p><strong>8. Tag<\/strong>: <strong>Ausflug Nicosia \u2013 Transfer nach Girne<\/strong><strong> in Nord-Zypern<\/strong><\/p>\n<p style=\"text-align: justify;\">Gef\u00fchrter Stadtrundgang mit Besichtigungen in der geteilten Hauptstadt Lefkosa (Nicosia) inklusive im S\u00fcdteil Johannes Kathedrale, Arch\u00e4ologisches Museum und\u00a0 Laiki Yitonia. Freie Spaziergang in der u\u00dfg\u00e4ngerzone. Zu Fuss \u00fcber die Demarkationslinie im Nordteil mit Besuch vom Bu\u00fck Ham ehemalige Kamelstation und dem Ehemalige Sopieenkathedrale jetzt Moesche. Ankunft am Nachmittag im British Hotel in Girne an der Nordk\u00fcste. ngg_shortcode_0_placeholder<\/p>\n","protected":false},"excerpt":{"rendered":"<p>Troodos Gebirge, Programm und Bilder Das D\u00f6rfchen Troodos (1650 m) ist eigentlich keine gewachsene Siedlung, sondern Anh\u00e4ngsel der britischen Lauschstation auf dem h\u00f6chsten Berg Zyperns, dem Olypm (1951 m). Von hier aus gibt es einige reizvolle Wanderwege, die direkt vor der Hotel T\u00fcr starten. Man kann den Olymp praktisch auf gleicher Meeresh\u00f6he umrunden und immer &hellip; <a href=\"https:\/\/www.adrianwood.ch\/?page_id=2088\" class=\"more-link\">Continue reading <span class=\"screen-reader-text\">Troodos<\/span> <span class=\"meta-nav\">&rarr;<\/span><\/a><\/p>\n","protected":false},"author":1,"featured_media":0,"parent":2038,"menu_order":2419,"comment_status":"closed","ping_status":"closed","template":"","meta":{"ngg_post_thumbnail":0,"footnotes":""},"class_list":["post-2088","page","type-page","status-publish","hentry"],"_links":{"self":[{"href":"https:\/\/www.adrianwood.ch\/index.php?rest_route=\/wp\/v2\/pages\/2088","targetHints":{"allow":["GET"]}}],"collection":[{"href":"https:\/\/www.adrianwood.ch\/index.php?rest_route=\/wp\/v2\/pages"}],"about":[{"href":"https:\/\/www.adrianwood.ch\/index.php?rest_route=\/wp\/v2\/types\/page"}],"author":[{"embeddable":true,"href":"https:\/\/www.adrianwood.ch\/index.php?rest_route=\/wp\/v2\/users\/1"}],"replies":[{"embeddable":true,"href":"https:\/\/www.adrianwood.ch\/index.php?rest_route=%2Fwp%2Fv2%2Fcomments&post=2088"}],"version-history":[{"count":0,"href":"https:\/\/www.adrianwood.ch\/index.php?rest_route=\/wp\/v2\/pages\/2088\/revisions"}],"up":[{"embeddable":true,"href":"https:\/\/www.adrianwood.ch\/index.php?rest_route=\/wp\/v2\/pages\/2038"}],"wp:attachment":[{"href":"https:\/\/www.adrianwood.ch\/index.php?rest_route=%2Fwp%2Fv2%2Fmedia&parent=2088"}],"curies":[{"name":"wp","href":"https:\/\/api.w.org\/{rel}","templated":true}]}}