{"id":2148,"date":"2012-07-17T08:15:21","date_gmt":"2012-07-17T07:15:21","guid":{"rendered":"http:\/\/adrianwood.ch\/?page_id=2148"},"modified":"2012-07-17T08:15:21","modified_gmt":"2012-07-17T07:15:21","slug":"04-25-sipahi","status":"publish","type":"page","link":"https:\/\/www.adrianwood.ch\/?page_id=2148","title":{"rendered":"04-25 Sipahi"},"content":{"rendered":"<p><strong>Mittwoch, 25.April, von Bellapais Abtei \u00fcber Sipahi nach Dipkarpaz<\/strong><\/p>\n<table border=\"0\" cellspacing=\"0\" cellpadding=\"0\">\n<tbody>\n<tr>\n<td style=\"text-align: justify;\" colspan=\"2\" valign=\"top\" width=\"816\">P\u00fcnktlich um 09.30 Abfahrt von Girne und kurzer Einkaufshalt bei Lemar. Nach einer Weile merkt Sabri, dass wir in die falsche Richtung fahren; also rechtsumkehrt und wieder zur\u00fcck auf die Strasse nach Bellapais f\u00fcr Besuch der Abtei. Bellapais heisst sch\u00f6ner Friede \u2013 der Ort ist wirklich idyllisch gelegen.<\/td>\n<\/tr>\n<tr>\n<td valign=\"top\" width=\"407\">\u00a0<img decoding=\"async\" class=\"ngg-singlepic ngg-none\" src=\"http:\/\/adrianwood.ch\/wp-content\/gallery\/zypern17\/image001_r4.jpg\" alt=\"image001_r4\" \/><\/td>\n<td valign=\"top\" width=\"409\">\u00a0<img decoding=\"async\" class=\"ngg-singlepic ngg-none\" src=\"http:\/\/adrianwood.ch\/wp-content\/gallery\/zypern17\/image003_r4.jpg\" alt=\"image003_r4\" \/><\/td>\n<\/tr>\n<tr>\n<td style=\"text-align: justify;\" colspan=\"2\" valign=\"top\" width=\"816\">Nach der Eroberung Jerusalems durch die Araber wurden die christlichen Orden aus Pal\u00e4stina vertrieben. Die Augustinerm\u00f6nche siedelten sich deshalb in Zypern an, sp\u00e4ter folgten auch die Pr\u00e4monstratenser. Diese \u00fcbernahmen das 1205 gegr\u00fcndete Kloster \u201cUnserer lieben Frau vom Berge\u201c. Zur Bl\u00fctezeit der Abtei lebten dort bis zu 400 M\u00f6nche. Im 16. Jh.verfielen jedoch die Geb\u00e4ude wie auch die Sitten der M\u00f6nche! Laut Berichten der Inspektoren des Vatikans f\u00fchrten diese ein Lotterleben und hatten bis zu 2 Frauen, ihre S\u00f6hne wurden kurzerhand zu Novizen erkl\u00e4rt. 1571 \u00fcbernahmen die Osmanen Bellapais und die Kirche diente fortan f\u00fcr griechisch-orthodoxe Gottesdienste. Wir besichtigen die Kirche, das Refektorium, den grossen Saal (Gerichtssaal) und das Dormitorium, alle Geb\u00e4ude mit sch\u00f6nen Steinmetzarbeiten verziert.<\/td>\n<\/tr>\n<tr>\n<td valign=\"top\" width=\"407\">\u00a0<img decoding=\"async\" class=\"ngg-singlepic ngg-none\" src=\"http:\/\/adrianwood.ch\/wp-content\/gallery\/zypern17\/image005_r4.jpg\" alt=\"image005_r4\" \/><\/td>\n<td valign=\"top\" width=\"409\">\u00a0<img decoding=\"async\" class=\"ngg-singlepic ngg-none\" src=\"http:\/\/adrianwood.ch\/wp-content\/gallery\/zypern17\/image007_r4.jpg\" alt=\"image007_r4\" \/><\/td>\n<\/tr>\n<tr>\n<td style=\"text-align: justify;\" colspan=\"2\" valign=\"top\" width=\"816\">Um 11.00 h Weiterfahrt Richtung Karpazhalbinsel, zuerst h\u00e4ufig an Neubau-Retortensiedlungen vorbei. Man gewinnt leider den Eindruck, dass Zypern in einigen Jahren vollkommen zugebaut sein wird! Unterwegs erkl\u00e4rt uns Sabri die verzwickte politische Lage der Insel. Seit 40 Jahren wird eine dauerhafte L\u00f6sung, die Griechen wie T\u00fcrken gerecht wird, gesucht, aber diese scheint noch in weiter Ferne. So arrangiert man sich notgedrungen mit den Gegebenheiten.<\/td>\n<\/tr>\n<tr>\n<td valign=\"top\" width=\"407\">\n<p style=\"text-align: justify;\">Bei einer Holzofenb\u00e4ckerei machen wir Halt f\u00fcr Besichtigung der Anlage, Degustation und Einkauf des urigen Olivenbrotes (mit Gew\u00fcrzen, Gem\u00fcse, K\u00e4se etc.) Nach kurzer Weiterfahrt legen wir einen Picknickhalt am Meer ein. Nat\u00fcrlich st\u00fcrzt sich Adrian (als einziger) gleich in die Fluten &#8230;..Um 14.00 h fahren wir weiter durch sch\u00f6ne reife Gersten- und Weizenfelder, die nun bis Oktober gelb ausged\u00f6rrt brach liegen, dann mit Einsetzen des Regens wieder neu gepfl\u00fcgt und anges\u00e4et werden.<\/p>\n<\/td>\n<td valign=\"top\" width=\"409\">\u00a0<img decoding=\"async\" class=\"ngg-singlepic ngg-none\" src=\"http:\/\/adrianwood.ch\/wp-content\/gallery\/zypern17\/image009_r4.jpg\" alt=\"image009_r4\" \/><\/td>\n<\/tr>\n<tr>\n<td style=\"text-align: justify;\" colspan=\"2\" valign=\"top\" width=\"816\">\u00a0Wir wandern zur kleinen St. Andreas-Kapelle aus dem 13. Jh. mit teilweise erhaltenen Fresken. Der Weg f\u00fchrt an Bienenst\u00f6cken, Feldern mit Olivenb\u00e4umen vorbei in eine kleine Schlucht und steigt dann zum Dorf Sipahi hinauf, wo wir die Grundmauern der fr\u00fchchristlichen Kirche Agia Trias besichtigen.<\/td>\n<\/tr>\n<tr>\n<td valign=\"top\" width=\"407\">\u00a0<img decoding=\"async\" class=\"ngg-singlepic ngg-none\" src=\"http:\/\/adrianwood.ch\/wp-content\/gallery\/zypern17\/image011_r4.jpg\" alt=\"image011_r4\" \/><\/td>\n<td valign=\"top\" width=\"409\">\u00a0<img decoding=\"async\" class=\"ngg-singlepic ngg-none\" src=\"http:\/\/adrianwood.ch\/wp-content\/gallery\/zypern17\/image013_r4.jpg\" alt=\"image013_r4\" \/><\/td>\n<\/tr>\n<tr>\n<td style=\"text-align: justify;\" colspan=\"2\" valign=\"top\" width=\"816\">Gut erhaltene Bodenmosaike schm\u00fccken die Reste der dreischiffigen S\u00e4ulenbasilika, des Baptisteriums (auff\u00e4llig das Ganzk\u00f6rpertaufbecken, weil damals nur Erwachsene getauft wurden) und des Bischofspalastes. Unter den meist geometrischen Ornamenten f\u00e4llt die Abbildung von Sandalen (Flip-Flops) auf, welche ein fr\u00fches Symbol f\u00fcr Pilger darstellen.<\/td>\n<\/tr>\n<tr>\n<td valign=\"top\" width=\"407\">\u00a0<img decoding=\"async\" class=\"ngg-singlepic ngg-none\" src=\"http:\/\/adrianwood.ch\/wp-content\/gallery\/zypern17\/image015_r4.jpg\" alt=\"image015_r4\" \/><\/td>\n<td valign=\"top\" width=\"409\">\u00a0<img decoding=\"async\" class=\"ngg-singlepic ngg-none\" src=\"http:\/\/adrianwood.ch\/wp-content\/gallery\/zypern17\/image017_r4.jpg\" alt=\"image017_r4\" \/><\/td>\n<\/tr>\n<tr>\n<td style=\"text-align: justify;\" colspan=\"2\" valign=\"top\" width=\"816\">Weiter fahren wir zum Dorf Dipkarpaz, einer verstreuten Siedlung mit ca. 700 Einwohnern. Dort wohnen wir in originellen, heimelig renovierten alten Bauernh\u00e4uschen. Nach kurzem Zimmerbezug folgt ein Abstecher ans Meer mit sehr sch\u00f6nem Sandstrand. Leider ist es bereits nach 17.00 h und ein kalter Wind animiert nicht alle zum Baden. Man trifft sich in der Taverne zum Ap\u00e9ro. Um 19.30 erwartet uns das Restaurant Magnolia zum Nachtessen: nach den Vorspeisen gibt es Meerbrasse vom Grill und ein kleines Dessert.<\/td>\n<\/tr>\n<tr>\n<td valign=\"top\" width=\"407\">\u00a0<img decoding=\"async\" class=\"ngg-singlepic ngg-none\" src=\"http:\/\/adrianwood.ch\/wp-content\/gallery\/zypern17\/image019_r4.jpg\" alt=\"image019_r4\" \/><\/td>\n<td valign=\"top\" width=\"409\">\u00a0<img decoding=\"async\" class=\"ngg-singlepic ngg-none\" src=\"http:\/\/adrianwood.ch\/wp-content\/gallery\/zypern17\/image021_r4.jpg\" alt=\"image021_r4\" \/><\/td>\n<\/tr>\n<tr>\n<td colspan=\"2\" valign=\"top\" width=\"816\">Ein erlebnisreicher Tag mit vielen Eindr\u00fccken l\u00e4sst uns relativ fr\u00fch schlafen gehen \u2013 die Ruhe ist himmlisch!<br \/>\nVreni C. + K\u00e4thi<\/td>\n<\/tr>\n<tr>\n<td colspan=\"2\" valign=\"top\" width=\"816\"><\/td>\n<\/tr>\n<tr>\n<td colspan=\"2\" valign=\"top\" width=\"816\">\u00a0<img decoding=\"async\" class=\"ngg-singlepic ngg-none\" src=\"http:\/\/adrianwood.ch\/wp-content\/gallery\/zypern17\/image023_r7.jpg\" alt=\"image023_r7\" \/><\/td>\n<\/tr>\n<tr>\n<td colspan=\"2\" valign=\"top\" width=\"816\"><\/td>\n<\/tr>\n<tr>\n<td colspan=\"2\" valign=\"top\" width=\"816\">\u00a0<img decoding=\"async\" class=\"ngg-singlepic ngg-none\" src=\"http:\/\/adrianwood.ch\/wp-content\/gallery\/zypern17\/image025_r7.jpg\" alt=\"image025_r7\" \/><\/td>\n<\/tr>\n<\/tbody>\n<\/table>\n<p>&nbsp;<\/p>\n","protected":false},"excerpt":{"rendered":"<p>Mittwoch, 25.April, von Bellapais Abtei \u00fcber Sipahi nach Dipkarpaz P\u00fcnktlich um 09.30 Abfahrt von Girne und kurzer Einkaufshalt bei Lemar. Nach einer Weile merkt Sabri, dass wir in die falsche Richtung fahren; also rechtsumkehrt und wieder zur\u00fcck auf die Strasse nach Bellapais f\u00fcr Besuch der Abtei. Bellapais heisst sch\u00f6ner Friede \u2013 der Ort ist wirklich &hellip; <a href=\"https:\/\/www.adrianwood.ch\/?page_id=2148\" class=\"more-link\">Continue reading <span class=\"screen-reader-text\">04-25 Sipahi<\/span> <span class=\"meta-nav\">&rarr;<\/span><\/a><\/p>\n","protected":false},"author":1,"featured_media":0,"parent":2038,"menu_order":2427,"comment_status":"closed","ping_status":"closed","template":"","meta":{"ngg_post_thumbnail":0,"footnotes":""},"class_list":["post-2148","page","type-page","status-publish","hentry"],"_links":{"self":[{"href":"https:\/\/www.adrianwood.ch\/index.php?rest_route=\/wp\/v2\/pages\/2148","targetHints":{"allow":["GET"]}}],"collection":[{"href":"https:\/\/www.adrianwood.ch\/index.php?rest_route=\/wp\/v2\/pages"}],"about":[{"href":"https:\/\/www.adrianwood.ch\/index.php?rest_route=\/wp\/v2\/types\/page"}],"author":[{"embeddable":true,"href":"https:\/\/www.adrianwood.ch\/index.php?rest_route=\/wp\/v2\/users\/1"}],"replies":[{"embeddable":true,"href":"https:\/\/www.adrianwood.ch\/index.php?rest_route=%2Fwp%2Fv2%2Fcomments&post=2148"}],"version-history":[{"count":0,"href":"https:\/\/www.adrianwood.ch\/index.php?rest_route=\/wp\/v2\/pages\/2148\/revisions"}],"up":[{"embeddable":true,"href":"https:\/\/www.adrianwood.ch\/index.php?rest_route=\/wp\/v2\/pages\/2038"}],"wp:attachment":[{"href":"https:\/\/www.adrianwood.ch\/index.php?rest_route=%2Fwp%2Fv2%2Fmedia&parent=2148"}],"curies":[{"name":"wp","href":"https:\/\/api.w.org\/{rel}","templated":true}]}}