{"id":2153,"date":"2012-07-19T15:20:26","date_gmt":"2012-07-19T14:20:26","guid":{"rendered":"http:\/\/adrianwood.ch\/?page_id=2153"},"modified":"2012-07-19T15:20:26","modified_gmt":"2012-07-19T14:20:26","slug":"karpaz","status":"publish","type":"page","link":"https:\/\/www.adrianwood.ch\/?page_id=2153","title":{"rendered":"Karpaz"},"content":{"rendered":"<figure id=\"attachment_2154\" aria-describedby=\"caption-attachment-2154\" style=\"width: 730px\" class=\"wp-caption alignleft\"><a href=\"http:\/\/adrianwood.ch\/club-holidays\/2012-04-zypern\/karpaz\/cyp_1139_r7\/\" rel=\"attachment wp-att-2154\"><img loading=\"lazy\" decoding=\"async\" class=\"size-full wp-image-2154\" title=\"CYP_1139_r7\" src=\"http:\/\/adrianwood.ch\/wp-content\/uploads\/2012\/07\/CYP_1139_r7.jpg\" alt=\"Golden Beach\" width=\"730\" height=\"485\" \/><\/a><figcaption id=\"caption-attachment-2154\" class=\"wp-caption-text\">Golden Beach<\/figcaption><\/figure>\n<h2>Karpaz-Halbinsel, Programm und Bilder<\/h2>\n<p style=\"text-align: justify;\">Wie ein Finger erstreckt sich die Karpaz\u2013Halbinsel nach Nordosten ins Meer hinaus. Durch traditionelle Landwirtschaft mit Weizen\u2013 und Olivenbau, Schaf\u2013 und Ziegenzucht sowie durch wirtschaftliche R\u00fcckst\u00e4ndigkeit ist hier eine sch\u00fctzenswerte Mischung von Kultur\u2013 und Naturlandschaft entstanden. Das gro\u00dfe landwirtschaftlich gepr\u00e4gte Dorf Dipkarpaz (griech. Rizokarpaso) ist die \u00f6stlichste Siedlung. Hier wohnen die meisten der nach der Teilung im Norden verbliebenen Zyperngriechen (ca. 250 Personen) neben einer Bev\u00f6lkerungsmehrheit von vor 30 Jahren aus der T\u00fcrkei eingewanderten Bauernfamilien. An der Landspitze liegt die bedeutendste Wallfahrtst\u00e4tte Zyperns, das Apostel\u2013Andreas\u2013Kloster. Hier wacht eine alte zyprisch\u2013orthodoxe Nonne \u00fcber die wundert\u00e4tige Quelle. Die Karpaz\u2013Halbinsel bietet zu allen Jahreszeiten herrliche Wanderm\u00f6glichkeiten. Und am Ende der Wanderung lockt ein entspannendes Bad im Meer. Entlang derHalbinsel erstrecken sich n\u00e4mlich die besten Sandstr\u00e4nde Zyperns, am bekanntesten ist die kilometerlange D\u00fcnenlandschaft des &#8220;Golden Beach&#8221;. Im Winter und Fr\u00fchling ist die Halbinsel eine gr\u00fcne, bl\u00fchende Landschaft. Besonders zu den Zugzeiten ist die Halbinsel ein wichtiges Refugium f\u00fcr V\u00f6gel. Seit Jahrzehnten leben Herden verwilderter Esel in den H\u00fcgeln auf der Halbinsel\u2013Spitze. Ihre Rufe und das pl\u00f6tzliche Auftauchen und neugierige Betrachten der Wanderer geh\u00f6ren zu den H\u00f6hepunkten jeder Wanderung.<\/p>\n<p><strong>13. Tag: Wanderung auf der urspr\u00fcnglichen Karpaz-Halbinsel<\/strong><\/p>\n<p style=\"text-align: justify;\">Wanderung durch die h\u00fcgelige Macchienlandschaft der einsamen Karpaz-Halbinsel mit ihrer verwilderten Eselherde. Besuch des Andreas-Klosters und Entspannung am sch\u00f6nsten, fast unber\u00fchrten Sandstrand Zyperns. (Gehzeit: ca. 3 Std)<\/p>\n<p><strong>14. Tag: Unterkunftswechsel und Geschichtliche Salamis-Wanderung<\/strong><\/p>\n<p style=\"text-align: justify;\">Anderthalbst\u00fcndiger Transfer von Dipkarpaz nach Famagusta, unterwegs Wanderung am Sandstrand nach Salamis (Besichtigung der ausgedehnten arch\u00e4ologischen R\u00f6merst\u00e4tte) und weiter zu den K\u00f6nigsgr\u00e4bern und dem Barnabas-Kloster. (Gehzeit: ca. 4 Std. mit Besichtigungen.) Weiterfahrt nach Larnaca. Abendessen in der Taverne Militzis \u2013 Meze essen.<\/p>\n<p><strong>15. Tag<\/strong> Transfer zum Flughafen Larnaca und Abflug nach Z\u00fcrich. ngg_shortcode_0_placeholder<\/p>\n","protected":false},"excerpt":{"rendered":"<p>Karpaz-Halbinsel, Programm und Bilder Wie ein Finger erstreckt sich die Karpaz\u2013Halbinsel nach Nordosten ins Meer hinaus. Durch traditionelle Landwirtschaft mit Weizen\u2013 und Olivenbau, Schaf\u2013 und Ziegenzucht sowie durch wirtschaftliche R\u00fcckst\u00e4ndigkeit ist hier eine sch\u00fctzenswerte Mischung von Kultur\u2013 und Naturlandschaft entstanden. Das gro\u00dfe landwirtschaftlich gepr\u00e4gte Dorf Dipkarpaz (griech. Rizokarpaso) ist die \u00f6stlichste Siedlung. Hier wohnen die &hellip; <a href=\"https:\/\/www.adrianwood.ch\/?page_id=2153\" class=\"more-link\">Continue reading <span class=\"screen-reader-text\">Karpaz<\/span> <span class=\"meta-nav\">&rarr;<\/span><\/a><\/p>\n","protected":false},"author":1,"featured_media":0,"parent":2038,"menu_order":2428,"comment_status":"closed","ping_status":"closed","template":"","meta":{"ngg_post_thumbnail":0,"footnotes":""},"class_list":["post-2153","page","type-page","status-publish","hentry"],"_links":{"self":[{"href":"https:\/\/www.adrianwood.ch\/index.php?rest_route=\/wp\/v2\/pages\/2153","targetHints":{"allow":["GET"]}}],"collection":[{"href":"https:\/\/www.adrianwood.ch\/index.php?rest_route=\/wp\/v2\/pages"}],"about":[{"href":"https:\/\/www.adrianwood.ch\/index.php?rest_route=\/wp\/v2\/types\/page"}],"author":[{"embeddable":true,"href":"https:\/\/www.adrianwood.ch\/index.php?rest_route=\/wp\/v2\/users\/1"}],"replies":[{"embeddable":true,"href":"https:\/\/www.adrianwood.ch\/index.php?rest_route=%2Fwp%2Fv2%2Fcomments&post=2153"}],"version-history":[{"count":0,"href":"https:\/\/www.adrianwood.ch\/index.php?rest_route=\/wp\/v2\/pages\/2153\/revisions"}],"up":[{"embeddable":true,"href":"https:\/\/www.adrianwood.ch\/index.php?rest_route=\/wp\/v2\/pages\/2038"}],"wp:attachment":[{"href":"https:\/\/www.adrianwood.ch\/index.php?rest_route=%2Fwp%2Fv2%2Fmedia&parent=2153"}],"curies":[{"name":"wp","href":"https:\/\/api.w.org\/{rel}","templated":true}]}}