{"id":2172,"date":"2012-07-19T21:43:36","date_gmt":"2012-07-19T20:43:36","guid":{"rendered":"http:\/\/adrianwood.ch\/?page_id=2172"},"modified":"2012-07-19T21:43:36","modified_gmt":"2012-07-19T20:43:36","slug":"04-28-larnaca","status":"publish","type":"page","link":"https:\/\/www.adrianwood.ch\/?page_id=2172","title":{"rendered":"04-28 Larnaca"},"content":{"rendered":"<p><strong>Samstag, 28 April, Besuch von Larnaca und Heimreise<\/strong><\/p>\n<table border=\"0\" cellspacing=\"0\" cellpadding=\"0\">\n<tbody>\n<tr>\n<td colspan=\"2\" valign=\"top\" width=\"815\">\n<p style=\"text-align: justify;\">Heute ist leider schon der Abreisetag. Es stehen uns aber noch ein paar Stunden zwischen dem Fr\u00fchst\u00fcck und der Busabfahrt zum nahegelegenen Flughafen zur Verf\u00fcgung. Im Fr\u00fchst\u00fccksaal wird entschieden zwischen einem Bad am Strand gerade vor dem Hotel oder einem Besuch der Stadt Larnaca.<\/p>\n<p style=\"text-align: justify;\">Gem\u00e4ss unserem Reisef\u00fchrer weisen arch\u00e4ologische Funde von verschiedenen H\u00fctten aus dem 2. Jahrtausend v. Chr. darauf hin, dass Larnaca die \u00e4lteste bewohnte Stadt Zyperns ist, die einige Sehensw\u00fcrdigkeiten anzubieten hat.<\/p>\n<\/td>\n<\/tr>\n<tr>\n<td valign=\"top\" width=\"407\">\u00a0<img decoding=\"async\" class=\"ngg-singlepic ngg-none\" src=\"http:\/\/adrianwood.ch\/wp-content\/gallery\/zypern21\/image001_r4.jpg\" alt=\"image001_r4\" \/><\/td>\n<td valign=\"top\" width=\"407\">\u00a0<img decoding=\"async\" class=\"ngg-singlepic ngg-none\" src=\"http:\/\/adrianwood.ch\/wp-content\/gallery\/zypern21\/image002_r4.jpg\" alt=\"image002_r4\" \/><\/td>\n<\/tr>\n<tr>\n<td colspan=\"2\" valign=\"top\" width=\"815\">\n<p style=\"text-align: justify;\">Wir entscheiden uns deshalb f\u00fcr einen Stadtbesuch. An der Haltestelle des Busses 431, ein paar Schritte vom Hotel, stehen bereits einige Leute der Wandergruppe. Wir fahren bis zur Strandpromenade, die mit ihren unz\u00e4hligen Hotels, Caf\u00e9s, Laternen und Palmen an die \u201ePromenade des Anglais\u201c in Cannes erinnert. In der N\u00e4he befinden sich das Fort und eine Moschee, die leider geschlossen sind.<\/p>\n<\/td>\n<\/tr>\n<tr>\n<td valign=\"top\" width=\"407\">\u00a0<img decoding=\"async\" class=\"ngg-singlepic ngg-none\" src=\"http:\/\/adrianwood.ch\/wp-content\/gallery\/zypern21\/image003_r4.jpg\" alt=\"image003_r4\" \/><\/td>\n<td valign=\"top\" width=\"407\">\u00a0<img decoding=\"async\" class=\"ngg-singlepic ngg-none\" src=\"http:\/\/adrianwood.ch\/wp-content\/gallery\/zypern21\/image004_r4.jpg\" alt=\"image004_r4\" \/><\/td>\n<\/tr>\n<tr>\n<td colspan=\"2\" valign=\"top\" width=\"815\">\n<p style=\"text-align: justify;\">Ein wenig weiter liegt die sehenswerte Lazarus Basilika. Der Heilige Lazarus ist der Schutzpatron der Stadt Larnaca. Im Altertum hiess die Stadt &#8220;Kition&#8221; und wurde nach der Wiedererweckung des heiligen Lazarus seine zweite Heimat, in der er 30 Jahre seines Lebens verbrachte. Er wurde von den Aposteln Barnabas und Markus zum Bischof von &#8220;Kition&#8221; ernannt. Kaiser Leo VI liess im 9. Jahrhundert \u00fcber dem Grab des heiligen Lazarus eine Kirche errichten &#8211; eines der sch\u00f6nsten Beispiele byzantinischer Architektur. Im 17. Jahrhundert wurde diese Kirche originalgetreu restauriert. Die Ikonostase ist ein hervorragendes Beispiel barocker Holzschnitzerei.<\/p>\n<\/td>\n<\/tr>\n<tr>\n<td valign=\"top\" width=\"407\">\n<p style=\"text-align: justify;\">Unter dem Altarraum kann man das Grab des heiligen Lazarus besichtigen. Wir treffen einige von uns bei der Besichtigung der Kirche an. Offenbar sind wir nicht die einzigen, die einen Reisef\u00fchrer mitgebracht haben.<\/p>\n<p style=\"text-align: justify;\">Unsere Schritte f\u00fchren uns weiter zur Markthalle, welche nicht besonders sehenswert ist, da es sich eher um einen Kitsch Basar f\u00fcr Touristen handelt. Der vor der Markthalle kleine, farbenfrohe Obst-und Gem\u00fcse Markt begeistert uns mehr und wir benutzen die Gelegenheit, um ein letztes Frapp\u00e9 mit Milch und Zucker und einen \u201eGreek Coffee Medium\u201c in einem der kleinen umliegenden Kafenions\u00a0 zu geniessen.<\/p>\n<\/td>\n<td valign=\"top\" width=\"407\">\u00a0<img decoding=\"async\" class=\"ngg-singlepic ngg-none\" src=\"http:\/\/adrianwood.ch\/wp-content\/gallery\/zypern21\/image005_r4.jpg\" alt=\"image005_r4\" \/><\/td>\n<\/tr>\n<tr>\n<td colspan=\"2\" valign=\"top\" width=\"815\"><\/td>\n<\/tr>\n<tr>\n<td valign=\"top\" width=\"407\">\u00a0<img decoding=\"async\" class=\"ngg-singlepic ngg-none\" src=\"http:\/\/adrianwood.ch\/wp-content\/gallery\/zypern21\/image006_r4.jpg\" alt=\"image006_r4\" \/><\/td>\n<td valign=\"top\" width=\"407\">\u00a0<img decoding=\"async\" class=\"ngg-singlepic ngg-none\" src=\"http:\/\/adrianwood.ch\/wp-content\/gallery\/zypern21\/image007_r4.jpg\" alt=\"image007_r4\" \/><\/td>\n<\/tr>\n<tr>\n<td colspan=\"2\" valign=\"top\" width=\"815\">\n<p style=\"text-align: justify;\">Nach einem Blick auf die Uhr \u2013 der Bus f\u00fcr den Flughafen ist vor unserem Hotel f\u00fcr 14.00 bestellt &#8211; stellen wir fest, dass uns nur noch wenig Zeit \u00fcbrig bleibt weitere Sehensw\u00fcrdigkeiten zu besichtigen. Wir beschliessen trotzdem das Pierides Museum, welches gem\u00e4ss unserem Reisef\u00fchrer als das wohl bedeutendste arch\u00e4ologische Museum auf Zypern gilt, anzusehen. Gegr\u00fcndet von Demitrios Pierides (1811-1895) enth\u00e4lt es eine umfangreiche Sammlung zypriotischer Artefakten. Neben pr\u00e4historischen Keramiken &#8211; unter anderem einen zypriotischen \u201eManneken-pis\u201c, welcher vor 5000 Jahre hergestellt wurde &#8211; wird altes Kartenmaterial, Waffen, M\u00f6bel, Schmuck\u00a0 u. v. a aus der\u00a0 Privatsammlung der Familie Pierides ausgestellt.<\/p>\n<\/td>\n<\/tr>\n<tr>\n<td valign=\"top\" width=\"407\">\u00a0<img decoding=\"async\" class=\"ngg-singlepic ngg-none\" src=\"http:\/\/adrianwood.ch\/wp-content\/gallery\/zypern21\/image008_r4.jpg\" alt=\"image008_r4\" \/><\/td>\n<td valign=\"top\" width=\"407\">\n<p style=\"text-align: justify;\">Die Besichtigung des Museums nimmt uns mehr Zeit in Anspruch als vorgesehen, so dass wir mit dem Taxi zur\u00fcckfahren um in der N\u00e4he des Hotels einen letzten Mischkebab und einen Ouzo in einer kleinen Taverne einzunehmen.<\/p>\n<p style=\"text-align: justify;\">Wie es f\u00fcr unsere Gruppe so \u00fcblich ist, sind alle p\u00fcnktlich am Treffpunkt, so dass der Bus Punkt 14.00 Uhr abfahren kann und wir bereits um 14.20 am Flughafen ankommen. Unser Flug ist erst um 17.00 geplant, also haben wir gen\u00fcgend Zeit im duty free shop die letzten Eink\u00e4ufe zu erledigen.<\/p>\n<\/td>\n<\/tr>\n<tr>\n<td valign=\"top\" width=\"407\">\n<p style=\"text-align: justify;\">Nachdem wir &#8211;\u00a0 auf Anweisung des Stewards &#8211;\u00a0 uns angeschnallt und unsere blackberries, blueberries, und allgemein s\u00e4mtliche berries ausgeschaltet haben, kann das Flugzeug der Swiss starten.<\/p>\n<p style=\"text-align: justify;\">Der Pilot meldet eine Temperatur von 25\u00b0 C in Z\u00fcrich, wo wir nach 3 Stunden und 10\u2018, ein wenig gesch\u00fcttelt wegen den Turbulenzen, landen.<\/p>\n<p style=\"text-align: justify;\">Bei der Ankunft in Z\u00fcrich beginnt\u00a0 das grosse Rennen um den g\u00fcnstigsten Zug Richtung Basel zu erreichen. Die Gruppe irrt von einem Bahnsteig zum anderen. Im Zug treffen wir jedoch den gr\u00f6ssten Teil der Gruppe an.<\/p>\n<\/td>\n<td valign=\"top\" width=\"407\">\u00a0<img decoding=\"async\" class=\"ngg-singlepic ngg-none\" src=\"http:\/\/adrianwood.ch\/wp-content\/gallery\/zypern21\/image009_r4.jpg\" alt=\"image009_r4\" \/><\/td>\n<\/tr>\n<tr>\n<td colspan=\"2\" valign=\"top\" width=\"815\">\n<p style=\"text-align: justify;\">Nachdem unser Zug kein Restaurantwagen besitzt und alle nach dieser Rennerei doch ziemlich durstig sind, holen wir einen Rest Raki aus unserem Gep\u00e4ck, so dass wir noch einmal auf diese sch\u00f6ne Reise zusammen anstossen k\u00f6nnen, leider ohne Adrian, der sich f\u00fcr einen anderen Zug entschieden hat. Wir werden dies aber sicher bald nachholen, m\u00f6chten uns jedoch bereits jetzt f\u00fcr die Organisation dieser wunderbaren und abwechslungsreichen Reise bei Adrian ganz herzlich bedanken.<\/p>\n<p>Huguette und Jean-Francois<\/td>\n<\/tr>\n<\/tbody>\n<\/table>\n<p>&nbsp;<\/p>\n","protected":false},"excerpt":{"rendered":"<p>Samstag, 28 April, Besuch von Larnaca und Heimreise Heute ist leider schon der Abreisetag. Es stehen uns aber noch ein paar Stunden zwischen dem Fr\u00fchst\u00fcck und der Busabfahrt zum nahegelegenen Flughafen zur Verf\u00fcgung. Im Fr\u00fchst\u00fccksaal wird entschieden zwischen einem Bad am Strand gerade vor dem Hotel oder einem Besuch der Stadt Larnaca. Gem\u00e4ss unserem Reisef\u00fchrer &hellip; <a href=\"https:\/\/www.adrianwood.ch\/?page_id=2172\" class=\"more-link\">Continue reading <span class=\"screen-reader-text\">04-28 Larnaca<\/span> <span class=\"meta-nav\">&rarr;<\/span><\/a><\/p>\n","protected":false},"author":1,"featured_media":0,"parent":2038,"menu_order":2431,"comment_status":"closed","ping_status":"closed","template":"","meta":{"ngg_post_thumbnail":0,"footnotes":""},"class_list":["post-2172","page","type-page","status-publish","hentry"],"_links":{"self":[{"href":"https:\/\/www.adrianwood.ch\/index.php?rest_route=\/wp\/v2\/pages\/2172","targetHints":{"allow":["GET"]}}],"collection":[{"href":"https:\/\/www.adrianwood.ch\/index.php?rest_route=\/wp\/v2\/pages"}],"about":[{"href":"https:\/\/www.adrianwood.ch\/index.php?rest_route=\/wp\/v2\/types\/page"}],"author":[{"embeddable":true,"href":"https:\/\/www.adrianwood.ch\/index.php?rest_route=\/wp\/v2\/users\/1"}],"replies":[{"embeddable":true,"href":"https:\/\/www.adrianwood.ch\/index.php?rest_route=%2Fwp%2Fv2%2Fcomments&post=2172"}],"version-history":[{"count":0,"href":"https:\/\/www.adrianwood.ch\/index.php?rest_route=\/wp\/v2\/pages\/2172\/revisions"}],"up":[{"embeddable":true,"href":"https:\/\/www.adrianwood.ch\/index.php?rest_route=\/wp\/v2\/pages\/2038"}],"wp:attachment":[{"href":"https:\/\/www.adrianwood.ch\/index.php?rest_route=%2Fwp%2Fv2%2Fmedia&parent=2172"}],"curies":[{"name":"wp","href":"https:\/\/api.w.org\/{rel}","templated":true}]}}