{"id":21883,"date":"2020-10-15T08:58:13","date_gmt":"2020-10-15T08:58:13","guid":{"rendered":"https:\/\/www.adrianwood.ch\/?page_id=21883"},"modified":"2020-10-15T13:27:02","modified_gmt":"2020-10-15T13:27:02","slug":"2006-07-val-calanca","status":"publish","type":"page","link":"https:\/\/www.adrianwood.ch\/?page_id=21883","title":{"rendered":"2006-07 Val Calanca"},"content":{"rendered":"<figure id=\"attachment_21884\" aria-describedby=\"caption-attachment-21884\" style=\"width: 1620px\" class=\"wp-caption alignleft\"><a href=\"https:\/\/www.adrianwood.ch\/wp-content\/uploads\/2020\/10\/DSC_1218_r16.jpg\"><img loading=\"lazy\" decoding=\"async\" class=\"size-full wp-image-21884\" src=\"https:\/\/www.adrianwood.ch\/wp-content\/uploads\/2020\/10\/DSC_1218_r16.jpg\" alt=\"\" width=\"1620\" height=\"1076\" srcset=\"https:\/\/www.adrianwood.ch\/wp-content\/uploads\/2020\/10\/DSC_1218_r16.jpg 1620w, https:\/\/www.adrianwood.ch\/wp-content\/uploads\/2020\/10\/DSC_1218_r16-300x199.jpg 300w, https:\/\/www.adrianwood.ch\/wp-content\/uploads\/2020\/10\/DSC_1218_r16-1024x680.jpg 1024w, https:\/\/www.adrianwood.ch\/wp-content\/uploads\/2020\/10\/DSC_1218_r16-768x510.jpg 768w, https:\/\/www.adrianwood.ch\/wp-content\/uploads\/2020\/10\/DSC_1218_r16-1536x1020.jpg 1536w\" sizes=\"auto, (max-width: 1620px) 100vw, 1620px\" \/><\/a><figcaption id=\"caption-attachment-21884\" class=\"wp-caption-text\">kurz vor Landarenca<\/figcaption><\/figure>\n<h3>29.Juli &#8211; 1.August 2006, Biasca \u2013 Calanca &#8211; Mesolcina<\/h3>\n<p>Bergwanderung von Tessin ins Misox<\/p>\n<p>Die Ausschreibung: Wir kn\u00fcpfen an unsere Val Malvagia Wanderung von vor zwei Jahren an und wandern weiter nach Osten \u00fcber das Val Calanca ins Valle Mesolcina \u2013 zwei italienischsprachige B\u00fcndner T\u00e4ler. \u201eDer j\u00e4he Abfall gegen die Tessinebene scheint auf den ersten Anblick v\u00f6llig unwegsam, und man ist \u00fcberrascht, wenn man auf schwindelnder H\u00f6he an verschiedenen Stellen H\u00fctten gewahrt,&#8230; Wem es nicht gegeben ist, auf rauhen Pfaden in ununterbrochener Steigung bergan zu klimmen, und wem es unbehaglich wird, wenn sein Blick zu F\u00fcssen pl\u00f6tzlich auf einige hundert Meter tieferliegende Wiesen oder W\u00e4lder trifft, der geh\u00f6rt nicht auf den Monte di Biasca.\u201c Ganz so rau, wie so in 1923 geschrieben, sind die fast 2000 H\u00f6henmeter Aufstieg nicht. Wir gehen sowieso nicht auf den Gipfel. Aber die Routen am zweiten und vierten Tag sind stellenweise weglos und ein gewisses Mass an Trittfestigkeit und Schwindelfreiheit sind erforderlich (T3). Bei den Zeitangaben handelt es sich um reine Laufzeiten ohne Pausen. Die Teilnehmer sollten die entsprechende Kondition mitbringen.<\/p>\n<p>Siehe die folgenden Seite f\u00fcr die Tagesberichte mit Karten:<\/p>\n<p><a href=\"https:\/\/www.adrianwood.ch\/?page_id=21937\"><strong><u>Samstag, 29. Juli:<\/u><\/strong><\/a> Biasca (293m) &#8211; Alpi di Compiett (1516m) \u2013 Forcarella di Lago (2256m) \u2013 Capanna Cava UTOE (2066m), 6 Std.<\/p>\n<p><a href=\"https:\/\/www.adrianwood.ch\/?page_id=21952\"><strong><u>Sonntag, 30. Juli:<\/u><\/strong><\/a> Capanna Cava \u2013 Passo del Mauro (2503m) \u2013 Alpe d\u2019Orz (2087m) \u2013 Bochetta di Pianca Genura (2366m) \u2013 Pi\u00f6v di Fuori (1853m) \u2013 Landarenca (1280m), 6 Std. Unterkunft im Lager.<\/p>\n<p><a href=\"https:\/\/www.adrianwood.ch\/?page_id=21975\"><strong><u>Montag, 31. <\/u><\/strong><strong><u>Juli:<\/u><\/strong> <\/a>Landarenca \u2013 Selma (914m), Seilbahn m\u00f6glich \u2013 Rossa (1069m) \u2013 Alp di Calvaresc Sot (1837m) &#8211; Capanna Buffalora (2070m), 4 Std.<\/p>\n<p><a href=\"https:\/\/www.adrianwood.ch\/?page_id=22004\"><strong><u>Dienstag, 1. <\/u><u>August:<\/u> <\/strong><\/a>Capanna Buffalora &#8211; Pass de Buffalora (2261m) &#8211; Cima di Nomnom (2633m) \u2013 Pass de Buffalora (2261m) \u2013 Alp di Bec (1515m) \u2013 Soazza (620m), 6.5 Std.<\/p>\nngg_shortcode_0_placeholder\n<table style=\"height: 288px;\" width=\"205\">\n<tbody>\n<tr>\n<td width=\"171\">\n<table width=\"171\">\n<tbody>\n<tr>\n<td width=\"171\">Die Teilnehmer<\/td>\n<\/tr>\n<tr>\n<td>Denzler Regina<\/td>\n<\/tr>\n<tr>\n<td>Gubler Veronika<\/td>\n<\/tr>\n<tr>\n<td>Onken Ulrich<\/td>\n<\/tr>\n<tr>\n<td>Probst Margrit<\/td>\n<\/tr>\n<tr>\n<td>Sauter Hanspeter<\/td>\n<\/tr>\n<tr>\n<td>Sutter Anna<\/td>\n<\/tr>\n<tr>\n<td>Sutter Peter<\/td>\n<\/tr>\n<tr>\n<td>Waditschatka Rudolf<\/td>\n<\/tr>\n<tr>\n<td>Walz Brigitte<\/td>\n<\/tr>\n<tr>\n<td>Wood Adrian<\/td>\n<\/tr>\n<\/tbody>\n<\/table>\n<\/td>\n<\/tr>\n<tr>\n<td><\/td>\n<\/tr>\n<tr>\n<td><\/td>\n<\/tr>\n<tr>\n<td><\/td>\n<\/tr>\n<tr>\n<td><\/td>\n<\/tr>\n<tr>\n<td><\/td>\n<\/tr>\n<tr>\n<td><\/td>\n<\/tr>\n<tr>\n<td><\/td>\n<\/tr>\n<tr>\n<td><\/td>\n<\/tr>\n<tr>\n<td><\/td>\n<\/tr>\n<tr>\n<td><\/td>\n<\/tr>\n<\/tbody>\n<\/table>\n","protected":false},"excerpt":{"rendered":"<p>29.Juli &#8211; 1.August 2006, Biasca \u2013 Calanca &#8211; Mesolcina Bergwanderung von Tessin ins Misox Die Ausschreibung: Wir kn\u00fcpfen an unsere Val Malvagia Wanderung von vor zwei Jahren an und wandern weiter nach Osten \u00fcber das Val Calanca ins Valle Mesolcina \u2013 zwei italienischsprachige B\u00fcndner T\u00e4ler. \u201eDer j\u00e4he Abfall gegen die Tessinebene scheint auf den ersten &hellip; <a href=\"https:\/\/www.adrianwood.ch\/?page_id=21883\" class=\"more-link\">Continue reading <span class=\"screen-reader-text\">2006-07 Val Calanca<\/span> <span class=\"meta-nav\">&rarr;<\/span><\/a><\/p>\n","protected":false},"author":1,"featured_media":0,"parent":138,"menu_order":1721,"comment_status":"closed","ping_status":"closed","template":"","meta":{"ngg_post_thumbnail":0,"footnotes":""},"class_list":["post-21883","page","type-page","status-publish","hentry"],"_links":{"self":[{"href":"https:\/\/www.adrianwood.ch\/index.php?rest_route=\/wp\/v2\/pages\/21883","targetHints":{"allow":["GET"]}}],"collection":[{"href":"https:\/\/www.adrianwood.ch\/index.php?rest_route=\/wp\/v2\/pages"}],"about":[{"href":"https:\/\/www.adrianwood.ch\/index.php?rest_route=\/wp\/v2\/types\/page"}],"author":[{"embeddable":true,"href":"https:\/\/www.adrianwood.ch\/index.php?rest_route=\/wp\/v2\/users\/1"}],"replies":[{"embeddable":true,"href":"https:\/\/www.adrianwood.ch\/index.php?rest_route=%2Fwp%2Fv2%2Fcomments&post=21883"}],"version-history":[{"count":7,"href":"https:\/\/www.adrianwood.ch\/index.php?rest_route=\/wp\/v2\/pages\/21883\/revisions"}],"predecessor-version":[{"id":22047,"href":"https:\/\/www.adrianwood.ch\/index.php?rest_route=\/wp\/v2\/pages\/21883\/revisions\/22047"}],"up":[{"embeddable":true,"href":"https:\/\/www.adrianwood.ch\/index.php?rest_route=\/wp\/v2\/pages\/138"}],"wp:attachment":[{"href":"https:\/\/www.adrianwood.ch\/index.php?rest_route=%2Fwp%2Fv2%2Fmedia&parent=21883"}],"curies":[{"name":"wp","href":"https:\/\/api.w.org\/{rel}","templated":true}]}}