{"id":21937,"date":"2020-10-15T10:15:11","date_gmt":"2020-10-15T10:15:11","guid":{"rendered":"https:\/\/www.adrianwood.ch\/?page_id=21937"},"modified":"2020-10-15T11:41:58","modified_gmt":"2020-10-15T11:41:58","slug":"07-29-biasca-capanna-cava","status":"publish","type":"page","link":"https:\/\/www.adrianwood.ch\/?page_id=21937","title":{"rendered":"07-29 Biasca-C.Cava"},"content":{"rendered":"<h3 class=\"pmdi_content_wrapper\"><span style=\"font-family: Times New Roman;\">1. Tag<\/span><span style=\"font-family: Times New Roman;\">, <\/span><span style=\"font-family: Times New Roman;\">Biasca<\/span><span style=\"font-family: Times New Roman;\"> \u2013 <\/span><span style=\"font-family: Times New Roman;\">Capanna<\/span><span style=\"font-family: Times New Roman;\"> Cava<\/span><\/h3>\n<p class=\"BodyText-P\"><span class=\"BodyText-H\">Welch verpatzter Start eines \u201eClub-Neulings\u201c: w\u00e4hrend die aus Basel kommende 9-er Gruppe in Biasca fr\u00f6hlich die Tessinersonne begr\u00fcsst, steck ich noch in den Kehrtunnels am Gotthard. Ein zerknirschtes SMS an Adrian, das umgehend sehr nett beantwortet wird: sie marschierten jetzt ganz gem\u00fctlich los, und ich w\u00fcrde sie bald einholen, auf dem Weg \u00fcber Pianezza! Und so war es dann auch!<\/span><\/p>\n<table class=\"TableGrid-T\" cellspacing=\"0\">\n<tbody>\n<tr class=\"-R\">\n<td class=\"-C\" colspan=\"2\"><\/td>\n<\/tr>\n<tr class=\"-R\">\n<td class=\"-C\">\n<p class=\"BodyText-P\"><span class=\"BodyText-H\"><img loading=\"lazy\" decoding=\"async\" class=\"\" src=\"https:\/\/www.adrianwood.ch\/wp-content\/uploads\/2020\/10\/1602756868_image1.jpeg\" data-link=\"\" width=\"313\" height=\"234\"><\/span><\/p>\n<\/td>\n<td class=\"-C\">\n<p class=\"BodyText-P\"><span class=\"BodyText-H\"><img loading=\"lazy\" decoding=\"async\" class=\"\" src=\"https:\/\/www.adrianwood.ch\/wp-content\/uploads\/2020\/10\/1602756868_image2.jpeg\" data-link=\"\" width=\"350\" height=\"233\"><\/span><\/p>\n<\/td>\n<\/tr>\n<tr class=\"-R\">\n<td class=\"-C\" colspan=\"2\">\n<p class=\"BodyText-P\"><span class=\"BodyText-H\">Ca. 500 m \u00fcber Biasca (293 m) traf ich auf die Gruppe, die es sich zu einer Trinkpause bei einem Brunnen gem\u00fctlich gemacht hatte. Nach Wochen Trockenheit und heisser Temperaturen hatte ein Gewitterregen in der Vornacht eine angenehme Abk\u00fchlung gebracht, sodass der m\u00e4ssig steile Aufstieg durch Kastanienw\u00e4lder \u00fcber Biasca zur Mittagszeit problemlos war. Viele Brunnen erm\u00f6glichten \u201efliegendes Nachtanken\u201c unterwegs. Bei 1426 m stiessen wir auf eine zufahrtslose Alpstrasse, die sanft ansteigend von einer Materialseilbahn bis zur Alpe di Compiett auf 1516 m f\u00fchrt.<\/span><\/p>\n<\/td>\n<\/tr>\n<tr class=\"-R\">\n<td class=\"-C\">\n<p class=\"BodyText-P\"><span class=\"BodyText-H\"><img loading=\"lazy\" decoding=\"async\" class=\"\" src=\"https:\/\/www.adrianwood.ch\/wp-content\/uploads\/2020\/10\/1602756868_image3.jpeg\" data-link=\"\" width=\"350\" height=\"233\"><\/span><\/p>\n<\/td>\n<td class=\"-C\">\n<p class=\"BodyText-P\"><span class=\"BodyText-H\"><img loading=\"lazy\" decoding=\"async\" class=\"\" src=\"https:\/\/www.adrianwood.ch\/wp-content\/uploads\/2020\/10\/1602756868_image4.jpeg\" data-link=\"\" width=\"350\" height=\"233\"><\/span><\/p>\n<\/td>\n<\/tr>\n<tr class=\"-R\">\n<td class=\"-C\" colspan=\"2\">\n<p class=\"BodyText-P\"><span class=\"BodyText-H\">Drei entlang dieses Fahrwegs abgestellte schrottreife VW K\u00e4fer gaben bald Anlass zu breiten Diskussionen w\u00e4hrend einer Esspause auf der Alpe um 14.30. Nun mussten die Batterien gr\u00fcndlich aufgeladen werden, denn wir hatten bereits 1220 m Aufstieg in den Beinen und weitere 740 m l\u00e4gen vor uns.<\/span><\/p>\n<\/td>\n<\/tr>\n<tr class=\"-R\">\n<td class=\"-C\">\n<p class=\"BodyText-P\"><span class=\"BodyText-H\"><img loading=\"lazy\" decoding=\"async\" class=\"\" src=\"https:\/\/www.adrianwood.ch\/wp-content\/uploads\/2020\/10\/1602756868_image5.jpeg\" data-link=\"\" width=\"313\" height=\"234\"><\/span><\/p>\n<\/td>\n<td class=\"-C\">\n<p class=\"BodyText-P\"><span class=\"BodyText-H\"><img loading=\"lazy\" decoding=\"async\" class=\"\" src=\"https:\/\/www.adrianwood.ch\/wp-content\/uploads\/2020\/10\/1602756868_image6.jpeg\" data-link=\"\" width=\"350\" height=\"233\"><\/span><\/p>\n<\/td>\n<\/tr>\n<tr class=\"-R\">\n<td class=\"-C\" colspan=\"2\">\n<p class=\"BodyText-P\"><span class=\"BodyText-H\">\u00dcber die Alpe di Pontima gings weiter, aus der Baumzone hinaus, auf z. T. recht steilem Weg dem Pass\u00fcbergang der Forcarella di Lago entgegen. Zwei weitere Pausen, knapp unterhalb 1800 m bei einem rauschenden Wasserfall, und bei der Rif. Alpe di Lago auf 2122 m, wurden zum Auftanken des Brennstoffs eingelegt. Vier von uns g\u00f6nnten sich ein Vollbad im Lago, der versteckt in einer Mulde liegt, sodass sich dieses Geschehen unbeobachtet von der sich lagernden Truppe vollzog.<\/span><\/p>\n<\/td>\n<\/tr>\n<tr class=\"-R\">\n<td class=\"-C\">\n<p class=\"BodyText-P\"><span class=\"BodyText-H\"><img loading=\"lazy\" decoding=\"async\" class=\"\" src=\"https:\/\/www.adrianwood.ch\/wp-content\/uploads\/2020\/10\/1602756868_image7.jpeg\" data-link=\"\" width=\"313\" height=\"234\"><\/span><\/p>\n<\/td>\n<td class=\"-C\">\n<p class=\"BodyText-P\"><span class=\"BodyText-H\"><img loading=\"lazy\" decoding=\"async\" class=\"\" src=\"https:\/\/www.adrianwood.ch\/wp-content\/uploads\/2020\/10\/1602756868_image8.jpeg\" data-link=\"\" width=\"350\" height=\"233\"><\/span><\/p>\n<\/td>\n<\/tr>\n<tr class=\"-R\">\n<td class=\"-C\" colspan=\"2\">\n<p class=\"BodyText-P\"><span class=\"BodyText-H\">Um 17.45 wurde nach insgesamt 1960 m Aufstieg der mit 2256 m h\u00f6chste Punkt des 1. Tages erreicht und alle strahlten \u00fcber diese nicht allt\u00e4gliche Leistung! Dazu trug auch die pr\u00e4chtige Aussicht und die knapp unter uns liegende Capanna Cava bei, die nun in nur wenigen Minuten erreicht wurde. Um 19.30 wurde ein w\u00e4hrschaftes Znacht (Suppe, Kotelette mit Erd\u00e4pfel und Gem\u00fcse, Fruchtsalat) serviert und noch bevor die D\u00e4mmerung der Nacht weichte, hatten wir im Lager unsere Schlafst\u00e4tte bezogen<\/span><\/p>\n<\/td>\n<\/tr>\n<\/tbody>\n<\/table>\n<figure id=\"attachment_21967\" aria-describedby=\"caption-attachment-21967\" style=\"width: 1020px\" class=\"wp-caption alignleft\"><a href=\"https:\/\/www.adrianwood.ch\/wp-content\/uploads\/2020\/10\/2006-07-29-TrackAuswertung.jpg\"><img loading=\"lazy\" decoding=\"async\" class=\"size-full wp-image-21967\" src=\"https:\/\/www.adrianwood.ch\/wp-content\/uploads\/2020\/10\/2006-07-29-TrackAuswertung.jpg\" alt=\"\" width=\"1020\" height=\"682\" srcset=\"https:\/\/www.adrianwood.ch\/wp-content\/uploads\/2020\/10\/2006-07-29-TrackAuswertung.jpg 1020w, https:\/\/www.adrianwood.ch\/wp-content\/uploads\/2020\/10\/2006-07-29-TrackAuswertung-300x201.jpg 300w, https:\/\/www.adrianwood.ch\/wp-content\/uploads\/2020\/10\/2006-07-29-TrackAuswertung-768x514.jpg 768w\" sizes=\"auto, (max-width: 1020px) 100vw, 1020px\" \/><\/a><figcaption id=\"caption-attachment-21967\" class=\"wp-caption-text\">Biasca &#8211; Capanna Cava<\/figcaption><\/figure>\n<div class=\"pmdi_content_wrapper\">\n<p class=\"BodyText-P\" style=\"margin-top: 12pt; direction: ltr; unicode-bidi: normal;\"><span class=\"BodyText-H\"><\/span><\/p>\n<\/div>\n","protected":false},"excerpt":{"rendered":"<p>1. Tag, Biasca \u2013 Capanna Cava Welch verpatzter Start eines \u201eClub-Neulings\u201c: w\u00e4hrend die aus Basel kommende 9-er Gruppe in Biasca fr\u00f6hlich die Tessinersonne begr\u00fcsst, steck ich noch in den Kehrtunnels am Gotthard. Ein zerknirschtes SMS an Adrian, das umgehend sehr nett beantwortet wird: sie marschierten jetzt ganz gem\u00fctlich los, und ich w\u00fcrde sie bald einholen, &hellip; <a href=\"https:\/\/www.adrianwood.ch\/?page_id=21937\" class=\"more-link\">Continue reading <span class=\"screen-reader-text\">07-29 Biasca-C.Cava<\/span> <span class=\"meta-nav\">&rarr;<\/span><\/a><\/p>\n","protected":false},"author":1,"featured_media":0,"parent":21883,"menu_order":1722,"comment_status":"closed","ping_status":"closed","template":"","meta":{"ngg_post_thumbnail":0,"footnotes":""},"class_list":["post-21937","page","type-page","status-publish","hentry"],"_links":{"self":[{"href":"https:\/\/www.adrianwood.ch\/index.php?rest_route=\/wp\/v2\/pages\/21937","targetHints":{"allow":["GET"]}}],"collection":[{"href":"https:\/\/www.adrianwood.ch\/index.php?rest_route=\/wp\/v2\/pages"}],"about":[{"href":"https:\/\/www.adrianwood.ch\/index.php?rest_route=\/wp\/v2\/types\/page"}],"author":[{"embeddable":true,"href":"https:\/\/www.adrianwood.ch\/index.php?rest_route=\/wp\/v2\/users\/1"}],"replies":[{"embeddable":true,"href":"https:\/\/www.adrianwood.ch\/index.php?rest_route=%2Fwp%2Fv2%2Fcomments&post=21937"}],"version-history":[{"count":9,"href":"https:\/\/www.adrianwood.ch\/index.php?rest_route=\/wp\/v2\/pages\/21937\/revisions"}],"predecessor-version":[{"id":21947,"href":"https:\/\/www.adrianwood.ch\/index.php?rest_route=\/wp\/v2\/pages\/21937\/revisions\/21947"}],"up":[{"embeddable":true,"href":"https:\/\/www.adrianwood.ch\/index.php?rest_route=\/wp\/v2\/pages\/21883"}],"wp:attachment":[{"href":"https:\/\/www.adrianwood.ch\/index.php?rest_route=%2Fwp%2Fv2%2Fmedia&parent=21937"}],"curies":[{"name":"wp","href":"https:\/\/api.w.org\/{rel}","templated":true}]}}