{"id":22004,"date":"2020-10-15T12:31:39","date_gmt":"2020-10-15T12:31:39","guid":{"rendered":"https:\/\/www.adrianwood.ch\/?page_id=22004"},"modified":"2020-10-15T13:35:38","modified_gmt":"2020-10-15T13:35:38","slug":"08-01-passo-de-nomnom","status":"publish","type":"page","link":"https:\/\/www.adrianwood.ch\/?page_id=22004","title":{"rendered":"08-01 Soazza"},"content":{"rendered":"<div class=\"pmdi_content_wrapper\">\n<h3>4. Tag, Capanna Buffalora \u2013 Soazza<\/h3>\n<div class=\"pmdi_content_wrapper\">\n<table class=\"TableGrid-T\" cellspacing=\"0\">\n<tbody>\n<tr class=\"-R\">\n<td class=\"-C\">\n<p class=\"BodyText-P\"><span class=\"BodyText-H\"><img loading=\"lazy\" decoding=\"async\" class=\"\" src=\"https:\/\/www.adrianwood.ch\/wp-content\/uploads\/2020\/10\/1602765404_image1.jpeg\" data-link=\"\" width=\"350\" height=\"263\"><\/span><\/p>\n<\/td>\n<td class=\"-C\">\n<p class=\"BodyText-P\"><span class=\"BodyText-H\"><img loading=\"lazy\" decoding=\"async\" class=\"\" src=\"https:\/\/www.adrianwood.ch\/wp-content\/uploads\/2020\/10\/1602765404_image2.jpeg\" data-link=\"\" width=\"350\" height=\"263\"><\/span><\/p>\n<\/td>\n<\/tr>\n<tr class=\"-R\">\n<td class=\"-C\" colspan=\"2\">\n<p class=\"BodyText-P\"><span class=\"BodyText-H\">Heute ging&#8217;s fr\u00fch aus den Kissen, denn ein langer Abstieg und die Heimreise lag vor uns: 6.30 Uhr Fr\u00fchst\u00fcck mit dem ber\u00fchmten Buffalora-Brot, und es regnete. <\/span><\/p>\n<\/td>\n<\/tr>\n<tr class=\"-R\">\n<td class=\"-C\">\n<p class=\"BodyText-P\"><span class=\"BodyText-H\"><img loading=\"lazy\" decoding=\"async\" class=\"\" src=\"https:\/\/www.adrianwood.ch\/wp-content\/uploads\/2020\/10\/1602765404_image3.jpeg\" data-link=\"\" width=\"350\" height=\"232\"><\/span><\/p>\n<\/td>\n<td class=\"-C\">\n<p class=\"BodyText-P\"><span class=\"BodyText-H\"><img loading=\"lazy\" decoding=\"async\" class=\"\" src=\"https:\/\/www.adrianwood.ch\/wp-content\/uploads\/2020\/10\/1602765404_image4.jpeg\" data-link=\"\" width=\"350\" height=\"232\"><\/span><\/p>\n<\/td>\n<\/tr>\n<tr class=\"-R\">\n<td class=\"-C\" colspan=\"2\">\n<p class=\"BodyText-P\"><span class=\"BodyText-H\">Kurz vor dem Aufbruch um 7.30 Uhr h\u00f6rte der Regen auf und wir brachten den kurzen Aufstieg zum Pass rasch hinter uns. Donnergrollen, schwarze Wolken und fliegende Nebelfetzen auf dem Pass de Buffalora (2261 m) geboten jedoch, den urspr\u00fcnglich geplanten Aufstieg auf den Cima de Nomnom (2633 m) zu vertagen.<\/span><\/p>\n<\/td>\n<\/tr>\n<tr class=\"-R\">\n<td class=\"-C\">\n<p class=\"BodyText-P\"><span class=\"BodyText-H\"><img loading=\"lazy\" decoding=\"async\" class=\"\" src=\"https:\/\/www.adrianwood.ch\/wp-content\/uploads\/2020\/10\/1602765404_image5.jpeg\" data-link=\"\" width=\"311\" height=\"233\"><\/span><\/p>\n<\/td>\n<td class=\"-C\">\n<p class=\"BodyText-P\"><span class=\"BodyText-H\"><img loading=\"lazy\" decoding=\"async\" class=\"\" src=\"https:\/\/www.adrianwood.ch\/wp-content\/uploads\/2020\/10\/1602765404_image6.jpeg\" data-link=\"\" width=\"351\" height=\"233\"><\/span><\/p>\n<\/td>\n<\/tr>\n<tr class=\"-R\">\n<td class=\"-C\">\n<p class=\"BodyText-P\"><span class=\"BodyText-H\"><img loading=\"lazy\" decoding=\"async\" class=\"\" src=\"https:\/\/www.adrianwood.ch\/wp-content\/uploads\/2020\/10\/1602765404_image7.jpeg\" data-link=\"\" width=\"350\" height=\"233\"><\/span><\/p>\n<\/td>\n<td class=\"-C\">\n<p class=\"BodyText-P\"><span class=\"BodyText-H\"><img loading=\"lazy\" decoding=\"async\" class=\"\" src=\"https:\/\/www.adrianwood.ch\/wp-content\/uploads\/2020\/10\/1602765404_image8.jpeg\" data-link=\"\" width=\"311\" height=\"233\"><\/span><\/p>\n<\/td>\n<\/tr>\n<tr class=\"-R\">\n<td class=\"-C\" colspan=\"2\">\n<p class=\"BodyText-P\"><span class=\"BodyText-H\">So nahmen wir alsbald den Abstieg \u00fcber die Alp de Bec (1514 m) in Angriff, wo wir von gut 2 Dutzend Rindviechern \u00fcberrascht wurden, die an uns vorbei die Alp hinunterdonnerten. F\u00fcr den restlichen Abstieg nach Soazza w\u00e4hlten wir den markierten Wanderweg, der steil durch dichten Nadelwald f\u00fchrt und den wir \u2013 trotz N\u00e4sse \u2013 in sehr gutem Zustand vorfanden. Lediglich die \u201eRollbahnen\u201c der in dichten Lagen auf dem Boden liegenden Zapfen machten uns manchmal zu schaffen.<\/span><\/p>\n<\/td>\n<\/tr>\n<tr class=\"-R\">\n<td class=\"-C\">\n<p class=\"BodyText-P\"><span class=\"BodyText-H\"><img loading=\"lazy\" decoding=\"async\" class=\"\" src=\"https:\/\/www.adrianwood.ch\/wp-content\/uploads\/2020\/10\/1602765404_image9.jpeg\" data-link=\"\" width=\"350\" height=\"233\"><\/span><\/p>\n<\/td>\n<td class=\"-C\">\n<p class=\"BodyText-P\"><span class=\"BodyText-H\"><img loading=\"lazy\" decoding=\"async\" class=\"\" src=\"https:\/\/www.adrianwood.ch\/wp-content\/uploads\/2020\/10\/1602765404_image10.jpeg\" data-link=\"\" width=\"350\" height=\"232\"><\/span><\/p>\n<\/td>\n<\/tr>\n<tr class=\"-R\">\n<td class=\"-C\" colspan=\"2\">\n<p class=\"BodyText-P\"><span class=\"BodyText-H\">Kurz nach 12 Uhr erblickten wir das Kirchlein von Soazza (620 m) unter uns und alle freuten sich auf Kafi und Kuchen (oder einem k\u00fchlen Bier) in einer Beiz. Doch der Ort war wie ausgestorben, und uns blieb nichts anderes, als mit dem n\u00e4chsten Postbus nach Bellinzona zu fahren.<\/span><\/p>\n<\/td>\n<\/tr>\n<tr class=\"-R\">\n<td class=\"-C\">\n<p class=\"BodyText-P\"><span class=\"BodyText-H\"><img loading=\"lazy\" decoding=\"async\" class=\"\" src=\"https:\/\/www.adrianwood.ch\/wp-content\/uploads\/2020\/10\/1602765404_image11.jpeg\" data-link=\"\" width=\"350\" height=\"264\"><\/span><\/p>\n<\/td>\n<td class=\"-C\">\n<p class=\"BodyText-P\"><span class=\"BodyText-H\"><img loading=\"lazy\" decoding=\"async\" class=\"\" src=\"https:\/\/www.adrianwood.ch\/wp-content\/uploads\/2020\/10\/1602765404_image12.jpeg\" data-link=\"\" width=\"351\" height=\"263\"><\/span><\/p>\n<\/td>\n<\/tr>\n<tr class=\"-R\">\n<td class=\"-C\" colspan=\"2\">\n<p class=\"BodyText-P\"><span class=\"BodyText-H\">Dank der schlanken \u00dcberg\u00e4nge von Bus auf die Bahn blieb auch dort keine Zeit zur Einkehr. Doch unser Capo hatte vorgesort und sich am Bahnhofkiosk eingedeckt, und so konnten wir doch noch im Zug mit k\u00fchlem Bier auf eine gelungene Tour anstossen: vielen Dank, Adrian, f\u00fcr die Planung und Durchf\u00fchrung dieser 4 Tagestour, die wir alle in bester Verfassung abschliessen durften. Rudi<\/span><\/p>\n<\/td>\n<\/tr>\n<\/tbody>\n<\/table>\n<\/div>\n<figure id=\"attachment_22017\" aria-describedby=\"caption-attachment-22017\" style=\"width: 1008px\" class=\"wp-caption alignleft\"><a href=\"https:\/\/www.adrianwood.ch\/wp-content\/uploads\/2020\/10\/2006-08-01-TrackAuswertung.jpg\"><img loading=\"lazy\" decoding=\"async\" class=\"size-full wp-image-22017\" src=\"https:\/\/www.adrianwood.ch\/wp-content\/uploads\/2020\/10\/2006-08-01-TrackAuswertung.jpg\" alt=\"\" width=\"1008\" height=\"660\" srcset=\"https:\/\/www.adrianwood.ch\/wp-content\/uploads\/2020\/10\/2006-08-01-TrackAuswertung.jpg 1008w, https:\/\/www.adrianwood.ch\/wp-content\/uploads\/2020\/10\/2006-08-01-TrackAuswertung-300x196.jpg 300w, https:\/\/www.adrianwood.ch\/wp-content\/uploads\/2020\/10\/2006-08-01-TrackAuswertung-768x503.jpg 768w\" sizes=\"auto, (max-width: 1008px) 100vw, 1008px\" \/><\/a><figcaption id=\"caption-attachment-22017\" class=\"wp-caption-text\">Capanna Buffalora &#8211; Soazza<\/figcaption><\/figure>\n<\/div>\n<div class=\"pmdi_content_wrapper\"><\/div>\n","protected":false},"excerpt":{"rendered":"<p>4. Tag, Capanna Buffalora \u2013 Soazza Heute ging&#8217;s fr\u00fch aus den Kissen, denn ein langer Abstieg und die Heimreise lag vor uns: 6.30 Uhr Fr\u00fchst\u00fcck mit dem ber\u00fchmten Buffalora-Brot, und es regnete. Kurz vor dem Aufbruch um 7.30 Uhr h\u00f6rte der Regen auf und wir brachten den kurzen Aufstieg zum Pass rasch hinter uns. Donnergrollen, &hellip; <a href=\"https:\/\/www.adrianwood.ch\/?page_id=22004\" class=\"more-link\">Continue reading <span class=\"screen-reader-text\">08-01 Soazza<\/span> <span class=\"meta-nav\">&rarr;<\/span><\/a><\/p>\n","protected":false},"author":1,"featured_media":0,"parent":21883,"menu_order":1725,"comment_status":"closed","ping_status":"closed","template":"","meta":{"ngg_post_thumbnail":0,"footnotes":""},"class_list":["post-22004","page","type-page","status-publish","hentry"],"_links":{"self":[{"href":"https:\/\/www.adrianwood.ch\/index.php?rest_route=\/wp\/v2\/pages\/22004","targetHints":{"allow":["GET"]}}],"collection":[{"href":"https:\/\/www.adrianwood.ch\/index.php?rest_route=\/wp\/v2\/pages"}],"about":[{"href":"https:\/\/www.adrianwood.ch\/index.php?rest_route=\/wp\/v2\/types\/page"}],"author":[{"embeddable":true,"href":"https:\/\/www.adrianwood.ch\/index.php?rest_route=\/wp\/v2\/users\/1"}],"replies":[{"embeddable":true,"href":"https:\/\/www.adrianwood.ch\/index.php?rest_route=%2Fwp%2Fv2%2Fcomments&post=22004"}],"version-history":[{"count":7,"href":"https:\/\/www.adrianwood.ch\/index.php?rest_route=\/wp\/v2\/pages\/22004\/revisions"}],"predecessor-version":[{"id":22052,"href":"https:\/\/www.adrianwood.ch\/index.php?rest_route=\/wp\/v2\/pages\/22004\/revisions\/22052"}],"up":[{"embeddable":true,"href":"https:\/\/www.adrianwood.ch\/index.php?rest_route=\/wp\/v2\/pages\/21883"}],"wp:attachment":[{"href":"https:\/\/www.adrianwood.ch\/index.php?rest_route=%2Fwp%2Fv2%2Fmedia&parent=22004"}],"curies":[{"name":"wp","href":"https:\/\/api.w.org\/{rel}","templated":true}]}}