{"id":22089,"date":"2020-10-17T14:12:55","date_gmt":"2020-10-17T14:12:55","guid":{"rendered":"https:\/\/www.adrianwood.ch\/?page_id=22089"},"modified":"2020-10-17T14:17:30","modified_gmt":"2020-10-17T14:17:30","slug":"22089-2","status":"publish","type":"page","link":"https:\/\/www.adrianwood.ch\/?page_id=22089","title":{"rendered":"10-04 Grandinagia"},"content":{"rendered":"<div class=\"pmdi_content_wrapper\">\n<h3><span style=\"font-size: 14pt;\">4. Oktober 2<\/span><span style=\"font-size: 14pt;\">1<\/span><span style=\"font-size: 14pt;\">, <\/span><span style=\"font-size: 14pt;\">Christallina<\/span><span style=\"font-size: 14pt;\"> &#8211; <\/span>All\u2019 Acqua<\/h3>\n<p class=\"Normal-P\" style=\"margin-bottom: 3pt; text-align: justify; text-justify: inter-ideograph; direction: ltr; unicode-bidi: normal;\"><span class=\"Normal-H\"><span style=\"font-family: Arial;\">Die Nacht war mild und der Vollmond schien. Um 6.30 Uhr war Tagwache und um 7 Uhr gab es ein reichhaltiges Fr\u00fchst\u00fcck. Kurz vor 8 Uhr machten wir uns auf den Weg. Zun\u00e4chst ging es hinunter Richtung Lago Sfundau, der wie ein Kratersee in der Tiefe liegt. Aber der Abstieg war erst zu Ende, als wir die Werkstrasse unterhalb der Staumauer des Lago Cavagn\u00f6\u00f6 erreicht hatten. Auf dieser Strasse stiegen wir dann hinauf bis zur Staumauer. Nun folgte ein Aufstieg auf interessantem Gel\u00e4nde.<\/span><\/span><\/p>\n<p><!-- [if !supportMisalignedColumns]--><\/p><table class=\"TableGrid-T\" style=\"border-collapse: collapse;\" cellspacing=\"0\">\n<tbody>\n<tr class=\"-R\">\n<td class=\"-C\" style=\"width: 481.4pt; border: none windowtext 0pt;\" colspan=\"2\"><\/td>\n<\/tr>\n<tr class=\"-R\">\n<td class=\"-C\" style=\"width: 240.7pt; border: none windowtext 0pt;\">\n<p class=\"Normal-P\" style=\"margin-bottom: 3pt; text-align: justify; text-justify: inter-ideograph; direction: ltr; unicode-bidi: normal;\"><span class=\"Normal-H\"><span style=\"font-family: Arial;\"><img decoding=\"async\" src=\"https:\/\/www.adrianwood.ch\/wp-content\/uploads\/2020\/10\/1602943908_image1.jpeg\" data-link=\"\" width=\"308px \" height=\"231px \"><\/span><\/span><\/p>\n<\/td>\n<td class=\"-C\" style=\"width: 240.7pt; border: none windowtext 0pt;\">\n<p class=\"Normal-P\" style=\"margin-bottom: 3pt; text-align: justify; text-justify: inter-ideograph; direction: ltr; unicode-bidi: normal;\"><span class=\"Normal-H\"><span style=\"font-family: Arial;\"><img decoding=\"async\" src=\"https:\/\/www.adrianwood.ch\/wp-content\/uploads\/2020\/10\/1602943908_image2.jpeg\" data-link=\"\" width=\"308px \" height=\"232px \"><\/span><\/span><\/p>\n<\/td>\n<\/tr>\n<tr class=\"-R\">\n<td class=\"-C\" style=\"width: 481.4pt; border: none windowtext 0pt;\" colspan=\"2\">\n<p class=\"Normal-P\" style=\"margin-top: 3pt; margin-bottom: 3pt; text-align: justify; text-justify: inter-ideograph; direction: ltr; unicode-bidi: normal;\"><span class=\"Normal-H\"><span style=\"font-family: Arial;\">Auf dem rauhen Gestein (Gneiss?) konnte man problem- und weglos der guten Markierung folgend die steilen W\u00e4nde hochsteigen. Nachdem wir die H\u00f6he erreicht hatten, gab es eine Zn\u00fcnipause. Der zu \u00fcberquerende Pass war nur noch etwa 100 m h\u00f6her. Aber bevor dieser erreicht war, gings nochmals auf heiklem Weg steil und tief hinunter. Eine harte Schneebr\u00fccke \u00fcber einen Bach musste nach unten umgangen werden. Dann folgte ein ziemlich flaches St\u00fcck, teilweise \u00fcber Schnee, bevor der letzte Anstieg auf den Pass folgte, der in seinem letzten Abschnitt wieder sehr steil war. Auf dem Pass hielten wir die Mittagsrast ab. Der Pass heisst Grandinagia. Niemand kannte den Namen vorher; er ist auch nicht auf einem Wegweiser angeschrieben und ich denke, jetzt haben ihn alle Teilnehmer schon wieder vergessen.<\/span><\/span><\/p>\n<\/td>\n<\/tr>\n<tr class=\"-R\">\n<td class=\"-C\" style=\"width: 240.7pt; border: none windowtext 0pt;\">\n<p class=\"Normal-P\" style=\"margin-bottom: 3pt; text-align: justify; text-justify: inter-ideograph; direction: ltr; unicode-bidi: normal;\"><span class=\"Normal-H\"><span style=\"font-family: Arial;\"><img decoding=\"async\" src=\"https:\/\/www.adrianwood.ch\/wp-content\/uploads\/2020\/10\/1602943908_image3.jpeg\" data-link=\"\" width=\"312px \" height=\"234px \"><\/span><\/span><\/p>\n<\/td>\n<td class=\"-C\" style=\"width: 240.7pt; border: none windowtext 0pt;\">\n<p class=\"Normal-P\" style=\"margin-bottom: 3pt; text-align: justify; text-justify: inter-ideograph; direction: ltr; unicode-bidi: normal;\"><span class=\"Normal-H\"><span style=\"font-family: Arial;\"><img decoding=\"async\" src=\"https:\/\/www.adrianwood.ch\/wp-content\/uploads\/2020\/10\/1602943908_image4.jpeg\" data-link=\"\" width=\"308px \" height=\"231px \"><\/span><\/span><\/p>\n<\/td>\n<\/tr>\n<tr class=\"-R\">\n<td class=\"-C\" style=\"width: 481.4pt; border: none windowtext 0pt;\" colspan=\"2\">\n<p class=\"BodyTextIndent-P\" style=\"margin-top: 3pt; margin-bottom: 3pt; text-align: justify; text-justify: inter-ideograph; direction: ltr; unicode-bidi: normal; text-indent: 0pt;\"><span class=\"BodyTextIndent-H\">Der Abstieg auf der andern Seite des Passes ist genau so steil wie der Aufstieg. Anfangs ging es auf gutem Weg flott hinunter. Sp\u00e4ter kam dann eine jener Ger\u00f6llw\u00fcsten, die sehr grosse Aufmerksamkeit verlangen. Aber bald lag dann das Gel\u00e4nde im Schatten. Viele Steinbrocken waren mit einer hauchd\u00fcnnen Eisschicht \u00fcberzogen, deren Begehung eine extreme Konzentration erforderte. Besonders heimt\u00fcckisch waren fast ebene Steinplatten, die eigentlich komfortabel zu begehen w\u00e4ren, die aber unter diesen Umst\u00e4nden unbedingt vermieden werden mussten. Auch einige hart gefrorene Schneefelder galt es zu \u00fcberqueren. Aber schliesslich erreichten wir ohne Unfall wieder sonniges Gebiet und der ganze Spuk mit dem Glatteis war vorbei und vergessen. <\/span><\/p>\n<p class=\"Normal-P\" style=\"margin-bottom: 3pt; text-align: justify; text-justify: inter-ideograph; direction: ltr; unicode-bidi: normal;\"><span class=\"Normal-H\"><span style=\"font-family: Arial;\">Von San Giacomo gabs dann noch einen sch\u00f6nen Abstieg durch die Heidelbeeren nach<\/span> <span style=\"font-family: Arial;\">All\u2019 <\/span><span style=\"font-family: Arial;\">Acqua<\/span><span style=\"font-family: Arial;\">, in dessen Restaurant wir uns vor der Heimreise erfrischen konnten.<\/span><\/span><\/p>\n<p>Hanspeter Sauter<\/p><\/td>\n<\/tr>\n<\/tbody>\n<\/table>\n<\/div>\n\n\n<figure class=\"wp-block-image size-large\"><img loading=\"lazy\" decoding=\"async\" width=\"1008\" height=\"692\" src=\"https:\/\/www.adrianwood.ch\/wp-content\/uploads\/2020\/10\/Christalina-GPS-2.jpg\" alt=\"\" class=\"wp-image-22098\" srcset=\"https:\/\/www.adrianwood.ch\/wp-content\/uploads\/2020\/10\/Christalina-GPS-2.jpg 1008w, https:\/\/www.adrianwood.ch\/wp-content\/uploads\/2020\/10\/Christalina-GPS-2-300x206.jpg 300w, https:\/\/www.adrianwood.ch\/wp-content\/uploads\/2020\/10\/Christalina-GPS-2-768x527.jpg 768w\" sizes=\"auto, (max-width: 1008px) 100vw, 1008px\" \/><\/figure>\n","protected":false},"excerpt":{"rendered":"<p>4. Oktober 21, Christallina &#8211; All\u2019 Acqua Die Nacht war mild und der Vollmond schien. Um 6.30 Uhr war Tagwache und um 7 Uhr gab es ein reichhaltiges Fr\u00fchst\u00fcck. Kurz vor 8 Uhr machten wir uns auf den Weg. Zun\u00e4chst ging es hinunter Richtung Lago Sfundau, der wie ein Kratersee in der Tiefe liegt. Aber &hellip; <a href=\"https:\/\/www.adrianwood.ch\/?page_id=22089\" class=\"more-link\">Continue reading <span class=\"screen-reader-text\">10-04 Grandinagia<\/span> <span class=\"meta-nav\">&rarr;<\/span><\/a><\/p>\n","protected":false},"author":1,"featured_media":0,"parent":558,"menu_order":1559,"comment_status":"closed","ping_status":"closed","template":"","meta":{"ngg_post_thumbnail":0,"footnotes":""},"class_list":["post-22089","page","type-page","status-publish","hentry"],"_links":{"self":[{"href":"https:\/\/www.adrianwood.ch\/index.php?rest_route=\/wp\/v2\/pages\/22089","targetHints":{"allow":["GET"]}}],"collection":[{"href":"https:\/\/www.adrianwood.ch\/index.php?rest_route=\/wp\/v2\/pages"}],"about":[{"href":"https:\/\/www.adrianwood.ch\/index.php?rest_route=\/wp\/v2\/types\/page"}],"author":[{"embeddable":true,"href":"https:\/\/www.adrianwood.ch\/index.php?rest_route=\/wp\/v2\/users\/1"}],"replies":[{"embeddable":true,"href":"https:\/\/www.adrianwood.ch\/index.php?rest_route=%2Fwp%2Fv2%2Fcomments&post=22089"}],"version-history":[{"count":3,"href":"https:\/\/www.adrianwood.ch\/index.php?rest_route=\/wp\/v2\/pages\/22089\/revisions"}],"predecessor-version":[{"id":22099,"href":"https:\/\/www.adrianwood.ch\/index.php?rest_route=\/wp\/v2\/pages\/22089\/revisions\/22099"}],"up":[{"embeddable":true,"href":"https:\/\/www.adrianwood.ch\/index.php?rest_route=\/wp\/v2\/pages\/558"}],"wp:attachment":[{"href":"https:\/\/www.adrianwood.ch\/index.php?rest_route=%2Fwp%2Fv2%2Fmedia&parent=22089"}],"curies":[{"name":"wp","href":"https:\/\/api.w.org\/{rel}","templated":true}]}}