{"id":22106,"date":"2020-10-28T11:20:07","date_gmt":"2020-10-28T11:20:07","guid":{"rendered":"https:\/\/www.adrianwood.ch\/?page_id=22106"},"modified":"2020-10-28T11:30:25","modified_gmt":"2020-10-28T11:30:25","slug":"2007-08-tierberg","status":"publish","type":"page","link":"https:\/\/www.adrianwood.ch\/?page_id=22106","title":{"rendered":"2007-08 Tierberg"},"content":{"rendered":"<p><img decoding=\"async\" class=\"ngg-singlepic ngg-none\" src=\"https:\/\/www.adrianwood.ch\/wp-content\/gallery\/tierberg01\/DSCN0325_m.jpg\" alt=\"DSCN0325_m\"><\/p>\n<h3><strong>4.\/5. August 2007, Hochtour auf \u201eHinter Tierberg\u201c <\/strong><strong>3447m<\/strong><\/h3>\n<p>Der \u201eHinter Tierberg\u201c wird normalerweise von der Trifth\u00fctte aus bestiegen. Wir versuchen uns diesmal von der Nordseite. Die Tour ist nicht zu schwierig verlangt aber sicheres Steigeisengehen und Schwindelfreiheit.<\/p>\n<p>Samstag: Nach einer stressfreien Fahrt mit PKW \u00fcber Luzern, Br\u00fcnig zum Steingletscher am Sustenpass, trafen wir uns kurz vor Mittag im Hotel Steinglestcher, wo die meisten eine Kleinigkeit assen und jeder noch reichlich trank. Danach fuhren wir zum Parkplatz beim alten Sprengplatz hoch, wo wir die Autos bis am Sonntag stehen lassen konnten. Anschliessend stiegen wir in ca. 3 Stunden den Sommmerweg zur H\u00fctte hoch. Wie die meisten Wochenenden in diesem Jahr, war es sch\u00f6n, aber nicht zu heiss. Trotzdem machten wir 2 Pausen. Auf der Tierberglih\u00fctte (2795m) hatten wir noch gen\u00fcgend Zeit uns auszuruhen und die Sonne zu geniessen. Die H\u00fctte war voll belegt, aber es gab ein sehr gutes Essen und ein freundliches H\u00fcttenwartehepaar. Nach dem Nachtessen gingen wir zeitig schlafen.<\/p>\n<p>Sonntag: Um 5:30 Uhr war Tagwache und ich hoffte nach einer Stunde abmarschieren zu k\u00f6nnen. Es daurte dann doch l\u00e4nger als geplant. Von der H\u00fctte kann man in 5 Minuten den Glestcher erreichen, wo wir uns anseilten und dann den Aufstieg zur Tierberglilimi in Angriff nahmen. Wir kamen trotz gutem Trittschnee nicht so schnell voran, wie ich urspr\u00fcnglich angenomment hatte. Ich entschied mich deshalb, nur den Vorgipfel zu machen, von dem man auch eine sch\u00f6ne Aussicht ins Hasli und Gadmertal, sowie auch auf die Wetterhorngruppe hat. Auf jeden Fall genossen wir die Rast. Es h\u00e4tte ungef\u00e4hr noch eine Stunde auf den Hauptgipfel gefehlt. Der Abstieg zur H\u00fctte war dann anstrengender als erwartet, weil der Schnee recht weich wurde. Gegen Mittag erreichten wir diese und machten nochmals ausgiebig Rast, bevor auf dem Sommerweg wieder zu den Autos abstiegen. Anschliessend problemlose Heimfahrt nach Basel.<\/p>\n<p>Danke an alle Teilnehmer, dass wir wieder einmal mit einer etwas gr\u00f6sseren Gruppe eine Hochtour durchf\u00fchren konnten<\/p>\n<p>Teilnehmer: H. M\u00fcller, A. Wood, A. Sutter, P. Sutter, A. Denss, P. Leupin (Leitung &amp; Bericht)<\/p>\n<p>ngg_shortcode_0_placeholder<a href=\"https:\/\/www.adrianwood.ch\/wp-content\/uploads\/2020\/10\/image001.png\"><img loading=\"lazy\" decoding=\"async\" class=\"alignleft size-full wp-image-22136\" src=\"https:\/\/www.adrianwood.ch\/wp-content\/uploads\/2020\/10\/image001.png\" alt=\"\" width=\"660\" height=\"540\" srcset=\"https:\/\/www.adrianwood.ch\/wp-content\/uploads\/2020\/10\/image001.png 660w, https:\/\/www.adrianwood.ch\/wp-content\/uploads\/2020\/10\/image001-300x245.png 300w\" sizes=\"auto, (max-width: 660px) 100vw, 660px\" \/><\/a><\/p>\n","protected":false},"excerpt":{"rendered":"<p>4.\/5. August 2007, Hochtour auf \u201eHinter Tierberg\u201c 3447m Der \u201eHinter Tierberg\u201c wird normalerweise von der Trifth\u00fctte aus bestiegen. Wir versuchen uns diesmal von der Nordseite. Die Tour ist nicht zu schwierig verlangt aber sicheres Steigeisengehen und Schwindelfreiheit. Samstag: Nach einer stressfreien Fahrt mit PKW \u00fcber Luzern, Br\u00fcnig zum Steingletscher am Sustenpass, trafen wir uns kurz &hellip; <a href=\"https:\/\/www.adrianwood.ch\/?page_id=22106\" class=\"more-link\">Continue reading <span class=\"screen-reader-text\">2007-08 Tierberg<\/span> <span class=\"meta-nav\">&rarr;<\/span><\/a><\/p>\n","protected":false},"author":1,"featured_media":0,"parent":129,"menu_order":1220,"comment_status":"closed","ping_status":"closed","template":"","meta":{"ngg_post_thumbnail":0,"footnotes":""},"class_list":["post-22106","page","type-page","status-publish","hentry"],"_links":{"self":[{"href":"https:\/\/www.adrianwood.ch\/index.php?rest_route=\/wp\/v2\/pages\/22106","targetHints":{"allow":["GET"]}}],"collection":[{"href":"https:\/\/www.adrianwood.ch\/index.php?rest_route=\/wp\/v2\/pages"}],"about":[{"href":"https:\/\/www.adrianwood.ch\/index.php?rest_route=\/wp\/v2\/types\/page"}],"author":[{"embeddable":true,"href":"https:\/\/www.adrianwood.ch\/index.php?rest_route=\/wp\/v2\/users\/1"}],"replies":[{"embeddable":true,"href":"https:\/\/www.adrianwood.ch\/index.php?rest_route=%2Fwp%2Fv2%2Fcomments&post=22106"}],"version-history":[{"count":5,"href":"https:\/\/www.adrianwood.ch\/index.php?rest_route=\/wp\/v2\/pages\/22106\/revisions"}],"predecessor-version":[{"id":22135,"href":"https:\/\/www.adrianwood.ch\/index.php?rest_route=\/wp\/v2\/pages\/22106\/revisions\/22135"}],"up":[{"embeddable":true,"href":"https:\/\/www.adrianwood.ch\/index.php?rest_route=\/wp\/v2\/pages\/129"}],"wp:attachment":[{"href":"https:\/\/www.adrianwood.ch\/index.php?rest_route=%2Fwp%2Fv2%2Fmedia&parent=22106"}],"curies":[{"name":"wp","href":"https:\/\/api.w.org\/{rel}","templated":true}]}}