{"id":22163,"date":"2020-10-29T09:14:57","date_gmt":"2020-10-29T09:14:57","guid":{"rendered":"https:\/\/www.adrianwood.ch\/?page_id=22163"},"modified":"2020-10-29T09:22:19","modified_gmt":"2020-10-29T09:22:19","slug":"2013-07-wildhorn","status":"publish","type":"page","link":"https:\/\/www.adrianwood.ch\/?page_id=22163","title":{"rendered":"2013-07 Wildhorn"},"content":{"rendered":"<figure style=\"width: 1024px\" class=\"wp-caption alignnone\"><img loading=\"lazy\" decoding=\"async\" class=\"ngg-singlepic ngg-none\" src=\"https:\/\/www.adrianwood.ch\/wp-content\/gallery\/wildhorn01\/DSC_0336_1_r.jpg\" alt=\"DSC_0336_1_r\" width=\"1024\" height=\"683\"><figcaption class=\"wp-caption-text\">Sicht auf den Walliser Alpen<\/figcaption><\/figure>\n<h3><strong>20.\/21. Juli 2013, Hochtour Wildhorn <\/strong><\/h3>\n<p>Leichte Hochtour im Berner Oberland. Die Besteigung erfolgt von der Wildhornh\u00fctte aus und bietet keine technischen Schwierigkeiten. Die Tour f\u00fchrt zum grossen Teil \u00fcber Gletscher. Der Besuch des Eiskurs ist von Vorteil.<\/p>\n<p>Am Samstag Hinfahrt mit \u00f6ffentlichen Verkehrsmitteln von Basel &#8211; Bern &#8211; Spiez &#8211; Lenk &#8211; Iffigenalp. Aufstieg via Iffigensee zur Wildhornh\u00fctte in 3\u00bd Stunden. Sch\u00f6nes Wetter.<\/p>\n<p>Am Sonntag: um 06:00 Abmarsch von der H\u00fctte. Via Normalroute (in den Talkessel bis zur Mor\u00e4ne, diese steil hinauf bis der Gletscher erreicht wird, dieser wird bis zur L\u00fccke \u00fcberschritten und dann von der L\u00fccke dem Kamm entlang auf den Gipfel) wurde das Ziel in ca. 5 Stunden erreicht. Wolkenloser Himmel erlaubte eine Fernsicht \u00fcber den ganzen Alpenkamm.<\/p>\n<p>Nach einer l\u00e4ngeren Pause Abstieg \u00fcber die gleiche Route zur H\u00fctte und zur Iffigenalp, wo wir um 16:00 Uhr den Bus erreichten. Gleichzeitig Einsetzen eines Starkregens, der aber bald wieder aufh\u00f6rte. Nach einem Beizenbesuch in Lenk problemlose Heimfahrt.<\/p>\n<p>Fazit: alle haben den Gipfel erreicht, aber wir haben daf\u00fcr recht viel Zeit gebraucht.<\/p>\n<p>Tourenleiter: Peter Leupin<\/p>\n<p>ngg_shortcode_0_placeholder<img decoding=\"async\" class=\"ngg-singlepic ngg-none\" src=\"https:\/\/www.adrianwood.ch\/wp-content\/gallery\/wildhorn01\/2013-07-2021-00-Huttenwege.jpg\" alt=\"2013-07-2021-00-Huttenwege\"><\/p>\n<p><img decoding=\"async\" class=\"ngg-singlepic ngg-none\" src=\"https:\/\/www.adrianwood.ch\/wp-content\/gallery\/wildhorn01\/2013-07-21-00-Wildhorn.jpg\" alt=\"2013-07-21-00-Wildhorn\"><\/p>\n","protected":false},"excerpt":{"rendered":"<p>20.\/21. Juli 2013, Hochtour Wildhorn Leichte Hochtour im Berner Oberland. Die Besteigung erfolgt von der Wildhornh\u00fctte aus und bietet keine technischen Schwierigkeiten. Die Tour f\u00fchrt zum grossen Teil \u00fcber Gletscher. Der Besuch des Eiskurs ist von Vorteil. Am Samstag Hinfahrt mit \u00f6ffentlichen Verkehrsmitteln von Basel &#8211; Bern &#8211; Spiez &#8211; Lenk &#8211; Iffigenalp. Aufstieg via &hellip; <a href=\"https:\/\/www.adrianwood.ch\/?page_id=22163\" class=\"more-link\">Continue reading <span class=\"screen-reader-text\">2013-07 Wildhorn<\/span> <span class=\"meta-nav\">&rarr;<\/span><\/a><\/p>\n","protected":false},"author":1,"featured_media":0,"parent":129,"menu_order":1241,"comment_status":"closed","ping_status":"closed","template":"","meta":{"ngg_post_thumbnail":0,"footnotes":""},"class_list":["post-22163","page","type-page","status-publish","hentry"],"_links":{"self":[{"href":"https:\/\/www.adrianwood.ch\/index.php?rest_route=\/wp\/v2\/pages\/22163","targetHints":{"allow":["GET"]}}],"collection":[{"href":"https:\/\/www.adrianwood.ch\/index.php?rest_route=\/wp\/v2\/pages"}],"about":[{"href":"https:\/\/www.adrianwood.ch\/index.php?rest_route=\/wp\/v2\/types\/page"}],"author":[{"embeddable":true,"href":"https:\/\/www.adrianwood.ch\/index.php?rest_route=\/wp\/v2\/users\/1"}],"replies":[{"embeddable":true,"href":"https:\/\/www.adrianwood.ch\/index.php?rest_route=%2Fwp%2Fv2%2Fcomments&post=22163"}],"version-history":[{"count":4,"href":"https:\/\/www.adrianwood.ch\/index.php?rest_route=\/wp\/v2\/pages\/22163\/revisions"}],"predecessor-version":[{"id":22444,"href":"https:\/\/www.adrianwood.ch\/index.php?rest_route=\/wp\/v2\/pages\/22163\/revisions\/22444"}],"up":[{"embeddable":true,"href":"https:\/\/www.adrianwood.ch\/index.php?rest_route=\/wp\/v2\/pages\/129"}],"wp:attachment":[{"href":"https:\/\/www.adrianwood.ch\/index.php?rest_route=%2Fwp%2Fv2%2Fmedia&parent=22163"}],"curies":[{"name":"wp","href":"https:\/\/api.w.org\/{rel}","templated":true}]}}