{"id":22215,"date":"2020-10-29T13:09:59","date_gmt":"2020-10-29T13:09:59","guid":{"rendered":"https:\/\/www.adrianwood.ch\/?page_id=22215"},"modified":"2020-10-29T13:09:59","modified_gmt":"2020-10-29T13:09:59","slug":"2012-03-hasliberg-2","status":"publish","type":"page","link":"https:\/\/www.adrianwood.ch\/?page_id=22215","title":{"rendered":"2012-03 Hasliberg"},"content":{"rendered":"<h3><img decoding=\"async\" class=\"ngg-singlepic ngg-none\" src=\"https:\/\/www.adrianwood.ch\/wp-content\/gallery\/hasliberg01-1\/DSCN6212_1_r.jpg\" alt=\"DSCN6212_1_r\"><strong>3. M\u00e4rz 2012, Schneeschuhtour Gibel <\/strong><strong>neben Hasliberg Skigebiet<\/strong><\/h3>\n<p>Bei der Anreise nach Hasliberg sieht es zun\u00e4chst nach wenig Schnee aus: Erst oberhalb von Giswil ist eine Schneeauflage da, am Br\u00fcnigpass sind es dann deutlich \u00fcber ein Meter. Vor der Gondelbahn zur K\u00e4serstatt m\u00fcssen wir hinter den Skifahrern ein paar Minuten anstehen.<\/p>\n<p>An der Bergstation K\u00e4sertatt wird klar, dass die Warnungen vor Nassschneelawinen vom Vorabend keineswegs \u00fcbertrieben waren: Die Skipisten sind gr\u00f6sstenteils offen, aber steilere Teile der S\u00fcdh\u00e4nge sind grossfl\u00e4chig abgerutscht. Der Weg zum Gibel f\u00fchrt zum Teil auch \u00fcber die S\u00fcdflanke, und die Temperaturen steigen an. Wir (Hanspeter, Marianne, Adrian, Mona und ich) beraten uns kurz, aber es ist klar, dass die Tour unter den Umst\u00e4nden nicht sicher durchzuf\u00fchren ist.<\/p>\n<p>Der geplante Aufstieg zum Gibel wird aufgegeben wegen dem Lawinengefahr und wir machen dann eine kurze Wanderung neben dem Hasliberg Skibiet zwischen die Stationen K\u00e4serstatt und Lischen. Wir gehen abw\u00e4rts in einem grossen Bogen zu einem Waldst\u00fcck und legen nach einer Stunde vor einer H\u00fctte die Mittagspause ein. Die Aussicht aufs Schwarzhorn, Wetterhorn, Mittelhorn und das Rosenlaui-Gebiet ist pr\u00e4chtig. Unten sieht man den Brienzersee, \u00fcber den langsam Wolken heran ziehen. Die sch\u00f6ne Sicht auf den grossen Bergen wird immer nebeliger bis sie gar nicht mehr aus zu machen ist.<\/p>\n<p>Wir steigen durch den Wald zur Mittelstation der Gondelbahn ab und nutzen die Zeit f\u00fcr eine LVS-\u00dcbung. Es dauert auch mit den modernen LVS-Ger\u00e4ten einige Zeit, bis zwei im Schnee versteckte Ger\u00e4te gefunden und ausgegraben sind. Wir diskutieren die Erfahrungen und machen uns wieder auf die Heimreise.<\/p>\n<p>Teilnehmer: Ulrich Onken(Leitung), Mona Kunim\u00fcnch, Margrit Probst, Hanspeter Sauter, Adrian Wood<\/p>\n<p>ngg_shortcode_0_placeholder<img decoding=\"async\" class=\"ngg-singlepic ngg-none\" src=\"https:\/\/www.adrianwood.ch\/wp-content\/gallery\/hasliberg01-1\/2012-03-03-00.jpg\" alt=\"2012-03-03-00\"><\/p>\n","protected":false},"excerpt":{"rendered":"<p>3. M\u00e4rz 2012, Schneeschuhtour Gibel neben Hasliberg Skigebiet Bei der Anreise nach Hasliberg sieht es zun\u00e4chst nach wenig Schnee aus: Erst oberhalb von Giswil ist eine Schneeauflage da, am Br\u00fcnigpass sind es dann deutlich \u00fcber ein Meter. Vor der Gondelbahn zur K\u00e4serstatt m\u00fcssen wir hinter den Skifahrern ein paar Minuten anstehen. An der Bergstation K\u00e4sertatt &hellip; <a href=\"https:\/\/www.adrianwood.ch\/?page_id=22215\" class=\"more-link\">Continue reading <span class=\"screen-reader-text\">2012-03 Hasliberg<\/span> <span class=\"meta-nav\">&rarr;<\/span><\/a><\/p>\n","protected":false},"author":1,"featured_media":0,"parent":129,"menu_order":1236,"comment_status":"closed","ping_status":"closed","template":"","meta":{"ngg_post_thumbnail":0,"footnotes":""},"class_list":["post-22215","page","type-page","status-publish","hentry"],"_links":{"self":[{"href":"https:\/\/www.adrianwood.ch\/index.php?rest_route=\/wp\/v2\/pages\/22215","targetHints":{"allow":["GET"]}}],"collection":[{"href":"https:\/\/www.adrianwood.ch\/index.php?rest_route=\/wp\/v2\/pages"}],"about":[{"href":"https:\/\/www.adrianwood.ch\/index.php?rest_route=\/wp\/v2\/types\/page"}],"author":[{"embeddable":true,"href":"https:\/\/www.adrianwood.ch\/index.php?rest_route=\/wp\/v2\/users\/1"}],"replies":[{"embeddable":true,"href":"https:\/\/www.adrianwood.ch\/index.php?rest_route=%2Fwp%2Fv2%2Fcomments&post=22215"}],"version-history":[{"count":2,"href":"https:\/\/www.adrianwood.ch\/index.php?rest_route=\/wp\/v2\/pages\/22215\/revisions"}],"predecessor-version":[{"id":22442,"href":"https:\/\/www.adrianwood.ch\/index.php?rest_route=\/wp\/v2\/pages\/22215\/revisions\/22442"}],"up":[{"embeddable":true,"href":"https:\/\/www.adrianwood.ch\/index.php?rest_route=\/wp\/v2\/pages\/129"}],"wp:attachment":[{"href":"https:\/\/www.adrianwood.ch\/index.php?rest_route=%2Fwp%2Fv2%2Fmedia&parent=22215"}],"curies":[{"name":"wp","href":"https:\/\/api.w.org\/{rel}","templated":true}]}}