{"id":22244,"date":"2020-10-29T14:03:48","date_gmt":"2020-10-29T14:03:48","guid":{"rendered":"https:\/\/www.adrianwood.ch\/?page_id=22244"},"modified":"2020-10-30T11:28:34","modified_gmt":"2020-10-30T11:28:34","slug":"2018-08-clouzza-hutte","status":"publish","type":"page","link":"https:\/\/www.adrianwood.ch\/?page_id=22244","title":{"rendered":"2018-08 Clouzza H\u00fctte"},"content":{"rendered":"<p><img decoding=\"async\" class=\"ngg-singlepic ngg-none\" src=\"https:\/\/www.adrianwood.ch\/wp-content\/gallery\/clouzza01\/CLU_0061.jpg\" alt=\"CLU_0061\"><\/p>\n<p><strong>26.\/28. August 2018, Clouzza H\u00fctte, Ersatztour Nationalpark<\/strong><\/p>\n<p>Ausgerechnet dieses Wochenende war der Schlusspunkt des anhaltenden heissen Sommerwetters und es wurde sogar von einer Schneefallgrenze bis 1700m gesprochen, wir wollten aber bis auf knapp 3000m hoch! Eine Verschiebung f\u00fcr die gleiche Tour war, wegen der vollbesetzten Sesvenna-H\u00fctte nicht m\u00f6glich. Dann gab mir aber Evi den Hinweis, dass die Cluozza-H\u00fctte noch Platz habe. So machten wir uns zu siebt am Sonntagmorgen auf den Weg nach Zernez und nat\u00fcrlich brauchten wir dort zuerst einen Kaffee zur St\u00e4rkung.<\/p>\n<p>Gegen 12 Uhr marschierten wir wieder los bei frisch erstrahlendem Wetter. Wir machten Stundenhalte und eine kleine Picknickpause. Auf dem gleichen Hang entdeckten wir ein Rudel Hirsche, sofort kamen die Feldstecher zum Einsatz. Gegen 17 Uhr erreichten wir die H\u00fctte und endlich konnten wir den Durst mit etwas K\u00fchlendem l\u00f6schen. Unsere Lagerpl\u00e4tze 1-7 unter dem Dach waren rasch vorbereitet, Waschraum und WC sind ausserhalb der H\u00fctte. Die Sonne verschwand hinter dem Berg und es wurde recht k\u00fchl. Das Nachtessen war sehr gut, die Nachtruhe war f\u00fcr 22 Uhr angesagt, also nochmals raus zu den Sanit\u00e4ranlagen, in der Hoffnung, dass man die Nacht durchh\u00e4lt.<\/p>\n<p>Ab 06:30 Fr\u00fchst\u00fcck, die sieben Sachen waren rasch im Rucksack verstaut und um 07:45 Uhr ging es weiter aufw\u00e4rts zur Fuorcla Murter. Eine heikle Passage war mit Drahtseilen gesichert. Auf dem flacheren St\u00fcck des Aufstieges machten wir Halt und beobachten G\u00e4mse und Murmeltiere. Eine l\u00e4ngere Pause machten wir auf der Fuorcla und die Feldstecher wurden ununterbrochen benutzt um Steinb\u00f6cke, Murmeltiere und Adler genauer zu betrachten, nicht immer hat man so ein Gl\u00fcck auf Tierbeobachtung. Der steile Abstieg beanspruchte die Kniegelenke, aber Dank der St\u00f6cke war es okay. Bei einer Pause sahen wir wieder das Adlerpaar, das sich von der Thermik hochtragen liess.<\/p>\n<p>Unten angekommen, fanden die meisten, dass es zu fr\u00fch zum Aufh\u00f6ren sei, also gingen wir noch die Zusatzschlaufe von 2 \u00bc Stunden nach Punta la Drossa. Der Weg entlang der Sp\u00f6l ging stetig bergauf und \u2013ab und wir durchquerten etliche Ger\u00f6llrinnen und Wasserl\u00e4ufe bis wir Punt Periv erreichten. Nachher ging es Bergauf, aber schnell damit wir den gew\u00fcnschten Postbus erwischten. Er war ein weniger anspruchsvolle aber lohnende Ersatztour.<\/p>\n<p>Leitung: Vreni Gubler<\/p>\n<p>ngg_shortcode_0_placeholder<a href=\"https:\/\/www.adrianwood.ch\/wp-content\/uploads\/2020\/10\/image004.jpg\"><img loading=\"lazy\" decoding=\"async\" class=\"alignleft size-full wp-image-22245\" src=\"https:\/\/www.adrianwood.ch\/wp-content\/uploads\/2020\/10\/image004.jpg\" alt=\"\" width=\"478\" height=\"356\" srcset=\"https:\/\/www.adrianwood.ch\/wp-content\/uploads\/2020\/10\/image004.jpg 478w, https:\/\/www.adrianwood.ch\/wp-content\/uploads\/2020\/10\/image004-300x223.jpg 300w\" sizes=\"auto, (max-width: 478px) 100vw, 478px\" \/><\/a><\/p>\n<p><a href=\"https:\/\/www.adrianwood.ch\/wp-content\/uploads\/2020\/10\/image006.jpg\"><img loading=\"lazy\" decoding=\"async\" class=\"alignleft size-full wp-image-22246\" src=\"https:\/\/www.adrianwood.ch\/wp-content\/uploads\/2020\/10\/image006.jpg\" alt=\"\" width=\"697\" height=\"274\" srcset=\"https:\/\/www.adrianwood.ch\/wp-content\/uploads\/2020\/10\/image006.jpg 697w, https:\/\/www.adrianwood.ch\/wp-content\/uploads\/2020\/10\/image006-300x118.jpg 300w\" sizes=\"auto, (max-width: 697px) 100vw, 697px\" \/><\/a><\/p>\n","protected":false},"excerpt":{"rendered":"<p>26.\/28. August 2018, Clouzza H\u00fctte, Ersatztour Nationalpark Ausgerechnet dieses Wochenende war der Schlusspunkt des anhaltenden heissen Sommerwetters und es wurde sogar von einer Schneefallgrenze bis 1700m gesprochen, wir wollten aber bis auf knapp 3000m hoch! Eine Verschiebung f\u00fcr die gleiche Tour war, wegen der vollbesetzten Sesvenna-H\u00fctte nicht m\u00f6glich. Dann gab mir aber Evi den Hinweis, &hellip; <a href=\"https:\/\/www.adrianwood.ch\/?page_id=22244\" class=\"more-link\">Continue reading <span class=\"screen-reader-text\">2018-08 Clouzza H\u00fctte<\/span> <span class=\"meta-nav\">&rarr;<\/span><\/a><\/p>\n","protected":false},"author":1,"featured_media":0,"parent":138,"menu_order":1755,"comment_status":"closed","ping_status":"closed","template":"","meta":{"ngg_post_thumbnail":0,"footnotes":""},"class_list":["post-22244","page","type-page","status-publish","hentry"],"_links":{"self":[{"href":"https:\/\/www.adrianwood.ch\/index.php?rest_route=\/wp\/v2\/pages\/22244","targetHints":{"allow":["GET"]}}],"collection":[{"href":"https:\/\/www.adrianwood.ch\/index.php?rest_route=\/wp\/v2\/pages"}],"about":[{"href":"https:\/\/www.adrianwood.ch\/index.php?rest_route=\/wp\/v2\/types\/page"}],"author":[{"embeddable":true,"href":"https:\/\/www.adrianwood.ch\/index.php?rest_route=\/wp\/v2\/users\/1"}],"replies":[{"embeddable":true,"href":"https:\/\/www.adrianwood.ch\/index.php?rest_route=%2Fwp%2Fv2%2Fcomments&post=22244"}],"version-history":[{"count":3,"href":"https:\/\/www.adrianwood.ch\/index.php?rest_route=\/wp\/v2\/pages\/22244\/revisions"}],"predecessor-version":[{"id":22261,"href":"https:\/\/www.adrianwood.ch\/index.php?rest_route=\/wp\/v2\/pages\/22244\/revisions\/22261"}],"up":[{"embeddable":true,"href":"https:\/\/www.adrianwood.ch\/index.php?rest_route=\/wp\/v2\/pages\/138"}],"wp:attachment":[{"href":"https:\/\/www.adrianwood.ch\/index.php?rest_route=%2Fwp%2Fv2%2Fmedia&parent=22244"}],"curies":[{"name":"wp","href":"https:\/\/api.w.org\/{rel}","templated":true}]}}