{"id":22475,"date":"2021-09-20T09:13:20","date_gmt":"2021-09-20T09:13:20","guid":{"rendered":"https:\/\/www.adrianwood.ch\/?page_id=22475"},"modified":"2021-09-20T09:15:55","modified_gmt":"2021-09-20T09:15:55","slug":"2021-04-blauen","status":"publish","type":"page","link":"https:\/\/www.adrianwood.ch\/?page_id=22475","title":{"rendered":"2021-04 Blauen"},"content":{"rendered":"<div class=\"pmdi_content_wrapper\">\n<p class=\"Normal-P\" style=\"margin-bottom: 8pt; direction: ltr; unicode-bidi: normal;\"><span class=\"Normal-H\"><span style=\"font-family: Arial; font-weight: bold; color: #000000; font-size: 12pt;\">Samstag, 10. April 2021<\/span><span style=\"font-family: Arial; font-weight: bold; color: #000000; font-size: 12pt;\">, Metzerlen &#8211; <\/span><span style=\"font-family: Arial; font-weight: bold; color: #000000; font-size: 12pt;\">Blauen<\/span><span style=\"font-family: Arial; font-weight: bold; color: #000000; font-size: 12pt;\">\u2013 Ettingen <\/span><span style=\"font-family: Arial; font-weight: bold; color: #000000; font-size: 12pt;\">Wanderung<\/span><\/span><\/p>\n<p class=\"Normal-P\" style=\"margin-bottom: 6pt; direction: ltr; unicode-bidi: normal;\">\n<table class=\"TableGrid-T\" style=\"border-collapse: collapse;\" cellspacing=\"0\">\n<tbody>\n<tr class=\"-R\">\n<td class=\"-C\" style=\"width: 453.1pt; border: none windowtext 0pt;\" colspan=\"2\">\n<p class=\"Normal-P\" style=\"margin-bottom: 6pt; direction: ltr; unicode-bidi: normal;\"><span class=\"Normal-H\"><span style=\"background-color: #ffffff; font-family: Arial; color: #242424; font-size: 11.5pt;\"><img loading=\"lazy\" decoding=\"async\" class=\"\" src=\"https:\/\/www.adrianwood.ch\/wp-content\/uploads\/2021\/09\/1632128949_image1.jpeg\" data-link=\"\" width=\"729\" height=\"374\"><\/span><\/span><\/p>\n<\/td>\n<\/tr>\n<tr class=\"-R\">\n<td class=\"-C\" style=\"width: 453.1pt; border: none windowtext 0pt;\" colspan=\"2\">\n<p class=\"Normal-P\" style=\"margin-bottom: 6pt; direction: ltr; unicode-bidi: normal;\"><span class=\"Normal-H\"><span style=\"background-color: #ffffff; font-family: Arial; color: #242424; font-size: 11.5pt;\">Obwohl ich den Blauen von zu Hause <\/span><span style=\"background-color: #ffffff; font-family: Arial; color: #242424; font-size: 11.5pt;\">aus sehen<\/span><span style=\"background-color: #ffffff; font-family: Arial; color: #242424; font-size: 11.5pt;\"> kann, bin ich <\/span><span style=\"background-color: #ffffff; font-family: Arial; color: #242424; font-size: 11.5pt;\">erst <\/span><span style=\"background-color: #ffffff; font-family: Arial; color: #242424; font-size: 11.5pt;\">letztes Jahr seit mehreren Jahren wieder dort oben gewesen. Er ist von Basel mit dem Tram und Bus leicht zu erreichen und bietet sich besonders in diesen schwierigen Zeiten als lohnendes Ausflugsziel an. Die Wanderung g<\/span><span style=\"background-color: #ffffff; font-family: Arial; color: #242424; font-size: 11.5pt;\">ing <\/span><span style=\"background-color: #ffffff; font-family: Arial; color: #242424; font-size: 11.5pt;\">zuerst von Metzerlen hinauf zum h\u00f6chsten Punkt und dann an <\/span><span style=\"background-color: #ffffff; font-family: Arial; color: #242424; font-size: 11.5pt;\">Metzerlenchr\u00fcz<\/span><span style=\"background-color: #ffffff; font-family: Arial; color: #242424; font-size: 11.5pt;\"> vorbei zwischen B\u00e4umen dem Grat entlang. Ab <\/span><span style=\"background-color: #ffffff; font-family: Arial; color: #242424; font-size: 11.5pt;\">Blau<\/span><span style=\"background-color: #ffffff; font-family: Arial; color: #242424; font-size: 11.5pt;\">e<\/span><span style=\"background-color: #ffffff; font-family: Arial; color: #242424; font-size: 11.5pt;\">pass<\/span><span style=\"background-color: #ffffff; font-family: Arial; color: #242424; font-size: 11.5pt;\"> kann man auf dem Grat bleiben oder ein St\u00fcck absteigen und durch die Wiesen auf der S\u00fcdseite \u00fcber <\/span><span style=\"background-color: #ffffff; font-family: Arial; color: #242424; font-size: 11.5pt;\">Blattepass<\/span><span style=\"background-color: #ffffff; font-family: Arial; color: #242424; font-size: 11.5pt;\"> zur\u00fcck nach Ettingen laufen.<\/span><\/span><\/p>\n<p class=\"Normal-P\" style=\"margin-bottom: 6pt; direction: ltr; unicode-bidi: normal;\"><span class=\"Normal-H\"><span style=\"background-color: #ffffff; font-family: Arial; color: #242424; font-size: 11.5pt;\">Es kamen auch am Freitag <\/span><span style=\"background-color: #ffffff; font-family: Arial; color: #242424; font-size: 11.5pt;\">vorher <\/span><span style=\"background-color: #ffffff; font-family: Arial; color: #242424; font-size: 11.5pt;\">noch <\/span><span style=\"background-color: #ffffff; font-family: Arial; color: #242424; font-size: 11.5pt;\">Anm<\/span><span style=\"background-color: #ffffff; font-family: Arial; color: #242424; font-size: 11.5pt;\">eldungen<\/span><span style=\"background-color: #ffffff; font-family: Arial; color: #242424; font-size: 11.5pt;\">zur Wanderung und wir <\/span><span style=\"background-color: #ffffff; font-family: Arial; color: #242424; font-size: 11.5pt;\">waren schlussendlich doch viele Leute (1<\/span><span style=\"background-color: #ffffff; font-family: Arial; color: #242424; font-size: 11.5pt;\">8<\/span><span style=\"background-color: #ffffff; font-family: Arial; color: #242424; font-size: 11.5pt;\">). <\/span><span style=\"background-color: #ffffff; font-family: Arial; color: #242424; font-size: 11.5pt;\">Ich kannte aber alle mit einer Ausnahme. <\/span><span style=\"background-color: #ffffff; font-family: Arial; color: #242424; font-size: 11.5pt;\">Das Wetter hat mitgespielt und obwohl der Tag bew\u00f6lkt anfing hat es bald aufgehellt und wir k<\/span><span style=\"background-color: #ffffff; font-family: Arial; color: #242424; font-size: 11.5pt;\">o<\/span><span style=\"background-color: #ffffff; font-family: Arial; color: #242424; font-size: 11.5pt;\">nnten etwas Sonne geniessen.<\/span><\/span><\/p>\n<\/td>\n<\/tr>\n<tr class=\"-R\">\n<td class=\"-C\" style=\"width: 226.4pt; border: none windowtext 0pt;\">\n<p class=\"Normal-P\" style=\"margin-bottom: 6pt; direction: ltr; unicode-bidi: normal;\"><span class=\"Normal-H\"><span style=\"background-color: #ffffff; font-family: Arial; color: #242424; font-size: 11.5pt;\"><img loading=\"lazy\" decoding=\"async\" class=\"\" src=\"https:\/\/www.adrianwood.ch\/wp-content\/uploads\/2021\/09\/1632128949_image2.jpeg\" data-link=\"\" width=\"350\" height=\"234\"><\/span><\/span><\/p>\n<\/td>\n<td class=\"-C\" style=\"width: 226.7pt; border: none windowtext 0pt;\">\n<p class=\"Normal-P\" style=\"margin-bottom: 6pt; direction: ltr; unicode-bidi: normal;\"><span class=\"Normal-H\"><span style=\"background-color: #ffffff; font-family: Arial; color: #242424; font-size: 11.5pt;\"><img loading=\"lazy\" decoding=\"async\" class=\"\" src=\"https:\/\/www.adrianwood.ch\/wp-content\/uploads\/2021\/09\/1632128949_image3.jpeg\" data-link=\"\" width=\"350\" height=\"234\"><\/span><\/span><\/p>\n<\/td>\n<\/tr>\n<tr class=\"-R\">\n<td class=\"-C\" style=\"width: 453.1pt; border: none windowtext 0pt;\" colspan=\"2\">\n<p class=\"Normal-P\" style=\"margin-bottom: 6pt; direction: ltr; unicode-bidi: normal;\"><span class=\"Normal-H\"><span style=\"background-color: #ffffff; font-family: Arial; color: #242424; font-size: 11.5pt;\">Ich habe wie immer mit dem Aufstieg langsam angefangen, aber alle sind brav hinter mir geblieben bis wir oben waren. Bei dem Aussichtspunkt habe ich ein Gruppen Foto gemacht, aber es ist mir nicht gelungen alle auf ein Bild zu bekommen. Man hatte ein<\/span><span style=\"background-color: #ffffff; font-family: Arial; color: #242424; font-size: 11.5pt;\">e<\/span><span style=\"background-color: #ffffff; font-family: Arial; color: #242424; font-size: 11.5pt;\"> gute aber nicht ganz klare Sicht \u00fcber Basel nach Norden. Auf dem Grat ging es z<\/span><span style=\"background-color: #ffffff; font-family: Arial; color: #242424; font-size: 11.5pt;\">\u00fc<\/span><span style=\"background-color: #ffffff; font-family: Arial; color: #242424; font-size: 11.5pt;\">giger voran und wir waren bald <\/span><span style=\"background-color: #ffffff; font-family: Arial; color: #242424; font-size: 11.5pt;\">auf de<\/span><span style=\"background-color: #ffffff; font-family: Arial; color: #242424; font-size: 11.5pt;\">m<\/span><span style=\"background-color: #ffffff; font-family: Arial; color: #242424; font-size: 11.5pt;\"> h\u00f6chsten Punkt (875m)<\/span><span style=\"background-color: #ffffff; font-family: Arial; color: #242424; font-size: 11.5pt;\">.<\/span><span style=\"background-color: #ffffff; font-family: Arial; color: #242424; font-size: 11.5pt;\"> Dort gibt es eine<\/span><span style=\"background-color: #ffffff; font-family: Arial; color: #242424; font-size: 11.5pt;\"> kleine<\/span><span style=\"background-color: #ffffff; font-family: Arial; color: #242424; font-size: 11.5pt;\"> Markierungsstein und ein<\/span><span style=\"background-color: #ffffff; font-family: Arial; color: #242424; font-size: 11.5pt;\">e<\/span><span style=\"background-color: #ffffff; font-family: Arial; color: #242424; font-size: 11.5pt;\"> Notiztafel worauf man \u00fcberrascht lesen<\/span><span style=\"background-color: #ffffff; font-family: Arial; color: #242424; font-size: 11.5pt;\"> kann<\/span><span style=\"background-color: #ffffff; font-family: Arial; color: #242424; font-size: 11.5pt;\">, dass im 18.Jahrhundert die Wiesen bis zum Gipfel gereicht haben!<\/span><\/span><\/p>\n<\/td>\n<\/tr>\n<tr class=\"-R\">\n<td class=\"-C\" style=\"width: 226.4pt; border: none windowtext 0pt;\">\n<p class=\"Normal-P\" style=\"margin-bottom: 6pt; direction: ltr; unicode-bidi: normal;\"><span class=\"Normal-H\"><span style=\"background-color: #ffffff; font-family: Arial; color: #242424; font-size: 11.5pt;\"><img loading=\"lazy\" decoding=\"async\" class=\"\" src=\"https:\/\/www.adrianwood.ch\/wp-content\/uploads\/2021\/09\/1632128949_image4.jpeg\" data-link=\"\" width=\"350\" height=\"234\"><\/span><\/span><\/p>\n<\/td>\n<td class=\"-C\" style=\"width: 226.7pt; border: none windowtext 0pt;\">\n<p class=\"Normal-P\" style=\"margin-bottom: 6pt; direction: ltr; unicode-bidi: normal;\"><span class=\"Normal-H\"><span style=\"background-color: #ffffff; font-family: Arial; color: #242424; font-size: 11.5pt;\"><img loading=\"lazy\" decoding=\"async\" class=\"\" src=\"https:\/\/www.adrianwood.ch\/wp-content\/uploads\/2021\/09\/1632128949_image5.jpeg\" data-link=\"\" width=\"350\" height=\"234\"><\/span><\/span><\/p>\n<\/td>\n<\/tr>\n<tr class=\"-R\">\n<td class=\"-C\" style=\"width: 453.1pt; border: none windowtext 0pt;\" colspan=\"2\">\n<p class=\"Normal-P\" style=\"margin-bottom: 6pt; direction: ltr; unicode-bidi: normal;\"><span class=\"Normal-H\"><span style=\"background-color: #ffffff; font-family: Arial; color: #242424; font-size: 11.5pt;\">B<\/span><span style=\"background-color: #ffffff; font-family: Arial; color: #242424; font-size: 11.5pt;\">eim <\/span><span style=\"background-color: #ffffff; font-family: Arial; color: #242424; font-size: 11.5pt;\">Metzerlen<\/span><span style=\"background-color: #ffffff; font-family: Arial; color: #242424; font-size: 11.5pt;\">chr\u00fc<\/span><span style=\"background-color: #ffffff; font-family: Arial; color: #242424; font-size: 11.5pt;\">z<\/span><span style=\"background-color: #ffffff; font-family: Arial; color: #242424; font-size: 11.5pt;\"> war <\/span><span style=\"background-color: #ffffff; font-family: Arial; color: #242424; font-size: 11.5pt;\">e<\/span><span style=\"background-color: #ffffff; font-family: Arial; color: #242424; font-size: 11.5pt;\">s noch etwas fr\u00fch <\/span><span style=\"background-color: #ffffff; font-family: Arial; color: #242424; font-size: 11.5pt;\">f\u00fcr<\/span><span style=\"background-color: #ffffff; font-family: Arial; color: #242424; font-size: 11.5pt;\"> d<\/span><span style=\"background-color: #ffffff; font-family: Arial; color: #242424; font-size: 11.5pt;\">as<\/span><span style=\"background-color: #ffffff; font-family: Arial; color: #242424; font-size: 11.5pt;\"> Mittagessen, so dass wir <\/span><span style=\"background-color: #ffffff; font-family: Arial; color: #242424; font-size: 11.5pt;\">trotz gute Sitzgelegenheiten<\/span><span style=\"background-color: #ffffff; font-family: Arial; color: #242424; font-size: 11.5pt;\"> weitergelaufen sind. Eine halbe Stunde sp\u00e4ter erreichten wir eine Stelle wo man gute Sicht nach S\u00fcden hatte<\/span><span style=\"background-color: #ffffff; font-family: Arial; color: #242424; font-size: 11.5pt;\">. In der Ferne konnte man einen schneebedeckten Berg mit einem grossen Turm auf dem Gipfel ausmachen. Es muss der Chasseral gewesen sein. W<\/span><span style=\"background-color: #ffffff; font-family: Arial; color: #242424; font-size: 11.5pt;\">ir haben <\/span><span style=\"background-color: #ffffff; font-family: Arial; color: #242424; font-size: 11.5pt;\">uns <\/span><span style=\"background-color: #ffffff; font-family: Arial; color: #242424; font-size: 11.5pt;\">weit <\/span><span style=\"background-color: #ffffff; font-family: Arial; color: #242424; font-size: 11.5pt;\">ver<\/span><span style=\"background-color: #ffffff; font-family: Arial; color: #242424; font-size: 11.5pt;\">streut auf dem Hang <\/span><span style=\"background-color: #ffffff; font-family: Arial; color: #242424; font-size: 11.5pt;\">bequem gemacht und <\/span><span style=\"background-color: #ffffff; font-family: Arial; color: #242424; font-size: 11.5pt;\">unsere Pause in der Sonne genossen. Es war ganz im Sinne von \u2018<\/span><span style=\"background-color: #ffffff; font-family: Arial; color: #242424; font-size: 11.5pt;\">Social-distancing<\/span><span style=\"background-color: #ffffff; font-family: Arial; color: #242424; font-size: 11.5pt;\">\u2019.<\/span><\/span><\/p>\n<\/td>\n<\/tr>\n<tr class=\"-R\">\n<td class=\"-C\" style=\"width: 226.4pt; border: none windowtext 0pt;\">\n<p class=\"Normal-P\" style=\"margin-bottom: 6pt; direction: ltr; unicode-bidi: normal;\"><span class=\"Normal-H\"><span style=\"background-color: #ffffff; font-family: Arial; color: #242424; font-size: 11.5pt;\"><img loading=\"lazy\" decoding=\"async\" class=\"\" src=\"https:\/\/www.adrianwood.ch\/wp-content\/uploads\/2021\/09\/1632128949_image6.jpeg\" data-link=\"\" width=\"351\" height=\"233\"><\/span><\/span><\/p>\n<\/td>\n<td class=\"-C\" style=\"width: 226.7pt; border: none windowtext 0pt;\">\n<p class=\"Normal-P\" style=\"margin-bottom: 6pt; direction: ltr; unicode-bidi: normal;\"><span class=\"Normal-H\"><span style=\"background-color: #ffffff; font-family: Arial; color: #242424; font-size: 11.5pt;\"><img loading=\"lazy\" decoding=\"async\" class=\"\" src=\"https:\/\/www.adrianwood.ch\/wp-content\/uploads\/2021\/09\/1632128949_image7.jpeg\" data-link=\"\" width=\"350\" height=\"234\"><\/span><\/span><\/p>\n<\/td>\n<\/tr>\n<tr class=\"-R\">\n<td class=\"-C\" style=\"width: 453.1pt; border: none windowtext 0pt;\" colspan=\"2\">\n<p class=\"Normal-P\" style=\"margin-bottom: 6pt; direction: ltr; unicode-bidi: normal;\"><span class=\"Normal-H\"><span style=\"background-color: #ffffff; font-family: Arial; color: #242424; font-size: 11.5pt;\">Nachdem wir den B\u00e4renh\u00f6hlenweg unbeschadet durchlaufen <\/span><span style=\"background-color: #ffffff; font-family: Arial; color: #242424; font-size: 11.5pt;\">haben<\/span><span style=\"background-color: #ffffff; font-family: Arial; color: #242424; font-size: 11.5pt;\"> kamen wir zum <\/span><span style=\"background-color: #ffffff; font-family: Arial; color: #242424; font-size: 11.5pt;\">Blauepass<\/span><span style=\"background-color: #ffffff; font-family: Arial; color: #242424; font-size: 11.5pt;\">. Dort entschied ich, dass wir oben auf dem Grat bis <\/span><span style=\"background-color: #ffffff; font-family: Arial; color: #242424; font-size: 11.5pt;\">Blattepass<\/span><span style=\"background-color: #ffffff; font-family: Arial; color: #242424; font-size: 11.5pt;\"> bleiben sollten. Wenn die B<\/span><span style=\"background-color: #ffffff; font-family: Arial; color: #242424; font-size: 11.5pt;\">\u00e4<\/span><span style=\"background-color: #ffffff; font-family: Arial; color: #242424; font-size: 11.5pt;\">ume noch kein<\/span><span style=\"background-color: #ffffff; font-family: Arial; color: #242424; font-size: 11.5pt;\">e<\/span><span style=\"background-color: #ffffff; font-family: Arial; color: #242424; font-size: 11.5pt;\"> Bl<\/span><span style=\"background-color: #ffffff; font-family: Arial; color: #242424; font-size: 11.5pt;\">\u00e4<\/span><span style=\"background-color: #ffffff; font-family: Arial; color: #242424; font-size: 11.5pt;\">tter tragen hat man auch vom bewaldete<\/span><span style=\"background-color: #ffffff; font-family: Arial; color: #242424; font-size: 11.5pt;\"> Grat immer wieder Sicht auf d<\/span><span style=\"background-color: #ffffff; font-family: Arial; color: #242424; font-size: 11.5pt;\">ie<\/span><span style=\"background-color: #ffffff; font-family: Arial; color: #242424; font-size: 11.5pt;\"> eine oder andere Seite. <\/span><span style=\"background-color: #ffffff; font-family: Arial; color: #242424; font-size: 11.5pt;\">Blattepass<\/span><span style=\"background-color: #ffffff; font-family: Arial; color: #242424; font-size: 11.5pt;\"> ist mit seine<\/span><span style=\"background-color: #ffffff; font-family: Arial; color: #242424; font-size: 11.5pt;\"> Grillstellen und zum Teil \u00fcberdeckte<\/span><span style=\"background-color: #ffffff; font-family: Arial; color: #242424; font-size: 11.5pt;\"> Sitzpl\u00e4tzen oft stark frequentiert, <\/span><span style=\"background-color: #ffffff; font-family: Arial; color: #242424; font-size: 11.5pt;\">aber <\/span><span style=\"background-color: #ffffff; font-family: Arial; color: #242424; font-size: 11.5pt;\">wir waren fast die einzige<\/span><span style=\"background-color: #ffffff; font-family: Arial; color: #242424; font-size: 11.5pt;\"> Anwesenden. Nach eine<\/span><span style=\"background-color: #ffffff; font-family: Arial; color: #242424; font-size: 11.5pt;\">r<\/span><span style=\"background-color: #ffffff; font-family: Arial; color: #242424; font-size: 11.5pt;\"> weitere<\/span><span style=\"background-color: #ffffff; font-family: Arial; color: #242424; font-size: 11.5pt;\"> Pause haben wir d<\/span><span style=\"background-color: #ffffff; font-family: Arial; color: #242424; font-size: 11.5pt;\">en<\/span><span style=\"background-color: #ffffff; font-family: Arial; color: #242424; font-size: 11.5pt;\"> Abstieg nach Ettingen hinter uns gebracht ohne von Mountainbiker \u00fcberfahren <\/span><span style=\"background-color: #ffffff; font-family: Arial; color: #242424; font-size: 11.5pt;\">worden <\/span><span style=\"background-color: #ffffff; font-family: Arial; color: #242424; font-size: 11.5pt;\">zu sein. (Es war manchmal knapp.)<\/span><\/span><\/p>\n<p class=\"Normal-P\" style=\"margin-bottom: 6pt; direction: ltr; unicode-bidi: normal;\"><span class=\"Normal-H\"><span style=\"background-color: #ffffff; font-family: Arial; color: #242424; font-size: 11.5pt;\">Am Dorfrand angekommen haben sich einige Teilnehmer entschieden weiter nach Therwil zu laufen, entweder weil sie dort wohnen, <\/span><span style=\"background-color: #ffffff; font-family: Arial; color: #242424; font-size: 11.5pt;\">ihr<\/span><span style=\"background-color: #ffffff; font-family: Arial; color: #242424; font-size: 11.5pt;\"> Auto dort <\/span><span style=\"background-color: #ffffff; font-family: Arial; color: #242424; font-size: 11.5pt;\">stand<\/span><span style=\"background-color: #ffffff; font-family: Arial; color: #242424; font-size: 11.5pt;\"> oder weil die Sonne schien. Die Verbliebenen f<\/span><span style=\"background-color: #ffffff; font-family: Arial; color: #242424; font-size: 11.5pt;\">u<\/span><span style=\"background-color: #ffffff; font-family: Arial; color: #242424; font-size: 11.5pt;\">hren Richtung Basel verteilt auf zwei Tr<\/span><span style=\"background-color: #ffffff; font-family: Arial; color: #242424; font-size: 11.5pt;\">a<\/span><span style=\"background-color: #ffffff; font-family: Arial; color: #242424; font-size: 11.5pt;\">m<\/span><span style=\"background-color: #ffffff; font-family: Arial; color: #242424; font-size: 11.5pt;\">linien<\/span><span style=\"background-color: #ffffff; font-family: Arial; color: #242424; font-size: 11.5pt;\">. (Wieder \u2018<\/span><span style=\"background-color: #ffffff; font-family: Arial; color: #242424; font-size: 11.5pt;\">Social-distancing<\/span><span style=\"background-color: #ffffff; font-family: Arial; color: #242424; font-size: 11.5pt;\">\u2019 ?<\/span><span style=\"background-color: #ffffff; font-family: Arial; color: #242424; font-size: 11.5pt;\">) Ich danke alle<\/span><span style=\"background-color: #ffffff; font-family: Arial; color: #242424; font-size: 11.5pt;\"> f\u00fcrs Mitmachen. Auch solche \u2018kleine\u2019 Wanderungen in der <\/span><span style=\"background-color: #ffffff; font-family: Arial; color: #242424; font-size: 11.5pt;\">nahen Umgebung<\/span><span style=\"background-color: #ffffff; font-family: Arial; color: #242424; font-size: 11.5pt;\"> mit eine<\/span><span style=\"background-color: #ffffff; font-family: Arial; color: #242424; font-size: 11.5pt;\">r<\/span><span style=\"background-color: #ffffff; font-family: Arial; color: #242424; font-size: 11.5pt;\"> Gruppe <\/span><span style=\"background-color: #ffffff; font-family: Arial; color: #242424; font-size: 11.5pt;\">von Freunden <\/span><span style=\"background-color: #ffffff; font-family: Arial; color: #242424; font-size: 11.5pt;\">sind tolle Erlebnis<\/span><span style=\"background-color: #ffffff; font-family: Arial; color: #242424; font-size: 11.5pt;\">se<\/span><span style=\"background-color: #ffffff; font-family: Arial; color: #242424; font-size: 11.5pt;\">.<\/span><\/span><\/p>\n<p class=\"Normal-P\" style=\"margin-bottom: 6pt; direction: ltr; unicode-bidi: normal;\"><span class=\"Normal-H\"><span style=\"background-color: #ffffff; font-family: Arial; color: #242424; font-size: 11.5pt;\">Adrian<\/span><\/span><\/p>\n<\/td>\n<\/tr>\n<p><!-- [if !supportMisalignedColumns]--><\/tbody>\n<\/table>\n<\/div>\n","protected":false},"excerpt":{"rendered":"<p>Samstag, 10. April 2021, Metzerlen &#8211; Blauen\u2013 Ettingen Wanderung Obwohl ich den Blauen von zu Hause aus sehen kann, bin ich erst letztes Jahr seit mehreren Jahren wieder dort oben gewesen. Er ist von Basel mit dem Tram und Bus leicht zu erreichen und bietet sich besonders in diesen schwierigen Zeiten als lohnendes Ausflugsziel an. &hellip; <a href=\"https:\/\/www.adrianwood.ch\/?page_id=22475\" class=\"more-link\">Continue reading <span class=\"screen-reader-text\">2021-04 Blauen<\/span> <span class=\"meta-nav\">&rarr;<\/span><\/a><\/p>\n","protected":false},"author":1,"featured_media":0,"parent":101,"menu_order":1053,"comment_status":"closed","ping_status":"closed","template":"","meta":{"ngg_post_thumbnail":0,"footnotes":""},"class_list":["post-22475","page","type-page","status-publish","hentry"],"_links":{"self":[{"href":"https:\/\/www.adrianwood.ch\/index.php?rest_route=\/wp\/v2\/pages\/22475","targetHints":{"allow":["GET"]}}],"collection":[{"href":"https:\/\/www.adrianwood.ch\/index.php?rest_route=\/wp\/v2\/pages"}],"about":[{"href":"https:\/\/www.adrianwood.ch\/index.php?rest_route=\/wp\/v2\/types\/page"}],"author":[{"embeddable":true,"href":"https:\/\/www.adrianwood.ch\/index.php?rest_route=\/wp\/v2\/users\/1"}],"replies":[{"embeddable":true,"href":"https:\/\/www.adrianwood.ch\/index.php?rest_route=%2Fwp%2Fv2%2Fcomments&post=22475"}],"version-history":[{"count":6,"href":"https:\/\/www.adrianwood.ch\/index.php?rest_route=\/wp\/v2\/pages\/22475\/revisions"}],"predecessor-version":[{"id":22487,"href":"https:\/\/www.adrianwood.ch\/index.php?rest_route=\/wp\/v2\/pages\/22475\/revisions\/22487"}],"up":[{"embeddable":true,"href":"https:\/\/www.adrianwood.ch\/index.php?rest_route=\/wp\/v2\/pages\/101"}],"wp:attachment":[{"href":"https:\/\/www.adrianwood.ch\/index.php?rest_route=%2Fwp%2Fv2%2Fmedia&parent=22475"}],"curies":[{"name":"wp","href":"https:\/\/api.w.org\/{rel}","templated":true}]}}