{"id":225,"date":"2011-01-06T18:59:32","date_gmt":"2011-01-06T17:59:32","guid":{"rendered":"http:\/\/adrianwood.ch\/"},"modified":"2011-01-06T18:59:32","modified_gmt":"2011-01-06T17:59:32","slug":"05-19-stack-pollaidh","status":"publish","type":"page","link":"https:\/\/www.adrianwood.ch\/?page_id=225","title":{"rendered":"05-19 Stack Pollaidh"},"content":{"rendered":"<h2>Dienstag 19.Mai, Stack Polly<\/h2>\n<table border=\"0\" cellspacing=\"0\" cellpadding=\"0\">\n<tbody>\n<tr>\n<td width=\"328\" valign=\"top\">Bald schon war unsere Jugendherberge ger\u00e4umt. Jeder leistet seinen Beitrag . Meiner bestand darin , den etwas \u201eabsent minded warden\u201c in seiner engen Kammer am Ende der Liegenschaft aufzuwecken. Schliesslich begriff er mein Begehren und suchte den Staubsauger heraus. So konnte ich im Obergeschoss staubsaugen und die dort anwesenden Damen wieder vers\u00f6hnen. Mein Handywecker hatte Sie n\u00e4mlich schon um 04:00 Uhr geweckt\u2026\u2026.09:00 Uhr Wie immer p\u00fcnklich und guter Dinge stand Kenny mit Bus bereit und musste unterwegs noch die Bed and Breakfastleute einsammeln: Sie hatten das wunderbare Abendessen in der JH \u201eCurry Chicken on Coconut\u201c zubereitet vom Chef de Cuisine Jean Francois verpasst.<\/td>\n<td width=\"328\" valign=\"top\">\u00a0<img decoding=\"async\" class=\"ngg-singlepic ngg-none\" src=\"http:\/\/adrianwood.ch\/wp-content\/gallery\/scotland19\/image001.jpg\" alt=\"image001\" \/><\/td>\n<\/tr>\n<tr>\n<td width=\"328\" valign=\"top\">\u00a0<img decoding=\"async\" class=\"ngg-singlepic ngg-none\" src=\"http:\/\/adrianwood.ch\/wp-content\/gallery\/scotland19\/image002.jpg\" alt=\"image002\" \/><\/td>\n<td width=\"328\" valign=\"top\">\u00a0<img decoding=\"async\" class=\"ngg-singlepic ngg-none\" src=\"http:\/\/adrianwood.ch\/wp-content\/gallery\/scotland19\/image003.jpg\" alt=\"image003\" \/><\/td>\n<\/tr>\n<tr>\n<td width=\"328\" valign=\"top\">\u00a0Nanu auch Spaghetti Bolo k\u00f6nnen gut zubereitet eine Freude sein und sind oftmals die letzte Rettung wenn man selber kochen darf oder muss.\u00a0In Achiltibuie gings dann zum Einkaufen. Es gab dort lebende Krebse, die Jrka in Begeisterung ausbrechen liessen. Ich weiss nicht mehr ob er sie anschliessend als Sandwichs kaufte&#8230; Ich\u00a0 begn\u00fcgte ich mich mit einigen Bounty-Stengel und Reservebatterien f\u00fcr meine Kamera.<\/p>\n<p>Wir fuhren vorbei an drei wundersch\u00f6nen Lochs (Die Namen kann man leider nicht aussprechen &#8211; die sind in G\u00e4lic) Schliesslich kommen wir zum Parkplatz unterhalb des Ausflugbergs \u201eStac Pollaidh\u201c (echt G\u00e4lic!)<\/td>\n<td width=\"328\" valign=\"top\">\u00a0<img decoding=\"async\" class=\"ngg-singlepic ngg-none\" src=\"http:\/\/adrianwood.ch\/wp-content\/gallery\/scotland19\/image004.jpg\" alt=\"image004\" \/><\/td>\n<\/tr>\n<tr>\n<td colspan=\"2\" width=\"657\" valign=\"top\">\u00a0<\/td>\n<\/tr>\n<tr>\n<td width=\"328\" valign=\"top\">\u00a0<img decoding=\"async\" src=\"http:\/\/adrianwood.ch\/wp-content\/gallery\/scotland19\/image005.jpg\" alt=\"image005\" \/><\/td>\n<td width=\"328\" valign=\"top\">\u00a0<img decoding=\"async\" src=\"http:\/\/adrianwood.ch\/wp-content\/gallery\/scotland19\/image006.jpg\" alt=\"image006\" \/><\/td>\n<\/tr>\n<tr>\n<td colspan=\"2\" width=\"657\" valign=\"top\">\u00a0<img decoding=\"async\" src=\"http:\/\/adrianwood.ch\/wp-content\/gallery\/scotland19\/image007.jpg\" alt=\"image007\" \/><\/td>\n<\/tr>\n<tr>\n<td width=\"328\" valign=\"top\">\u00a0<img decoding=\"async\" src=\"http:\/\/adrianwood.ch\/wp-content\/gallery\/scotland19\/image008.jpg\" alt=\"image008\" \/><\/td>\n<td width=\"328\" valign=\"top\">\u00a0<img decoding=\"async\" src=\"http:\/\/adrianwood.ch\/wp-content\/gallery\/scotland19\/image009.jpg\" alt=\"image009\" \/><\/td>\n<\/tr>\n<tr>\n<td colspan=\"2\" width=\"657\" valign=\"top\">10:00 Abmarsch auf einem anf\u00e4nglich mild dann aber immer steiler werdenden Weg dem Gipfel entgegen. Man kann dankbar sein, dass alle in unserer Gruppe stramme Bergg\u00e4nger sind und z\u00fcgig wandern k\u00f6nnen. Um 11:00 rasteten wir, um dann schon um 12:00 auf dem 550m (H\u00f6henmesser Hanspeter Sauter) hohen Zwischenberg anzukommen.<\/td>\n<\/tr>\n<tr>\n<td width=\"328\" valign=\"top\">Einige Rockklimbers unserer Gruppe (Auch die Sutter\u2019s) verschwanden dann um den n\u00f6rdlichen, etwas exponierten Hauptgipfel zu besteigen der 60m h\u00f6her ist. Wir Anderen wandten uns nach S\u00fcden und legten uns in die Sonne unter einem wolkenfreien Himmel. Einfach herrlich diese Aussicht bis zum Meer.Der Abstieg war kurz und nach einer Gesamtdistanz von nur 5.3km waren wir wieder auf dem Parkplatz. Nun gings per Bus zu unserem neuen St\u00fctzpunkt \u201eLochinver\u201c<\/p>\n<p>Hans K. Peter<\/td>\n<td width=\"328\" valign=\"top\">\u00a0<img decoding=\"async\" src=\"http:\/\/adrianwood.ch\/wp-content\/gallery\/scotland19\/image010.jpg\" alt=\"image010\" \/><\/td>\n<\/tr>\n<\/tbody>\n<\/table>\n<h2>\u00a0GPS Aufzeichnung der Route<\/h2>\n<p><img decoding=\"async\" src=\"http:\/\/adrianwood.ch\/wp-content\/gallery\/scotland19\/image023.jpg\" alt=\"image023\" \/><\/p>\n<p><img decoding=\"async\" src=\"http:\/\/adrianwood.ch\/wp-content\/gallery\/scotland19\/image021.gif\" alt=\"image021\" \/><\/p>\n","protected":false},"excerpt":{"rendered":"<p>Dienstag 19.Mai, Stack Polly Bald schon war unsere Jugendherberge ger\u00e4umt. Jeder leistet seinen Beitrag . Meiner bestand darin , den etwas \u201eabsent minded warden\u201c in seiner engen Kammer am Ende der Liegenschaft aufzuwecken. Schliesslich begriff er mein Begehren und suchte den Staubsauger heraus. So konnte ich im Obergeschoss staubsaugen und die dort anwesenden Damen wieder &hellip; <a href=\"https:\/\/www.adrianwood.ch\/?page_id=225\" class=\"more-link\">Continue reading <span class=\"screen-reader-text\">05-19 Stack Pollaidh<\/span> <span class=\"meta-nav\">&rarr;<\/span><\/a><\/p>\n","protected":false},"author":1,"featured_media":0,"parent":157,"menu_order":2327,"comment_status":"closed","ping_status":"closed","template":"","meta":{"ngg_post_thumbnail":0,"footnotes":""},"class_list":["post-225","page","type-page","status-publish","hentry"],"_links":{"self":[{"href":"https:\/\/www.adrianwood.ch\/index.php?rest_route=\/wp\/v2\/pages\/225","targetHints":{"allow":["GET"]}}],"collection":[{"href":"https:\/\/www.adrianwood.ch\/index.php?rest_route=\/wp\/v2\/pages"}],"about":[{"href":"https:\/\/www.adrianwood.ch\/index.php?rest_route=\/wp\/v2\/types\/page"}],"author":[{"embeddable":true,"href":"https:\/\/www.adrianwood.ch\/index.php?rest_route=\/wp\/v2\/users\/1"}],"replies":[{"embeddable":true,"href":"https:\/\/www.adrianwood.ch\/index.php?rest_route=%2Fwp%2Fv2%2Fcomments&post=225"}],"version-history":[{"count":0,"href":"https:\/\/www.adrianwood.ch\/index.php?rest_route=\/wp\/v2\/pages\/225\/revisions"}],"up":[{"embeddable":true,"href":"https:\/\/www.adrianwood.ch\/index.php?rest_route=\/wp\/v2\/pages\/157"}],"wp:attachment":[{"href":"https:\/\/www.adrianwood.ch\/index.php?rest_route=%2Fwp%2Fv2%2Fmedia&parent=225"}],"curies":[{"name":"wp","href":"https:\/\/api.w.org\/{rel}","templated":true}]}}