{"id":22500,"date":"2021-09-20T09:23:04","date_gmt":"2021-09-20T09:23:04","guid":{"rendered":"https:\/\/www.adrianwood.ch\/?page_id=22500"},"modified":"2021-09-20T13:02:04","modified_gmt":"2021-09-20T13:02:04","slug":"2021-09-beinwil","status":"publish","type":"page","link":"https:\/\/www.adrianwood.ch\/?page_id=22500","title":{"rendered":"2021-09 Beinwil"},"content":{"rendered":"<div class=\"pmdi_content_wrapper\">\n<p class=\"Normal-P\" style=\"margin-bottom: 6pt; direction: ltr; unicode-bidi: normal;\"><span class=\"Normal-H\"><span style=\"font-family: Arial; font-weight: bold; font-size: 12pt;\">Sonntag <\/span><span style=\"font-family: Arial; font-weight: bold; font-size: 12pt;\">12.September 20<\/span><span style=\"font-family: Arial; font-weight: bold; font-size: 12pt;\">21<\/span><span style=\"font-family: Arial; font-weight: bold; font-size: 12pt;\">, <\/span><span style=\"font-family: Arial; font-weight: bold; font-size: 12pt;\">Kaltbrunnental \u2013 Beinwil<\/span><span style=\"font-family: Arial; font-weight: bold; font-size: 12pt;\"> Wanderung<\/span><\/span><\/p>\n<table class=\"TableGrid-T\" style=\"border-collapse: collapse;\" cellspacing=\"0\">\n<tbody>\n<tr class=\"-R\">\n<td class=\"-C\" style=\"width: 453.1pt; border: none windowtext 0pt;\" colspan=\"2\">\n<p class=\"Normal-P\" style=\"margin-bottom: 6pt; direction: ltr; unicode-bidi: normal;\"><span class=\"Normal-H\"><span style=\"font-family: Arial; font-size: 11.5pt;\"><img loading=\"lazy\" decoding=\"async\" class=\"\" src=\"https:\/\/www.adrianwood.ch\/wp-content\/uploads\/2021\/09\/1632129765_image1.jpeg\" data-link=\"\" width=\"749\" height=\"300\"><\/span><\/span><\/p>\n<\/td>\n<\/tr>\n<tr class=\"-R\">\n<td class=\"-C\" style=\"width: 453.1pt; border: none windowtext 0pt;\" colspan=\"2\">\n<p class=\"Normal-P\" style=\"margin-bottom: 6pt; direction: ltr; unicode-bidi: normal;\"><span class=\"Normal-H\"><span style=\"font-family: Arial; font-size: 11.5pt;\">F\u00fcr die Rekognoszierung im letzten Jahr waren wir schon 5 Personen, aber dieses Mal, f\u00fcr die eigentliche Durchf\u00fchrung, kamen nur 2 mehr, also 7 Teilnehmer. Schade, weil es eine sch\u00f6ne und abwechslungsreiche Wanderung ist und die Wetterprognose war gut. Wir trafen uns alle auf der Passerelle und fuhren mit der S3 nach Grellingen, eine f\u00fcr GA Besitzer kaum lohnenswerte Strecke. Wir stiegen in Grellingen tats\u00e4chlich aus und nahmen unsere Wanderung durch das Kaltbrunnental hoch im Angriff.<\/span><span style=\"font-family: Arial; font-size: 11.5pt;\">Am fr\u00fchen Morgen war es etwas dunkel im engen Tal, aber bald schienen Sonnenstrahlen durch das Bl\u00e4tterdach und beleuchteten die vielen kleinen Wasserf\u00e4lle des Ibach. Wegen dem vielen Regen in diesem Sommer war das Tal noch feuchter als \u00fcblich und besonders im oberen Teil stellenweise recht schlammig.<\/span><\/span><\/p>\n<\/td>\n<\/tr>\n<tr class=\"-R\">\n<td class=\"-C\" style=\"width: 227.15pt; border: none windowtext 0pt;\">\n<p class=\"Normal-P\" style=\"margin-bottom: 6pt; direction: ltr; unicode-bidi: normal;\"><span class=\"Normal-H\"><span style=\"font-family: Arial; font-size: 11.5pt;\"><img loading=\"lazy\" decoding=\"async\" class=\"\" src=\"https:\/\/www.adrianwood.ch\/wp-content\/uploads\/2021\/09\/1632129765_image2.jpeg\" data-link=\"\" width=\"350\" height=\"233\"><\/span><\/span><\/p>\n<\/td>\n<td class=\"-C\" style=\"width: 225.95pt; border: none windowtext 0pt;\">\n<p class=\"Normal-P\" style=\"margin-bottom: 6pt; direction: ltr; unicode-bidi: normal;\"><span class=\"Normal-H\"><span style=\"font-family: Arial; font-size: 11.5pt;\"><img loading=\"lazy\" decoding=\"async\" class=\"\" src=\"https:\/\/www.adrianwood.ch\/wp-content\/uploads\/2021\/09\/1632129765_image3.jpeg\" data-link=\"\" width=\"350\" height=\"234\"><\/span><\/span><\/p>\n<\/td>\n<\/tr>\n<tr class=\"-R\">\n<td class=\"-C\" style=\"width: 453.1pt; border: none windowtext 0pt;\" colspan=\"2\">\n<p class=\"Normal-P\" style=\"margin-bottom: 6pt; direction: ltr; unicode-bidi: normal;\"><span class=\"Normal-H\"><span style=\"font-family: Arial; font-size: 11.5pt;\">Ohne irgendwelche Abstecher kamen wir langsam aus dem Tal und erreichten <\/span><span style=\"font-family: Arial; font-size: 11.5pt;\">Meltingen<\/span><span style=\"font-family: Arial; font-size: 11.5pt;\">. Es war fast Mittagszeit und der Magen fingen an zu knurren. Leider hatte <\/span><span style=\"font-family: Arial; font-size: 11.5pt;\">Meltingen<\/span><span style=\"font-family: Arial; font-size: 11.5pt;\"> nichts Essbares anzubieten. Kurz vorher kamen wir an einem kleinen Haus mit vielen davorstehenden Tropenpflanzen vorbei. Dort wurden Eier und sogar Wachteleier beworben, aber nichts, was man gleich h\u00e4tte konsumieren k\u00f6nnen. Es w\u00e4re nicht empfehlenswert gewesen, an der sch\u00f6nen manneshohen <\/span><span style=\"font-family: Arial; font-size: 11.5pt;\">Datura<\/span><span style=\"font-family: Arial; font-size: 11.5pt;\">-Pflanze zu knabbern.<\/span><\/span><\/p>\n<p class=\"Normal-P\" style=\"margin-bottom: 6pt; direction: ltr; unicode-bidi: normal;\"><span class=\"Normal-H\"><span style=\"font-family: Arial; font-size: 11.5pt;\">Nach <\/span><span style=\"font-family: Arial; font-size: 11.5pt;\">Meltingen<\/span><span style=\"font-family: Arial; font-size: 11.5pt;\"> \u00e4nderte sich der Charakter der Wanderung und der Weg stieg durch Wald und offene Wiesen. Aber zuerst mussten wir einen Pik-<\/span><span style=\"font-family: Arial; font-size: 11.5pt;\">nik<\/span><span style=\"font-family: Arial; font-size: 11.5pt;\"> Platz finden und stiessen gleich auf zwei Sitzb\u00e4nke bei einem Wegkreuz, ideal! Der anschliessende steile Aufstieg wurde mit einem Besuch der Bergwirtschaft <\/span><span style=\"font-family: Arial; font-size: 11.5pt;\">Meltingerberg<\/span><span style=\"font-family: Arial; font-size: 11.5pt;\"> auf 828m, wo wir unseren Durst l\u00f6schen konnten, belohnt.<\/span><\/span><\/p>\n<\/td>\n<\/tr>\n<tr class=\"-R\">\n<td class=\"-C\" style=\"width: 227.15pt; border: none windowtext 0pt;\">\n<p class=\"Normal-P\" style=\"margin-bottom: 6pt; direction: ltr; unicode-bidi: normal;\"><span class=\"Normal-H\"><span style=\"font-family: Arial; font-size: 11.5pt;\"><img loading=\"lazy\" decoding=\"async\" class=\"\" src=\"https:\/\/www.adrianwood.ch\/wp-content\/uploads\/2021\/09\/1632129765_image4.jpeg\" data-link=\"\" width=\"350\" height=\"526\"><\/span><\/span><\/p>\n<\/td>\n<td class=\"-C\" style=\"width: 225.95pt; border: none windowtext 0pt;\">\n<p class=\"Normal-P\" style=\"margin-bottom: 6pt; direction: ltr; unicode-bidi: normal;\"><span class=\"Normal-H\"><span style=\"font-family: Arial; font-size: 11.5pt;\"><img loading=\"lazy\" decoding=\"async\" class=\"\" src=\"https:\/\/www.adrianwood.ch\/wp-content\/uploads\/2021\/09\/1632129765_image5.jpeg\" data-link=\"\" width=\"350\" height=\"525\"><\/span><\/span><\/p>\n<\/td>\n<\/tr>\n<tr class=\"-R\">\n<td class=\"-C\" style=\"width: 453.1pt; border: none windowtext 0pt;\" colspan=\"2\">\n<p class=\"Normal-P\" style=\"margin-bottom: 6pt; direction: ltr; unicode-bidi: normal;\"><span class=\"Normal-H\"><span style=\"font-family: Arial; font-size: 11.5pt;\">Es blieb nicht mehr viel Hohe zu bew\u00e4ltigen zum h\u00f6chsten Punkt mit sch\u00f6ner Aussicht auf die umliegenden Berge inklusive <\/span><span style=\"font-family: Arial; font-size: 11.5pt;\">Passwang<\/span><span style=\"font-family: Arial; font-size: 11.5pt;\"> und Hohe Winde. Der leichte Abstieg nach Beinwil mit seinem bekannten Kloster wurde schnell gemacht und wir erreichten rechtzeitig die Bushaltestelle. Da konnten wir die vielen <\/span><span style=\"font-family: Arial; font-size: 11.5pt;\">T\u00f6ffs<\/span><span style=\"font-family: Arial; font-size: 11.5pt;\"> bewundern die der <\/span><span style=\"font-family: Arial; font-size: 11.5pt;\">Passwangstrasse<\/span><span style=\"font-family: Arial; font-size: 11.5pt;\"> hinauf und hinunter rasten.<\/span><\/span><\/p>\n<\/td>\n<\/tr>\n<tr class=\"-R\">\n<td class=\"-C\" style=\"width: 227.15pt; border: none windowtext 0pt;\">\n<p class=\"Normal-P\" style=\"margin-bottom: 6pt; direction: ltr; unicode-bidi: normal;\"><span class=\"Normal-H\"><span style=\"font-family: Arial; font-size: 11.5pt;\"><img loading=\"lazy\" decoding=\"async\" class=\"\" src=\"https:\/\/www.adrianwood.ch\/wp-content\/uploads\/2021\/09\/1632129765_image6.jpeg\" data-link=\"\" width=\"350\" height=\"233\"><\/span><\/span><\/p>\n<\/td>\n<td class=\"-C\" style=\"width: 225.95pt; border: none windowtext 0pt;\">\n<p class=\"Normal-P\" style=\"margin-bottom: 6pt; direction: ltr; unicode-bidi: normal;\"><span class=\"Normal-H\"><span style=\"font-family: Arial; font-size: 11.5pt;\"><img loading=\"lazy\" decoding=\"async\" class=\"\" src=\"https:\/\/www.adrianwood.ch\/wp-content\/uploads\/2021\/09\/1632129765_image7.jpeg\" data-link=\"\" width=\"350\" height=\"234\"><\/span><\/span><\/p>\n<\/td>\n<\/tr>\n<tr class=\"-R\">\n<td class=\"-C\" style=\"width: 453.1pt; border: none windowtext 0pt;\" colspan=\"2\">\n<p class=\"Normal-P\" style=\"margin-bottom: 6pt; direction: ltr; unicode-bidi: normal;\"><span class=\"Normal-H\"><span style=\"font-family: Arial; font-size: 11.5pt;\">Als der Bus versp\u00e4tet ankam, haben wir erfahren, dass weiter oben auf der Strasse ein Unfall passiert war. Wahrscheinlich nichts sehr Ernsthaftes sonst h\u00e4tte es l\u00e4nger gedauert. Die Verz\u00f6gerung reichte aber, um unseren Anschluss in Zwingen zu gef\u00e4hrden. Bus und Zug kamen gleichzeitig an und viele Leute sind zum Zug gerannt. Es hat aber nicht f\u00fcr alle gereicht. Die verbliebenen Vorsichtigen haben noch ein Bier oder <\/span><span style=\"font-family: Arial; font-size: 11.5pt;\">Panche<\/span><span style=\"font-family: Arial; font-size: 11.5pt;\"> genossen und sind eine halbe Stunde sp\u00e4ter nach Hause gekommen. Danke an alle f\u00fcr das Mitkommen.<\/span><\/span><\/p>\n<p class=\"Normal-P\" style=\"margin-bottom: 6pt; direction: ltr; unicode-bidi: normal;\"><span class=\"Normal-H\"><span style=\"font-family: Arial; font-size: 11.5pt;\">Adrian<\/span><\/span><\/p>\n<\/td>\n<\/tr>\n<p><!-- [if !supportMisalignedColumns]--><\/tbody>\n<\/table>\n<\/div>\n","protected":false},"excerpt":{"rendered":"<p>Sonntag 12.September 2021, Kaltbrunnental \u2013 Beinwil Wanderung F\u00fcr die Rekognoszierung im letzten Jahr waren wir schon 5 Personen, aber dieses Mal, f\u00fcr die eigentliche Durchf\u00fchrung, kamen nur 2 mehr, also 7 Teilnehmer. Schade, weil es eine sch\u00f6ne und abwechslungsreiche Wanderung ist und die Wetterprognose war gut. Wir trafen uns alle auf der Passerelle und fuhren &hellip; <a href=\"https:\/\/www.adrianwood.ch\/?page_id=22500\" class=\"more-link\">Continue reading <span class=\"screen-reader-text\">2021-09 Beinwil<\/span> <span class=\"meta-nav\">&rarr;<\/span><\/a><\/p>\n","protected":false},"author":1,"featured_media":0,"parent":101,"menu_order":1056,"comment_status":"closed","ping_status":"closed","template":"","meta":{"ngg_post_thumbnail":0,"footnotes":""},"class_list":["post-22500","page","type-page","status-publish","hentry"],"_links":{"self":[{"href":"https:\/\/www.adrianwood.ch\/index.php?rest_route=\/wp\/v2\/pages\/22500","targetHints":{"allow":["GET"]}}],"collection":[{"href":"https:\/\/www.adrianwood.ch\/index.php?rest_route=\/wp\/v2\/pages"}],"about":[{"href":"https:\/\/www.adrianwood.ch\/index.php?rest_route=\/wp\/v2\/types\/page"}],"author":[{"embeddable":true,"href":"https:\/\/www.adrianwood.ch\/index.php?rest_route=\/wp\/v2\/users\/1"}],"replies":[{"embeddable":true,"href":"https:\/\/www.adrianwood.ch\/index.php?rest_route=%2Fwp%2Fv2%2Fcomments&post=22500"}],"version-history":[{"count":4,"href":"https:\/\/www.adrianwood.ch\/index.php?rest_route=\/wp\/v2\/pages\/22500\/revisions"}],"predecessor-version":[{"id":22509,"href":"https:\/\/www.adrianwood.ch\/index.php?rest_route=\/wp\/v2\/pages\/22500\/revisions\/22509"}],"up":[{"embeddable":true,"href":"https:\/\/www.adrianwood.ch\/index.php?rest_route=\/wp\/v2\/pages\/101"}],"wp:attachment":[{"href":"https:\/\/www.adrianwood.ch\/index.php?rest_route=%2Fwp%2Fv2%2Fmedia&parent=22500"}],"curies":[{"name":"wp","href":"https:\/\/api.w.org\/{rel}","templated":true}]}}