{"id":22533,"date":"2021-09-20T13:05:23","date_gmt":"2021-09-20T13:05:23","guid":{"rendered":"https:\/\/www.adrianwood.ch\/?page_id=22533"},"modified":"2021-09-20T13:05:43","modified_gmt":"2021-09-20T13:05:43","slug":"2012-07-rothalle","status":"publish","type":"page","link":"https:\/\/www.adrianwood.ch\/?page_id=22533","title":{"rendered":"2012-07 Rothalle"},"content":{"rendered":"<div class=\"pmdi_content_wrapper\">\n<p class=\"Normal-P\" style=\"margin-bottom: 6pt; direction: ltr; unicode-bidi: normal;\"><span class=\"Normal-H\"><span style=\"font-family: Arial; font-weight: bold; font-size: 12pt;\">Sonntag 11.<\/span><span style=\"font-family: Arial; font-weight: bold; font-size: 12pt;\">Juli 2021<\/span><span style=\"font-family: Arial; font-weight: bold; font-size: 12pt;\">, <\/span><span style=\"font-family: Arial; font-weight: bold; font-size: 12pt;\">Rothalle<\/span><span style=\"font-family: Arial; font-weight: bold; font-size: 12pt;\"> \u2013 Arlesheim<\/span><\/span><\/p>\n<p class=\"Normal-P\" style=\"margin-bottom: 6pt; direction: ltr; unicode-bidi: normal;\">\n<table class=\"TableGrid-T\" style=\"border-collapse: collapse;\" cellspacing=\"0\">\n<tbody>\n<tr class=\"-R\">\n<td class=\"-C\" style=\"width: 453.1pt; border: none windowtext 0pt;\" colspan=\"2\">\n<p class=\"Normal-P\" style=\"margin-bottom: 6pt; direction: ltr; unicode-bidi: normal;\"><span class=\"Normal-H\"><span style=\"font-family: Arial; font-size: 11.5pt;\"><img loading=\"lazy\" decoding=\"async\" class=\"\" src=\"https:\/\/www.adrianwood.ch\/wp-content\/uploads\/2021\/09\/1632143035_image1.jpeg\" data-link=\"\" width=\"746\" height=\"373\"><\/span><\/span><\/p>\n<\/td>\n<\/tr>\n<tr class=\"-R\">\n<td class=\"-C\" style=\"width: 453.1pt; border: none windowtext 0pt;\" colspan=\"2\">\n<p class=\"Normal-P\" style=\"margin-bottom: 6pt; direction: ltr; unicode-bidi: normal;\"><span class=\"Normal-H\"><span style=\"font-family: Arial; font-size: 11.5pt;\">Die stattliche Anzahl von 27 Wanderinnen und Wanderern haben sich um 10:17 mit der Wanderleiterin Ursula Topkaya an der Tramhaltestelle Hofmatt im M\u00fcnchenstein getroffen. Die meisten kamen mit dem Tram aber ich bin von zu Hause, Oberwil, \u00fcber das Bruderholz gelaufen und konnte fr\u00fchmorgens St\u00f6rche und Kr\u00e4hen bei der Futtersuche auf den frisch gepfl\u00fcgten Feldern beobachten.<\/span><\/span><\/p>\n<p class=\"Normal-P\" style=\"margin-bottom: 6pt; direction: ltr; unicode-bidi: normal;\"><span class=\"Normal-H\"><span style=\"font-family: Arial; font-size: 11.5pt;\">Es ging zuerst der prallvollen <\/span><span style=\"font-family: Arial; font-size: 11.5pt;\">Birs<\/span><span style=\"font-family: Arial; font-size: 11.5pt;\"> entlang bis wir auf eine Waldstrasse den Hang hoch abbogen. Dieser Weg ist bekannt f\u00fcr Erdrutsche und weil ich zuf\u00e4lligerweise 2 Wochen sp\u00e4ter am gleichen Ort war k\u00f6nnte ich das sehen. Der Weg war auf einer L\u00e4nge von gut 50m etwas nach unten gerutscht und oben formte es einen Spalt wie auf einem Gletscher!<\/span><\/span><\/p>\n<\/td>\n<\/tr>\n<tr class=\"-R\">\n<td class=\"-C\" style=\"width: 225.8pt; border: none windowtext 0pt;\">\n<p class=\"Normal-P\" style=\"margin-bottom: 6pt; direction: ltr; unicode-bidi: normal;\"><span class=\"Normal-H\"><span style=\"font-family: Arial; font-size: 11.5pt;\"><img loading=\"lazy\" decoding=\"async\" class=\"\" src=\"https:\/\/www.adrianwood.ch\/wp-content\/uploads\/2021\/09\/1632143035_image2.jpeg\" data-link=\"\" width=\"350\" height=\"233\"><\/span><\/span><\/p>\n<\/td>\n<td class=\"-C\" style=\"width: 227.3pt; border: none windowtext 0pt;\">\n<p class=\"Normal-P\" style=\"margin-bottom: 6pt; direction: ltr; unicode-bidi: normal;\"><span class=\"Normal-H\"><span style=\"font-family: Arial; font-size: 11.5pt;\"><img loading=\"lazy\" decoding=\"async\" class=\"\" src=\"https:\/\/www.adrianwood.ch\/wp-content\/uploads\/2021\/09\/1632143035_image3.jpeg\" data-link=\"\" width=\"350\" height=\"233\"><\/span><\/span><\/p>\n<\/td>\n<\/tr>\n<tr class=\"-R\">\n<td class=\"-C\" style=\"width: 453.1pt; border: none windowtext 0pt;\" colspan=\"2\">\n<p class=\"Normal-P\" style=\"margin-bottom: 6pt; direction: ltr; unicode-bidi: normal;\"><span class=\"Normal-H\"><span style=\"font-family: Arial; font-size: 11.5pt;\">Wir durchquerten den Naturschutzgebiet <\/span><span style=\"font-family: Arial; font-size: 11.5pt;\">Rothalle<\/span><span style=\"font-family: Arial; font-size: 11.5pt;\"> und machten einen Halt bei einem mit Wasserpflanzen gedeckten Weiher. Wegen dem feuchten Wetter wirkte alles sehr d\u00fcster. Wir stiegen weiter und erreichten eine offene hellere Stelle mit Blick auf das Schloss Wartenberg in Muttenz. Als wir endlich aus dem Wald kamen war es schon Zeit f\u00fcr die Mittagspause und wir suchten einen trockenen Platz auf einer Wiese bei <\/span><span style=\"font-family: Arial; font-size: 11.5pt;\">Renggersmatt<\/span><span style=\"font-family: Arial; font-size: 11.5pt;\">. Die Sonne blickte durch, aber mein Versuch, einem Sonnenbad zu nehmen, gelang nicht wirklich.<\/span><\/span><\/p>\n<\/td>\n<\/tr>\n<tr class=\"-R\">\n<td class=\"-C\" style=\"width: 225.8pt; border: none windowtext 0pt;\">\n<p class=\"Normal-P\" style=\"margin-bottom: 6pt; direction: ltr; unicode-bidi: normal;\"><span class=\"Normal-H\"><span style=\"font-family: Arial; font-size: 11.5pt;\"><img loading=\"lazy\" decoding=\"async\" class=\"\" src=\"https:\/\/www.adrianwood.ch\/wp-content\/uploads\/2021\/09\/1632143035_image4.jpeg\" data-link=\"\" width=\"350\" height=\"233\"><\/span><\/span><\/p>\n<\/td>\n<td class=\"-C\" style=\"width: 227.3pt; border: none windowtext 0pt;\">\n<p class=\"Normal-P\" style=\"margin-bottom: 6pt; direction: ltr; unicode-bidi: normal;\"><span class=\"Normal-H\"><span style=\"font-family: Arial; font-size: 11.5pt;\"><img loading=\"lazy\" decoding=\"async\" class=\"\" src=\"https:\/\/www.adrianwood.ch\/wp-content\/uploads\/2021\/09\/1632143035_image5.jpeg\" data-link=\"\" width=\"350\" height=\"233\"><\/span><\/span><\/p>\n<\/td>\n<\/tr>\n<tr class=\"-R\">\n<td class=\"-C\" style=\"width: 453.1pt; border: none windowtext 0pt;\" colspan=\"2\">\n<p class=\"Normal-P\" style=\"margin-bottom: 6pt; direction: ltr; unicode-bidi: normal;\"><span class=\"Normal-H\"><span style=\"font-family: Arial; font-size: 11.5pt;\">Die n\u00e4chste Steigung brachte uns fast bis Sch\u00f6nmatt, aber wir liefen dort vorbei, den M\u00f6nchsgrabe hinunter und hatten schon Aussicht auf Arlesheim. Bald bogen wir von dem Hauptweg ab und schlenderten entlang dem Bach in der <\/span><span style=\"font-family: Arial; font-size: 11.5pt;\">Gobematt<\/span><span style=\"font-family: Arial; font-size: 11.5pt;\">. Es gab noch eine Pause um die lauschige Landschaft richtig zu geniessen. Von hier bis zu den Weihern bei Arlesheim Ermitage war es die sch\u00f6nste Strecke der Wanderung.<\/span><\/span><\/p>\n<\/td>\n<\/tr>\n<tr class=\"-R\">\n<td class=\"-C\" style=\"width: 225.8pt; border: none windowtext 0pt;\">\n<p class=\"Normal-P\" style=\"margin-bottom: 6pt; direction: ltr; unicode-bidi: normal;\"><span class=\"Normal-H\"><span style=\"font-family: Arial; font-size: 11.5pt;\"><img loading=\"lazy\" decoding=\"async\" class=\"\" src=\"https:\/\/www.adrianwood.ch\/wp-content\/uploads\/2021\/09\/1632143035_image6.jpeg\" data-link=\"\" width=\"350\" height=\"233\"><\/span><\/span><\/p>\n<\/td>\n<td class=\"-C\" style=\"width: 227.3pt; border: none windowtext 0pt;\">\n<p class=\"Normal-P\" style=\"margin-bottom: 6pt; direction: ltr; unicode-bidi: normal;\"><span class=\"Normal-H\"><span style=\"font-family: Arial; font-size: 11.5pt;\"><img loading=\"lazy\" decoding=\"async\" class=\"\" src=\"https:\/\/www.adrianwood.ch\/wp-content\/uploads\/2021\/09\/1632143035_image7.jpeg\" data-link=\"\" width=\"350\" height=\"233\"><\/span><\/span><\/p>\n<\/td>\n<\/tr>\n<tr class=\"-R\">\n<td class=\"-C\" style=\"width: 453.1pt; border: none windowtext 0pt;\" colspan=\"2\">\n<p class=\"Normal-P\" style=\"margin-bottom: 6pt; direction: ltr; unicode-bidi: normal;\"><span class=\"Normal-H\"><span style=\"font-family: Arial; font-size: 11.5pt;\">In Arlesheim liefen alle direkt zum Restaurant R\u00f6ssli wo die Familie Topkaya gut bekannt war und wir alle sehr willkommen waren. Die Geschm\u00e4cke sind verschieden, aber einige von uns haben Bruschetta und Salat genommen, dazu etwas italienischen Rotwein und dabei die Gesellschaft sehr genossen. Danach haben manchen unerm\u00fcdlichen Wanderern den Heimweg zu Fuss im Angriff genommen, aber die meisten fuhren mit dem \u00d6V in die eine oder andere Richtung gut gelaunt nach Hause. Der Tag war ein gelungener Tag. Danke an Ursula und Hassan.<\/span><\/span><\/p>\n<p class=\"Normal-P\" style=\"margin-bottom: 6pt; direction: ltr; unicode-bidi: normal;\"><span class=\"Normal-H\"><span style=\"font-family: Arial; font-size: 11.5pt;\">Adrian<\/span><\/span><\/p>\n<\/td>\n<\/tr>\n<p><!-- [if !supportMisalignedColumns]--><\/tbody>\n<\/table>\n<\/div>\n","protected":false},"excerpt":{"rendered":"<p>Sonntag 11.Juli 2021, Rothalle \u2013 Arlesheim Die stattliche Anzahl von 27 Wanderinnen und Wanderern haben sich um 10:17 mit der Wanderleiterin Ursula Topkaya an der Tramhaltestelle Hofmatt im M\u00fcnchenstein getroffen. Die meisten kamen mit dem Tram aber ich bin von zu Hause, Oberwil, \u00fcber das Bruderholz gelaufen und konnte fr\u00fchmorgens St\u00f6rche und Kr\u00e4hen bei der &hellip; <a href=\"https:\/\/www.adrianwood.ch\/?page_id=22533\" class=\"more-link\">Continue reading <span class=\"screen-reader-text\">2012-07 Rothalle<\/span> <span class=\"meta-nav\">&rarr;<\/span><\/a><\/p>\n","protected":false},"author":1,"featured_media":0,"parent":101,"menu_order":1055,"comment_status":"closed","ping_status":"closed","template":"","meta":{"ngg_post_thumbnail":0,"footnotes":""},"class_list":["post-22533","page","type-page","status-publish","hentry"],"_links":{"self":[{"href":"https:\/\/www.adrianwood.ch\/index.php?rest_route=\/wp\/v2\/pages\/22533","targetHints":{"allow":["GET"]}}],"collection":[{"href":"https:\/\/www.adrianwood.ch\/index.php?rest_route=\/wp\/v2\/pages"}],"about":[{"href":"https:\/\/www.adrianwood.ch\/index.php?rest_route=\/wp\/v2\/types\/page"}],"author":[{"embeddable":true,"href":"https:\/\/www.adrianwood.ch\/index.php?rest_route=\/wp\/v2\/users\/1"}],"replies":[{"embeddable":true,"href":"https:\/\/www.adrianwood.ch\/index.php?rest_route=%2Fwp%2Fv2%2Fcomments&post=22533"}],"version-history":[{"count":3,"href":"https:\/\/www.adrianwood.ch\/index.php?rest_route=\/wp\/v2\/pages\/22533\/revisions"}],"predecessor-version":[{"id":22543,"href":"https:\/\/www.adrianwood.ch\/index.php?rest_route=\/wp\/v2\/pages\/22533\/revisions\/22543"}],"up":[{"embeddable":true,"href":"https:\/\/www.adrianwood.ch\/index.php?rest_route=\/wp\/v2\/pages\/101"}],"wp:attachment":[{"href":"https:\/\/www.adrianwood.ch\/index.php?rest_route=%2Fwp%2Fv2%2Fmedia&parent=22533"}],"curies":[{"name":"wp","href":"https:\/\/api.w.org\/{rel}","templated":true}]}}