{"id":22551,"date":"2021-11-10T09:23:02","date_gmt":"2021-11-10T09:23:02","guid":{"rendered":"https:\/\/www.adrianwood.ch\/?page_id=22551"},"modified":"2021-11-10T10:12:42","modified_gmt":"2021-11-10T10:12:42","slug":"09-29-aletsch-gletscher","status":"publish","type":"page","link":"https:\/\/www.adrianwood.ch\/?page_id=22551","title":{"rendered":"09-30 Massaschlucht"},"content":{"rendered":"<figure id=\"attachment_22552\" aria-describedby=\"caption-attachment-22552\" style=\"width: 1620px\" class=\"wp-caption alignleft\"><a href=\"https:\/\/www.adrianwood.ch\/wp-content\/uploads\/2021\/11\/ALE_0635a.jpg\"><img loading=\"lazy\" decoding=\"async\" class=\"size-full wp-image-22552\" src=\"https:\/\/www.adrianwood.ch\/wp-content\/uploads\/2021\/11\/ALE_0635a.jpg\" alt=\"\" width=\"1620\" height=\"1080\" srcset=\"https:\/\/www.adrianwood.ch\/wp-content\/uploads\/2021\/11\/ALE_0635a.jpg 1620w, https:\/\/www.adrianwood.ch\/wp-content\/uploads\/2021\/11\/ALE_0635a-300x200.jpg 300w, https:\/\/www.adrianwood.ch\/wp-content\/uploads\/2021\/11\/ALE_0635a-1024x683.jpg 1024w, https:\/\/www.adrianwood.ch\/wp-content\/uploads\/2021\/11\/ALE_0635a-768x512.jpg 768w, https:\/\/www.adrianwood.ch\/wp-content\/uploads\/2021\/11\/ALE_0635a-1536x1024.jpg 1536w\" sizes=\"auto, (max-width: 1620px) 100vw, 1620px\" \/><\/a><figcaption id=\"caption-attachment-22552\" class=\"wp-caption-text\">Aletsch H\u00e4ngebr\u00fccke<\/figcaption><\/figure>\n<h2><strong>30.September 2021, Massaschlucht<\/strong><\/h2>\n<p>Mein Bruder, Peter, und ich hatten sehr kurzfristig vereinbart, dass er an einem Mittwoch gegen Ende September in die Schweiz, ins Wallis kommen soll. Wir \u00fcbernachteten im Hotel Belalp, f\u00fchren nat\u00fcrlich mit Bus und Bahn hinauf, und kam gerade rechtzeitig f\u00fcr das sch\u00f6ne Abendessen beim Sonnenuntergang an.<\/p>\n<p>Am n\u00e4chsten Morgen sassen wir wieder in dem modernen \u00fcberh\u00e4ngenden Speisesaal zum Fr\u00fchst\u00fcck und genossen den wunderbaren Blick \u00fcber das Rhonetal, das teilweise noch von tiefen Nebelwolken verdeckt war. Bis wir unterwegs waren hatten die Wolken sich schon aufgel\u00f6st und wir liefen hinunter zur Aletsch H\u00e4ngebr\u00fccke. Der erste Teil des Abstiegs ist steil und wir wurden von einer Familie mit Kindern im Vorschulalter \u00fcberholt, aber wir hatten es nicht eilig. Der Weg ist abwechslungsreich und man kommt immer n\u00e4her zur Aletsch Gletscherzunge, ohne sie jedoch ganz zu erreichen. Sie zieht sich mit der Zeit immer weiter zur\u00fcck. Man l\u00e4uft \u00fcber ausgedehnte, geschliffene Felsen zur eindr\u00fccklichen Br\u00fccke, die eine der l\u00e4ngsten und h\u00f6chsten Fussg\u00e4nger H\u00e4ngebr\u00fccken weltweit ist. Auf der anderen Seite stiessen wir bald auf den Gr\u00fcnsee, der einen idealen Platz f\u00fcr eine Mittagspause bietet. Wir k\u00f6nnten hier unsere Kr\u00e4fte sammeln f\u00fcr den langen Aufstieg durch den Aletschwald zur Riederfurka. Nach einem schnellen Getr\u00e4nk (in zwei verschiedenen Beizen wegen einem kleinen Missverst\u00e4ndnis) ging es hinunter nach Riederalp wo unsere Hotel Walliser Spycher auf der anderen Dorfseite uns erwartete.<\/p>\n\n\nngg_shortcode_0_placeholder\n","protected":false},"excerpt":{"rendered":"<p>30.September 2021, Massaschlucht Mein Bruder, Peter, und ich hatten sehr kurzfristig vereinbart, dass er an einem Mittwoch gegen Ende September in die Schweiz, ins Wallis kommen soll. Wir \u00fcbernachteten im Hotel Belalp, f\u00fchren nat\u00fcrlich mit Bus und Bahn hinauf, und kam gerade rechtzeitig f\u00fcr das sch\u00f6ne Abendessen beim Sonnenuntergang an. Am n\u00e4chsten Morgen sassen wir &hellip; <a href=\"https:\/\/www.adrianwood.ch\/?page_id=22551\" class=\"more-link\">Continue reading <span class=\"screen-reader-text\">09-30 Massaschlucht<\/span> <span class=\"meta-nav\">&rarr;<\/span><\/a><\/p>\n","protected":false},"author":1,"featured_media":0,"parent":22546,"menu_order":1421,"comment_status":"closed","ping_status":"closed","template":"","meta":{"ngg_post_thumbnail":0,"footnotes":""},"class_list":["post-22551","page","type-page","status-publish","hentry"],"_links":{"self":[{"href":"https:\/\/www.adrianwood.ch\/index.php?rest_route=\/wp\/v2\/pages\/22551","targetHints":{"allow":["GET"]}}],"collection":[{"href":"https:\/\/www.adrianwood.ch\/index.php?rest_route=\/wp\/v2\/pages"}],"about":[{"href":"https:\/\/www.adrianwood.ch\/index.php?rest_route=\/wp\/v2\/types\/page"}],"author":[{"embeddable":true,"href":"https:\/\/www.adrianwood.ch\/index.php?rest_route=\/wp\/v2\/users\/1"}],"replies":[{"embeddable":true,"href":"https:\/\/www.adrianwood.ch\/index.php?rest_route=%2Fwp%2Fv2%2Fcomments&post=22551"}],"version-history":[{"count":4,"href":"https:\/\/www.adrianwood.ch\/index.php?rest_route=\/wp\/v2\/pages\/22551\/revisions"}],"predecessor-version":[{"id":22629,"href":"https:\/\/www.adrianwood.ch\/index.php?rest_route=\/wp\/v2\/pages\/22551\/revisions\/22629"}],"up":[{"embeddable":true,"href":"https:\/\/www.adrianwood.ch\/index.php?rest_route=\/wp\/v2\/pages\/22546"}],"wp:attachment":[{"href":"https:\/\/www.adrianwood.ch\/index.php?rest_route=%2Fwp%2Fv2%2Fmedia&parent=22551"}],"curies":[{"name":"wp","href":"https:\/\/api.w.org\/{rel}","templated":true}]}}