{"id":2289,"date":"2012-10-26T09:34:00","date_gmt":"2012-10-26T09:34:00","guid":{"rendered":"http:\/\/adrianwood.ch\/?page_id=2289"},"modified":"2016-06-08T10:07:44","modified_gmt":"2016-06-08T10:07:44","slug":"09-18-skadar-see","status":"publish","type":"page","link":"https:\/\/www.adrianwood.ch\/?page_id=2289","title":{"rendered":"09-18 Skadar See"},"content":{"rendered":"<figure id=\"attachment_2290\" aria-describedby=\"caption-attachment-2290\" style=\"width: 730px\" class=\"wp-caption alignleft\"><a href=\"http:\/\/adrianwood.ch\/09-18-skadar-see\/ska_0289_r7\/\" rel=\"attachment wp-att-2290\"><img loading=\"lazy\" decoding=\"async\" class=\"size-full wp-image-2290\" title=\"SKA_0289_r7\" src=\"http:\/\/adrianwood.ch\/wp-content\/uploads\/2012\/10\/SKA_0289_r7.jpg\" alt=\"Grmozur Gef\u00e4ngnis\" width=\"730\" height=\"485\" \/><\/a><figcaption id=\"caption-attachment-2290\" class=\"wp-caption-text\">Grmozur Gef\u00e4ngnis<\/figcaption><\/figure>\n<h2><strong>Vogelreservat Skutarisee (Skadar See)<br \/>\n<\/strong><\/h2>\n<p>Den Transfertag zwischen der K\u00fcste und dem Inland verk\u00fcrzen wir mit einer Wanderung im Nationalpark Skutarisee (GZ: 4 Std., +\/- 300 m) und einer anschlie\u00dfenden Bootsfahrt auf dem gr\u00f6\u00dften S\u00fc\u00dfwassersee des S\u00fcdostbalkans. Wir gleiten durch das Vogelreservat der Pelikane und Kormorane und an historischen Kl\u00f6stern vorbei.<\/p>\n<p><strong>Dienstag,18.September<\/strong><\/p>\n<p>Heute war im Prinzip ein freier Tag, aber unser Guide stand uns trotzdem zur Verf\u00fcgung; nur ein Minibus musste kurzfristig organisiert werden. Im Programm stand ein Besuch der Altstadt Stari Bar und Baden am \u201along beach\u2018 s\u00fcdlich von Petrovac, R\u00fcckweg zu Fuss ca 45 min. Obwohl Stari Bar nicht mehr bewohnt wird, wurden einige Geb\u00e4ude restauriert und werden als Ausstellungsr\u00e4ume verwendet. Unterhalb der Mauern liegt ein kleines moslemisches Viertel wo wir individuel die Spezialit\u00e4ten probieren konnten. Anschliessend fuhren wir zur\u00fcck zum \u201along beach,\u2018 wo wir uns verteilt haben &#8211; je nach Bademode. Die interessante R\u00fcckweg \u00fcber zwei Buchten wurde auch individuel im Angriff genommen. Ich ging mit Martin als einer der Letzten als die Sonne schon hinunter ging. Ein Bier am Strand vor unserem Abmarsch hat nat\u00fcrlich nicht gefehlt.<\/p>\n<p><strong>Mittwoch,19.September<\/strong><\/p>\n<p>Zwischen Petrovac und Kolasin, unser neuer Aufenhaltsort, liegt der Skadar See, einer der gr\u00f6ssten Binnenseen Europas. Wir verliessen der Hotel Castellastva um 8.00 und kamen in Virpazar in guter Zeit f\u00fcr unsere Bootstour auf dem See an. Die gem\u00e4chliche Fahrt zuerst zwischen Schilf und Teichrosen war eine passende Abwechslung zu unseren Wandertagen. Viele Wasserv\u00f6gel, vor allem Reiher und Kormorane flogen hoch, als wir vorbei glitten. Wir fuhren an dem fr\u00fcheren Gef\u00e4ngnis \u00a0auf der Insel Grmozur vorbei bevor wir halt in einer kleinen Badebucht machten. \u00a0Das Wasser war ganz still und angenehm warm. Erfrischt fuhren wir \u00fcber den See in die Moraca Flussm\u00fcndung hinein, um das ehemalige Kloster Kurioci zu besuchen. Zur\u00fcck in Virpazar brachte unser Busfahrer uns nach Godinje und lief mit uns die kurze Stuck zu Lekovici hinauf, wo wir ein schmackhaftes und reichhaltiges Fischmittagessen genossen. Anschliessend mussten wir doch noch nach Zabes laufen, und zwar \u00fcber einen kleinen Pass mit sch\u00f6ner Aussicht auf den See, bevor wir unsere Fahrt um 16.00 nach Kolasin fortsetzten. Mit nur noch einem kurzen Stop in der Moraca Schlucht erreichten wir das Luxus Hotel Bianca um 18.45. ngg_shortcode_0_placeholder<\/p>\n<figure id=\"attachment_2297\" aria-describedby=\"caption-attachment-2297\" style=\"width: 848px\" class=\"wp-caption alignleft\"><a href=\"http:\/\/adrianwood.ch\/09-18-skadar-see\/ska_247a_1_r8\/\" rel=\"attachment wp-att-2297\"><img loading=\"lazy\" decoding=\"async\" class=\"size-full wp-image-2297\" title=\"SKA_247a_1_r8\" src=\"http:\/\/adrianwood.ch\/wp-content\/uploads\/2012\/10\/SKA_247a_1_r8.jpg\" alt=\"Virpazar, Godinje und Moraca Flussmundung\" width=\"848\" height=\"958\" \/><\/a><figcaption id=\"caption-attachment-2297\" class=\"wp-caption-text\">Virpazar, Godinje und Moraca Flussmundung<\/figcaption><\/figure>\n<figure id=\"attachment_2292\" aria-describedby=\"caption-attachment-2292\" style=\"width: 848px\" class=\"wp-caption alignleft\"><a href=\"http:\/\/adrianwood.ch\/09-18-skadar-see\/petrovac_r8\/\" rel=\"attachment wp-att-2292\"><img loading=\"lazy\" decoding=\"async\" class=\"size-full wp-image-2292\" title=\"Petrovac_r8\" src=\"http:\/\/adrianwood.ch\/wp-content\/uploads\/2012\/10\/Petrovac_r8.jpg\" alt=\"zwischen Petrovac, Bar und Virpazar\" width=\"848\" height=\"1197\" \/><\/a><figcaption id=\"caption-attachment-2292\" class=\"wp-caption-text\">zwischen Petrovac, Bar und Virpazar<\/figcaption><\/figure>\n","protected":false},"excerpt":{"rendered":"<p>Vogelreservat Skutarisee (Skadar See) Den Transfertag zwischen der K\u00fcste und dem Inland verk\u00fcrzen wir mit einer Wanderung im Nationalpark Skutarisee (GZ: 4 Std., +\/- 300 m) und einer anschlie\u00dfenden Bootsfahrt auf dem gr\u00f6\u00dften S\u00fc\u00dfwassersee des S\u00fcdostbalkans. Wir gleiten durch das Vogelreservat der Pelikane und Kormorane und an historischen Kl\u00f6stern vorbei. Dienstag,18.September Heute war im Prinzip &hellip; <a href=\"https:\/\/www.adrianwood.ch\/?page_id=2289\" class=\"more-link\">Continue reading <span class=\"screen-reader-text\">09-18 Skadar See<\/span> <span class=\"meta-nav\">&rarr;<\/span><\/a><\/p>\n","protected":false},"author":1,"featured_media":0,"parent":2266,"menu_order":4733,"comment_status":"closed","ping_status":"closed","template":"","meta":{"ngg_post_thumbnail":0,"footnotes":""},"class_list":["post-2289","page","type-page","status-publish","hentry"],"_links":{"self":[{"href":"https:\/\/www.adrianwood.ch\/index.php?rest_route=\/wp\/v2\/pages\/2289","targetHints":{"allow":["GET"]}}],"collection":[{"href":"https:\/\/www.adrianwood.ch\/index.php?rest_route=\/wp\/v2\/pages"}],"about":[{"href":"https:\/\/www.adrianwood.ch\/index.php?rest_route=\/wp\/v2\/types\/page"}],"author":[{"embeddable":true,"href":"https:\/\/www.adrianwood.ch\/index.php?rest_route=\/wp\/v2\/users\/1"}],"replies":[{"embeddable":true,"href":"https:\/\/www.adrianwood.ch\/index.php?rest_route=%2Fwp%2Fv2%2Fcomments&post=2289"}],"version-history":[{"count":1,"href":"https:\/\/www.adrianwood.ch\/index.php?rest_route=\/wp\/v2\/pages\/2289\/revisions"}],"predecessor-version":[{"id":7411,"href":"https:\/\/www.adrianwood.ch\/index.php?rest_route=\/wp\/v2\/pages\/2289\/revisions\/7411"}],"up":[{"embeddable":true,"href":"https:\/\/www.adrianwood.ch\/index.php?rest_route=\/wp\/v2\/pages\/2266"}],"wp:attachment":[{"href":"https:\/\/www.adrianwood.ch\/index.php?rest_route=%2Fwp%2Fv2%2Fmedia&parent=2289"}],"curies":[{"name":"wp","href":"https:\/\/api.w.org\/{rel}","templated":true}]}}