{"id":2300,"date":"2012-10-26T09:53:39","date_gmt":"2012-10-26T09:53:39","guid":{"rendered":"http:\/\/adrianwood.ch\/?page_id=2300"},"modified":"2016-06-08T10:07:53","modified_gmt":"2016-06-08T10:07:53","slug":"09-20-biogradska-gora","status":"publish","type":"page","link":"https:\/\/www.adrianwood.ch\/?page_id=2300","title":{"rendered":"09-20 Biogradska Gora"},"content":{"rendered":"<figure id=\"attachment_2301\" aria-describedby=\"caption-attachment-2301\" style=\"width: 730px\" class=\"wp-caption alignleft\"><a href=\"http:\/\/adrianwood.ch\/private-tours\/croatia-and-montenegro\/2012-09-montenegro\/09-20-biogradska-gora\/vra_0555_r7\/\" rel=\"attachment wp-att-2301\"><img loading=\"lazy\" decoding=\"async\" class=\"size-full wp-image-2301\" title=\"VRA_0555_r7\" src=\"http:\/\/adrianwood.ch\/wp-content\/uploads\/2012\/10\/VRA_0555_r7.jpg\" alt=\"bei Zekova Glava\" width=\"730\" height=\"485\" \/><\/a><figcaption id=\"caption-attachment-2301\" class=\"wp-caption-text\">bei Zekova Glava<\/figcaption><\/figure>\n<h2><strong>Fata Morgana der h\u00f6chsten Gipfel<\/strong><\/h2>\n<p>Ein ganz anderer Landschaftscharakter erwartet uns auf unseren zwei weiteren Wanderungen: Lange wurden die durch Erosionen entstandenen Zacken des Komovi-Massivs in einer Wiesenlandschaft mit reicher alpiner Flora f\u00fcr die h\u00f6chsten Berggipfel S\u00fcdeuropas gehalten. Sie sind genauso beeindruckend wie die Kalksteinfelsen des Bjelasica-Gebirges, das wir ebenfalls auf einer Wanderung erkunden. An einer der zahlreichen Almh\u00fctten findet sich immer wieder ein wundersch\u00f6ner Picknickplatz f\u00fcr eine Pause mit Panoramablick (GZ je Wanderung: 5 Std., +\/- 600 m).<\/p>\n<p><strong>Donnerstag,20.September<\/strong><\/p>\n<p>Heute gab es den schon lange angek\u00fcndigten Regen. Wie Martin das so genau wusste ist mir nicht klar, weil f\u00fcr Freitag wieder sch\u00f6nstes Wetter angesagt war. Es kam h\u00f6chstens eine kurze Wanderung um den See im Biogradska Gora National Park im Frage. Eine Variante dorthin zu laufen haben wir einstimmig verworfen. Auch so war es eine feuchte Angelegenheit, obwohl die Vegetation um den See durchaus interessant ist. Sogar in der etwas kalten Park Beiz kam keine fr\u00f6hliche Stimmung auf. Es war ein ausgezeichnete Gelegenheit, das riesige Schwimmbecken und umfangreiche Wellness Angebot unseres Resort Hotels aus- zukosten.<\/p>\n<p><strong>Freitag, 21.September<\/strong><\/p>\n<p>Heute war sch\u00f6nstes Wetter! Wolkenloser blauer Himmel, aber kalt. Eigentlich war eine Wanderung im Komovi Gebirge im Programm, aber Martin hat sich entschieden, die gestrige Wanderung nachzuholen. Um 8.00 fuhren wir mit 2 Jeeps wieder zum See im Biogradska Gora und dann weiter in einer abenteuerlichen Fahrt den Berg hinauf bis auf ca 1700m. Wenn die anschliessende Wanderung als harmlos einzustufen w\u00e4re, war der Fahrt eher als haarstr\u00e4ubend zu bezeichnen! Wir liefen entlang dem langstreckten R\u00fccken des Bjelasica Gebirges und bestaunten die fantastischen Herbstfarben die sich gegen den tiefblaue Himmel abhoben. Zuoberst hat Raureif auf dem Gr\u00e4ser die Sch\u00f6nheit der Szenerie noch gesteigert. In der Ferne konnten wir gerade noch die Durmitor, die h\u00f6chste ganz in Montenegro liegende Gebirgsgruppe ausmachen. Unterhalb dem Zekova Glava, mit 2117m der zweith\u00f6chste Berg der Bjelasica Gruppe, ging es hinunter nach Katun Vranak, das wir um 13.15 erreichten. In diesem Camp mit seinen Holzh\u00fctten wurden wir mit einem Willkommsschnaps begr\u00fcsst und bekamen ein w\u00e4hrschaftes Lammfleisch Mittagessen. Trotz Sonne war es kalt in dieser H\u00f6he. Um 14.45 haben die Jeeps uns abgeholt.<\/p>\n<p><strong>Samstag, 22.September<\/strong><\/p>\n<p>Abreisetag. Die meisten w\u00fcrden von Dubrovnik fliegen und hatten einen langen Transfer dorthin. Nur 4 von uns w\u00fcrden von Podgorica, das in 2 Stunden erreichbar war, fliegen, aber nur ich um 10.10 vormittags. Es gab Fr\u00fchstuck um 5.00 und Abfahrt um 6.00 f\u00fcr alle, wegen der Dubrovnik Leute. Das passte mir perfekt w\u00e4hrend die anderen 3 leider einen langen Aufenhalt im Podgorica Flughafen hatten. Ich war schon zu Hause bevor alle anderen Montenegro verlassen hatten!<\/p>\nngg_shortcode_0_placeholder\n<figure id=\"attachment_2308\" aria-describedby=\"caption-attachment-2308\" style=\"width: 951px\" class=\"wp-caption alignleft\"><a href=\"http:\/\/adrianwood.ch\/private-tours\/croatia-and-montenegro\/2012-09-montenegro\/09-20-biogradska-gora\/biogradska-gora_1_r50\/\" rel=\"attachment wp-att-2308\"><img loading=\"lazy\" decoding=\"async\" class=\"size-full wp-image-2308\" title=\"Biogradska Gora_1_r50\" src=\"http:\/\/adrianwood.ch\/wp-content\/uploads\/2012\/10\/Biogradska-Gora_1_r50.jpg\" alt=\"Biogradska Gora, Bjelasica Gebirge\" width=\"951\" height=\"844\" \/><\/a><figcaption id=\"caption-attachment-2308\" class=\"wp-caption-text\">Biogradska Gora, Bjelasica Gebirge<\/figcaption><\/figure>\n<figure id=\"attachment_2302\" aria-describedby=\"caption-attachment-2302\" style=\"width: 858px\" class=\"wp-caption alignleft\"><a href=\"http:\/\/adrianwood.ch\/private-tours\/croatia-and-montenegro\/2012-09-montenegro\/09-20-biogradska-gora\/montenegro-map_1_r8\/\" rel=\"attachment wp-att-2302\"><img loading=\"lazy\" decoding=\"async\" class=\"size-full wp-image-2302\" title=\"Montenegro map_1_r8\" src=\"http:\/\/adrianwood.ch\/wp-content\/uploads\/2012\/10\/Montenegro-map_1_r8.jpg\" alt=\"Podgorica und Kolasin\" width=\"858\" height=\"686\" \/><\/a><figcaption id=\"caption-attachment-2302\" class=\"wp-caption-text\">Podgorica und Kolasin<\/figcaption><\/figure>\n","protected":false},"excerpt":{"rendered":"<p>Fata Morgana der h\u00f6chsten Gipfel Ein ganz anderer Landschaftscharakter erwartet uns auf unseren zwei weiteren Wanderungen: Lange wurden die durch Erosionen entstandenen Zacken des Komovi-Massivs in einer Wiesenlandschaft mit reicher alpiner Flora f\u00fcr die h\u00f6chsten Berggipfel S\u00fcdeuropas gehalten. Sie sind genauso beeindruckend wie die Kalksteinfelsen des Bjelasica-Gebirges, das wir ebenfalls auf einer Wanderung erkunden. An &hellip; <a href=\"https:\/\/www.adrianwood.ch\/?page_id=2300\" class=\"more-link\">Continue reading <span class=\"screen-reader-text\">09-20 Biogradska Gora<\/span> <span class=\"meta-nav\">&rarr;<\/span><\/a><\/p>\n","protected":false},"author":1,"featured_media":0,"parent":2266,"menu_order":4734,"comment_status":"closed","ping_status":"closed","template":"","meta":{"ngg_post_thumbnail":0,"footnotes":""},"class_list":["post-2300","page","type-page","status-publish","hentry"],"_links":{"self":[{"href":"https:\/\/www.adrianwood.ch\/index.php?rest_route=\/wp\/v2\/pages\/2300","targetHints":{"allow":["GET"]}}],"collection":[{"href":"https:\/\/www.adrianwood.ch\/index.php?rest_route=\/wp\/v2\/pages"}],"about":[{"href":"https:\/\/www.adrianwood.ch\/index.php?rest_route=\/wp\/v2\/types\/page"}],"author":[{"embeddable":true,"href":"https:\/\/www.adrianwood.ch\/index.php?rest_route=\/wp\/v2\/users\/1"}],"replies":[{"embeddable":true,"href":"https:\/\/www.adrianwood.ch\/index.php?rest_route=%2Fwp%2Fv2%2Fcomments&post=2300"}],"version-history":[{"count":1,"href":"https:\/\/www.adrianwood.ch\/index.php?rest_route=\/wp\/v2\/pages\/2300\/revisions"}],"predecessor-version":[{"id":7412,"href":"https:\/\/www.adrianwood.ch\/index.php?rest_route=\/wp\/v2\/pages\/2300\/revisions\/7412"}],"up":[{"embeddable":true,"href":"https:\/\/www.adrianwood.ch\/index.php?rest_route=\/wp\/v2\/pages\/2266"}],"wp:attachment":[{"href":"https:\/\/www.adrianwood.ch\/index.php?rest_route=%2Fwp%2Fv2%2Fmedia&parent=2300"}],"curies":[{"name":"wp","href":"https:\/\/api.w.org\/{rel}","templated":true}]}}