{"id":23281,"date":"2022-06-06T12:21:53","date_gmt":"2022-06-06T12:21:53","guid":{"rendered":"https:\/\/www.adrianwood.ch\/?page_id=23281"},"modified":"2022-06-06T16:10:10","modified_gmt":"2022-06-06T16:10:10","slug":"2022-04-la-gomera","status":"publish","type":"page","link":"https:\/\/www.adrianwood.ch\/?page_id=23281","title":{"rendered":"2022 04 La Gomera"},"content":{"rendered":"<figure id=\"attachment_23282\" aria-describedby=\"caption-attachment-23282\" style=\"width: 1620px\" class=\"wp-caption alignleft\"><a href=\"https:\/\/www.adrianwood.ch\/wp-content\/uploads\/2022\/06\/GOM_0141.jpg\"><img loading=\"lazy\" decoding=\"async\" class=\"size-full wp-image-23282\" src=\"https:\/\/www.adrianwood.ch\/wp-content\/uploads\/2022\/06\/GOM_0141.jpg\" alt=\"\" width=\"1620\" height=\"1080\" srcset=\"https:\/\/www.adrianwood.ch\/wp-content\/uploads\/2022\/06\/GOM_0141.jpg 1620w, https:\/\/www.adrianwood.ch\/wp-content\/uploads\/2022\/06\/GOM_0141-300x200.jpg 300w, https:\/\/www.adrianwood.ch\/wp-content\/uploads\/2022\/06\/GOM_0141-1024x683.jpg 1024w, https:\/\/www.adrianwood.ch\/wp-content\/uploads\/2022\/06\/GOM_0141-768x512.jpg 768w, https:\/\/www.adrianwood.ch\/wp-content\/uploads\/2022\/06\/GOM_0141-1536x1024.jpg 1536w\" sizes=\"auto, (max-width: 1620px) 100vw, 1620px\" \/><\/a><figcaption id=\"caption-attachment-23282\" class=\"wp-caption-text\">die wilde Nordk\u00fcste<\/figcaption><\/figure>\n<h2><strong>23.-30. April 2022, La Gomera<\/strong><\/h2>\n<p>La Gomera gilt als eine der kleinen kanarischen Inseln: nur \u00fcber Teneriffa erreichbar, kaum mehr als 20 km im Durchmesser und d\u00fcnn besiedelt. Dennoch ist sie eine der ganz gro\u00dfen Inseln &#8211; zumindest f\u00fcr Wanderfreunde! Unber\u00fchrter Lorbeerwald, ein ausgezeichnetes Netz an Wanderwegen, tiefe Barrancos und spektakul\u00e4re Aussichten auf das Meer und die Inseln Teneriffa, La Palma und El Hierro&#8230; mit anderen Worten: La Gomera ist ein Dorado f\u00fcr Wanderer und besonders Naturliebhaber kommen auf La Gomera voll auf ihre Kosten.<\/p>\n<p>Die kleine Insel hat keinen internationalen Flughafen, ist daher nur \u00fcber Teneriffa per F\u00e4hre zu erreichen. Doch das ist durchaus nicht zum Nachteil der Insel. Der Tourismus h\u00e4lt sich in gesunden Grenzen. Gomera hat sich eine umwerfende Nat\u00fcrlichkeit erhalten, was sowohl an der unverbauten Landschaft, als auch an den Einheimischen zu merken ist. Authentische Gastfreundschaft und Freude am Kennenlernen ist aus den Gesichtern zu lesen. \u00dcberw\u00e4ltigend sind die Landschaftsimpressionen. Gomera besitzt den weltgr\u00f6\u00dften zusammenh\u00e4ngenden Lorbeerwald, \u00fcber den sich h\u00e4ufig die Passatwolke st\u00fclpt und so den feuchten Lebens-Odem spendet. Der Norden ist \u00fcppig bewachsen und im S\u00fcden herrscht w\u00fcstenartiges Klima.<\/p>\n<p>Auf den Spuren der alten Legenden und Sagen erkunden wir La Gomeras Traumpfade. In vielen Gebieten des Eilandes sind die Urspr\u00fcnglichkeit und der Geist der Ureinwohner, der Guanchen, auch heute noch zu sp\u00fcren. Allgegenw\u00e4rtig ist die Geschichte von Gara und Jonay \u2013 die kanarische Version von Romeo und Julia. Wandelt man durch die terrassierten Felder, auf den alten Verbindungswegen zwischen den D\u00f6rfern oder durch den mysteri\u00f6sen Lorbeerwald, f\u00fchlt man sich in diese mystische Zeit zur\u00fcckversetzt. Wenn die Stille pl\u00f6tzlich durch einen ungew\u00f6hnlichen Pfeiflaut unterbrochen wird, erschrecken sie nicht: es handelt sich um &#8220;Silbo&#8221; &#8211; die fast vergessene Pfeifsprache Gomeras.<\/p>\n<h4><a href=\"https:\/\/www.adrianwood.ch\/?page_id=23442\">Inhalt \/ Contents<\/a><\/h4>\n","protected":false},"excerpt":{"rendered":"<p>23.-30. April 2022, La Gomera La Gomera gilt als eine der kleinen kanarischen Inseln: nur \u00fcber Teneriffa erreichbar, kaum mehr als 20 km im Durchmesser und d\u00fcnn besiedelt. Dennoch ist sie eine der ganz gro\u00dfen Inseln &#8211; zumindest f\u00fcr Wanderfreunde! Unber\u00fchrter Lorbeerwald, ein ausgezeichnetes Netz an Wanderwegen, tiefe Barrancos und spektakul\u00e4re Aussichten auf das Meer &hellip; <a href=\"https:\/\/www.adrianwood.ch\/?page_id=23281\" class=\"more-link\">Continue reading <span class=\"screen-reader-text\">2022 04 La Gomera<\/span> <span class=\"meta-nav\">&rarr;<\/span><\/a><\/p>\n","protected":false},"author":1,"featured_media":0,"parent":2800,"menu_order":366,"comment_status":"closed","ping_status":"closed","template":"","meta":{"ngg_post_thumbnail":0,"footnotes":""},"class_list":["post-23281","page","type-page","status-publish","hentry"],"_links":{"self":[{"href":"https:\/\/www.adrianwood.ch\/index.php?rest_route=\/wp\/v2\/pages\/23281","targetHints":{"allow":["GET"]}}],"collection":[{"href":"https:\/\/www.adrianwood.ch\/index.php?rest_route=\/wp\/v2\/pages"}],"about":[{"href":"https:\/\/www.adrianwood.ch\/index.php?rest_route=\/wp\/v2\/types\/page"}],"author":[{"embeddable":true,"href":"https:\/\/www.adrianwood.ch\/index.php?rest_route=\/wp\/v2\/users\/1"}],"replies":[{"embeddable":true,"href":"https:\/\/www.adrianwood.ch\/index.php?rest_route=%2Fwp%2Fv2%2Fcomments&post=23281"}],"version-history":[{"count":6,"href":"https:\/\/www.adrianwood.ch\/index.php?rest_route=\/wp\/v2\/pages\/23281\/revisions"}],"predecessor-version":[{"id":23448,"href":"https:\/\/www.adrianwood.ch\/index.php?rest_route=\/wp\/v2\/pages\/23281\/revisions\/23448"}],"up":[{"embeddable":true,"href":"https:\/\/www.adrianwood.ch\/index.php?rest_route=\/wp\/v2\/pages\/2800"}],"wp:attachment":[{"href":"https:\/\/www.adrianwood.ch\/index.php?rest_route=%2Fwp%2Fv2%2Fmedia&parent=23281"}],"curies":[{"name":"wp","href":"https:\/\/api.w.org\/{rel}","templated":true}]}}