{"id":23287,"date":"2022-06-06T12:46:12","date_gmt":"2022-06-06T12:46:12","guid":{"rendered":"https:\/\/www.adrianwood.ch\/?page_id=23287"},"modified":"2022-06-06T15:40:07","modified_gmt":"2022-06-06T15:40:07","slug":"04-24-garajonay","status":"publish","type":"page","link":"https:\/\/www.adrianwood.ch\/?page_id=23287","title":{"rendered":"04 24 Garajonay"},"content":{"rendered":"<figure id=\"attachment_23288\" aria-describedby=\"caption-attachment-23288\" style=\"width: 1620px\" class=\"wp-caption alignleft\"><a href=\"https:\/\/www.adrianwood.ch\/wp-content\/uploads\/2022\/06\/GOM_0041.jpg\"><img loading=\"lazy\" decoding=\"async\" class=\"size-full wp-image-23288\" src=\"https:\/\/www.adrianwood.ch\/wp-content\/uploads\/2022\/06\/GOM_0041.jpg\" alt=\"\" width=\"1620\" height=\"1080\" srcset=\"https:\/\/www.adrianwood.ch\/wp-content\/uploads\/2022\/06\/GOM_0041.jpg 1620w, https:\/\/www.adrianwood.ch\/wp-content\/uploads\/2022\/06\/GOM_0041-300x200.jpg 300w, https:\/\/www.adrianwood.ch\/wp-content\/uploads\/2022\/06\/GOM_0041-1024x683.jpg 1024w, https:\/\/www.adrianwood.ch\/wp-content\/uploads\/2022\/06\/GOM_0041-768x512.jpg 768w, https:\/\/www.adrianwood.ch\/wp-content\/uploads\/2022\/06\/GOM_0041-1536x1024.jpg 1536w\" sizes=\"auto, (max-width: 1620px) 100vw, 1620px\" \/><\/a><figcaption id=\"caption-attachment-23288\" class=\"wp-caption-text\">Blick auf der Teide, Teneriffa von Garajonay<\/figcaption><\/figure>\n<h2><strong>24.04. Garajonay<\/strong><\/h2>\n<p>Im Landesinneren ragen die vulkanischen Gipfel in die H\u00f6he und kreieren den fruchtbaren Boden der gr\u00fcnsten Insel im Atlantik. W\u00e4hrend einer Wanderreise kann man den m\u00e4rchenhaften Urwald La Gomeras voller Palmen, Wacholder, Heidekraut und Lorbeerb\u00e4ume erleben. Wir durchwandern zuerst das gr\u00fcne Herz der Insel, den Nationalpark Garajonay.<\/p>\n<p>Beeindruckende Wanderung am Fusse des Tafelberges Fortaleza. Die Anfahrt dauert eine knappe Stunde. Wir gelangen zuerst zur Siedlung Igualero und wenn die Passatwolken es erlauben, Besteigung des Garajonays, mit 1487 m \u00fc.M. die h\u00f6chste Erhebung der Insel. Ein Weltnaturerbe der UNESCO. Wanderzeit ca. 3\u00bd h \/ 630 m \u2191 360 m \u2193<\/p>\nngg_shortcode_0_placeholder\n","protected":false},"excerpt":{"rendered":"<p>24.04. Garajonay Im Landesinneren ragen die vulkanischen Gipfel in die H\u00f6he und kreieren den fruchtbaren Boden der gr\u00fcnsten Insel im Atlantik. W\u00e4hrend einer Wanderreise kann man den m\u00e4rchenhaften Urwald La Gomeras voller Palmen, Wacholder, Heidekraut und Lorbeerb\u00e4ume erleben. Wir durchwandern zuerst das gr\u00fcne Herz der Insel, den Nationalpark Garajonay. Beeindruckende Wanderung am Fusse des Tafelberges &hellip; <a href=\"https:\/\/www.adrianwood.ch\/?page_id=23287\" class=\"more-link\">Continue reading <span class=\"screen-reader-text\">04 24 Garajonay<\/span> <span class=\"meta-nav\">&rarr;<\/span><\/a><\/p>\n","protected":false},"author":1,"featured_media":0,"parent":23281,"menu_order":3662,"comment_status":"closed","ping_status":"closed","template":"","meta":{"ngg_post_thumbnail":0,"footnotes":""},"class_list":["post-23287","page","type-page","status-publish","hentry"],"_links":{"self":[{"href":"https:\/\/www.adrianwood.ch\/index.php?rest_route=\/wp\/v2\/pages\/23287","targetHints":{"allow":["GET"]}}],"collection":[{"href":"https:\/\/www.adrianwood.ch\/index.php?rest_route=\/wp\/v2\/pages"}],"about":[{"href":"https:\/\/www.adrianwood.ch\/index.php?rest_route=\/wp\/v2\/types\/page"}],"author":[{"embeddable":true,"href":"https:\/\/www.adrianwood.ch\/index.php?rest_route=\/wp\/v2\/users\/1"}],"replies":[{"embeddable":true,"href":"https:\/\/www.adrianwood.ch\/index.php?rest_route=%2Fwp%2Fv2%2Fcomments&post=23287"}],"version-history":[{"count":3,"href":"https:\/\/www.adrianwood.ch\/index.php?rest_route=\/wp\/v2\/pages\/23287\/revisions"}],"predecessor-version":[{"id":23432,"href":"https:\/\/www.adrianwood.ch\/index.php?rest_route=\/wp\/v2\/pages\/23287\/revisions\/23432"}],"up":[{"embeddable":true,"href":"https:\/\/www.adrianwood.ch\/index.php?rest_route=\/wp\/v2\/pages\/23281"}],"wp:attachment":[{"href":"https:\/\/www.adrianwood.ch\/index.php?rest_route=%2Fwp%2Fv2%2Fmedia&parent=23287"}],"curies":[{"name":"wp","href":"https:\/\/api.w.org\/{rel}","templated":true}]}}