{"id":23290,"date":"2022-06-06T12:52:35","date_gmt":"2022-06-06T12:52:35","guid":{"rendered":"https:\/\/www.adrianwood.ch\/?page_id=23290"},"modified":"2022-06-06T15:42:55","modified_gmt":"2022-06-06T15:42:55","slug":"04-25-valle-gran-rey","status":"publish","type":"page","link":"https:\/\/www.adrianwood.ch\/?page_id=23290","title":{"rendered":"04 25 Valle Gran Rey"},"content":{"rendered":"<figure id=\"attachment_23291\" aria-describedby=\"caption-attachment-23291\" style=\"width: 1620px\" class=\"wp-caption alignleft\"><a href=\"https:\/\/www.adrianwood.ch\/wp-content\/uploads\/2022\/06\/GOM_0100.jpg\"><img loading=\"lazy\" decoding=\"async\" class=\"size-full wp-image-23291\" src=\"https:\/\/www.adrianwood.ch\/wp-content\/uploads\/2022\/06\/GOM_0100.jpg\" alt=\"\" width=\"1620\" height=\"1080\" srcset=\"https:\/\/www.adrianwood.ch\/wp-content\/uploads\/2022\/06\/GOM_0100.jpg 1620w, https:\/\/www.adrianwood.ch\/wp-content\/uploads\/2022\/06\/GOM_0100-300x200.jpg 300w, https:\/\/www.adrianwood.ch\/wp-content\/uploads\/2022\/06\/GOM_0100-1024x683.jpg 1024w, https:\/\/www.adrianwood.ch\/wp-content\/uploads\/2022\/06\/GOM_0100-768x512.jpg 768w, https:\/\/www.adrianwood.ch\/wp-content\/uploads\/2022\/06\/GOM_0100-1536x1024.jpg 1536w\" sizes=\"auto, (max-width: 1620px) 100vw, 1620px\" \/><\/a><figcaption id=\"caption-attachment-23291\" class=\"wp-caption-text\">Strand von La Playa nach Regen<\/figcaption><\/figure>\n<h2><strong>25.04. Valle Gran Rey<\/strong><\/h2>\n<p>Nachdem wir zwei sch\u00f6ne T\u00e4ler, oder \u201cbarrancos\u201c, durchquert haben, erreichen wir das T\u00f6pferdorf El Cercado, und damit das sch\u00f6nste Tal der Insel: Barranco de Valle Gran Rey, mit seinen Terrassenfeldern und Palmenhainen. Wir kehren auf dem Weg in einem traditionellen Restaurant ein, dort werden uns regionale Spezialit\u00e4ten serviert. Nun sind wir gest\u00e4rkt f\u00fcr den Abstieg, der unter Palmen, Wacholder, Heidekraut und Lorbeerb\u00e4umen, in das Tal von Valle Gran Rey und zum Meer verl\u00e4uft Dort k\u00f6nnen wir in einer typischen Hafenkneipe einkehren oder bei sch\u00f6nem Wetter ein Bad im Atlantik geniessen.<\/p>\n<p>Der Abstieg ins Valle Gran Rey bietet herrliche Aussichten. Das Tal wurde ber\u00fchmt durch seinen steilen Terassenanbau von Avocados und Datteln. Ebenso ist der Palmhonig eine Spezialit\u00e4t dieser Gegend. Am gleichnamigen schwarzen Sandstrand besteht die M\u00f6glichkeit zum Baden oder Restaurantbesuch. Leider war das Wetter nict geeignet zum Baden, aber ich k\u00f6nnte die Sonne auf meinem sch\u00f6nen Balkon im Hotel geniessen. Wanderzeit ca. 3\u00bd h \/ 800 m \u2191 300 m \u2193<\/p>\nngg_shortcode_0_placeholder\n","protected":false},"excerpt":{"rendered":"<p>25.04. Valle Gran Rey Nachdem wir zwei sch\u00f6ne T\u00e4ler, oder \u201cbarrancos\u201c, durchquert haben, erreichen wir das T\u00f6pferdorf El Cercado, und damit das sch\u00f6nste Tal der Insel: Barranco de Valle Gran Rey, mit seinen Terrassenfeldern und Palmenhainen. Wir kehren auf dem Weg in einem traditionellen Restaurant ein, dort werden uns regionale Spezialit\u00e4ten serviert. Nun sind wir &hellip; <a href=\"https:\/\/www.adrianwood.ch\/?page_id=23290\" class=\"more-link\">Continue reading <span class=\"screen-reader-text\">04 25 Valle Gran Rey<\/span> <span class=\"meta-nav\">&rarr;<\/span><\/a><\/p>\n","protected":false},"author":1,"featured_media":0,"parent":23281,"menu_order":3663,"comment_status":"closed","ping_status":"closed","template":"","meta":{"ngg_post_thumbnail":0,"footnotes":""},"class_list":["post-23290","page","type-page","status-publish","hentry"],"_links":{"self":[{"href":"https:\/\/www.adrianwood.ch\/index.php?rest_route=\/wp\/v2\/pages\/23290","targetHints":{"allow":["GET"]}}],"collection":[{"href":"https:\/\/www.adrianwood.ch\/index.php?rest_route=\/wp\/v2\/pages"}],"about":[{"href":"https:\/\/www.adrianwood.ch\/index.php?rest_route=\/wp\/v2\/types\/page"}],"author":[{"embeddable":true,"href":"https:\/\/www.adrianwood.ch\/index.php?rest_route=\/wp\/v2\/users\/1"}],"replies":[{"embeddable":true,"href":"https:\/\/www.adrianwood.ch\/index.php?rest_route=%2Fwp%2Fv2%2Fcomments&post=23290"}],"version-history":[{"count":4,"href":"https:\/\/www.adrianwood.ch\/index.php?rest_route=\/wp\/v2\/pages\/23290\/revisions"}],"predecessor-version":[{"id":23293,"href":"https:\/\/www.adrianwood.ch\/index.php?rest_route=\/wp\/v2\/pages\/23290\/revisions\/23293"}],"up":[{"embeddable":true,"href":"https:\/\/www.adrianwood.ch\/index.php?rest_route=\/wp\/v2\/pages\/23281"}],"wp:attachment":[{"href":"https:\/\/www.adrianwood.ch\/index.php?rest_route=%2Fwp%2Fv2%2Fmedia&parent=23290"}],"curies":[{"name":"wp","href":"https:\/\/api.w.org\/{rel}","templated":true}]}}