{"id":23298,"date":"2022-06-06T13:27:30","date_gmt":"2022-06-06T13:27:30","guid":{"rendered":"https:\/\/www.adrianwood.ch\/?page_id=23298"},"modified":"2022-06-06T16:16:55","modified_gmt":"2022-06-06T16:16:55","slug":"04-27-playa-de-medio","status":"publish","type":"page","link":"https:\/\/www.adrianwood.ch\/?page_id=23298","title":{"rendered":"04 27 Playa de Medio"},"content":{"rendered":"<figure id=\"attachment_23299\" aria-describedby=\"caption-attachment-23299\" style=\"width: 1717px\" class=\"wp-caption alignleft\"><a href=\"https:\/\/www.adrianwood.ch\/wp-content\/uploads\/2022\/06\/GOM_0258-Pano.jpg\"><img loading=\"lazy\" decoding=\"async\" class=\"size-full wp-image-23299\" src=\"https:\/\/www.adrianwood.ch\/wp-content\/uploads\/2022\/06\/GOM_0258-Pano.jpg\" alt=\"\" width=\"1717\" height=\"1080\" srcset=\"https:\/\/www.adrianwood.ch\/wp-content\/uploads\/2022\/06\/GOM_0258-Pano.jpg 1717w, https:\/\/www.adrianwood.ch\/wp-content\/uploads\/2022\/06\/GOM_0258-Pano-300x189.jpg 300w, https:\/\/www.adrianwood.ch\/wp-content\/uploads\/2022\/06\/GOM_0258-Pano-1024x644.jpg 1024w, https:\/\/www.adrianwood.ch\/wp-content\/uploads\/2022\/06\/GOM_0258-Pano-768x483.jpg 768w, https:\/\/www.adrianwood.ch\/wp-content\/uploads\/2022\/06\/GOM_0258-Pano-1536x966.jpg 1536w\" sizes=\"auto, (max-width: 1717px) 100vw, 1717px\" \/><\/a><figcaption id=\"caption-attachment-23299\" class=\"wp-caption-text\">Playa de Medio<\/figcaption><\/figure>\n<p><strong>27.04. <\/strong><strong>Playa de Medio und Hotel Jardin Tecina<\/strong><\/p>\n<p>Wir k\u00f6nnten einen freien Tag in der sch\u00f6nen Hotelanlage verbringen oder die Gegend von Playa de Santiago auf eigene Faust entdecken.<\/p>\n<p>Ich machte eine kurze Wanderung mit zwei Mitgliederinnen der Wandergruppe zur abgelegene Strand Playa de Medio. Es fing direkt am unteren Ende der Hotelanlage in der Nahe meines Zimmers an und lief zuerst auf eine erh\u00f6hte K\u00fcstenpromade. Nachher mussten die raue Felsen zwischen zwei Barrancos \u00fcberquert werden.<\/p>\nngg_shortcode_0_placeholder\n","protected":false},"excerpt":{"rendered":"<p>27.04. Playa de Medio und Hotel Jardin Tecina Wir k\u00f6nnten einen freien Tag in der sch\u00f6nen Hotelanlage verbringen oder die Gegend von Playa de Santiago auf eigene Faust entdecken. Ich machte eine kurze Wanderung mit zwei Mitgliederinnen der Wandergruppe zur abgelegene Strand Playa de Medio. Es fing direkt am unteren Ende der Hotelanlage in der &hellip; <a href=\"https:\/\/www.adrianwood.ch\/?page_id=23298\" class=\"more-link\">Continue reading <span class=\"screen-reader-text\">04 27 Playa de Medio<\/span> <span class=\"meta-nav\">&rarr;<\/span><\/a><\/p>\n","protected":false},"author":1,"featured_media":0,"parent":23281,"menu_order":3665,"comment_status":"closed","ping_status":"closed","template":"","meta":{"ngg_post_thumbnail":0,"footnotes":""},"class_list":["post-23298","page","type-page","status-publish","hentry"],"_links":{"self":[{"href":"https:\/\/www.adrianwood.ch\/index.php?rest_route=\/wp\/v2\/pages\/23298","targetHints":{"allow":["GET"]}}],"collection":[{"href":"https:\/\/www.adrianwood.ch\/index.php?rest_route=\/wp\/v2\/pages"}],"about":[{"href":"https:\/\/www.adrianwood.ch\/index.php?rest_route=\/wp\/v2\/types\/page"}],"author":[{"embeddable":true,"href":"https:\/\/www.adrianwood.ch\/index.php?rest_route=\/wp\/v2\/users\/1"}],"replies":[{"embeddable":true,"href":"https:\/\/www.adrianwood.ch\/index.php?rest_route=%2Fwp%2Fv2%2Fcomments&post=23298"}],"version-history":[{"count":4,"href":"https:\/\/www.adrianwood.ch\/index.php?rest_route=\/wp\/v2\/pages\/23298\/revisions"}],"predecessor-version":[{"id":23452,"href":"https:\/\/www.adrianwood.ch\/index.php?rest_route=\/wp\/v2\/pages\/23298\/revisions\/23452"}],"up":[{"embeddable":true,"href":"https:\/\/www.adrianwood.ch\/index.php?rest_route=\/wp\/v2\/pages\/23281"}],"wp:attachment":[{"href":"https:\/\/www.adrianwood.ch\/index.php?rest_route=%2Fwp%2Fv2%2Fmedia&parent=23298"}],"curies":[{"name":"wp","href":"https:\/\/api.w.org\/{rel}","templated":true}]}}