{"id":23303,"date":"2022-06-06T13:35:39","date_gmt":"2022-06-06T13:35:39","guid":{"rendered":"https:\/\/www.adrianwood.ch\/?page_id=23303"},"modified":"2022-06-06T15:49:03","modified_gmt":"2022-06-06T15:49:03","slug":"04-26-benchijugua","status":"publish","type":"page","link":"https:\/\/www.adrianwood.ch\/?page_id=23303","title":{"rendered":"04 28 Benchijugua"},"content":{"rendered":"<figure id=\"attachment_23304\" aria-describedby=\"caption-attachment-23304\" style=\"width: 1620px\" class=\"wp-caption alignleft\"><a href=\"https:\/\/www.adrianwood.ch\/wp-content\/uploads\/2022\/06\/GOM_0342.jpg\"><img loading=\"lazy\" decoding=\"async\" class=\"size-full wp-image-23304\" src=\"https:\/\/www.adrianwood.ch\/wp-content\/uploads\/2022\/06\/GOM_0342.jpg\" alt=\"\" width=\"1620\" height=\"1080\" srcset=\"https:\/\/www.adrianwood.ch\/wp-content\/uploads\/2022\/06\/GOM_0342.jpg 1620w, https:\/\/www.adrianwood.ch\/wp-content\/uploads\/2022\/06\/GOM_0342-300x200.jpg 300w, https:\/\/www.adrianwood.ch\/wp-content\/uploads\/2022\/06\/GOM_0342-1024x683.jpg 1024w, https:\/\/www.adrianwood.ch\/wp-content\/uploads\/2022\/06\/GOM_0342-768x512.jpg 768w, https:\/\/www.adrianwood.ch\/wp-content\/uploads\/2022\/06\/GOM_0342-1536x1024.jpg 1536w\" sizes=\"auto, (max-width: 1620px) 100vw, 1620px\" \/><\/a><figcaption id=\"caption-attachment-23304\" class=\"wp-caption-text\">kurz vor der Passh\u00f6he<\/figcaption><\/figure>\n<h2><strong>28.04. Benchijigua<\/strong><\/h2>\n<p>Im wildromantischen Bergdorf Pastrana beginnt unser Weg durch exotische G\u00e4rten, wo Papayas, Mangos und Avocados wachsen. Es geht hoch zum verlassenen Ort von Benchijigua, ges\u00e4umt von Palmen und mit dem beeindruckenden Fels Agando im Hintergrund. Das von Palmen gelegene Dorf Imada, erreichen wir durch eine steile Felswand mit st\u00e4ndigem Blick auf die T\u00e4ler und das Meer.<\/p>\n<p>An diesem Tag f\u00fchrt der Weg an einsamen Siedlungen, Dattelpalmen und ehemaligen Vulkanschloten, an Benchijigua vorbei und \u00fcber einen Pass zum Bergdorf Imada. Nach einem steilen Aufstieg erreichen wir die Passh\u00f6he, wo wir die herrliche Aussicht und unsere Mittagspause geniessen. Angekommen in Imada sch\u00e4tzen wir einen wohl-verdienten Bier. Wanderzeit ca. 4 h \/ 600 m \u2191 300 m \u2193<\/p>\nngg_shortcode_0_placeholder\n","protected":false},"excerpt":{"rendered":"<p>28.04. Benchijigua Im wildromantischen Bergdorf Pastrana beginnt unser Weg durch exotische G\u00e4rten, wo Papayas, Mangos und Avocados wachsen. Es geht hoch zum verlassenen Ort von Benchijigua, ges\u00e4umt von Palmen und mit dem beeindruckenden Fels Agando im Hintergrund. Das von Palmen gelegene Dorf Imada, erreichen wir durch eine steile Felswand mit st\u00e4ndigem Blick auf die T\u00e4ler &hellip; <a href=\"https:\/\/www.adrianwood.ch\/?page_id=23303\" class=\"more-link\">Continue reading <span class=\"screen-reader-text\">04 28 Benchijugua<\/span> <span class=\"meta-nav\">&rarr;<\/span><\/a><\/p>\n","protected":false},"author":1,"featured_media":0,"parent":23281,"menu_order":3666,"comment_status":"closed","ping_status":"closed","template":"","meta":{"ngg_post_thumbnail":0,"footnotes":""},"class_list":["post-23303","page","type-page","status-publish","hentry"],"_links":{"self":[{"href":"https:\/\/www.adrianwood.ch\/index.php?rest_route=\/wp\/v2\/pages\/23303","targetHints":{"allow":["GET"]}}],"collection":[{"href":"https:\/\/www.adrianwood.ch\/index.php?rest_route=\/wp\/v2\/pages"}],"about":[{"href":"https:\/\/www.adrianwood.ch\/index.php?rest_route=\/wp\/v2\/types\/page"}],"author":[{"embeddable":true,"href":"https:\/\/www.adrianwood.ch\/index.php?rest_route=\/wp\/v2\/users\/1"}],"replies":[{"embeddable":true,"href":"https:\/\/www.adrianwood.ch\/index.php?rest_route=%2Fwp%2Fv2%2Fcomments&post=23303"}],"version-history":[{"count":4,"href":"https:\/\/www.adrianwood.ch\/index.php?rest_route=\/wp\/v2\/pages\/23303\/revisions"}],"predecessor-version":[{"id":23437,"href":"https:\/\/www.adrianwood.ch\/index.php?rest_route=\/wp\/v2\/pages\/23303\/revisions\/23437"}],"up":[{"embeddable":true,"href":"https:\/\/www.adrianwood.ch\/index.php?rest_route=\/wp\/v2\/pages\/23281"}],"wp:attachment":[{"href":"https:\/\/www.adrianwood.ch\/index.php?rest_route=%2Fwp%2Fv2%2Fmedia&parent=23303"}],"curies":[{"name":"wp","href":"https:\/\/api.w.org\/{rel}","templated":true}]}}