{"id":23306,"date":"2022-06-06T13:42:01","date_gmt":"2022-06-06T13:42:01","guid":{"rendered":"https:\/\/www.adrianwood.ch\/?page_id=23306"},"modified":"2022-06-06T15:50:38","modified_gmt":"2022-06-06T15:50:38","slug":"04-27-el-cedro","status":"publish","type":"page","link":"https:\/\/www.adrianwood.ch\/?page_id=23306","title":{"rendered":"04 29 El Cedro"},"content":{"rendered":"<figure id=\"attachment_23307\" aria-describedby=\"caption-attachment-23307\" style=\"width: 1620px\" class=\"wp-caption alignleft\"><a href=\"https:\/\/www.adrianwood.ch\/wp-content\/uploads\/2022\/06\/GOM_0450.jpg\"><img loading=\"lazy\" decoding=\"async\" class=\"size-full wp-image-23307\" src=\"https:\/\/www.adrianwood.ch\/wp-content\/uploads\/2022\/06\/GOM_0450.jpg\" alt=\"\" width=\"1620\" height=\"1080\" srcset=\"https:\/\/www.adrianwood.ch\/wp-content\/uploads\/2022\/06\/GOM_0450.jpg 1620w, https:\/\/www.adrianwood.ch\/wp-content\/uploads\/2022\/06\/GOM_0450-300x200.jpg 300w, https:\/\/www.adrianwood.ch\/wp-content\/uploads\/2022\/06\/GOM_0450-1024x683.jpg 1024w, https:\/\/www.adrianwood.ch\/wp-content\/uploads\/2022\/06\/GOM_0450-768x512.jpg 768w, https:\/\/www.adrianwood.ch\/wp-content\/uploads\/2022\/06\/GOM_0450-1536x1024.jpg 1536w\" sizes=\"auto, (max-width: 1620px) 100vw, 1620px\" \/><\/a><figcaption id=\"caption-attachment-23307\" class=\"wp-caption-text\">Moos bewachsene Baume im Lorbeerwald<\/figcaption><\/figure>\n<h2><strong>29.04. El Cedro Nationalpark<\/strong><\/h2>\n<p>Wir wandern durch das Herzst\u00fcck des Lorbeerwaldes \u2013 es ist wie ein Freilichtmuseum der Natur. Ein Urwald, der vor der Eiszeit schon existierte, begr\u00fc\u00dft uns mit offenen Farnen und einem dichten Wald, der uns vergessen l\u00e4sst, dass unser Nachbar die Sahara ist.Entlang des einzigen ganzj\u00e4hrig flie\u00dfenden Baches zum Dorf El Cedro. \u00dcber eine Steilstufe vorbei an einem Wasserfall gelangt man in den Bco.von Monteforte mit wechselnden Tiefblicken.<\/p>\n<p>Eine sch\u00f6ne Wanderung im Nationalpark Cedro. Das Naturschutzgebiet geh\u00f6rt mit dem hohen Anteil an Lorbeerb\u00e4umen zum UNESCO-Welterbe. Der weitere Verlauf der Wanderung f\u00fchrt uns bis zur Talsperre bei Los Tilos und weiter nach San Pedro, wo wir wieder in einem traditionellen Restaurant verw\u00f6hnt werden. Auf dem Heimfahrt machen wir einenkurzen Halt beim Roque Agando:der ehemalige Vulkanschlot ist der wohl spektakul\u00e4rste Felsen auf La Gomera.Wanderzeit ca. 3\u00bd h \/ 390 m \u2191 600 m \u2193<\/p>\nngg_shortcode_0_placeholder\n","protected":false},"excerpt":{"rendered":"<p>29.04. El Cedro Nationalpark Wir wandern durch das Herzst\u00fcck des Lorbeerwaldes \u2013 es ist wie ein Freilichtmuseum der Natur. Ein Urwald, der vor der Eiszeit schon existierte, begr\u00fc\u00dft uns mit offenen Farnen und einem dichten Wald, der uns vergessen l\u00e4sst, dass unser Nachbar die Sahara ist.Entlang des einzigen ganzj\u00e4hrig flie\u00dfenden Baches zum Dorf El Cedro. &hellip; <a href=\"https:\/\/www.adrianwood.ch\/?page_id=23306\" class=\"more-link\">Continue reading <span class=\"screen-reader-text\">04 29 El Cedro<\/span> <span class=\"meta-nav\">&rarr;<\/span><\/a><\/p>\n","protected":false},"author":1,"featured_media":0,"parent":23281,"menu_order":3667,"comment_status":"closed","ping_status":"closed","template":"","meta":{"ngg_post_thumbnail":0,"footnotes":""},"class_list":["post-23306","page","type-page","status-publish","hentry"],"_links":{"self":[{"href":"https:\/\/www.adrianwood.ch\/index.php?rest_route=\/wp\/v2\/pages\/23306","targetHints":{"allow":["GET"]}}],"collection":[{"href":"https:\/\/www.adrianwood.ch\/index.php?rest_route=\/wp\/v2\/pages"}],"about":[{"href":"https:\/\/www.adrianwood.ch\/index.php?rest_route=\/wp\/v2\/types\/page"}],"author":[{"embeddable":true,"href":"https:\/\/www.adrianwood.ch\/index.php?rest_route=\/wp\/v2\/users\/1"}],"replies":[{"embeddable":true,"href":"https:\/\/www.adrianwood.ch\/index.php?rest_route=%2Fwp%2Fv2%2Fcomments&post=23306"}],"version-history":[{"count":4,"href":"https:\/\/www.adrianwood.ch\/index.php?rest_route=\/wp\/v2\/pages\/23306\/revisions"}],"predecessor-version":[{"id":23315,"href":"https:\/\/www.adrianwood.ch\/index.php?rest_route=\/wp\/v2\/pages\/23306\/revisions\/23315"}],"up":[{"embeddable":true,"href":"https:\/\/www.adrianwood.ch\/index.php?rest_route=\/wp\/v2\/pages\/23281"}],"wp:attachment":[{"href":"https:\/\/www.adrianwood.ch\/index.php?rest_route=%2Fwp%2Fv2%2Fmedia&parent=23306"}],"curies":[{"name":"wp","href":"https:\/\/api.w.org\/{rel}","templated":true}]}}