{"id":23454,"date":"2022-06-29T08:31:54","date_gmt":"2022-06-29T08:31:54","guid":{"rendered":"https:\/\/www.adrianwood.ch\/?page_id=23454"},"modified":"2022-07-04T11:32:13","modified_gmt":"2022-07-04T11:32:13","slug":"2022-05-karpathos","status":"publish","type":"page","link":"https:\/\/www.adrianwood.ch\/?page_id=23454","title":{"rendered":"2022-05 Karpathos"},"content":{"rendered":"<figure id=\"attachment_23455\" aria-describedby=\"caption-attachment-23455\" style=\"width: 2560px\" class=\"wp-caption alignleft\"><a href=\"https:\/\/www.adrianwood.ch\/wp-content\/uploads\/2022\/06\/KAR__0425-Pano-scaled.jpg\"><img loading=\"lazy\" decoding=\"async\" class=\"size-full wp-image-23455\" src=\"https:\/\/www.adrianwood.ch\/wp-content\/uploads\/2022\/06\/KAR__0425-Pano-scaled.jpg\" alt=\"\" width=\"2560\" height=\"755\" srcset=\"https:\/\/www.adrianwood.ch\/wp-content\/uploads\/2022\/06\/KAR__0425-Pano-scaled.jpg 2560w, https:\/\/www.adrianwood.ch\/wp-content\/uploads\/2022\/06\/KAR__0425-Pano-300x89.jpg 300w, https:\/\/www.adrianwood.ch\/wp-content\/uploads\/2022\/06\/KAR__0425-Pano-1024x302.jpg 1024w, https:\/\/www.adrianwood.ch\/wp-content\/uploads\/2022\/06\/KAR__0425-Pano-768x227.jpg 768w, https:\/\/www.adrianwood.ch\/wp-content\/uploads\/2022\/06\/KAR__0425-Pano-1536x453.jpg 1536w, https:\/\/www.adrianwood.ch\/wp-content\/uploads\/2022\/06\/KAR__0425-Pano-2048x604.jpg 2048w\" sizes=\"auto, (max-width: 2560px) 100vw, 2560px\" \/><\/a><figcaption id=\"caption-attachment-23455\" class=\"wp-caption-text\">Aussicht \u00fcber der Flaskia Schlucht<\/figcaption><\/figure>\n<h2><strong>Die Insel Karpathos \u2013 Traditionell, eigenwillig und erlebnisreich <\/strong><\/h2>\n<p><strong>Sa. 14.05. \u2013 Sa. 28.05.2022, <\/strong>15-t\u00e4gige Wanderreise in Griechenland<\/p>\n<h3><a href=\"https:\/\/www.adrianwood.ch\/?page_id=23462\">Programm<\/a><\/h3>\n<h3><a href=\"https:\/\/www.adrianwood.ch\/?page_id=23466\">Einf\u00fchrung<\/a><\/h3>\nngg_shortcode_0_placeholder\n<h2>Auschreibung<\/h2>\n<p>Karpathos liegt relativ unbekannt zwischen den beiden gro\u00dfen Inseln Kreta und Rhodos und gilt immer noch als Geheimtipp f\u00fcr Wanderer und Naturliebhaber.<\/p>\n<p>Die Insel ist ein Ph\u00e4nomen, denn wer sie erkundet, erkennt bald, dass sich der Norden vom S\u00fcdteil stark unterscheidet. Die Schroffheit und Unzug\u00e4nglichkeit des Nordens bewahrte die Menschen von \u00d3lympos und Diafani l\u00e4nger als anderswo vor Fremdeinfl\u00fcssen. Durch dieses isolierte Leben entwickelten die Einwohner eigene \u00dcberlebensstrategien, individuelle Rituale und Traditionen, die auch heute noch Einfluss auf ihren Alltag, vor allem aber bei traditionellen Festen haben mit Zeremonien, die nur hier existieren. Man hat den Eindruck, die Insel bestehe aus zwei Welten. Selbst die mittlerweile asphaltierte Stra\u00dfe, die vom \u201efortschrittlichen S\u00fcden\u201c in den Norden der Insel f\u00fchrt, \u00e4ndert kaum etwas daran.<\/p>\n<p>Auf ausgew\u00e4hlten Wanderungen \u201eerobern\u201c wir uns den S\u00fcden und den mittleren Teil der Insel. Mit einer Wanderung durch eine pinienbewaldete Schlucht zu fruchtbaren Hochebenen bereiten wir den Wechsel in den &#8220;wilden&#8221; Norden der Insel vor. Ein besonderes Erlebnis ist auf diesem Weg das Ziel, n\u00e4mlich die Lastos-Alm. Hier handelt es sich um ein von Wanderern und Insidern beliebtes Lokal. Thanassis bietet karpathiotische Hausmannskost, Gem\u00fcse, Wein, Raki&#8230; alles aus eigener Produktion. F\u00fcr erfahrene Gipfelst\u00fcrmer besteht von hier aus die M\u00f6glichkeit, den Kali Limni, mit 1215 m der h\u00f6chste Berg von Karpathos zu erklimmen. Am n\u00e4chsten Tag setzen wir von hier aus unsere Wanderung \u00fcber die Berge Richtung Norden fort.<\/p>\n<p>Nicht nur die atemberaubende Landschaft, sondern vor allem die Einwohner des Nordens ziehen uns in ihren Bann: Mit den Trachten, die viele Frauen auch im Alltag tragen, mit Lyra, Laute und Tsambo\u00fana, eine Art Dudelsack, die oft abends in den Tavernen gespielt werden, ist ein St\u00fcck Tradition am Leben geblieben, das fast \u00fcberall in Griechenland dem Fortschritt zum Opfer gefallen ist. Die Musik und T\u00e4nze aus Olympos und den anderen D\u00f6rfern des Nordens sind sehr traditionell und eigenwillig. Die ungew\u00f6hnliche Architektur von Olympos, die Menge der Windm\u00fchlen, das landwirtschaftlich genutzte Au\u00dfendorf Avlona \u2013 alles zeugt von einer Gesellschaftstruktur ganz besonderer Art, die sich zum gro\u00dfen Teil bis heute erhalten hat. Die Menschen sind gewohnt, sich selbst zu versorgen oder das Notwendige von den Nachbarinseln zu organisieren. So kommt ein Obst- und Gem\u00fcseh\u00e4ndler 2x mal in der Woche aus Kreta hierher, das Brot wird in hauseigenenen Back\u00f6fen einmal in der Woche auf Vorrat gebacken, in den Tavernen gibt es viel Fisch und auch Lamm- bzw. Ziegenfleisch.<\/p>\n<p>Historische Akzente werden bei dieser Reise vor allem durch die vier alten Hauptst\u00e4dte der Insel gesetzt. In seinem Werk \u201eGeographika\u201c berichtet der Schriftsteller Strabon, dass die Dorer um 1000 v. Chr. auf Karpathos vier solcher Polis errichteten. Diese St\u00e4dte waren wirtschaftlich und verwaltungsm\u00e4\u00dfig autark und zeugen heute noch mit ihren \u00dcberresten vom einstigen Glanz und einer vergleichsweise ungew\u00f6hnlich hohen Bev\u00f6lkerungsdichte.<\/p>\n<figure id=\"attachment_23481\" aria-describedby=\"caption-attachment-23481\" style=\"width: 1620px\" class=\"wp-caption alignleft\"><a href=\"https:\/\/www.adrianwood.ch\/wp-content\/uploads\/2022\/06\/20220520_085151.jpg\"><img loading=\"lazy\" decoding=\"async\" class=\"size-full wp-image-23481\" src=\"https:\/\/www.adrianwood.ch\/wp-content\/uploads\/2022\/06\/20220520_085151.jpg\" alt=\"\" width=\"1620\" height=\"1080\" srcset=\"https:\/\/www.adrianwood.ch\/wp-content\/uploads\/2022\/06\/20220520_085151.jpg 1620w, https:\/\/www.adrianwood.ch\/wp-content\/uploads\/2022\/06\/20220520_085151-300x200.jpg 300w, https:\/\/www.adrianwood.ch\/wp-content\/uploads\/2022\/06\/20220520_085151-1024x683.jpg 1024w, https:\/\/www.adrianwood.ch\/wp-content\/uploads\/2022\/06\/20220520_085151-768x512.jpg 768w, https:\/\/www.adrianwood.ch\/wp-content\/uploads\/2022\/06\/20220520_085151-1536x1024.jpg 1536w\" sizes=\"auto, (max-width: 1620px) 100vw, 1620px\" \/><\/a><figcaption id=\"caption-attachment-23481\" class=\"wp-caption-text\">auf dem Lastos Hochebene<\/figcaption><\/figure>\n","protected":false},"excerpt":{"rendered":"<p>Die Insel Karpathos \u2013 Traditionell, eigenwillig und erlebnisreich Sa. 14.05. \u2013 Sa. 28.05.2022, 15-t\u00e4gige Wanderreise in Griechenland Programm Einf\u00fchrung Auschreibung Karpathos liegt relativ unbekannt zwischen den beiden gro\u00dfen Inseln Kreta und Rhodos und gilt immer noch als Geheimtipp f\u00fcr Wanderer und Naturliebhaber. Die Insel ist ein Ph\u00e4nomen, denn wer sie erkundet, erkennt bald, dass sich &hellip; <a href=\"https:\/\/www.adrianwood.ch\/?page_id=23454\" class=\"more-link\">Continue reading <span class=\"screen-reader-text\">2022-05 Karpathos<\/span> <span class=\"meta-nav\">&rarr;<\/span><\/a><\/p>\n","protected":false},"author":1,"featured_media":0,"parent":20756,"menu_order":262,"comment_status":"closed","ping_status":"closed","template":"","meta":{"ngg_post_thumbnail":0,"footnotes":""},"class_list":["post-23454","page","type-page","status-publish","hentry"],"_links":{"self":[{"href":"https:\/\/www.adrianwood.ch\/index.php?rest_route=\/wp\/v2\/pages\/23454","targetHints":{"allow":["GET"]}}],"collection":[{"href":"https:\/\/www.adrianwood.ch\/index.php?rest_route=\/wp\/v2\/pages"}],"about":[{"href":"https:\/\/www.adrianwood.ch\/index.php?rest_route=\/wp\/v2\/types\/page"}],"author":[{"embeddable":true,"href":"https:\/\/www.adrianwood.ch\/index.php?rest_route=\/wp\/v2\/users\/1"}],"replies":[{"embeddable":true,"href":"https:\/\/www.adrianwood.ch\/index.php?rest_route=%2Fwp%2Fv2%2Fcomments&post=23454"}],"version-history":[{"count":8,"href":"https:\/\/www.adrianwood.ch\/index.php?rest_route=\/wp\/v2\/pages\/23454\/revisions"}],"predecessor-version":[{"id":23760,"href":"https:\/\/www.adrianwood.ch\/index.php?rest_route=\/wp\/v2\/pages\/23454\/revisions\/23760"}],"up":[{"embeddable":true,"href":"https:\/\/www.adrianwood.ch\/index.php?rest_route=\/wp\/v2\/pages\/20756"}],"wp:attachment":[{"href":"https:\/\/www.adrianwood.ch\/index.php?rest_route=%2Fwp%2Fv2%2Fmedia&parent=23454"}],"curies":[{"name":"wp","href":"https:\/\/api.w.org\/{rel}","templated":true}]}}