{"id":23462,"date":"2022-06-29T08:47:32","date_gmt":"2022-06-29T08:47:32","guid":{"rendered":"https:\/\/www.adrianwood.ch\/?page_id=23462"},"modified":"2022-07-04T11:36:05","modified_gmt":"2022-07-04T11:36:05","slug":"programm","status":"publish","type":"page","link":"https:\/\/www.adrianwood.ch\/?page_id=23462","title":{"rendered":"Programm"},"content":{"rendered":"<figure id=\"attachment_23463\" aria-describedby=\"caption-attachment-23463\" style=\"width: 1620px\" class=\"wp-caption alignleft\"><a href=\"https:\/\/www.adrianwood.ch\/wp-content\/uploads\/2022\/06\/KAR__0596.jpg\"><img loading=\"lazy\" decoding=\"async\" class=\"size-full wp-image-23463\" src=\"https:\/\/www.adrianwood.ch\/wp-content\/uploads\/2022\/06\/KAR__0596.jpg\" alt=\"\" width=\"1620\" height=\"1080\" srcset=\"https:\/\/www.adrianwood.ch\/wp-content\/uploads\/2022\/06\/KAR__0596.jpg 1620w, https:\/\/www.adrianwood.ch\/wp-content\/uploads\/2022\/06\/KAR__0596-300x200.jpg 300w, https:\/\/www.adrianwood.ch\/wp-content\/uploads\/2022\/06\/KAR__0596-1024x683.jpg 1024w, https:\/\/www.adrianwood.ch\/wp-content\/uploads\/2022\/06\/KAR__0596-768x512.jpg 768w, https:\/\/www.adrianwood.ch\/wp-content\/uploads\/2022\/06\/KAR__0596-1536x1024.jpg 1536w\" sizes=\"auto, (max-width: 1620px) 100vw, 1620px\" \/><\/a><figcaption id=\"caption-attachment-23463\" class=\"wp-caption-text\">die Kirche von Diafani<\/figcaption><\/figure>\n<h3>Menu links Ben\u00fctzen \/ Use menue on left<\/h3>\n<h2><strong>Wanderreise Karpathos 14.05. \u2013 28.05.2022, Programm<\/strong><\/h2>\n<p>Auf 10 Wanderungen und einem Erkundungsspaziergang entdecken wir die Insel Karpathos und die kleine Nachbarinsel Saria. Die Fahrten finden mit Charterbus und Boot statt.<\/p>\n<ol>\n<li><strong> Tag: Sa 14.05. Anreise nach Rhodos <\/strong><\/li>\n<\/ol>\n<p>Flug-Anreise nach Rhodos, Abendessen, Ankunft um 23:55 Uhr am Flughafen. Ca. \u00bd st\u00fcndiger Transfer vom Flughafen zum Costa Park City Hotel. Bezug der Zimmer.<\/p>\n<ol start=\"2\">\n<li><strong> Tag: So 15.05. Erkundung von Rhodos<\/strong><\/li>\n<\/ol>\n<p>Nach der kurzen Nacht k\u00f6nnen wir ausschlafen. Das Fr\u00fchst\u00fccksb\u00fcffet im Hotel hat bis 10:30 Uhr ge\u00f6ffnet. Unsere Reiseleiterin Christa Gr\u00fcnbauer hat ein sch\u00f6nes Besichtigungsprogramm f\u00fcr Rhodos ausgearbeitet. Ganz in Ruhe werden wir die reizvolle Altstadt kennenlernen.<\/p>\n<ol start=\"3\">\n<li><strong> Tag: Mo 16.05. Flug von Rhodos nach Karpathos \/ zu den Str\u00e4nden von Amop\u00ed <\/strong><\/li>\n<\/ol>\n<p>Fr\u00fcher Aufbruch ohne Fr\u00fchst\u00fcck, um 6:30 Uhr f\u00e4hrt der Transferbus vom Hotel zum Flughafen. Zeitig startet der Sky Express-Flug am Flughafen Rhodos (RHO) und fliegt in 40 Minuten zum Flughafen Karpathos. Dort geht es z\u00fcgig zum Hotel Atlantis in Pigadia, wo die Gruppe mit einem sp\u00e4ten Fr\u00fchst\u00fcck empfangen wird.<\/p>\n<p>Am Nachmittag Wanderung von Pigadia \u00fcber den Akropolis-H\u00fcgel zum reizend gelegenen Kirchlein Agia Kiriaki und weiter nach zu den herrlichen Str\u00e4nden von Amop\u00ed, die zum erfrischenden Bad im blauen Meer einladen. (ca. 3,5 Std., 260 H\u00f6henmeter HM auf und ab)<\/p>\n<ol start=\"4\">\n<li><strong> Tag: Di 17.05. Zu den sch\u00f6nsten D\u00f6rfern <\/strong><\/li>\n<\/ol>\n<p>Die heutige Tour f\u00fchrt uns zu den sch\u00f6nsten D\u00f6rfern in der Mitte von Karpathos: wir wandern von Aperi, dem reichsten Dorf der Insel hinauf zu der weithin sichtbaren Stavroskapelle nach Volada (sehr steiler Aufstieg) und dann weiter nach Othos. Hier besuchen wir das kleine volkskundliche Museum, das einen interessanten Einblick in das Innere eines traditionellen Karpathos-Wohnhauses vermittelt. \u00dcber den kleinen Weinbau-Weiler Stes erreichen wir das h\u00fcbsche Dorf Piles, das Ziel unserer Wanderung. (ca. 4 Std., 250 HM auf und ab)<\/p>\n<ol start=\"5\">\n<li><strong> Tag: Mi 18.05. Quer durch den S\u00fcden der Insel <\/strong><\/li>\n<\/ol>\n<p>Menetes, von Pigadia aus st\u00e4ndig pr\u00e4sent, klebt wie ein Schwalbennest am Felsen. Auch aus der N\u00e4he betrachtet ist es ein sehenswertes Dorf mit der exponiert liegenden Marien-Kirche, typischen H\u00e4usern und den verwinkelten Gassen. Von hier aus wandern wir vorbei an G\u00e4rten zu dem Trulli-Kirchlein Agios Mammas. \u00dcber einen langen Fahrweg erreichen wir den h\u00fcbschen Ort Arkassa, in dessen N\u00e4he wir den Pal\u00e4okastrofelsen mit Resten einer fr\u00fchchristlichen Basilika und sehenswerten Mosaikfu\u00dfb\u00f6den finden. Ein kleiner Abstecher hinauf auf den Felsen, dem antiken Arkessia bietet uns einen tollen Rundumblick. Der wundersch\u00f6ne Sandstrand Agios Nikolaos lockt uns zu einem erfrischenden Bad. (ca. 4 Std., 350 HM auf und ab)<\/p>\n<ol start=\"6\">\n<li><strong> Tag: Do 19.05. Von Adia auf die Hochebene Lastos <\/strong><\/li>\n<\/ol>\n<p>Wir fahren nach Adia, um von Meeresh\u00f6he aus anfangs durch eine pinienbewachsene Schlucht dann mit tollen Ausblicken auf die K\u00fcstenlinie zur Hochebene Lastos hinauf zu wandern auf 720 m H\u00f6he (ca. 3,5 bis 4 Std., 720 HM aufw\u00e4rts). Das eigentliche Ziel der Tour ist die Lastos-Alm. Hier hat Thanassis stets frisch zubereitete sehr gute Hausmannskost zu bieten.<\/p>\n<p>Wer vor dem Essen (und Trinken) noch weiter will, kann von hier aus den \u201eKali Limni\u201c besteigen. Er ist mit 1215 m der h\u00f6chste Berg der Insel (weitere 500 HM auf- und abw\u00e4rts). Ein Bus holt uns von der Lastos-Alm ab und f\u00e4hrt uns wieder ins Hotel zur\u00fcck.<\/p>\n<ol start=\"7\">\n<li><strong> Tag: Fr 20.05. Wanderung in den Norden \/ Unterkunftswechsel <\/strong>Am Morgen lassen wir uns wieder zur Lastos-Hochebene hinauffahren und folgen durch eine wundersch\u00f6ne, alpin anmutende Landschaft dem alten Verbindungsweg in den Inselnorden. Bei Spoa nimmt uns der Bus wieder auf und f\u00e4hrt uns zu unserem n\u00e4chsten Standort Diafani (ca. 3,5 Std., 140 HM aufw\u00e4rts, 500 HM abw\u00e4rts). Unser Gep\u00e4ck wird in der Zwischenzeit nach Diafani gebracht.<\/li>\n<li><strong> Tag: Sa 21.05. Ankommen in Diafani <\/strong><\/li>\n<\/ol>\n<p>Bei einem Rundgang schauen wir uns das \u00d6rtchen Diafani an und wandern anschlie\u00dfend zum Strand Papa Mina. (ca. 2,5 Std. hin und zur\u00fcck)<\/p>\n<ol start=\"9\">\n<li><strong> Tag: So 22.05. Diafani \u2013 Avlona \u2013 Olympos <\/strong><\/li>\n<\/ol>\n<p>Von Diafani gehen wir zum Strand von Vananda, weiter durch eine Schlucht und sp\u00e4ter \u00fcber einen sch\u00f6n gepflasterten alten Verbindungsweg nach Avlona hinauf, einer landwirtschaftlichen Au\u00dfensiedlung von Olympos, die teilweise nur w\u00e4hrend der Saat- und Erntezeit bewohnt ist. Auf dem alten Fu\u00dfweg geht es weiter ins Dorf Olympos, das von den einstigen Bewohnern aus Angst vor Piraten\u00fcberf\u00e4llen so in die Berge gebaut wurde, dass es vom Meer her nicht sichtbar war. Noch heute besticht es durch seine Lage, aber auch durch die Menschen, die ihre Traditionen bewahrt haben (ca. 4,5 Std., 260 HM auf und ab).<\/p>\n<ol start=\"10\">\n<li><strong> Tag: Mo 23.05. Zur freien Verf\u00fcgung in Diafani <\/strong><\/li>\n<\/ol>\n<p>M\u00f6glichkeiten: Entspannen in Diafani, Badezeit an einem der Str\u00e4nde der Umgebung, individuelles Wandern<\/p>\n<ol start=\"11\">\n<li><strong> Tag: Di 24.05. Bootsausflug nach Saria <\/strong><\/li>\n<\/ol>\n<p>Auf dem Boot von Kapit\u00e4n Niko fahren wir zur Nachbarinsel Saria. Eine sehr abwechslungsreiche Streckenwanderung f\u00fchrt uns \u00fcber verschiedene Hochebenen mit einigen alten Olivenhainen und durch verlassene D\u00f6rfer. Das Ziel unserer Wanderung ist eine herrliche Bucht zwischen steil abfallenden Felsw\u00e4nden am Ende einer kleinen Schlucht. Hier liegt die Siedlung Ta Palatia mit Steinbauten mit runden D\u00e4chern, die im Mittelalter als Piraten-Unterschlupf gedient haben soll. Hier erwartet uns Kapit\u00e4n Niko mit einem frisch zubereiteten Picknick. (ca. 4,5 Std., 250 HM auf und ab)<\/p>\n<ol start=\"12\">\n<li><strong> Tag: Mi 25.05. Nach Olympos durch die \u201eHintert\u00fcre\u201c <\/strong><\/li>\n<\/ol>\n<p>Ungef\u00e4hr bei der H\u00e4lfte des alten Verbindungswegs von Spoa nach \u00d3lympos steigen wir ein in die Wanderung, die uns herrliche Ausblicke auf die Westk\u00fcste und eine neue Perspektive auf \u00d3lympos erm\u00f6glicht. Von Olympos wandern wir hinab nach Diafani (ca. 3 Std., ca. 360 HM abw\u00e4rts).<\/p>\n<ol start=\"13\">\n<li><strong> Tag: Do 26.05. Vroukunda und Tristomo <\/strong><\/li>\n<\/ol>\n<p>Wir wandern von Avlona aus \u00fcber den alten Verbindungsweg zur antiken St\u00e4tte Vroukunda mit der H\u00f6hlenkirche des Heiligen Johannes, wo allj\u00e4hrlich am 28. August ein gro\u00dfes Fest gefeiert wird. Kapit\u00e4n Niko schippert uns vorbei an Tristomo, dem antiken Hafen von Vroukounda wieder zur\u00fcck nach Diafani. (ca. 1,5 bis 2 Std.)<\/p>\n<ol start=\"14\">\n<li><strong> Tag: Fr 27.05.2022 Abschied von Karpathos \/ Flug Karpathos &#8211; Rhodos<\/strong><\/li>\n<\/ol>\n<p>Wir haben wegen der sp\u00e4ten Flugzeit gen\u00fcgend Zeit, Abschied zu nehmen von Karpathos, Koffer zu packen\u2026 Transfer von Diafani zum Flughafen Karpathos passend zur Abflugszeit 18.50 Uhr des Sky Express-Fluges.<\/p>\n<ol start=\"15\">\n<li><strong> Tag: Sa 28.05. Heimreise <\/strong><\/li>\n<\/ol>\n<p>Einen halben Tag steht noch zur Erkundung der Altstadt von Rhodos zur Verf\u00fcgung, da der R\u00fcckflug nach Basel erst um 16:40 h ist.<\/p>\n","protected":false},"excerpt":{"rendered":"<p>Menu links Ben\u00fctzen \/ Use menue on left Wanderreise Karpathos 14.05. \u2013 28.05.2022, Programm Auf 10 Wanderungen und einem Erkundungsspaziergang entdecken wir die Insel Karpathos und die kleine Nachbarinsel Saria. Die Fahrten finden mit Charterbus und Boot statt. Tag: Sa 14.05. Anreise nach Rhodos Flug-Anreise nach Rhodos, Abendessen, Ankunft um 23:55 Uhr am Flughafen. Ca. &hellip; <a href=\"https:\/\/www.adrianwood.ch\/?page_id=23462\" class=\"more-link\">Continue reading <span class=\"screen-reader-text\">Programm<\/span> <span class=\"meta-nav\">&rarr;<\/span><\/a><\/p>\n","protected":false},"author":1,"featured_media":0,"parent":23454,"menu_order":2620,"comment_status":"closed","ping_status":"closed","template":"","meta":{"ngg_post_thumbnail":0,"footnotes":""},"class_list":["post-23462","page","type-page","status-publish","hentry"],"_links":{"self":[{"href":"https:\/\/www.adrianwood.ch\/index.php?rest_route=\/wp\/v2\/pages\/23462","targetHints":{"allow":["GET"]}}],"collection":[{"href":"https:\/\/www.adrianwood.ch\/index.php?rest_route=\/wp\/v2\/pages"}],"about":[{"href":"https:\/\/www.adrianwood.ch\/index.php?rest_route=\/wp\/v2\/types\/page"}],"author":[{"embeddable":true,"href":"https:\/\/www.adrianwood.ch\/index.php?rest_route=\/wp\/v2\/users\/1"}],"replies":[{"embeddable":true,"href":"https:\/\/www.adrianwood.ch\/index.php?rest_route=%2Fwp%2Fv2%2Fcomments&post=23462"}],"version-history":[{"count":3,"href":"https:\/\/www.adrianwood.ch\/index.php?rest_route=\/wp\/v2\/pages\/23462\/revisions"}],"predecessor-version":[{"id":23766,"href":"https:\/\/www.adrianwood.ch\/index.php?rest_route=\/wp\/v2\/pages\/23462\/revisions\/23766"}],"up":[{"embeddable":true,"href":"https:\/\/www.adrianwood.ch\/index.php?rest_route=\/wp\/v2\/pages\/23454"}],"wp:attachment":[{"href":"https:\/\/www.adrianwood.ch\/index.php?rest_route=%2Fwp%2Fv2%2Fmedia&parent=23462"}],"curies":[{"name":"wp","href":"https:\/\/api.w.org\/{rel}","templated":true}]}}