{"id":2348,"date":"2012-12-15T12:37:09","date_gmt":"2012-12-15T11:37:09","guid":{"rendered":"http:\/\/adrianwood.ch\/?page_id=2348"},"modified":"2012-12-15T12:37:09","modified_gmt":"2012-12-15T11:37:09","slug":"10-02-puna-hinweg","status":"publish","type":"page","link":"https:\/\/www.adrianwood.ch\/?page_id=2348","title":{"rendered":"10 &#8211; 02 Puna Hinweg"},"content":{"rendered":"<figure id=\"attachment_2349\" aria-describedby=\"caption-attachment-2349\" style=\"width: 730px\" class=\"wp-caption alignleft\"><a href=\"http:\/\/adrianwood.ch\/private-holidays\/2006-09-argentina\/10-02-puna-hinweg\/iru_0435_3_r7\/\" rel=\"attachment wp-att-2349\"><img loading=\"lazy\" decoding=\"async\" class=\"size-full wp-image-2349\" title=\"IRU_0435_3_r7\" src=\"http:\/\/adrianwood.ch\/wp-content\/uploads\/2012\/12\/IRU_0435_3_r7.jpg\" alt=\"Riesige Kandelaberkakteen bei Humahuaca\" width=\"730\" height=\"485\" \/><\/a><figcaption id=\"caption-attachment-2349\" class=\"wp-caption-text\">Riesige Kandelaberkakteen bei Humahuaca<\/figcaption><\/figure>\n<h2><strong>Puna de Atacama Hinweg, \u00fcber hohe P\u00e4sse zur chilenischen Atacamaw\u00fcste<\/strong>.<\/h2>\n<h3>(Puna \u2013 die Andenhochebene in NW Argentiniens bzw. im Norden Chiles)<\/h3>\n<p><strong>Montag 2.Oktober<\/strong><\/p>\n<p>Wir \u00fcbernachten zweimal in der Hoster\u00eda &#8220;Manantial del Silencio&#8221;, in Purmamarca, 2300 m.\u00fc.M., ein Bilderbuchd\u00f6rfchen umgeben von farbigen Bergen in einem Seitental der Route nach Bolivien. Eine kleinere Rundfahrt nach Norden bringt uns zu den Salinas Grandes, und\/oder Tilcara, Humahuaca. Wir richten uns nach den im Tagesverlauf sich ver\u00e4ndernden Lichtverh\u00e4ltnissen, um die farbigen Berge und die riesigen Kandelaberkakteen optimal fotografieren zu k\u00f6nnen.<\/p>\n<p><strong>Dienstag 3.Oktober<\/strong><\/p>\n<p>Da wir inzwischen weitgehend h\u00f6hengewohnt sind, werden wir auf unserer Tagesfahrt, welche auf weiten Strecken auf \u00fcber 4000 m.\u00fc.M. \u00fcber den Paso de Jama f\u00fchrt, kaum Probleme haben. Der nach Chile f\u00fchrende Jamapass ist fertig asfaltiert worden, wodurch die Fahrt nach San Pedro de Atacama um einiges komfortabler als in den Jahren davor geworden ist. Auf dieser Strasse verkehren ausser uns nur noch einige wenige Lkw, und wir sehen die andinen Verwandten der bekannten Guanacos, n\u00e4mlich die scheuen, flinken Vicu\u00f1as und ihre domestizierten Verwandten, die zottligen Llamas. Die Landschaft links und rechts der Jamapassstrasse ist in ihrer langsam ablaufenden Monotonie sehr faszinierend.<\/p>\n<p>Nach steilem Abstieg nach San Pedro de Atacama beziehen wir Quartier f\u00fcr drei N\u00e4chte in der gastfreundlichen Casa de don Tom\u00e1s. Der verschlafenen D\u00f6rfchen auf 2400 m.\u00fc.M. war fr\u00fcher ein Geheimtipp f\u00fcr Hippies, ist aber heute eher eine Station f\u00fcr weitreisende Touristen. Der Atacamaw\u00fcste hat das trockenste Klima der Welt.<\/p>\n<p><strong>Mittwoch 4.Oktober<\/strong><\/p>\n<p>Vormittag frei, wobei ein Besuch des hervorragend pr\u00e4sentierten, kleinen Museums sehr zu empfehlen ist, welches ganz der lokalen Indiokultur gewidmet ist. Mittags fahren wir nach Toconao wo wir einige einheimische Handwerker an der Arbeit besuchen k\u00f6nnen und anschliessend zum Picnic an eine vertr\u00e4umte Oase am B\u00e4chlein mitten in der W\u00fcste. Am sp\u00e4teren Nachmittag fahren wir weiter zum grossen Salzsee um vor allem den stimmungsvollen Abendflug der Flamingos zu geniessen.<\/p>\n<p><em>We visited the ruins of a pre-Inca village which was surrounded with huge candelabra cactus and then left early the next day for the long drive over 4500 to 4800 high passes to Chile. On the way we saw several groups of vicu\u00f1a, which are similar to the guanacos in Patagonia but appear smaller and slimmer. They only live at heights above 3000m. Everything is extremely dry. Hardly a plant in sight, though there are some pampas grass in the few almost dry river beds. The customs controls are tedious wasting time in an already long day. There are huge salt flats, some 100km. long and we went to see flamingos at a lagoon in one. After Tanzania I was expecting to see them in greater numbers, but there was a beautiful\u00a0atmosphere there at sunset.<\/em> ngg_shortcode_0_placeholder<\/p>\n<figure id=\"attachment_2350\" aria-describedby=\"caption-attachment-2350\" style=\"width: 884px\" class=\"wp-caption alignleft\"><a href=\"http:\/\/adrianwood.ch\/private-holidays\/2006-09-argentina\/10-02-puna-hinweg\/salta-paso-de-jama-r\/\" rel=\"attachment wp-att-2350\"><img loading=\"lazy\" decoding=\"async\" class=\"size-full wp-image-2350\" title=\"Salta - Paso de Jama\" src=\"http:\/\/adrianwood.ch\/wp-content\/uploads\/2012\/12\/Salta-Paso-de-Jama-r.jpg\" alt=\"\" width=\"884\" height=\"1359\" \/><\/a><figcaption id=\"caption-attachment-2350\" class=\"wp-caption-text\">Salta &#8211; Paso de Jama<\/figcaption><\/figure>\n","protected":false},"excerpt":{"rendered":"<p>Puna de Atacama Hinweg, \u00fcber hohe P\u00e4sse zur chilenischen Atacamaw\u00fcste. (Puna \u2013 die Andenhochebene in NW Argentiniens bzw. im Norden Chiles) Montag 2.Oktober Wir \u00fcbernachten zweimal in der Hoster\u00eda &#8220;Manantial del Silencio&#8221;, in Purmamarca, 2300 m.\u00fc.M., ein Bilderbuchd\u00f6rfchen umgeben von farbigen Bergen in einem Seitental der Route nach Bolivien. Eine kleinere Rundfahrt nach Norden bringt &hellip; <a href=\"https:\/\/www.adrianwood.ch\/?page_id=2348\" class=\"more-link\">Continue reading <span class=\"screen-reader-text\">10 &#8211; 02 Puna Hinweg<\/span> <span class=\"meta-nav\">&rarr;<\/span><\/a><\/p>\n","protected":false},"author":1,"featured_media":0,"parent":2323,"menu_order":5265,"comment_status":"closed","ping_status":"closed","template":"","meta":{"ngg_post_thumbnail":0,"footnotes":""},"class_list":["post-2348","page","type-page","status-publish","hentry"],"_links":{"self":[{"href":"https:\/\/www.adrianwood.ch\/index.php?rest_route=\/wp\/v2\/pages\/2348","targetHints":{"allow":["GET"]}}],"collection":[{"href":"https:\/\/www.adrianwood.ch\/index.php?rest_route=\/wp\/v2\/pages"}],"about":[{"href":"https:\/\/www.adrianwood.ch\/index.php?rest_route=\/wp\/v2\/types\/page"}],"author":[{"embeddable":true,"href":"https:\/\/www.adrianwood.ch\/index.php?rest_route=\/wp\/v2\/users\/1"}],"replies":[{"embeddable":true,"href":"https:\/\/www.adrianwood.ch\/index.php?rest_route=%2Fwp%2Fv2%2Fcomments&post=2348"}],"version-history":[{"count":0,"href":"https:\/\/www.adrianwood.ch\/index.php?rest_route=\/wp\/v2\/pages\/2348\/revisions"}],"up":[{"embeddable":true,"href":"https:\/\/www.adrianwood.ch\/index.php?rest_route=\/wp\/v2\/pages\/2323"}],"wp:attachment":[{"href":"https:\/\/www.adrianwood.ch\/index.php?rest_route=%2Fwp%2Fv2%2Fmedia&parent=2348"}],"curies":[{"name":"wp","href":"https:\/\/api.w.org\/{rel}","templated":true}]}}