{"id":23551,"date":"2022-06-30T12:01:39","date_gmt":"2022-06-30T12:01:39","guid":{"rendered":"https:\/\/www.adrianwood.ch\/?page_id=23551"},"modified":"2022-07-02T11:43:59","modified_gmt":"2022-07-02T11:43:59","slug":"05-18-menetes","status":"publish","type":"page","link":"https:\/\/www.adrianwood.ch\/?page_id=23551","title":{"rendered":"05 18 Menetes"},"content":{"rendered":"<div class=\"pmdi_content_wrapper\">\n<h2 class=\"Normal-P\" style=\"margin-bottom: 6pt; direction: ltr; unicode-bidi: normal;\"><span class=\"Normal-H\"><span style=\"font-family: Times New Roman; font-weight: bold; color: #000000; font-size: 12pt;\">1<\/span><span style=\"font-family: Times New Roman; font-weight: bold; color: #000000; font-size: 12pt;\">8<\/span><span style=\"font-family: Times New Roman; font-weight: bold; color: #000000; font-size: 12pt;\">.Mai, <\/span><span style=\"font-family: Times New Roman; font-weight: bold; color: #000000; font-size: 12pt;\">Menetes<\/span><span style=\"font-family: Times New Roman; font-weight: bold; color: #000000; font-size: 12pt;\"> \u2013 <\/span><span style=\"font-family: Times New Roman; font-weight: bold; color: #000000; font-size: 12pt;\">Arkassa<\/span><\/span><\/h2>\n<p class=\"Normal-P\" style=\"margin-bottom: 6pt; direction: ltr; unicode-bidi: normal;\">\n<table class=\"TableGrid-T\" style=\"border-collapse: collapse;\" cellspacing=\"0\">\n<tbody>\n<tr class=\"-R\">\n<td class=\"-C\" style=\"width: 481.4pt;\" colspan=\"2\">\n<p class=\"Normal-P\" style=\"margin-bottom: 6pt; direction: ltr; unicode-bidi: normal;\"><span class=\"Normal-H\"><span style=\"font-family: Times New Roman; color: #000000; font-size: 12pt;\"><img loading=\"lazy\" decoding=\"async\" class=\"\" src=\"https:\/\/www.adrianwood.ch\/wp-content\/uploads\/2022\/06\/1656590471_image1.jpg\" data-link=\"\" width=\"720\" height=\"750\"><\/span><\/span><\/p>\n<\/td>\n<\/tr>\n<tr class=\"-R\">\n<td class=\"-C\" style=\"width: 481.4pt;\" colspan=\"2\">\n<p class=\"Normal-P\" style=\"margin-bottom: 6pt; direction: ltr; unicode-bidi: normal;\"><span class=\"Normal-H\"><span style=\"font-family: Times New Roman; color: #000000; font-size: 12pt;\">Der f\u00fcnfte Tag auf <\/span><span style=\"font-family: Times New Roman; color: #000000; font-size: 12pt;\">Karpathos<\/span><span style=\"font-family: Times New Roman; color: #000000; font-size: 12pt;\"> f\u00fchrte uns quer durch den S\u00fcden der sch\u00f6nen Insel. Der Bus brachte uns nach <\/span><span style=\"font-family: Times New Roman; color: #000000; font-size: 12pt;\">Menetes<\/span><span style=\"font-family: Times New Roman; color: #000000; font-size: 12pt;\">. Unser erster Gang war in die wundersch\u00f6ne Kirche. Wir hatten Gl\u00fcck, es gab vorher eine Messe und der orthodoxe Pope war noch da. Er war sehr freundlich und hat uns viel erkl\u00e4rt, wobei Christina unsere tolle Reiseleiterin dolmetschte.<\/span><\/span><\/p>\n<\/td>\n<\/tr>\n<tr class=\"-R\">\n<td class=\"-C\" style=\"width: 481.4pt;\" colspan=\"2\">\n<p class=\"Normal-P\" style=\"margin-bottom: 6pt; direction: ltr; unicode-bidi: normal;\"><span class=\"Normal-H\"><span style=\"font-family: Times New Roman; color: #000000; font-size: 12pt;\"><img loading=\"lazy\" decoding=\"async\" class=\"\" src=\"https:\/\/www.adrianwood.ch\/wp-content\/uploads\/2022\/06\/1656590471_image2.jpeg\" data-link=\"\" width=\"719\" height=\"186\"><\/span><\/span><\/p>\n<\/td>\n<\/tr>\n<tr class=\"-R\">\n<td class=\"-C\" style=\"width: 239.95pt;\">\n<p class=\"Normal-P\" style=\"margin-bottom: 6pt; direction: ltr; unicode-bidi: normal;\"><span class=\"Normal-H\"><span style=\"font-family: Times New Roman; color: #000000; font-size: 12pt;\"><img loading=\"lazy\" decoding=\"async\" class=\"\" src=\"https:\/\/www.adrianwood.ch\/wp-content\/uploads\/2022\/06\/1656590471_image3.jpeg\" data-link=\"\" width=\"350\" height=\"233\"><\/span><\/span><\/p>\n<\/td>\n<td class=\"-C\" style=\"width: 241.45pt;\">\n<p class=\"Normal-P\" style=\"margin-bottom: 6pt; direction: ltr; unicode-bidi: normal;\"><span class=\"Normal-H\"><span style=\"font-family: Times New Roman; color: #000000; font-size: 12pt;\"><img loading=\"lazy\" decoding=\"async\" class=\"\" src=\"https:\/\/www.adrianwood.ch\/wp-content\/uploads\/2022\/06\/1656590471_image4.jpeg\" data-link=\"\" width=\"350\" height=\"234\"><\/span><\/span><\/p>\n<\/td>\n<\/tr>\n<tr class=\"-R\">\n<td class=\"-C\" style=\"width: 481.4pt;\" colspan=\"2\">\n<p class=\"Normal-P\" style=\"margin-bottom: 6pt; direction: ltr; unicode-bidi: normal;\"><span class=\"Normal-H\"><span style=\"font-family: Times New Roman; color: #000000; font-size: 12pt;\">Wenn man von <\/span><span style=\"font-family: Times New Roman; color: #000000; font-size: 12pt;\">Pigadia<\/span><span style=\"font-family: Times New Roman; color: #000000; font-size: 12pt;\"> nach <\/span><span style=\"font-family: Times New Roman; color: #000000; font-size: 12pt;\">Menetes<\/span><span style=\"font-family: Times New Roman; color: #000000; font-size: 12pt;\"> schaut sieht es aus wie ein Schwalbennest das am Felsen klebt. Mit seinen sch\u00f6nen H\u00e4usern und verwinkelten Gassen ist es ein sehenswertes Dorf. Unsere Wanderung f\u00fchrte uns auf eine Anh\u00f6he, ein Lastwagen hielt kurz an und der Fahrer fragte<\/span><span style=\"font-family: Times New Roman; color: #000000; font-size: 12pt;\">,<\/span><span style=\"font-family: Times New Roman; color: #000000; font-size: 12pt;\"> wohin des Wegs. Beat meinte durch die Pampa und runter ans Meer. Er sch\u00fcttelte den Kopf, lachte und fuhr weiter. Das konnte er sich nicht ganz vorstellen.<\/span><\/span><\/p>\n<\/td>\n<\/tr>\n<tr class=\"-R\">\n<td class=\"-C\" style=\"width: 239.95pt;\">\n<p class=\"Normal-P\" style=\"margin-bottom: 6pt; direction: ltr; unicode-bidi: normal;\"><span class=\"Normal-H\"><span style=\"font-family: Times New Roman; color: #000000; font-size: 12pt;\"><img loading=\"lazy\" decoding=\"async\" class=\"\" src=\"https:\/\/www.adrianwood.ch\/wp-content\/uploads\/2022\/06\/1656590471_image5.jpeg\" data-link=\"\" width=\"350\" height=\"233\"><\/span><\/span><\/p>\n<\/td>\n<td class=\"-C\" style=\"width: 241.45pt;\">\n<p class=\"Normal-P\" style=\"margin-bottom: 6pt; direction: ltr; unicode-bidi: normal;\"><span class=\"Normal-H\"><span style=\"font-family: Times New Roman; color: #000000; font-size: 12pt;\"><img loading=\"lazy\" decoding=\"async\" class=\"\" src=\"https:\/\/www.adrianwood.ch\/wp-content\/uploads\/2022\/06\/1656590471_image6.jpeg\" data-link=\"\" width=\"350\" height=\"234\"><\/span><\/span><\/p>\n<\/td>\n<\/tr>\n<tr class=\"-R\">\n<td class=\"-C\" style=\"width: 481.4pt;\" colspan=\"2\">\n<p class=\"Normal-P\" style=\"margin-bottom: 6pt; direction: ltr; unicode-bidi: normal;\"><span class=\"Normal-H\"><span style=\"font-family: Times New Roman; color: #000000; font-size: 12pt;\">\u00dcber <\/span><span style=\"font-family: Times New Roman; color: #000000; font-size: 12pt;\">Arkassa<\/span><span style=\"font-family: Times New Roman; color: #000000; font-size: 12pt;\"> f\u00fchrte uns der Weg. Bald kamen wir an sch\u00f6nen G\u00e4rten vorbei und prachtvollen Olivenhainen. Was wir immer wieder antrafen waren Ziegen. Ja wo sonst kommt wohl der feine <\/span><span style=\"font-family: Times New Roman; color: #000000; font-size: 12pt;\">Karpathos<\/span><span style=\"font-family: Times New Roman; color: #000000; font-size: 12pt;\">&#8211; und der Fetak\u00e4se her. Richtig, weil sie so viele feine Kr\u00e4uter finden. \u00dcberall riechts nachSalbei, Thymian und vielen andern Kr\u00e4utern. Dann kamen wir an eine Stelle wo wir uns entscheiden mussten, <\/span><span style=\"font-family: Times New Roman; color: #000000; font-size: 12pt;\">weiter wandern<\/span><span style=\"font-family: Times New Roman; color: #000000; font-size: 12pt;\"> oder eine fr\u00fchchristliche Basilika besichtigen. So teilte sich die Gruppe und die H\u00e4lfte wanderte <\/span><span style=\"font-family: Times New Roman; color: #000000; font-size: 12pt;\">directissima<\/span><span style=\"font-family: Times New Roman; color: #000000; font-size: 12pt;\"> zum Meer.<\/span><\/span><\/p>\n<\/td>\n<\/tr>\n<tr class=\"-R\">\n<td class=\"-C\" style=\"width: 239.95pt;\">\n<p class=\"Normal-P\" style=\"margin-bottom: 6pt; direction: ltr; unicode-bidi: normal;\"><span class=\"Normal-H\"><span style=\"font-family: Times New Roman; color: #000000; font-size: 12pt;\"><img loading=\"lazy\" decoding=\"async\" class=\"\" src=\"https:\/\/www.adrianwood.ch\/wp-content\/uploads\/2022\/06\/1656590471_image7.jpeg\" data-link=\"\" width=\"350\" height=\"233\"><\/span><\/span><\/p>\n<\/td>\n<td class=\"-C\" style=\"width: 241.45pt;\">\n<p class=\"Normal-P\" style=\"margin-bottom: 6pt; direction: ltr; unicode-bidi: normal;\"><span class=\"Normal-H\"><span style=\"font-family: Times New Roman; color: #000000; font-size: 12pt;\"><img loading=\"lazy\" decoding=\"async\" class=\"\" src=\"https:\/\/www.adrianwood.ch\/wp-content\/uploads\/2022\/06\/1656590471_image8.jpeg\" data-link=\"\" width=\"350\" height=\"234\"><\/span><\/span><\/p>\n<\/td>\n<\/tr>\n<tr class=\"-R\">\n<td class=\"-C\" style=\"width: 481.4pt;\" colspan=\"2\">\n<p class=\"Normal-P\" style=\"margin-bottom: 6pt; direction: ltr; unicode-bidi: normal;\"><span class=\"Normal-H\"><span style=\"font-family: Times New Roman; color: #000000; font-size: 12pt;\">Unser Ziel war in Sichtweite. Der Sandstrand von Agios Nikolaos schien verlockend. Am Schluss trudelte auch die zweite Gruppe wieder ein, sodass wir uns alle in die Fluten st\u00fcrzten. Nat\u00fcrlich k\u00fchlten wir uns vorher noch ab mit einem k\u00fchlen Bier, immer aus eisgek\u00fchlten Gl\u00e4sern oder mit einem leckeren frisch gepressten Orangensaft. Die Tour war sehr sch\u00f6n, bot sie doch immer wieder wunderbare Aussicht auf die K\u00fcste.<\/span><\/span><\/p>\n<p class=\"Normal-P\" style=\"margin-bottom: 6pt; direction: ltr; unicode-bidi: normal;\"><span class=\"Normal-H\"><span style=\"font-family: Times New Roman; color: #000000; font-size: 12pt;\">Eveline<\/span><\/span><\/p>\n<\/td>\n<\/tr>\n<p><!-- [if !supportMisalignedColumns]--><\/tbody>\n<\/table>\n<\/div>\n","protected":false},"excerpt":{"rendered":"<p>18.Mai, Menetes \u2013 Arkassa Der f\u00fcnfte Tag auf Karpathos f\u00fchrte uns quer durch den S\u00fcden der sch\u00f6nen Insel. Der Bus brachte uns nach Menetes. Unser erster Gang war in die wundersch\u00f6ne Kirche. Wir hatten Gl\u00fcck, es gab vorher eine Messe und der orthodoxe Pope war noch da. Er war sehr freundlich und hat uns viel &hellip; <a href=\"https:\/\/www.adrianwood.ch\/?page_id=23551\" class=\"more-link\">Continue reading <span class=\"screen-reader-text\">05 18 Menetes<\/span> <span class=\"meta-nav\">&rarr;<\/span><\/a><\/p>\n","protected":false},"author":1,"featured_media":0,"parent":23454,"menu_order":2625,"comment_status":"closed","ping_status":"closed","template":"","meta":{"ngg_post_thumbnail":0,"footnotes":""},"class_list":["post-23551","page","type-page","status-publish","hentry"],"_links":{"self":[{"href":"https:\/\/www.adrianwood.ch\/index.php?rest_route=\/wp\/v2\/pages\/23551","targetHints":{"allow":["GET"]}}],"collection":[{"href":"https:\/\/www.adrianwood.ch\/index.php?rest_route=\/wp\/v2\/pages"}],"about":[{"href":"https:\/\/www.adrianwood.ch\/index.php?rest_route=\/wp\/v2\/types\/page"}],"author":[{"embeddable":true,"href":"https:\/\/www.adrianwood.ch\/index.php?rest_route=\/wp\/v2\/users\/1"}],"replies":[{"embeddable":true,"href":"https:\/\/www.adrianwood.ch\/index.php?rest_route=%2Fwp%2Fv2%2Fcomments&post=23551"}],"version-history":[{"count":3,"href":"https:\/\/www.adrianwood.ch\/index.php?rest_route=\/wp\/v2\/pages\/23551\/revisions"}],"predecessor-version":[{"id":23561,"href":"https:\/\/www.adrianwood.ch\/index.php?rest_route=\/wp\/v2\/pages\/23551\/revisions\/23561"}],"up":[{"embeddable":true,"href":"https:\/\/www.adrianwood.ch\/index.php?rest_route=\/wp\/v2\/pages\/23454"}],"wp:attachment":[{"href":"https:\/\/www.adrianwood.ch\/index.php?rest_route=%2Fwp%2Fv2%2Fmedia&parent=23551"}],"curies":[{"name":"wp","href":"https:\/\/api.w.org\/{rel}","templated":true}]}}