{"id":23572,"date":"2022-07-01T08:49:53","date_gmt":"2022-07-01T08:49:53","guid":{"rendered":"https:\/\/www.adrianwood.ch\/?page_id=23572"},"modified":"2022-07-05T07:44:50","modified_gmt":"2022-07-05T07:44:50","slug":"05-20-spoa","status":"publish","type":"page","link":"https:\/\/www.adrianwood.ch\/?page_id=23572","title":{"rendered":"05 20 Spoa"},"content":{"rendered":"<div class=\"pmdi_content_wrapper\">\n<h2 class=\"Normal-P\" style=\"margin-bottom: 6pt; direction: ltr; unicode-bidi: normal;\"><span class=\"Normal-H\"><span style=\"font-family: Times New Roman; font-weight: bold; font-size: 12pt;\">20.Mai, <\/span><span style=\"font-family: Times New Roman; font-weight: bold; font-size: 12pt;\">Lastos<\/span><span style=\"font-family: Times New Roman; font-weight: bold; font-size: 12pt;\"> Alm <\/span><span style=\"font-family: Times New Roman; font-weight: bold; font-size: 12pt;\">\u2013<\/span><span style=\"font-family: Times New Roman; font-weight: bold; font-size: 12pt;\">Spoa<\/span><span style=\"font-family: Times New Roman; font-weight: bold; font-size: 12pt;\">,<\/span><span style=\"font-family: Times New Roman; font-size: 12pt;\">von <\/span><span style=\"font-family: Times New Roman; font-size: 12pt;\">der S\u00fcdseite zur Nordseite<\/span><\/span><\/h2>\n<table class=\"TableGrid-T\" style=\"border-collapse: collapse;\" cellspacing=\"0\">\n<tbody>\n<tr class=\"-R\">\n<td class=\"-C\" style=\"width: 481.4pt;\" colspan=\"4\">\n<p class=\"Normal-P\" style=\"margin-bottom: 6pt; direction: ltr; unicode-bidi: normal;\"><span class=\"Normal-H\"><span style=\"font-family: Times New Roman; font-size: 12pt;\">Der Bus bringt uns zum Endpunkt des Vortages zur <\/span><span style=\"font-family: Times New Roman; font-size: 12pt;\">Lastos<\/span><span style=\"font-family: Times New Roman; font-size: 12pt;\"> Alm auf 720 m. Wir fahren \u00fcber eine erst 1986 gebaute, sehr ausgesetzte Strasse mit zahlreichen Nadelkehren und atemberaubenden Ausblicken. Das Wetter ist an diesem Tag bedeckt, die Wolken h\u00e4ngen tief, der Wind pfeift \u00fcber die Hochebene und das Meer in der Ferne glitzert silbern anstatt wie gewohnt t\u00fcrkisblau. Die H\u00e4nge sind \u00fcbers\u00e4t mit gelben Ginstertuffs. Feigen-, Orangen-, Zitronen- und Mandelb\u00e4ume ziehen an uns vorbei. Grellweisse Kapellen zieren Mulden und Anh\u00f6hen. In der N\u00e4he lassen sich Mispeln, Geranien, Zistrosen, Immortellen ausmachen. Manchmal kann man bis nach Kreta blicken, wo sich die Wolken kr\u00e4useln.<\/span><\/span><\/p>\n<\/td>\n<\/tr>\n<tr class=\"-R\">\n<td class=\"-C\" style=\"width: 244.25pt;\" colspan=\"2\">\n<p class=\"Normal-P\" style=\"margin-bottom: 6pt; direction: ltr; unicode-bidi: normal;\"><span class=\"Normal-H\"><span style=\"font-family: Times New Roman; font-size: 12pt;\"><img loading=\"lazy\" decoding=\"async\" class=\"\" src=\"https:\/\/www.adrianwood.ch\/wp-content\/uploads\/2022\/07\/1656665274_image1.jpeg\" data-link=\"\" width=\"350\" height=\"234\"><\/span><\/span><\/p>\n<\/td>\n<td class=\"-C\" style=\"width: 237.15pt;\" colspan=\"2\">\n<p class=\"Normal-P\" style=\"margin-bottom: 6pt; direction: ltr; unicode-bidi: normal;\"><span class=\"Normal-H\"><span style=\"font-family: Times New Roman; font-size: 12pt;\"><img loading=\"lazy\" decoding=\"async\" class=\"\" src=\"https:\/\/www.adrianwood.ch\/wp-content\/uploads\/2022\/07\/1656665274_image2.jpeg\" data-link=\"\" width=\"350\" height=\"233\"><\/span><\/span><\/p>\n<\/td>\n<\/tr>\n<tr class=\"-R\">\n<td class=\"-C\" style=\"width: 481.4pt;\" colspan=\"4\">\n<p class=\"Normal-P\" style=\"margin-bottom: 6pt; direction: ltr; unicode-bidi: normal;\"><span class=\"Normal-H\"><span style=\"font-family: Times New Roman; font-size: 12pt;\">Bevor wir von der Taverna Kali <\/span><span style=\"font-family: Times New Roman; font-size: 12pt;\">Limni<\/span><span style=\"font-family: Times New Roman; font-size: 12pt;\"> auf der <\/span><span style=\"font-family: Times New Roman; font-size: 12pt;\">Lastos<\/span><span style=\"font-family: Times New Roman; font-size: 12pt;\"> Alm loswandern machen wir noch ein Foto von der gesamten Wandergruppe. Vor uns t\u00fcrmen sich eindrucksvolle Wolkengebilde auf, die Windb\u00f6en blasen uns kr\u00e4ftig um die Nase. Am Wegrand zeigt uns ein roter Wegweiser die Richtung nach <\/span><span style=\"font-family: Times New Roman; font-size: 12pt;\">Spoa<\/span><span style=\"font-family: Times New Roman; font-size: 12pt;\"> an mit einer Zeitangabe, die wohl eher f\u00fcr Einheimische zutrifft, die diese halsbrecherischen Pfade seit Kindesbeinen an bew\u00e4ltigen. Wir wandern zun\u00e4chst leicht bergan, vorbei an in Windrichtung geneigten Pinien durch eine wundersch\u00f6ne, alpin anmutende mit gewaltigen Steinformationen \u00fcbers\u00e4ten Landschaft in den wilden Inselnorden. Auch die Wege sind mit grossen, unregelm\u00e4ssig aufgeschichteten Steinen gepflastert, so dass man auf jeden Schritt achten muss. Immer die F\u00fcsse sch\u00f6n korrekt platzieren, nicht in der Gegend Herumbalancieren und nicht beim Gehen das in der Ferne aufblitzende Meer bestaunen, wo sich Wolkenformationen und Meeresgestade mischen. Will man die Blicke schweifen lassen, bleibt man besser stehen und geniesst mit allen Sinnen. Der Duft der Pinien, Zistrosen, Immortellen und Wicken steigt in die Nase, w\u00e4hrend wir eine kleine Rast inmitten der Steine im einem Pinienrondell machen.<\/span><\/span><\/p>\n<\/td>\n<\/tr>\n<tr class=\"-R\">\n<td class=\"-C\" style=\"width: 244.25pt;\" colspan=\"2\">\n<p class=\"Normal-P\" style=\"margin-bottom: 6pt; direction: ltr; unicode-bidi: normal;\"><span class=\"Normal-H\"><span style=\"font-family: Times New Roman; font-size: 12pt;\"><img loading=\"lazy\" decoding=\"async\" class=\"\" src=\"https:\/\/www.adrianwood.ch\/wp-content\/uploads\/2022\/07\/1656665274_image3.jpeg\" data-link=\"\" width=\"350\" height=\"234\"><\/span><\/span><\/p>\n<\/td>\n<td class=\"-C\" style=\"width: 237.15pt;\" colspan=\"2\">\n<p class=\"Normal-P\" style=\"margin-bottom: 6pt; direction: ltr; unicode-bidi: normal;\"><span class=\"Normal-H\"><span style=\"font-family: Times New Roman; font-size: 12pt;\"><img loading=\"lazy\" decoding=\"async\" class=\"\" src=\"https:\/\/www.adrianwood.ch\/wp-content\/uploads\/2022\/07\/1656665274_image4.jpeg\" data-link=\"\" width=\"350\" height=\"233\"><\/span><\/span><\/p>\n<\/td>\n<\/tr>\n<tr class=\"-R\">\n<td class=\"-C\" style=\"width: 481.4pt;\" colspan=\"4\">\n<p class=\"Normal-P\" style=\"margin-bottom: 6pt; direction: ltr; unicode-bidi: normal;\"><span class=\"Normal-H\"><span style=\"font-family: Times New Roman; font-size: 12pt;\">Der Abstieg nach <\/span><span style=\"font-family: Times New Roman; font-size: 12pt;\">Spoa<\/span><span style=\"font-family: Times New Roman; font-size: 12pt;\"> verlangt \u00e4usserste Konzentration und Ausdauer, was aber f\u00fcr unsere ge\u00fcbten Wanderer kein grosses Problem zu sein scheint. Trotzdem brauchen wir wohl etwas l\u00e4nger als angenommen. An der Strasse wartet auf uns der Linienbus schon eine ganze Weile. Die Minen der Fahrg\u00e4ste lassen erkennen, dass unsere Versp\u00e4tung nicht so begeistert aufgenommen wird, denn sie warten geduldig mit ihren Eink\u00e4ufen auf die R\u00fcckkehr nach <\/span><span style=\"font-family: Times New Roman; font-size: 12pt;\">Olympos<\/span><span style=\"font-family: Times New Roman; font-size: 12pt;\">. Einige <\/span><span style=\"font-family: Times New Roman; font-size: 12pt;\">Frauen am Wegesrand sind in ihrer Tracht zu bestaunen. Sie bringen Lebensmittel und Hausrat von einem gr\u00f6sseren Ort mit Einkaufsm\u00f6glichkeit. Nachdem sich Christina im Bus f\u00fcr die Versp\u00e4tung entschuldigt hat, klettert er die Zusatzschleife nach <\/span><span style=\"font-family: Times New Roman; font-size: 12pt;\">Olympos<\/span><span style=\"font-family: Times New Roman; font-size: 12pt;\"> hinauf. Wir sehen das weisse, terrassenf\u00f6rmig angelegte Dorf bei jeder Kurve in der Sonne aufblitzen und freuen uns schon darauf, es zu einem sp\u00e4teren Zeitpunkt besichtigen zu d\u00fcrfen.<\/span><\/span><\/p>\n<\/td>\n<\/tr>\n<tr class=\"-R\">\n<td class=\"-C\" style=\"width: 179.35pt;\">\n<p class=\"Normal-P\" style=\"margin-bottom: 6pt; direction: ltr; unicode-bidi: normal;\"><span class=\"Normal-H\"><span style=\"font-family: Times New Roman; font-size: 12pt;\"><img loading=\"lazy\" decoding=\"async\" class=\"\" src=\"https:\/\/www.adrianwood.ch\/wp-content\/uploads\/2022\/07\/1656665274_image5.jpeg\" data-link=\"\" width=\"209\" height=\"278\"><\/span><\/span><\/p>\n<\/td>\n<td class=\"-C\" style=\"width: 151.75pt;\" colspan=\"2\">\n<p class=\"Normal-P\" style=\"margin-bottom: 6pt; direction: ltr; unicode-bidi: normal;\"><span class=\"Normal-H\"><span style=\"font-family: Times New Roman; font-size: 12pt;\"><img loading=\"lazy\" decoding=\"async\" class=\"\" src=\"https:\/\/www.adrianwood.ch\/wp-content\/uploads\/2022\/07\/1656665274_image6.jpeg\" data-link=\"\" width=\"232\" height=\"315\"><\/span><\/span><\/p>\n<\/td>\n<td class=\"-C\" style=\"width: 150.3pt;\">\n<p class=\"Normal-P\" style=\"margin-bottom: 6pt; direction: ltr; unicode-bidi: normal;\"><span class=\"Normal-H\"><span style=\"font-family: Times New Roman; font-size: 12pt;\"><img loading=\"lazy\" decoding=\"async\" class=\"\" src=\"https:\/\/www.adrianwood.ch\/wp-content\/uploads\/2022\/07\/1656665274_image7.jpeg\" data-link=\"\" width=\"233\" height=\"311\"><\/span><\/span><\/p>\n<\/td>\n<\/tr>\n<tr class=\"-R\">\n<td class=\"-C\" style=\"width: 481.4pt;\" colspan=\"4\">\n<p class=\"Normal-P\" style=\"margin-bottom: 6pt; direction: ltr; unicode-bidi: normal;\"><span class=\"Normal-H\"><span style=\"font-family: Times New Roman; font-size: 12pt;\">Nach dem kleinen Umweg gelangen wir \u00fcber die atemberaubend angelegte Strasse nach <\/span><span style=\"font-family: Times New Roman; font-size: 12pt;\">Diafani<\/span><span style=\"font-family: Times New Roman; font-size: 12pt;\">, wo unser Gep\u00e4ck vom Bus in das kleinere Auto des Hotelbesitzers der <\/span><span style=\"font-family: Times New Roman; font-size: 12pt;\">Glaros<\/span><span style=\"font-family: Times New Roman; font-size: 12pt;\"> Hotel Apartments, unserem Aufenthaltsort f\u00fcr die n\u00e4chste Woche, verladen wird. Wir sind in einer h\u00fcbschen, kleinen Bucht am Meer mit tiefblauem Wasser gelandet. Auf einem Ufergem\u00e4uer blickt eine blau gekleidete <\/span><span style=\"font-family: Times New Roman; font-size: 12pt;\">Diafanerin<\/span><span style=\"font-family: Times New Roman; font-size: 12pt;\"> tr\u00e4umend in die Weiten des Meeres. Nach dieser anstrengenden Wanderung steht mir der Sinn nur noch nach einer mit einem k\u00fchlen Bier und ein paar Oliven vers\u00fcsster Pause. Im Hafen unterhalb der Hotelanlage befinden sich eine Reihe von Tavernen, von denen ein Teil von uns eine aufsuchen, um uns an dem erfrischenden Nass zu laben. Der andere Teil nimmt gleich die vielen Treppen zur Reception in Angriff, um sicher zu sein, ein sch\u00f6nes Zimmer zu ergattern. Aber auch die zuletzt Ankommenden werden <\/span><span style=\"font-family: Times New Roman; font-size: 12pt;\">auch <\/span><span style=\"font-family: Times New Roman; font-size: 12pt;\">gut bedient.<\/span><\/span><\/p>\n<p class=\"Normal-P\" style=\"margin-bottom: 6pt; direction: ltr; unicode-bidi: normal;\"><span class=\"Normal-H\"><span style=\"font-family: Times New Roman; font-size: 12pt;\">Die Zimmer sind jeweils \u00fcber zig Stufen zu erreichen und jeder Aufstieg erfordert nochmals eine letzte Anstrengung. Doch verzaubert wird das Ganze durch ein duftendes Blumenmeer. Vor den meisten Apartments befinden sich kleine Terrassen mit blau gestrichenem Tisch und St\u00fchlen. Ich habe einen seitlichen phantastischen Ausblick aufs Meer und die K\u00fcstenbesiedlung, ein orangefarben bl\u00fchender Granatapfelbaum spendet Schatten. <\/span><\/span><\/p>\n<p class=\"Normal-P\" style=\"margin-bottom: 6pt; direction: ltr; unicode-bidi: normal;\"><span class=\"Normal-H\"><span style=\"font-family: Times New Roman; font-size: 12pt;\">Um 19h treffen wir uns zum Nachtessen in Michalis Taverne. Da es ziemlich k\u00fchl ist und der Wind noch immer bl\u00e4st, beschliessen wir, das Essen drinnen einzunehmen. In Windeseile werden im Gast- und Wohnraum der Besitzer Tische und St\u00fchle platziert, so dass erstaunlicherweise alle von uns an den mit Papier \u00fcberzogenen Tischen Platz finden. Es gibt ged\u00fcnstetes Gem\u00fcse, weisse Bohnen und Artischockenb\u00f6den als Vorspeise, Fleisch oder Fisch und als Dessert eine von der Chefin selbstgemachten \u00abSchwarzw\u00e4lder Kirschkuchen\u00bb. Es dauert nicht lang, uns an den Inselweisswein der jeweiligen einheimischen Produzenten zu gew\u00f6hnen.<\/span><\/span><\/p>\n<p class=\"Normal-P\" style=\"margin-bottom: 6pt; direction: ltr; unicode-bidi: normal;\"><span class=\"Normal-H\"><span style=\"font-family: Times New Roman; font-size: 12pt;\">An der Wand h\u00e4ngen eine Reihe selbstgebaute, wundersch\u00f6ne mit Einlegearbeit versehene Musikinstrumente, dreiseitige kretische <\/span><span style=\"font-family: Times New Roman; font-size: 12pt;\">Lyras<\/span><span style=\"font-family: Times New Roman; font-size: 12pt;\"> und vierseitige von <\/span><span style=\"font-family: Times New Roman; font-size: 12pt;\">Karpathos<\/span><span style=\"font-family: Times New Roman; font-size: 12pt;\">. Ganz exotisch mutet der mit vielen Gl\u00f6ckchen besetze Bogen an. Zum Abschluss l\u00e4sst sich Michalis erweichen, uns auf seinen <\/span><span style=\"font-family: Times New Roman; font-size: 12pt;\">Lyras<\/span><span style=\"font-family: Times New Roman; font-size: 12pt;\"> etwas vorzuspielen und zu singen und gibt uns einen Eindruck von der archaischen, gem\u00fctsvollen, getragenen und zuweilen wild <\/span><span style=\"font-family: Times New Roman; font-size: 12pt;\">auftosenden<\/span><span style=\"font-family: Times New Roman; font-size: 12pt;\"> Musik des Eilands.<\/span><span style=\"font-family: Times New Roman; font-size: 12pt;\"> Um 11h sind wir m\u00fcde, aber gerade noch f\u00e4hig, die vielen Stufen zu unseren jeweiligen Terrassenh\u00e4uschen zu bew\u00e4ltigen.<\/span><span style=\"font-family: Times New Roman; font-size: 12pt;\">Mit einem liebevollen Dank f\u00fcr die herzerfrischende Zeit an alle Organisatoren und alle Teilnehmer<\/span><span style=\"font-family: Times New Roman; font-size: 12pt;\">.<\/span><\/span><\/p>\n<p class=\"Normal-P\" style=\"margin-bottom: 6pt; direction: ltr; unicode-bidi: normal;\"><span class=\"Normal-H\"><span style=\"font-family: Times New Roman; font-size: 12pt;\">Brigitte<\/span><\/span><\/p>\n<p>ngg_shortcode_0_placeholder<\/td>\n<\/tr>\n<p><!-- [if !supportMisalignedColumns]--><\/tbody>\n<\/table>\n<\/div>\n","protected":false},"excerpt":{"rendered":"<p>20.Mai, Lastos Alm \u2013Spoa,von der S\u00fcdseite zur Nordseite Der Bus bringt uns zum Endpunkt des Vortages zur Lastos Alm auf 720 m. Wir fahren \u00fcber eine erst 1986 gebaute, sehr ausgesetzte Strasse mit zahlreichen Nadelkehren und atemberaubenden Ausblicken. Das Wetter ist an diesem Tag bedeckt, die Wolken h\u00e4ngen tief, der Wind pfeift \u00fcber die Hochebene &hellip; <a href=\"https:\/\/www.adrianwood.ch\/?page_id=23572\" class=\"more-link\">Continue reading <span class=\"screen-reader-text\">05 20 Spoa<\/span> <span class=\"meta-nav\">&rarr;<\/span><\/a><\/p>\n","protected":false},"author":1,"featured_media":0,"parent":23454,"menu_order":2627,"comment_status":"closed","ping_status":"closed","template":"","meta":{"ngg_post_thumbnail":0,"footnotes":""},"class_list":["post-23572","page","type-page","status-publish","hentry"],"_links":{"self":[{"href":"https:\/\/www.adrianwood.ch\/index.php?rest_route=\/wp\/v2\/pages\/23572","targetHints":{"allow":["GET"]}}],"collection":[{"href":"https:\/\/www.adrianwood.ch\/index.php?rest_route=\/wp\/v2\/pages"}],"about":[{"href":"https:\/\/www.adrianwood.ch\/index.php?rest_route=\/wp\/v2\/types\/page"}],"author":[{"embeddable":true,"href":"https:\/\/www.adrianwood.ch\/index.php?rest_route=\/wp\/v2\/users\/1"}],"replies":[{"embeddable":true,"href":"https:\/\/www.adrianwood.ch\/index.php?rest_route=%2Fwp%2Fv2%2Fcomments&post=23572"}],"version-history":[{"count":7,"href":"https:\/\/www.adrianwood.ch\/index.php?rest_route=\/wp\/v2\/pages\/23572\/revisions"}],"predecessor-version":[{"id":23822,"href":"https:\/\/www.adrianwood.ch\/index.php?rest_route=\/wp\/v2\/pages\/23572\/revisions\/23822"}],"up":[{"embeddable":true,"href":"https:\/\/www.adrianwood.ch\/index.php?rest_route=\/wp\/v2\/pages\/23454"}],"wp:attachment":[{"href":"https:\/\/www.adrianwood.ch\/index.php?rest_route=%2Fwp%2Fv2%2Fmedia&parent=23572"}],"curies":[{"name":"wp","href":"https:\/\/api.w.org\/{rel}","templated":true}]}}