{"id":23602,"date":"2022-07-01T09:22:49","date_gmt":"2022-07-01T09:22:49","guid":{"rendered":"https:\/\/www.adrianwood.ch\/?page_id=23602"},"modified":"2022-07-02T13:22:20","modified_gmt":"2022-07-02T13:22:20","slug":"05-22-avlona","status":"publish","type":"page","link":"https:\/\/www.adrianwood.ch\/?page_id=23602","title":{"rendered":"05 22 Avlona"},"content":{"rendered":"<div class=\"pmdi_content_wrapper\">\n<h2 class=\"Normal-P\" style=\"margin-bottom: 6pt; direction: ltr; unicode-bidi: normal;\"><span class=\"Normal-H\"><span style=\"font-family: Times New Roman; font-weight: bold; font-size: 12pt;\">22.Mai<\/span><span style=\"font-family: Times New Roman; font-weight: bold; font-size: 12pt;\">,<\/span><span style=\"font-family: Times New Roman; font-weight: bold; font-size: 12pt;\"> Von (<\/span><span style=\"font-family: Times New Roman; font-weight: bold; font-size: 12pt;\">Diafani<\/span><span style=\"font-family: Times New Roman; font-weight: bold; font-size: 12pt;\">) <\/span><span style=\"font-family: Times New Roman; font-weight: bold; font-size: 12pt;\">Av<\/span><span style=\"font-family: Times New Roman; font-weight: bold; font-size: 12pt;\">l<\/span><span style=\"font-family: Times New Roman; font-weight: bold; font-size: 12pt;\">ona<\/span><span style=\"font-family: Times New Roman; font-weight: bold; font-size: 12pt;\"> nach <\/span><span style=\"font-family: Times New Roman; font-weight: bold; font-size: 12pt;\">Olympos<\/span><\/span><\/h2>\n<p class=\"Normal-P\" style=\"margin-bottom: 6pt; direction: ltr; unicode-bidi: normal;\">\n<table class=\"TableGrid-T\" style=\"border-collapse: collapse;\" cellspacing=\"0\">\n<tbody>\n<tr class=\"-R\">\n<td class=\"-C\" style=\"width: 481.4pt;\" colspan=\"2\">\n<p class=\"Normal-P\" style=\"margin-bottom: 6pt; direction: ltr; unicode-bidi: normal;\"><span class=\"Normal-H\"><span style=\"font-family: Times New Roman; font-size: 12pt;\">Um 4 Uhr wurde ich von Blitzen geweckt, das war ein eindr\u00fcckliches Schauspiel. Regen fiel nicht<\/span><span style=\"font-family: Times New Roman; font-size: 12pt;\">,<\/span><span style=\"font-family: Times New Roman; font-size: 12pt;\"> aber es windete wieder stark. Das Fr\u00fchst\u00fcck war heute schon um 8 Uhr 30, denn die Wanderer starteten um 9 Uhr 30 und ca. die H\u00e4lfte der Gruppe wurde vom Hotelwirt nach <\/span><span style=\"font-family: Times New Roman; font-size: 12pt;\">Avlona<\/span><span style=\"font-family: Times New Roman; font-size: 12pt;\"> gefahren.<\/span><\/span><\/p>\n<\/td>\n<\/tr>\n<tr class=\"-R\">\n<td class=\"-C\" style=\"width: 241.45pt;\">\n<p class=\"Normal-P\" style=\"margin-bottom: 6pt; direction: ltr; unicode-bidi: normal;\"><span class=\"Normal-H\"><span style=\"font-family: Times New Roman; font-size: 12pt;\"><img loading=\"lazy\" decoding=\"async\" class=\"\" src=\"https:\/\/www.adrianwood.ch\/wp-content\/uploads\/2022\/07\/1656667343_image1.jpeg\" data-link=\"\" width=\"350\" height=\"234\"><\/span><\/span><\/p>\n<\/td>\n<td class=\"-C\" style=\"width: 239.95pt;\">\n<p class=\"Normal-P\" style=\"margin-bottom: 6pt; direction: ltr; unicode-bidi: normal;\"><span class=\"Normal-H\"><span style=\"font-family: Times New Roman; font-size: 12pt;\"><img loading=\"lazy\" decoding=\"async\" class=\"\" src=\"https:\/\/www.adrianwood.ch\/wp-content\/uploads\/2022\/07\/1656667343_image2.jpeg\" data-link=\"\" width=\"350\" height=\"233\"><\/span><\/span><\/p>\n<\/td>\n<\/tr>\n<tr class=\"-R\">\n<td class=\"-C\" style=\"width: 481.4pt;\" colspan=\"2\">\n<p class=\"Normal-P\" style=\"margin-bottom: 6pt; direction: ltr; unicode-bidi: normal;\"><span class=\"Normal-H\"><span style=\"font-family: Times New Roman; font-size: 12pt;\">Eine abenteuerliche Fahrt hinauf hinunter und mit unz\u00e4hligen Kurven, dazu wurde es immer schm\u00e4ler und war zuletzt nur noch eine Schotterpiste. <\/span><span style=\"font-family: Times New Roman; font-size: 12pt;\">Avlona<\/span><span style=\"font-family: Times New Roman; font-size: 12pt;\"> ist eine landwirtschaftliche <\/span><span style=\"font-family: Times New Roman; font-size: 12pt;\">Aussensiedlung<\/span><span style=\"font-family: Times New Roman; font-size: 12pt;\"> von <\/span><span style=\"font-family: Times New Roman; font-size: 12pt;\">Olympos<\/span><span style=\"font-family: Times New Roman; font-size: 12pt;\"> die nur w\u00e4hrend der Saat und Erntezeit bewohnt ist. Wir wurden durch 4 Generationen der Familie <\/span><span style=\"font-family: Times New Roman; font-size: 12pt;\">Lentakis<\/span><span style=\"font-family: Times New Roman; font-size: 12pt;\">begr\u00fcsst<\/span><span style=\"font-family: Times New Roman; font-size: 12pt;\">. Die Eltern von unserem Wirt,<\/span><span style=\"font-family: Times New Roman; font-size: 12pt;\">unser Wirt, seine Tochter und ihrem kleinen Sohn.<\/span><\/span><\/p>\n<\/td>\n<\/tr>\n<tr class=\"-R\">\n<td class=\"-C\" style=\"width: 481.4pt;\" colspan=\"2\">\n<p class=\"Normal-P\" style=\"margin-bottom: 6pt; direction: ltr; unicode-bidi: normal;\"><span class=\"Normal-H\"><span style=\"font-family: Times New Roman; font-size: 12pt;\"><img loading=\"lazy\" decoding=\"async\" class=\"\" src=\"https:\/\/www.adrianwood.ch\/wp-content\/uploads\/2022\/07\/1656667343_image3.jpeg\" data-link=\"\" width=\"720\" height=\"480\"><\/span><\/span><\/p>\n<\/td>\n<\/tr>\n<tr class=\"-R\">\n<td class=\"-C\" style=\"width: 481.4pt;\" colspan=\"2\">\n<p class=\"Normal-P\" style=\"margin-bottom: 6pt; direction: ltr; unicode-bidi: normal;\"><span class=\"Normal-H\"><span style=\"font-family: Times New Roman; font-size: 12pt;\">Auf der Terrasse vom kleinen Restaurant warteten wir auf die Wanderer, danach konnten wir alle gemeinsam essen, das Restaurant ist ber\u00fchmt um seine frisch zubereiteten Ma<\/span><span style=\"font-family: Times New Roman; font-size: 12pt;\">c<\/span><span style=\"font-family: Times New Roman; font-size: 12pt;\">aro<\/span><span style=\"font-family: Times New Roman; font-size: 12pt;\">s, \u00fcberbackene Auberginen, gef\u00fcllte Zucchini und im Fr\u00fchling die auf der ganzen Insel ber\u00fchmten legend\u00e4re Artischockenomeletten. Ich bestellte einen griechischen Salat welche mit einer h\u00fcbschen Dekoration serviert wurde.<\/span><\/span><\/p>\n<\/td>\n<\/tr>\n<tr class=\"-R\">\n<td class=\"-C\" style=\"width: 241.45pt;\">\n<p class=\"Normal-P\" style=\"margin-bottom: 6pt; direction: ltr; unicode-bidi: normal;\"><span class=\"Normal-H\"><span style=\"font-family: Times New Roman; font-size: 12pt;\"><img loading=\"lazy\" decoding=\"async\" class=\"\" src=\"https:\/\/www.adrianwood.ch\/wp-content\/uploads\/2022\/07\/1656667343_image4.jpeg\" data-link=\"\" width=\"350\" height=\"234\"><\/span><\/span><\/p>\n<\/td>\n<td class=\"-C\" style=\"width: 239.95pt;\">\n<p class=\"Normal-P\" style=\"margin-bottom: 6pt; direction: ltr; unicode-bidi: normal;\"><span class=\"Normal-H\"><span style=\"font-family: Times New Roman; font-size: 12pt;\"><img loading=\"lazy\" decoding=\"async\" class=\"\" src=\"https:\/\/www.adrianwood.ch\/wp-content\/uploads\/2022\/07\/1656667343_image5.jpeg\" data-link=\"\" width=\"350\" height=\"233\"><\/span><\/span><\/p>\n<\/td>\n<\/tr>\n<tr class=\"-R\">\n<td class=\"-C\" style=\"width: 481.4pt;\" colspan=\"2\">\n<p class=\"Normal-P\" style=\"margin-bottom: 6pt; direction: ltr; unicode-bidi: normal;\"><span class=\"Normal-H\"><span style=\"font-family: Times New Roman; font-size: 12pt;\">Danach machten wir uns auf den Weg nach <\/span><span style=\"font-family: Times New Roman; font-size: 12pt;\">Olympos<\/span><span style=\"font-family: Times New Roman; font-size: 12pt;\">, zuerst war der Pfad noch flach und ges\u00e4umt von wunderbarem strahlend gelb leuchtenden wilder Fenchel. Schon bald ging es wieder hinab in eine Schlucht um dann wieder steil zum Dorf hinaufzusteigen. Wir verloren einige <\/span><span style=\"font-family: Times New Roman; font-size: 12pt;\">Schweisstropfen<\/span><span style=\"font-family: Times New Roman; font-size: 12pt;\">, der letzte Streckenabschnitt war sehr <\/span><span style=\"font-family: Times New Roman; font-size: 12pt;\">heiss<\/span><span style=\"font-family: Times New Roman; font-size: 12pt;\">.<\/span><\/span><\/p>\n<\/td>\n<\/tr>\n<tr class=\"-R\">\n<td class=\"-C\" style=\"width: 241.45pt;\">\n<p class=\"Normal-P\" style=\"margin-bottom: 6pt; direction: ltr; unicode-bidi: normal;\"><span class=\"Normal-H\"><span style=\"font-family: Times New Roman; font-size: 12pt;\"><img loading=\"lazy\" decoding=\"async\" class=\"\" src=\"https:\/\/www.adrianwood.ch\/wp-content\/uploads\/2022\/07\/1656667343_image6.jpeg\" data-link=\"\" width=\"349\" height=\"233\"><\/span><\/span><\/p>\n<\/td>\n<td class=\"-C\" style=\"width: 239.95pt;\">\n<p class=\"Normal-P\" style=\"margin-bottom: 6pt; direction: ltr; unicode-bidi: normal;\"><span class=\"Normal-H\"><span style=\"font-family: Times New Roman; font-size: 12pt;\"><img loading=\"lazy\" decoding=\"async\" class=\"\" src=\"https:\/\/www.adrianwood.ch\/wp-content\/uploads\/2022\/07\/1656667343_image7.jpeg\" data-link=\"\" width=\"350\" height=\"233\"><\/span><\/span><\/p>\n<\/td>\n<\/tr>\n<tr class=\"-R\">\n<td class=\"-C\" style=\"width: 481.4pt;\" colspan=\"2\">\n<p class=\"Normal-P\" style=\"margin-bottom: 6pt; direction: ltr; unicode-bidi: normal;\"><span class=\"Normal-H\"><span style=\"font-family: Times New Roman; font-size: 12pt;\">Im hoch gelegenen <\/span><span style=\"font-family: Times New Roman; font-size: 12pt;\">Restaurtant<\/span><span style=\"font-family: Times New Roman; font-size: 12pt;\">, PARTHENON, konnten wir unseren Durst mit frisch gepresstem Orangensaft stillen. Danach spazierten wir noch etwas durch das Dorf, es ist schon richtig touristisch mit vielen Souvenirl\u00e4den. u.a. schauten wir beim Schumacher hinein welche die traditionellen Stiefel herstellt. 700 Euro !!!!!!<\/span><\/span><\/p>\n<\/td>\n<\/tr>\n<tr class=\"-R\">\n<td class=\"-C\" style=\"width: 241.45pt;\">\n<p class=\"Normal-P\" style=\"margin-bottom: 6pt; direction: ltr; unicode-bidi: normal;\"><span class=\"Normal-H\"><span style=\"font-family: Times New Roman; font-size: 12pt;\"><img loading=\"lazy\" decoding=\"async\" class=\"\" src=\"https:\/\/www.adrianwood.ch\/wp-content\/uploads\/2022\/07\/1656667343_image8.jpeg\" data-link=\"\" width=\"350\" height=\"234\"><\/span><\/span><\/p>\n<\/td>\n<td class=\"-C\" style=\"width: 239.95pt;\">\n<p class=\"Normal-P\" style=\"margin-bottom: 6pt; direction: ltr; unicode-bidi: normal;\"><span class=\"Normal-H\"><span style=\"font-family: Times New Roman; font-size: 12pt;\"><img loading=\"lazy\" decoding=\"async\" class=\"\" src=\"https:\/\/www.adrianwood.ch\/wp-content\/uploads\/2022\/07\/1656667343_image9.jpeg\" data-link=\"\" width=\"350\" height=\"233\"><\/span><\/span><\/p>\n<\/td>\n<\/tr>\n<tr class=\"-R\">\n<td class=\"-C\" style=\"width: 481.4pt;\" colspan=\"2\">\n<p class=\"Normal-P\" style=\"margin-bottom: 6pt; direction: ltr; unicode-bidi: normal;\"><span class=\"Normal-H\"><span style=\"font-family: Times New Roman; font-size: 12pt;\">Mit dem \u00f6ffentlichen Bus fuhren wir nach <\/span><span style=\"font-family: Times New Roman; font-size: 12pt;\">Diafani<\/span><span style=\"font-family: Times New Roman; font-size: 12pt;\"> zur\u00fcck wo uns die vielen Stufen zum Hotel wieder erwarteten. Nachtessen an der Promenade. Es war ein erlebnisreicher Tag.<\/span><\/span><\/p>\n<p class=\"Normal-P\" style=\"margin-bottom: 6pt; direction: ltr; unicode-bidi: normal;\"><span class=\"Normal-H\"><span style=\"font-family: Times New Roman; font-size: 12pt;\">Marijke<\/span><\/span><\/p>\n<\/td>\n<\/tr>\n<p><!-- [if !supportMisalignedColumns]--><\/tbody>\n<\/table>\n<\/div>\n","protected":false},"excerpt":{"rendered":"<p>22.Mai, Von (Diafani) Avlona nach Olympos Um 4 Uhr wurde ich von Blitzen geweckt, das war ein eindr\u00fcckliches Schauspiel. Regen fiel nicht, aber es windete wieder stark. Das Fr\u00fchst\u00fcck war heute schon um 8 Uhr 30, denn die Wanderer starteten um 9 Uhr 30 und ca. die H\u00e4lfte der Gruppe wurde vom Hotelwirt nach Avlona &hellip; <a href=\"https:\/\/www.adrianwood.ch\/?page_id=23602\" class=\"more-link\">Continue reading <span class=\"screen-reader-text\">05 22 Avlona<\/span> <span class=\"meta-nav\">&rarr;<\/span><\/a><\/p>\n","protected":false},"author":1,"featured_media":0,"parent":23454,"menu_order":2629,"comment_status":"closed","ping_status":"closed","template":"","meta":{"ngg_post_thumbnail":0,"footnotes":""},"class_list":["post-23602","page","type-page","status-publish","hentry"],"_links":{"self":[{"href":"https:\/\/www.adrianwood.ch\/index.php?rest_route=\/wp\/v2\/pages\/23602","targetHints":{"allow":["GET"]}}],"collection":[{"href":"https:\/\/www.adrianwood.ch\/index.php?rest_route=\/wp\/v2\/pages"}],"about":[{"href":"https:\/\/www.adrianwood.ch\/index.php?rest_route=\/wp\/v2\/types\/page"}],"author":[{"embeddable":true,"href":"https:\/\/www.adrianwood.ch\/index.php?rest_route=\/wp\/v2\/users\/1"}],"replies":[{"embeddable":true,"href":"https:\/\/www.adrianwood.ch\/index.php?rest_route=%2Fwp%2Fv2%2Fcomments&post=23602"}],"version-history":[{"count":3,"href":"https:\/\/www.adrianwood.ch\/index.php?rest_route=\/wp\/v2\/pages\/23602\/revisions"}],"predecessor-version":[{"id":23613,"href":"https:\/\/www.adrianwood.ch\/index.php?rest_route=\/wp\/v2\/pages\/23602\/revisions\/23613"}],"up":[{"embeddable":true,"href":"https:\/\/www.adrianwood.ch\/index.php?rest_route=\/wp\/v2\/pages\/23454"}],"wp:attachment":[{"href":"https:\/\/www.adrianwood.ch\/index.php?rest_route=%2Fwp%2Fv2%2Fmedia&parent=23602"}],"curies":[{"name":"wp","href":"https:\/\/api.w.org\/{rel}","templated":true}]}}