{"id":23614,"date":"2022-07-01T09:27:01","date_gmt":"2022-07-01T09:27:01","guid":{"rendered":"https:\/\/www.adrianwood.ch\/?page_id=23614"},"modified":"2022-07-02T13:25:57","modified_gmt":"2022-07-02T13:25:57","slug":"05-23-forokli","status":"publish","type":"page","link":"https:\/\/www.adrianwood.ch\/?page_id=23614","title":{"rendered":"05 23 Forokli"},"content":{"rendered":"<div class=\"pmdi_content_wrapper\">\n<h2 class=\"Normal-P\" style=\"margin-bottom: 6pt; direction: ltr; unicode-bidi: normal;\"><span class=\"Normal-H\"><span style=\"font-family: Times New Roman; font-weight: bold; font-size: 12pt;\">23.Mai, <\/span><span style=\"font-family: Times New Roman; font-weight: bold; font-size: 12pt;\">Tag z<\/span><span style=\"font-family: Times New Roman; font-weight: bold; font-size: 12pt;\">ur freien Verf\u00fcgung in <\/span><span style=\"font-family: Times New Roman; font-weight: bold; font-size: 12pt;\">Diafani<\/span><span style=\"font-family: Times New Roman; font-weight: bold; font-size: 12pt;\">, <\/span><span style=\"font-family: Times New Roman; font-weight: bold; font-size: 12pt;\">Forokli<\/span><span style=\"font-family: Times New Roman; font-weight: bold; font-size: 12pt;\"> Strand<\/span><\/span><\/h2>\n<p class=\"Normal-P\" style=\"margin-bottom: 6pt; direction: ltr; unicode-bidi: normal;\">\n<table class=\"TableGrid-T\" style=\"border-collapse: collapse;\" cellspacing=\"0\">\n<tbody>\n<tr class=\"-R\">\n<td class=\"-C\" style=\"width: 481.4pt;\" colspan=\"2\">\n<p class=\"Normal-P\" style=\"margin-bottom: 6pt; direction: ltr; unicode-bidi: normal;\"><span class=\"Normal-H\"><span style=\"font-family: Times New Roman; font-size: 12pt;\">Heute heisst es<\/span><span style=\"font-family: Times New Roman; font-size: 12pt;\"> im Programm<\/span><span style=\"font-family: Times New Roman; font-size: 12pt;\">: entspannen in <\/span><span style=\"font-family: Times New Roman; font-size: 12pt;\">Diafani<\/span><span style=\"font-family: Times New Roman; font-size: 12pt;\">, Badezeit an einem der Str\u00e4nde der Umgebung, <\/span><span style=\"font-family: Times New Roman; font-size: 12pt;\">oder <\/span><span style=\"font-family: Times New Roman; font-size: 12pt;\">individuelles Wandern. Nach de<\/span><span style=\"font-family: Times New Roman; font-size: 12pt;\"> anstrengenden Wanderung<\/span><span style=\"font-family: Times New Roman; font-size: 12pt;\">en<\/span><span style=\"font-family: Times New Roman; font-size: 12pt;\">der <\/span><span style=\"font-family: Times New Roman; font-size: 12pt;\">vergangenen Tage<\/span><span style=\"font-family: Times New Roman; font-size: 12pt;\">k<\/span><span style=\"font-family: Times New Roman; font-size: 12pt;\">on<\/span><span style=\"font-family: Times New Roman; font-size: 12pt;\">nte<\/span><span style=\"font-family: Times New Roman; font-size: 12pt;\"> manche<\/span><span style=\"font-family: Times New Roman; font-size: 12pt;\"> von uns wirklich eine <\/span><span style=\"font-family: Times New Roman; font-size: 12pt;\">E<\/span><span style=\"font-family: Times New Roman; font-size: 12pt;\">ntspan<\/span><span style=\"font-family: Times New Roman; font-size: 12pt;\">ung brauchen.<\/span><\/span><\/p>\n<\/td>\n<\/tr>\n<tr class=\"-R\">\n<td class=\"-C\" style=\"width: 239.8pt;\">\n<p class=\"Normal-P\" style=\"margin-bottom: 6pt; direction: ltr; unicode-bidi: normal;\"><span class=\"Normal-H\"><span style=\"font-family: Times New Roman; font-size: 12pt;\"><img loading=\"lazy\" decoding=\"async\" class=\"\" src=\"https:\/\/www.adrianwood.ch\/wp-content\/uploads\/2022\/07\/1656667600_image1.jpeg\" data-link=\"\" width=\"350\" height=\"233\"><\/span><\/span><\/p>\n<\/td>\n<td class=\"-C\" style=\"width: 241.6pt;\">\n<p class=\"Normal-P\" style=\"margin-bottom: 6pt; direction: ltr; unicode-bidi: normal;\"><span class=\"Normal-H\"><span style=\"font-family: Times New Roman; font-size: 12pt;\"><img loading=\"lazy\" decoding=\"async\" class=\"\" src=\"https:\/\/www.adrianwood.ch\/wp-content\/uploads\/2022\/07\/1656667600_image2.jpeg\" data-link=\"\" width=\"350\" height=\"234\"><\/span><\/span><\/p>\n<\/td>\n<\/tr>\n<tr class=\"-R\">\n<td class=\"-C\" style=\"width: 481.4pt;\" colspan=\"2\">\n<p class=\"Normal-P\" style=\"margin-bottom: 6pt; direction: ltr; unicode-bidi: normal;\"><span class=\"Normal-H\"><span style=\"font-family: Times New Roman; font-size: 12pt;\">Mein Vorschlag war eine Bootsfahrt zu einer der abgelegenen Str\u00e4nde s\u00fcdlich von <\/span><span style=\"font-family: Times New Roman; font-size: 12pt;\">Diafani<\/span><span style=\"font-family: Times New Roman; font-size: 12pt;\"> an der Westk\u00fcste. Einer der Kapit\u00e4ne im Ort kam am Vorabend zu uns, um zu fragen, ob wir an einem Ausflug mit ihm interessiert w\u00e4ren. Nach ein<\/span><span style=\"font-family: Times New Roman; font-size: 12pt;\">er<\/span><span style=\"font-family: Times New Roman; font-size: 12pt;\"> Verhandlung wurden wir einig und 10 Personen haben sich gemeldet. Wir trafen uns um 9 Uhr bei seinem Boot, das \u2018<\/span><span style=\"font-family: Times New Roman; font-size: 12pt;\">Captian<\/span><span style=\"font-family: Times New Roman; font-size: 12pt;\"> Manolis\u2019 heisst obwohl er selber George heisst. Ich glaube Manolis war sein Vater. Im Gegensatz zum anderen Ausflugsboot in <\/span><span style=\"font-family: Times New Roman; font-size: 12pt;\">Diafani<\/span><span style=\"font-family: Times New Roman; font-size: 12pt;\">, tr\u00e4gt das Boot noch einen Segelmast, der aber nicht benutz wurde.<\/span><\/span><\/p>\n<\/td>\n<\/tr>\n<tr class=\"-R\">\n<td class=\"-C\" style=\"width: 239.8pt;\">\n<p class=\"Normal-P\" style=\"margin-bottom: 6pt; direction: ltr; unicode-bidi: normal;\"><span class=\"Normal-H\"><span style=\"font-family: Times New Roman; font-size: 12pt;\"><img loading=\"lazy\" decoding=\"async\" class=\"\" src=\"https:\/\/www.adrianwood.ch\/wp-content\/uploads\/2022\/07\/1656667600_image3.jpeg\" data-link=\"\" width=\"350\" height=\"233\"><\/span><\/span><\/p>\n<\/td>\n<td class=\"-C\" style=\"width: 241.6pt;\">\n<p class=\"Normal-P\" style=\"margin-bottom: 6pt; direction: ltr; unicode-bidi: normal;\"><span class=\"Normal-H\"><span style=\"font-family: Times New Roman; font-size: 12pt;\"><img loading=\"lazy\" decoding=\"async\" class=\"\" src=\"https:\/\/www.adrianwood.ch\/wp-content\/uploads\/2022\/07\/1656667600_image4.jpeg\" data-link=\"\" width=\"352\" height=\"235\"><\/span><\/span><\/p>\n<\/td>\n<\/tr>\n<tr class=\"-R\">\n<td class=\"-C\" style=\"width: 481.4pt;\" colspan=\"2\">\n<p class=\"Normal-P\" style=\"margin-bottom: 6pt; direction: ltr; unicode-bidi: normal;\"><span class=\"Normal-H\"><span style=\"font-family: Times New Roman; font-size: 12pt;\">Wir hatten schon zwei Tage zuvor, nachmittags, den Strand Papa Mina zu Fuss besucht. Die sch\u00f6ne Wanderung dauerte ca. 2,5 Std. hin und zur\u00fcck und lief grossenteils entlang der Klippen ganz in K\u00fcstenn\u00e4he. Mit Kapit\u00e4n George haben wir den weiter entfernten Strand <\/span><span style=\"font-family: Times New Roman; font-size: 12pt;\">Forokli<\/span><span style=\"font-family: Times New Roman; font-size: 12pt;\"> als Ziel gew\u00e4hlt. Es gab zwei andere Passagiere im Boot die zuerst auf Papa Mina abgesetzt werden sollten, so dass wir in den Genuss vom Blick auf Papa Mina von Meer aus kamen.<\/span><\/span><\/p>\n<\/td>\n<\/tr>\n<tr class=\"-R\">\n<td class=\"-C\" style=\"width: 481.4pt;\" colspan=\"2\">\n<p class=\"Normal-P\" style=\"margin-bottom: 6pt; text-align: center; direction: ltr; unicode-bidi: normal;\"><span class=\"Normal-H\"><span style=\"font-family: Times New Roman; font-size: 12pt;\"><img loading=\"lazy\" decoding=\"async\" class=\"\" src=\"https:\/\/www.adrianwood.ch\/wp-content\/uploads\/2022\/07\/1656667600_image5.jpeg\" data-link=\"\" width=\"720\" height=\"240\"><\/span><\/span><\/p>\n<\/td>\n<\/tr>\n<tr class=\"-R\">\n<td class=\"-C\" style=\"width: 239.8pt;\">\n<p class=\"Normal-P\" style=\"margin-bottom: 6pt; direction: ltr; unicode-bidi: normal;\"><span class=\"Normal-H\"><span style=\"font-family: Times New Roman; font-size: 12pt;\"><img loading=\"lazy\" decoding=\"async\" class=\"\" src=\"https:\/\/www.adrianwood.ch\/wp-content\/uploads\/2022\/07\/1656667600_image6.jpeg\" data-link=\"\" width=\"350\" height=\"233\"><\/span><\/span><\/p>\n<\/td>\n<td class=\"-C\" style=\"width: 241.6pt;\">\n<p class=\"Normal-P\" style=\"margin-bottom: 6pt; direction: ltr; unicode-bidi: normal;\"><span class=\"Normal-H\"><span style=\"font-family: Times New Roman; font-size: 12pt;\"><img loading=\"lazy\" decoding=\"async\" class=\"\" src=\"https:\/\/www.adrianwood.ch\/wp-content\/uploads\/2022\/07\/1656667600_image7.jpeg\" data-link=\"\" width=\"350\" height=\"234\"><\/span><\/span><\/p>\n<\/td>\n<\/tr>\n<tr class=\"-R\">\n<td class=\"-C\" style=\"width: 481.4pt;\" colspan=\"2\">\n<p class=\"Normal-P\" style=\"margin-bottom: 6pt; direction: ltr; unicode-bidi: normal;\"><span class=\"Normal-H\"><span style=\"font-family: Times New Roman; font-size: 12pt;\">Bald erreichten wir doch <\/span><span style=\"font-family: Times New Roman; font-size: 12pt;\">Forokli<\/span><span style=\"font-family: Times New Roman; font-size: 12pt;\"> Strand wo wir an Land gingen. Das war aber ohne Anlegestelle nicht so leicht. Der Kapit\u00e4n holte eine normale Leiter und h\u00e4ngt sie einfach \u00fcber den Bug. Einer nach dem Anderen kletterten wir dar\u00fcber, manche schnell, manche etwas langsamer. Als alle fester Boden unter den F\u00fcssen hatten, suchten wir uns einen sch\u00f6nen schattigen Platz unter Tamarisken B\u00e4ume aus. Nach zwei Stunden war die sch\u00f6ne Zeit am Strand vorbei und die Kletterei musste in der umgekehrten Richtung wiederholt werden.<\/span><\/span><\/p>\n<\/td>\n<\/tr>\n<tr class=\"-R\">\n<td class=\"-C\" style=\"width: 481.4pt;\" colspan=\"2\">\n<p class=\"Normal-P\" style=\"margin-bottom: 6pt; direction: ltr; unicode-bidi: normal;\"><span class=\"Normal-H\"><span style=\"font-family: Times New Roman; font-size: 12pt;\"><img loading=\"lazy\" decoding=\"async\" class=\"\" src=\"https:\/\/www.adrianwood.ch\/wp-content\/uploads\/2022\/07\/1656667600_image8.jpeg\" data-link=\"\" width=\"720\" height=\"240\"><\/span><\/span><\/p>\n<\/td>\n<\/tr>\n<tr class=\"-R\">\n<td class=\"-C\" style=\"width: 239.8pt;\">\n<p class=\"Normal-P\" style=\"margin-bottom: 6pt; direction: ltr; unicode-bidi: normal;\"><span class=\"Normal-H\"><span style=\"font-family: Times New Roman; font-size: 12pt;\"><img loading=\"lazy\" decoding=\"async\" class=\"\" src=\"https:\/\/www.adrianwood.ch\/wp-content\/uploads\/2022\/07\/1656667600_image9.jpeg\" data-link=\"\" width=\"350\" height=\"233\"><\/span><\/span><\/p>\n<\/td>\n<td class=\"-C\" style=\"width: 241.6pt;\">\n<p class=\"Normal-P\" style=\"margin-bottom: 6pt; direction: ltr; unicode-bidi: normal;\"><span class=\"Normal-H\"><span style=\"font-family: Times New Roman; font-size: 12pt;\"><img loading=\"lazy\" decoding=\"async\" class=\"\" src=\"https:\/\/www.adrianwood.ch\/wp-content\/uploads\/2022\/07\/1656667600_image10.jpeg\" data-link=\"\" width=\"350\" height=\"234\"><\/span><\/span><\/p>\n<\/td>\n<\/tr>\n<tr class=\"-R\">\n<td class=\"-C\" style=\"width: 481.4pt;\" colspan=\"2\">\n<p class=\"Normal-P\" style=\"margin-bottom: 6pt; direction: ltr; unicode-bidi: normal;\"><span class=\"Normal-H\"><span style=\"font-family: Times New Roman; font-size: 12pt;\">Bei einen sp\u00e4teren Bootsausflug zur Insel <\/span><span style=\"font-family: Times New Roman; font-size: 12pt;\">Saria<\/span><span style=\"font-family: Times New Roman; font-size: 12pt;\"> haben wir festgestellt, dass der Kapit\u00e4n sehr fit, gar ein Athlet ist. Er ist mehrmals in vollem Lauf vom Landesteg \u00fcber den Bug in seinem Boot gesprungen. Dabei trug er die Utensilien f\u00fcr einen <\/span><span style=\"font-family: Times New Roman; font-size: 12pt;\">Barbeque<\/span><span style=\"font-family: Times New Roman; font-size: 12pt;\"> und andere Gegenst\u00e4nde. Es wurde auch gesagt, dass er jeden Tag bis ins Dorf <\/span><span style=\"font-family: Times New Roman; font-size: 12pt;\">Olympos<\/span><span style=\"font-family: Times New Roman; font-size: 12pt;\"> joggt, (ca. 260 m auf und ab).<\/span><\/span><\/p>\n<p class=\"Normal-P\" style=\"margin-bottom: 6pt; direction: ltr; unicode-bidi: normal;\"><span class=\"Normal-H\"><span style=\"font-family: Times New Roman; font-size: 12pt;\">Wieder in <\/span><span style=\"font-family: Times New Roman; font-size: 12pt;\">Diafani<\/span><span style=\"font-family: Times New Roman; font-size: 12pt;\"> angekommen haben wir uns in einer der h\u00fcbschen Tavernen entlang der Promenade gest\u00e4rkt, jeder nach sein<\/span><span style=\"font-family: Times New Roman; font-size: 12pt;\">e<\/span><span style=\"font-family: Times New Roman; font-size: 12pt;\">m<\/span><span style=\"font-family: Times New Roman; font-size: 12pt;\">G<\/span><span style=\"font-family: Times New Roman; font-size: 12pt;\">usto. Die meisten gingen dann ins Hotel und haben sich auf ihrem Zimmerbalkon ausgeruht. So war es doch ein entspannender aber auch abwechslungsreicher Tag.<\/span><span style=\"font-family: Times New Roman; font-size: 12pt;\">Adrian<\/span><\/span><\/p>\n<\/td>\n<\/tr>\n<p><!-- [if !supportMisalignedColumns]--><\/tbody>\n<\/table>\n<\/div>\n","protected":false},"excerpt":{"rendered":"<p>23.Mai, Tag zur freien Verf\u00fcgung in Diafani, Forokli Strand Heute heisst es im Programm: entspannen in Diafani, Badezeit an einem der Str\u00e4nde der Umgebung, oder individuelles Wandern. Nach de anstrengenden Wanderungender vergangenen Tagekonnte manche von uns wirklich eine Entspanung brauchen. Mein Vorschlag war eine Bootsfahrt zu einer der abgelegenen Str\u00e4nde s\u00fcdlich von Diafani an der &hellip; <a href=\"https:\/\/www.adrianwood.ch\/?page_id=23614\" class=\"more-link\">Continue reading <span class=\"screen-reader-text\">05 23 Forokli<\/span> <span class=\"meta-nav\">&rarr;<\/span><\/a><\/p>\n","protected":false},"author":1,"featured_media":0,"parent":23454,"menu_order":2629,"comment_status":"closed","ping_status":"closed","template":"","meta":{"ngg_post_thumbnail":0,"footnotes":""},"class_list":["post-23614","page","type-page","status-publish","hentry"],"_links":{"self":[{"href":"https:\/\/www.adrianwood.ch\/index.php?rest_route=\/wp\/v2\/pages\/23614","targetHints":{"allow":["GET"]}}],"collection":[{"href":"https:\/\/www.adrianwood.ch\/index.php?rest_route=\/wp\/v2\/pages"}],"about":[{"href":"https:\/\/www.adrianwood.ch\/index.php?rest_route=\/wp\/v2\/types\/page"}],"author":[{"embeddable":true,"href":"https:\/\/www.adrianwood.ch\/index.php?rest_route=\/wp\/v2\/users\/1"}],"replies":[{"embeddable":true,"href":"https:\/\/www.adrianwood.ch\/index.php?rest_route=%2Fwp%2Fv2%2Fcomments&post=23614"}],"version-history":[{"count":3,"href":"https:\/\/www.adrianwood.ch\/index.php?rest_route=\/wp\/v2\/pages\/23614\/revisions"}],"predecessor-version":[{"id":23626,"href":"https:\/\/www.adrianwood.ch\/index.php?rest_route=\/wp\/v2\/pages\/23614\/revisions\/23626"}],"up":[{"embeddable":true,"href":"https:\/\/www.adrianwood.ch\/index.php?rest_route=\/wp\/v2\/pages\/23454"}],"wp:attachment":[{"href":"https:\/\/www.adrianwood.ch\/index.php?rest_route=%2Fwp%2Fv2%2Fmedia&parent=23614"}],"curies":[{"name":"wp","href":"https:\/\/api.w.org\/{rel}","templated":true}]}}