{"id":2364,"date":"2012-12-15T14:34:39","date_gmt":"2012-12-15T13:34:39","guid":{"rendered":"http:\/\/adrianwood.ch\/?page_id=2364"},"modified":"2012-12-15T14:34:39","modified_gmt":"2012-12-15T13:34:39","slug":"10-08-ibera-sumpfe","status":"publish","type":"page","link":"https:\/\/www.adrianwood.ch\/?page_id=2364","title":{"rendered":"10 &#8211; 08 Ibera S\u00fcmpfe"},"content":{"rendered":"<figure id=\"attachment_2365\" aria-describedby=\"caption-attachment-2365\" style=\"width: 730px\" class=\"wp-caption alignleft\"><a href=\"http:\/\/adrianwood.ch\/private-holidays\/2006-09-argentina\/10-08-ibera-sumpfe\/pos_0836_r7\/\" rel=\"attachment wp-att-2365\"><img loading=\"lazy\" decoding=\"async\" class=\"size-full wp-image-2365\" title=\"POS_0836_r7\" src=\"http:\/\/adrianwood.ch\/wp-content\/uploads\/2012\/12\/POS_0836_r7.jpg\" alt=\"Kaimane\" width=\"730\" height=\"485\" \/><\/a><figcaption id=\"caption-attachment-2365\" class=\"wp-caption-text\">Kaimane<\/figcaption><\/figure>\n<h1>Esteros del Iber\u00e1\u00a0 &#8211;\u00a0 das \u00d6koparadies im Nordosten Argentiniens<\/h1>\n<p><strong>Sonntag 8.Oktober<\/strong><\/p>\n<p>Nach einem freien Halbtag in Buenos Aires fliegen wir am sp\u00e4teren Nachmittag nach Posadas, der Hauptstadt der Provinz Misiones, die keilf\u00f6rmig zwischen Brasilien und Paraguay liegt. Fahrt zur Estancia (Grossfarm) San Juan Poriah\u00fa, in dem f\u00fcr Touristen nur schwer zug\u00e4nglichen Naturreservat Esteros del Iber\u00e1 (Provinz Corrientes). Die Esteros sind eine riesige, unber\u00fchrte Lagunenlandschaft, durchzogen von schwimmenden, bewachsenen Inseln. \u00dcbernachtung in den sehr sch\u00f6n angelegten G\u00e4steh\u00e4usern, teilweise ein fr\u00fcheres jesuitisches Oratorium.<\/p>\n<p><strong>Montag 9.Oktober<\/strong><\/p>\n<p>Eindr\u00fcckliche Naturbeobachtungen im Boot, zu Fuss, zu Pferd, im Fahrzeug. Hier werden <em>Hunderte<\/em> von Vogelarten beobachtet. Ausserdem sehen wir viele Yacar\u00e9s (Kaimane) und Pira\u00f1as, sowie auch Carpinchos (Capybaras, Wasserschweine, die gr\u00f6ssten Nagetiere), Sumpfhirsche, Br\u00fcllaffen und vieles mehr. M\u00f6glicherweise auch Nachtbesichtigungen.<\/p>\n<p><strong>Dienstag 10.Oktober<\/strong><\/p>\n<p>Besichtigungen aller Art, und\/oder Ruhepausen. Ein Reisebericht mit Fotos, allerdings in der umgekehrten Richtung Iguaz\u00fa-San Ignacio-Iber\u00e1 findet sich auf der Webseite http:\/\/www.umdiewelt.de\/Die-Amerikas\/Suedamerika\/Argentinien\/Reisebericht-405\/Kapitel-10.html,<\/p>\n<p><strong>Mittwoch 11.Oktober<\/strong><\/p>\n<p>Programm wie Vortag: diverse Naturbeobachtungen, Rundg\u00e4nge. Wir fahren abends nach Posadas zur\u00fcck, um am folgenden Tag mit unserem reichhaltigen Programm rechtzeitig starten zu k\u00f6nnen. In Posadas Unterkunft im Hotel Julio C\u00e9sar.<\/p>\n<p><em>We departed Buenos Aires again this time for Posadas in northeast Argentina to first spend 3 days on an Estancia in a swampy area 2 hours drive from there. It was partly an early Jesuit missionary construction and contained a lot of period furniture. The Patron was very interesting and showed us all round the site and the marshes. The Caiman were particularly impressive when baited with piranhas which were caught with a fishing line and a piece of meat. The capybaras could be approached quite easily and the gibbons actually came to the trees surrounding the estancia buildings but the water birds were less easy to see close to. Although we mostly travelled to the sites by jeep or boat it was possible to explore independently on foot. Some of the group went horse riding one morning but I did not join them.<\/em> ngg_shortcode_0_placeholder<\/p>\n<figure id=\"attachment_2366\" aria-describedby=\"caption-attachment-2366\" style=\"width: 822px\" class=\"wp-caption alignleft\"><a href=\"http:\/\/adrianwood.ch\/private-holidays\/2006-09-argentina\/10-08-ibera-sumpfe\/posadas-ibera-r\/\" rel=\"attachment wp-att-2366\"><img loading=\"lazy\" decoding=\"async\" class=\"size-full wp-image-2366\" title=\"Posadas, Ibera\" src=\"http:\/\/adrianwood.ch\/wp-content\/uploads\/2012\/12\/Posadas-Ibera-r.jpg\" alt=\"\" width=\"822\" height=\"660\" \/><\/a><figcaption id=\"caption-attachment-2366\" class=\"wp-caption-text\">Posadas, Ibera<\/figcaption><\/figure>\n","protected":false},"excerpt":{"rendered":"<p>Esteros del Iber\u00e1\u00a0 &#8211;\u00a0 das \u00d6koparadies im Nordosten Argentiniens Sonntag 8.Oktober Nach einem freien Halbtag in Buenos Aires fliegen wir am sp\u00e4teren Nachmittag nach Posadas, der Hauptstadt der Provinz Misiones, die keilf\u00f6rmig zwischen Brasilien und Paraguay liegt. Fahrt zur Estancia (Grossfarm) San Juan Poriah\u00fa, in dem f\u00fcr Touristen nur schwer zug\u00e4nglichen Naturreservat Esteros del Iber\u00e1 &hellip; <a href=\"https:\/\/www.adrianwood.ch\/?page_id=2364\" class=\"more-link\">Continue reading <span class=\"screen-reader-text\">10 &#8211; 08 Ibera S\u00fcmpfe<\/span> <span class=\"meta-nav\">&rarr;<\/span><\/a><\/p>\n","protected":false},"author":1,"featured_media":0,"parent":2323,"menu_order":5267,"comment_status":"closed","ping_status":"closed","template":"","meta":{"ngg_post_thumbnail":0,"footnotes":""},"class_list":["post-2364","page","type-page","status-publish","hentry"],"_links":{"self":[{"href":"https:\/\/www.adrianwood.ch\/index.php?rest_route=\/wp\/v2\/pages\/2364","targetHints":{"allow":["GET"]}}],"collection":[{"href":"https:\/\/www.adrianwood.ch\/index.php?rest_route=\/wp\/v2\/pages"}],"about":[{"href":"https:\/\/www.adrianwood.ch\/index.php?rest_route=\/wp\/v2\/types\/page"}],"author":[{"embeddable":true,"href":"https:\/\/www.adrianwood.ch\/index.php?rest_route=\/wp\/v2\/users\/1"}],"replies":[{"embeddable":true,"href":"https:\/\/www.adrianwood.ch\/index.php?rest_route=%2Fwp%2Fv2%2Fcomments&post=2364"}],"version-history":[{"count":0,"href":"https:\/\/www.adrianwood.ch\/index.php?rest_route=\/wp\/v2\/pages\/2364\/revisions"}],"up":[{"embeddable":true,"href":"https:\/\/www.adrianwood.ch\/index.php?rest_route=\/wp\/v2\/pages\/2323"}],"wp:attachment":[{"href":"https:\/\/www.adrianwood.ch\/index.php?rest_route=%2Fwp%2Fv2%2Fmedia&parent=2364"}],"curies":[{"name":"wp","href":"https:\/\/api.w.org\/{rel}","templated":true}]}}