{"id":2371,"date":"2012-12-15T14:46:33","date_gmt":"2012-12-15T13:46:33","guid":{"rendered":"http:\/\/adrianwood.ch\/?page_id=2371"},"modified":"2012-12-15T14:46:33","modified_gmt":"2012-12-15T13:46:33","slug":"10-12-misiones-iguazu","status":"publish","type":"page","link":"https:\/\/www.adrianwood.ch\/?page_id=2371","title":{"rendered":"10 &#8211; 12 Misiones, Iguazu"},"content":{"rendered":"<figure id=\"attachment_2372\" aria-describedby=\"caption-attachment-2372\" style=\"width: 730px\" class=\"wp-caption alignleft\"><a href=\"http:\/\/adrianwood.ch\/private-holidays\/2006-09-argentina\/10-12-misiones-iguazu\/zui_0997_r7\/\" rel=\"attachment wp-att-2372\"><img loading=\"lazy\" decoding=\"async\" class=\"size-full wp-image-2372\" title=\"ZUI_0997_r7\" src=\"http:\/\/adrianwood.ch\/wp-content\/uploads\/2012\/12\/ZUI_0997_r7.jpg\" alt=\"Iguazu Wasserf\u00e4lle, im Hintergrund die Garganta del Diablo \" width=\"730\" height=\"485\" \/><\/a><figcaption id=\"caption-attachment-2372\" class=\"wp-caption-text\">Iguazu Wasserf\u00e4lle, im Hintergrund die Garganta del Diablo<\/figcaption><\/figure>\n<h2><strong>Provinz Misiones, San Ignacio <\/strong><strong>Jesuitenst\u00e4tte<\/strong><strong> und die Wasserf\u00e4lle des Iguaz\u00fa<\/strong><\/h2>\n<p><strong>Donnerstag 12.Oktober<\/strong><\/p>\n<p>Wir beginnen unsere Fahrt nach Norden und lernen dabei einiges \u00fcber die Provinz Misiones kennen. Morgens fr\u00fche Abfahrt damit es zeitlich m\u00f6glich wird, die sehr informativen Ruinen der eindr\u00fccklichen in Mini zu besuchen (ein Unesco Kulturerbe der Menschheit), und \u00fcber ihren historischen Hintergrund einiges zu erfahren. Die weitgehend autonome Indiosiedlung wurde sp\u00e4ter durch die spanische Krone verboten. Anschliessend Weiterfahrt nach Santo Pip\u00f3, wo wir zuerst die\u00a0 Produktionsgenossenschaft f\u00fcr \u201ePipor\u00e9\u201c (Mate-Tee) besuchen und anschliessend Mate- und Tee-Plantagen besichtigen. Dann kommen wir zum bewundernswerten, von Schweizern gegr\u00fcndeten Landwirtschaftstechnikum \u201cInstituto L\u00ednea Cuchilla\u201d im Orte Ru\u00edz de Montoya. Nach dem Mittagessen und den Besichtigungen im Instituto, weiterfahrt nach Capiov\u00ed und Unterkunft im Hotel Castillo.<\/p>\n<p><strong>Freitag 13.Oktober<\/strong><\/p>\n<p>Fahrt zu den Wasserf\u00e4llen des R\u00edo Iguaz\u00fa, kurz vor seinem Zusammentreffen mit dem grossen Paran\u00e1fluss. Zwischenhalt bei den Halbedelsteinminen beim Ort Wanda, wo noch Geoden im nicht ausgebeuteten Zustand beobachtet werden k\u00f6nnen. In Iguaz\u00fa wandern wir auf den neu angelegten Wegen unmittelbar den vielen, eindr\u00fccklichen F\u00e4llen entlang (UNESCO Welterbe der Natur). \u00dcbernachtung im Hotel\u00a0 Sheraton International &#8211; Iguaz\u00fa.<\/p>\n<p><strong>Samstag 14.Oktober<\/strong><\/p>\n<p>Weiterhin an den Cataratas del Iguaz\u00fa, wir haben noch Zeit um die F\u00e4lle zu bewundern. Wir gehen am morgen zum gr\u00f6ssten der \u00fcber 100 F\u00e4lle: die Garganta del Diablo (Teufelsschlund). Nachmittags R\u00fcckflug nach Buenos Aires. Abends kann eine Veranstaltung nach Wunsch besucht werden.<\/p>\n<p><strong>Sonntag 15.Oktober<\/strong><\/p>\n<p>Buenos Aires. Programm nach Ansage. Zum Beispiel an die &#8220;Feria de Mataderos&#8221; beim alten Schlachthof am weiteren Ende der Stadt. Im Gegensatz zur haupts\u00e4chlich auf Fremde ausgerichtete &#8220;Feria de San Telmo&#8221; ist &#8220;Mataderos&#8221; ein auf Volksbrauch und Folklore ausgerichteter, von Einheimischen gerne besuchter Markt. Hier k\u00f6nnen wir auch diverse regionale Gerichte probieren und Souvenirs erwerben.<\/p>\n<p><em>The Jesuit San Ignacio mission we visited was the one about which a Jeremy Irons film \u2018The Mission\u2019 was made. Only ruined walls now remain of the once vast complex. We continued our journey north through the province of Misiones which must have once been covered in tropical jungle. Sadly this has now all been replaced by agriculture with the exception of a small area surrounding the Iguazu Falls on the Brazilian border. These falls do deserve their status as a world heritage site and are most spectacular. However I had visited them once before in the month of February when considerably more water had been flowing over the falls. We stayed in the luxurious Hotel Sheraton which is situated within the park quite close to some of the falls. The previous time I had photographed Coati Mundis in the forest but this time they were more in evidence at the restaurants and on the tables! On the last day in Buenos Aires we visited the &#8220;Feria de Mataderos&#8221;, a combination of market and festival, which I think takes place every week. There was much dancing in the street which one or two of us took part in but I spend most of the time looking for souvenirs, mainly ceramics. I also drank a liter bottle of beer, which was the smallest size available!<\/em> ngg_shortcode_0_placeholder<\/p>\n<figure id=\"attachment_2373\" aria-describedby=\"caption-attachment-2373\" style=\"width: 793px\" class=\"wp-caption alignleft\"><a href=\"http:\/\/adrianwood.ch\/private-holidays\/2006-09-argentina\/10-12-misiones-iguazu\/zui_missiones-r\/\" rel=\"attachment wp-att-2373\"><img loading=\"lazy\" decoding=\"async\" class=\"size-full wp-image-2373\" title=\"Zui_Missiones r\" src=\"http:\/\/adrianwood.ch\/wp-content\/uploads\/2012\/12\/Zui_Missiones-r.jpg\" alt=\"Provinz Misiones\" width=\"793\" height=\"845\" \/><\/a><figcaption id=\"caption-attachment-2373\" class=\"wp-caption-text\">Provinz Misiones<\/figcaption><\/figure>\n","protected":false},"excerpt":{"rendered":"<p>Provinz Misiones, San Ignacio Jesuitenst\u00e4tte und die Wasserf\u00e4lle des Iguaz\u00fa Donnerstag 12.Oktober Wir beginnen unsere Fahrt nach Norden und lernen dabei einiges \u00fcber die Provinz Misiones kennen. Morgens fr\u00fche Abfahrt damit es zeitlich m\u00f6glich wird, die sehr informativen Ruinen der eindr\u00fccklichen in Mini zu besuchen (ein Unesco Kulturerbe der Menschheit), und \u00fcber ihren historischen Hintergrund &hellip; <a href=\"https:\/\/www.adrianwood.ch\/?page_id=2371\" class=\"more-link\">Continue reading <span class=\"screen-reader-text\">10 &#8211; 12 Misiones, Iguazu<\/span> <span class=\"meta-nav\">&rarr;<\/span><\/a><\/p>\n","protected":false},"author":1,"featured_media":0,"parent":2323,"menu_order":5268,"comment_status":"closed","ping_status":"closed","template":"","meta":{"ngg_post_thumbnail":0,"footnotes":""},"class_list":["post-2371","page","type-page","status-publish","hentry"],"_links":{"self":[{"href":"https:\/\/www.adrianwood.ch\/index.php?rest_route=\/wp\/v2\/pages\/2371","targetHints":{"allow":["GET"]}}],"collection":[{"href":"https:\/\/www.adrianwood.ch\/index.php?rest_route=\/wp\/v2\/pages"}],"about":[{"href":"https:\/\/www.adrianwood.ch\/index.php?rest_route=\/wp\/v2\/types\/page"}],"author":[{"embeddable":true,"href":"https:\/\/www.adrianwood.ch\/index.php?rest_route=\/wp\/v2\/users\/1"}],"replies":[{"embeddable":true,"href":"https:\/\/www.adrianwood.ch\/index.php?rest_route=%2Fwp%2Fv2%2Fcomments&post=2371"}],"version-history":[{"count":0,"href":"https:\/\/www.adrianwood.ch\/index.php?rest_route=\/wp\/v2\/pages\/2371\/revisions"}],"up":[{"embeddable":true,"href":"https:\/\/www.adrianwood.ch\/index.php?rest_route=\/wp\/v2\/pages\/2323"}],"wp:attachment":[{"href":"https:\/\/www.adrianwood.ch\/index.php?rest_route=%2Fwp%2Fv2%2Fmedia&parent=2371"}],"curies":[{"name":"wp","href":"https:\/\/api.w.org\/{rel}","templated":true}]}}