{"id":23839,"date":"2022-07-18T08:44:00","date_gmt":"2022-07-18T08:44:00","guid":{"rendered":"https:\/\/www.adrianwood.ch\/?page_id=23839"},"modified":"2022-07-19T10:14:25","modified_gmt":"2022-07-19T10:14:25","slug":"06-19-torbel","status":"publish","type":"page","link":"https:\/\/www.adrianwood.ch\/?page_id=23839","title":{"rendered":"06-19 T\u00f6rbel"},"content":{"rendered":"<div class=\"pmdi_content_wrapper\">\n<h2 class=\"NormalWeb-P\" style=\"margin-top: 0pt; margin-bottom: 6pt; direction: ltr; unicode-bidi: normal;\"><span class=\"NormalWeb-H\"><span class=\"Strong-H\" style=\"color: #000000; font-size: 14pt;\">19.Juni<\/span><span class=\"Strong-H\" style=\"color: #000000; font-size: 14pt;\">, <\/span><span class=\"Strong-H\" style=\"color: #000000; font-size: 14pt;\">Tsangling<\/span><span class=\"Strong-H\" style=\"color: #000000; font-size: 14pt;\"> Lodge <\/span><span class=\"Strong-H\" style=\"color: #000000; font-size: 14pt;\">Yakfarm<\/span><span class=\"Strong-H\" style=\"color: #000000; font-size: 14pt;\"> \u2013 <\/span><span class=\"Strong-H\" style=\"color: #000000; font-size: 14pt;\">Riedfl\u00fce<\/span><span class=\"Strong-H\" style=\"color: #000000; font-size: 14pt;\"> \u2013 <\/span><span class=\"Strong-H\" style=\"color: #000000; font-size: 14pt;\">T\u00f6rbel<\/span><span class=\"Strong-H\" style=\"color: #000000; font-size: 14pt;\"> \u2013 <\/span><span class=\"Strong-H\" style=\"color: #000000; font-size: 14pt;\">Zeneggen<\/span><\/span><\/h2>\n<p class=\"NormalWeb-P\" style=\"margin-top: 0pt; margin-bottom: 6pt; direction: ltr; unicode-bidi: normal;\"><span class=\"NormalWeb-H\"><span style=\"color: #000000; font-size: 14pt;\">Wieder erwartet uns eine pr\u00e4chtiger aber heisser Tag. <\/span><span style=\"color: #000000; font-size: 14pt;\">Manche von uns sind schon fr\u00fch auf den Beinen um das sch\u00f6ne Licht auf den grossen Bergen <\/span><span style=\"color: #000000; font-size: 14pt;\">um <\/span><span style=\"color: #000000; font-size: 14pt;\">Mattertal<\/span><span style=\"color: #000000; font-size: 14pt;\">zu bewundern. <\/span><span style=\"color: #000000; font-size: 14pt;\">Viel davon sind gut sichtbar wie: Nadelhorn, Breithorn, Klein Matterhorn, Weisshorn und <\/span><span style=\"color: #000000; font-size: 14pt;\">Bishorn<\/span><span style=\"color: #000000; font-size: 14pt;\">.<\/span><\/span><\/p>\n<table class=\"TableGrid-T\" style=\"border-collapse: collapse;\" cellspacing=\"0\">\n<tbody>\n<tr class=\"-R\">\n<td class=\"-C\" style=\"width: 481.4pt; border: none windowtext 0pt;\" colspan=\"2\">\n<p class=\"NormalWeb-P\" style=\"margin-top: 0pt; margin-bottom: 6pt; direction: ltr; unicode-bidi: normal;\"><span class=\"NormalWeb-H\"><span style=\"color: #000000; font-size: 14pt;\">Um 8h essen wir wieder draussen. Es gibt Kaffee, Brot mit Butter und eine Auswahl von Honigt\u00f6pfen. Der Besitzer<\/span><span style=\"color: #000000; font-size: 14pt;\"> der Farm<\/span><span style=\"color: #000000; font-size: 14pt;\">, Daniel, hat eine grosse Sammlung von Honig aus vielen Gegenden.<\/span><span style=\"color: #000000; font-size: 14pt;\"> Nach dem Fr\u00fchst\u00fcck haben Daniel und Roger uns kurz begleitet um uns den <\/span><span style=\"color: #000000; font-size: 14pt;\">Aufenhaltsort<\/span><span style=\"color: #000000; font-size: 14pt;\"> der Yaks zu zeigen.<\/span><\/span><\/p>\n<\/td>\n<\/tr>\n<tr class=\"-R\">\n<td class=\"-C\" style=\"width: 240.7pt; border: none windowtext 0pt;\">\n<p class=\"NormalWeb-P\" style=\"margin-top: 0pt; margin-bottom: 6pt; direction: ltr; unicode-bidi: normal;\"><span class=\"NormalWeb-H\"><span style=\"color: #000000; font-size: 14pt;\"><img loading=\"lazy\" decoding=\"async\" class=\"\" src=\"https:\/\/www.adrianwood.ch\/wp-content\/uploads\/2022\/07\/1658133770_image1.jpeg\" data-link=\"\" width=\"350\" height=\"233\"><\/span><\/span><\/p>\n<\/td>\n<td class=\"-C\" style=\"width: 240.7pt; border: none windowtext 0pt;\">\n<p class=\"NormalWeb-P\" style=\"margin-top: 0pt; margin-bottom: 6pt; direction: ltr; unicode-bidi: normal;\"><span class=\"NormalWeb-H\"><span style=\"color: #000000; font-size: 14pt;\"><img loading=\"lazy\" decoding=\"async\" class=\"\" src=\"https:\/\/www.adrianwood.ch\/wp-content\/uploads\/2022\/07\/1658133770_image2.jpeg\" data-link=\"\" width=\"350\" height=\"233\"><\/span><\/span><\/p>\n<\/td>\n<\/tr>\n<tr class=\"-R\">\n<td class=\"-C\" style=\"width: 481.4pt; border: none windowtext 0pt;\" colspan=\"2\">\n<p class=\"NormalWeb-P\" style=\"margin-top: 0pt; margin-bottom: 6pt; direction: ltr; unicode-bidi: normal;\"><span class=\"NormalWeb-H\"><span style=\"color: #000000; font-size: 14pt;\">Wir folgen dem <\/span><span style=\"color: #000000; font-size: 14pt;\">Yakpfad<\/span><span style=\"color: #000000; font-size: 14pt;\">, der im Auf und Ab \u00fcber gr\u00fcne Wiesen f\u00fchrt<\/span><span style=\"color: #000000; font-size: 14pt;\"> und <\/span><span style=\"color: #000000; font-size: 14pt;\">k\u00f6nnen dann die Yaks weiter oben im Hang sehen und fotografieren. Ein malerischer und abwechslungsreicher Weg f\u00fchrt uns hin\u00fcber nach <\/span><span style=\"color: #000000; font-size: 14pt;\">T\u00f6rbel<\/span><span style=\"color: #000000; font-size: 14pt;\">, wo wir im Restaurant <\/span><span style=\"color: #000000; font-size: 14pt;\">Weisshorn <\/span><span style=\"color: #000000; font-size: 14pt;\">unseren Durst l\u00f6schen.<\/span><span style=\"color: #000000; font-size: 14pt;\"> Dann<\/span><span style=\"color: #000000; font-size: 14pt;\"> m\u00fcssen wir kurz auf der Strasse gehen, um auf den Panoramaweg zu gelangen, welchem wir nun bis zu einer Abzweigung nach unten folgen. Zuvor haben wir auf einer Bank unsere Mittagspause gehalten. Auf dem unteren Wanderweg kommen wir am Modell der f\u00fcr die <\/span><span style=\"color: #000000; font-size: 14pt;\">Moosalp<\/span><span style=\"color: #000000; font-size: 14pt;\"> geplanten Mutter-Teresa-Kapelle Mario Bottas vorbei.<\/span><\/span><\/p>\n<\/td>\n<\/tr>\n<tr class=\"-R\">\n<td class=\"-C\" style=\"width: 240.7pt; border: none windowtext 0pt;\">\n<p class=\"NormalWeb-P\" style=\"margin-top: 0pt; margin-bottom: 6pt; direction: ltr; unicode-bidi: normal;\"><span class=\"NormalWeb-H\"><span style=\"color: #000000; font-size: 14pt;\"><img loading=\"lazy\" decoding=\"async\" class=\"\" src=\"https:\/\/www.adrianwood.ch\/wp-content\/uploads\/2022\/07\/1658133770_image3.jpeg\" data-link=\"\" width=\"350\" height=\"233\"><\/span><\/span><\/p>\n<\/td>\n<td class=\"-C\" style=\"width: 240.7pt; border: none windowtext 0pt;\">\n<p class=\"NormalWeb-P\" style=\"margin-top: 0pt; margin-bottom: 6pt; direction: ltr; unicode-bidi: normal;\"><span class=\"NormalWeb-H\"><span style=\"color: #000000; font-size: 14pt;\"><img loading=\"lazy\" decoding=\"async\" class=\"\" src=\"https:\/\/www.adrianwood.ch\/wp-content\/uploads\/2022\/07\/1658133770_image4.jpeg\" data-link=\"\" width=\"350\" height=\"233\"><\/span><\/span><\/p>\n<\/td>\n<\/tr>\n<tr class=\"-R\">\n<td class=\"-C\" style=\"width: 481.4pt; border: none windowtext 0pt;\" colspan=\"2\">\n<p class=\"NormalWeb-P\" style=\"margin-top: 0pt; margin-bottom: 6pt; direction: ltr; unicode-bidi: normal;\"><span class=\"NormalWeb-H\"><span style=\"color: #000000; font-size: 14pt;\">Als wir in <\/span><span style=\"color: #000000; font-size: 14pt;\">Zeneggen<\/span><span style=\"color: #000000; font-size: 14pt;\"> ankommen, ist das <\/span><span style=\"color: #000000; font-size: 14pt;\">Laden <\/span><span style=\"color: #000000; font-size: 14pt;\">Caf\u00e9 geschlossen und wir m\u00fcssen eine Stunde draussen auf den Bus warten. Aber die Haltestelle befindet sich neben dem Brunnen! F\u00fcr Fl\u00fcssigkeit ist jedenfalls gesorgt.<\/span><\/span><\/p>\n<p class=\"NormalWeb-P\" style=\"margin-top: 0pt; margin-bottom: 6pt; direction: ltr; unicode-bidi: normal;\"><span class=\"NormalWeb-H\"><span style=\"color: #000000; font-size: 14pt;\">Diese beiden Wandertage waren trotz der W\u00e4rme sehr sch\u00f6n und erlebnisreich. Herzlichen Dank an den Wanderleiter Adrian.<\/span><\/span><\/p>\n<p class=\"NormalWeb-P\" style=\"margin-top: 0pt; margin-bottom: 6pt; direction: ltr; unicode-bidi: normal;\"><span class=\"NormalWeb-H\"><span style=\"color: #000000; font-size: 14pt;\">Marianne Frei<\/span><\/span><\/p>\n<p>ngg_shortcode_0_placeholder<\/td>\n<\/tr>\n<p><!-- [if !supportMisalignedColumns]--><\/tbody>\n<\/table>\n<\/div>\n","protected":false},"excerpt":{"rendered":"<p>19.Juni, Tsangling Lodge Yakfarm \u2013 Riedfl\u00fce \u2013 T\u00f6rbel \u2013 Zeneggen Wieder erwartet uns eine pr\u00e4chtiger aber heisser Tag. Manche von uns sind schon fr\u00fch auf den Beinen um das sch\u00f6ne Licht auf den grossen Bergen um Mattertalzu bewundern. Viel davon sind gut sichtbar wie: Nadelhorn, Breithorn, Klein Matterhorn, Weisshorn und Bishorn. Um 8h essen wir &hellip; <a href=\"https:\/\/www.adrianwood.ch\/?page_id=23839\" class=\"more-link\">Continue reading <span class=\"screen-reader-text\">06-19 T\u00f6rbel<\/span> <span class=\"meta-nav\">&rarr;<\/span><\/a><\/p>\n","protected":false},"author":1,"featured_media":0,"parent":23825,"menu_order":1432,"comment_status":"closed","ping_status":"closed","template":"","meta":{"ngg_post_thumbnail":0,"footnotes":""},"class_list":["post-23839","page","type-page","status-publish","hentry"],"_links":{"self":[{"href":"https:\/\/www.adrianwood.ch\/index.php?rest_route=\/wp\/v2\/pages\/23839","targetHints":{"allow":["GET"]}}],"collection":[{"href":"https:\/\/www.adrianwood.ch\/index.php?rest_route=\/wp\/v2\/pages"}],"about":[{"href":"https:\/\/www.adrianwood.ch\/index.php?rest_route=\/wp\/v2\/types\/page"}],"author":[{"embeddable":true,"href":"https:\/\/www.adrianwood.ch\/index.php?rest_route=\/wp\/v2\/users\/1"}],"replies":[{"embeddable":true,"href":"https:\/\/www.adrianwood.ch\/index.php?rest_route=%2Fwp%2Fv2%2Fcomments&post=23839"}],"version-history":[{"count":4,"href":"https:\/\/www.adrianwood.ch\/index.php?rest_route=\/wp\/v2\/pages\/23839\/revisions"}],"predecessor-version":[{"id":23903,"href":"https:\/\/www.adrianwood.ch\/index.php?rest_route=\/wp\/v2\/pages\/23839\/revisions\/23903"}],"up":[{"embeddable":true,"href":"https:\/\/www.adrianwood.ch\/index.php?rest_route=\/wp\/v2\/pages\/23825"}],"wp:attachment":[{"href":"https:\/\/www.adrianwood.ch\/index.php?rest_route=%2Fwp%2Fv2%2Fmedia&parent=23839"}],"curies":[{"name":"wp","href":"https:\/\/api.w.org\/{rel}","templated":true}]}}