{"id":2388,"date":"2013-01-11T15:18:23","date_gmt":"2013-01-11T14:18:23","guid":{"rendered":"http:\/\/adrianwood.ch\/?page_id=2388"},"modified":"2016-01-30T15:21:21","modified_gmt":"2016-01-30T15:21:21","slug":"2012-12-janzi","status":"publish","type":"page","link":"https:\/\/www.adrianwood.ch\/?page_id=2388","title":{"rendered":"2012-12 J\u00e4nzi"},"content":{"rendered":"<h2 align=\"center\"><b>Weinachtliche Schneeschuhtour J\u00e4nzi, 29.12.2012<\/b><\/h2>\n<table border=\"0\" cellspacing=\"0\" cellpadding=\"0\">\n<tbody>\n<tr>\n<td valign=\"top\" width=\"399\">Noch kurz vor dem Jahresende 2012 gelingt es Adrian, doch noch die geplante Schneeschuhtour auf den J\u00e4nzi bei Langis durchzuf\u00fchren und zwar bei Sonnenschein und viel Schnee und pr\u00e4chtiger Bergsicht.Nach einer Kaffeepause in Langis 1442m ziehen wir unsere Schneeschuhe an und wandern durch einen lichten F\u00f6hrenwald hin\u00fcber nach Schwendi Kaltbad 1440m. Vor uns liegt das sch\u00f6ne Kirchlein und die Gastwirtschaft, dahinter sehen wir den Gipfel des Pilatus.<\/td>\n<td valign=\"top\" width=\"423\">\u00a0<img decoding=\"async\" class=\"ngg-singlepic ngg-none\" src=\"http:\/\/adrianwood.ch\/wp-content\/gallery\/jaenzi03\/dscn6634_1_r2_r4.jpg\" alt=\"dscn6634_1_r2_r4\" \/><\/td>\n<\/tr>\n<tr>\n<td valign=\"top\" width=\"399\">\u00a0<img decoding=\"async\" class=\"ngg-singlepic ngg-none\" src=\"http:\/\/adrianwood.ch\/wp-content\/gallery\/jaenzi03\/dscn6644_r2_r4.jpg\" alt=\"dscn6644_r2_r4\" \/><\/td>\n<td valign=\"top\" width=\"423\">Dem Bach Schlieren entlang f\u00fchrt uns der Weg immer noch im Schatten durch eine zauberhafte Winterlandschaft zum Punkt 1440m, von wo aus es hinaufgeht, zuerst durch offenes Gel\u00e4nde und dann durch den Wald nach Egg, Waldh\u00fctte,1611m. Von dort aus steigen wir \u00fcber den H\u00fcenerg\u00fctsch hinauf auf den langgezogenen Grat des J\u00e4nzi. Die Strecke von Egg zum Gipfel ist sehr abwechslungsreich, einmal geht es durch den Tannenwald, dann tritt man wieder in eine einsame, sonnendurchflutete Lichtung. Dies ist wirklich eine Genusswanderung!<\/td>\n<\/tr>\n<tr>\n<td valign=\"top\" width=\"399\"><img decoding=\"async\" class=\"ngg-singlepic ngg-none\" src=\"http:\/\/adrianwood.ch\/wp-content\/gallery\/jaenzi03\/dscn6657_r_r4.jpg\" alt=\"dscn6657_r_r4\" \/><\/td>\n<td valign=\"top\" width=\"423\"><img decoding=\"async\" class=\"ngg-singlepic ngg-none\" src=\"http:\/\/adrianwood.ch\/wp-content\/gallery\/jaenzi03\/dscn6658_r_r4.jpg\" alt=\"dscn6658_r_r4\" \/><\/td>\n<\/tr>\n<tr>\n<td colspan=\"2\" valign=\"top\" width=\"821\">Auf dem J\u00e4nzigrat angekommen, geniessen wir die grossartige Sicht auch die Bergwelt vom Gl\u00e4rnisch hin\u00fcber zum Titlis. Weiter Westlich machen die 3 Wetterhorn Gipfel, Eiger und M\u00f6nch ein imposantes Bild.<\/td>\n<\/tr>\n<tr>\n<td valign=\"top\" width=\"399\">Beim Gipfelkreuz sind wir nicht die Einzigen, die hier rasten. Fast eine Stunde sitzen wir hier oben an der Sonne und halten unsere Mittagsrast. Zum Dessert offeriert uns Adrian Mince Pies (Englische Geb\u00e4ck)\u00a0 und einen Schluck rauchigen Whisky. Vergessen wir nicht die Niklaus M\u00fctzen, die uns Adrian verteilt hat und seine mit einem Tannenbaum verzierte M\u00fctze! Dies scheint schon eine Tradition zu sein! Fast genau vor einem Jahr sassen wir auch hier oben mit den M\u00fctzen auf dem Kopf! Dies k\u00f6nnte zu einer Sylvesterschneeschuhwanderung werden!<\/td>\n<td valign=\"top\" width=\"423\">\u00a0<img decoding=\"async\" class=\"ngg-singlepic ngg-none\" src=\"http:\/\/adrianwood.ch\/wp-content\/gallery\/jaenzi03\/dscn6666_r2_r4.jpg\" alt=\"dscn6666_r2_r4\" \/><\/td>\n<\/tr>\n<tr>\n<td valign=\"top\" width=\"399\">\u00a0<img decoding=\"async\" class=\"ngg-singlepic ngg-none\" src=\"http:\/\/adrianwood.ch\/wp-content\/gallery\/jaenzi03\/dscn6666b2_r4.jpg\" alt=\"dscn6666b2_r4\" \/><\/td>\n<td valign=\"top\" width=\"423\">Damit wir das Postauto um 15.43 erreichen k\u00f6nnen, steigen wir wieder hinunter nach Egg und folgen dann teilweise Spuren oder spuren frisch durch das mit einzelen B\u00e4umen durchsetzte Gebiet unterhalb des Schattenbergs. Auf diese Weise k\u00f6nnen wir die vielen hoch mit Schnee bedeckten Br\u00fccklein \u00fcber den Schlierenbach vermeiden und sind erst noch in der Sonne. In Schwendi Kaltbad herrscht nun Hoch-betrieb. Wir haben noch Zeit f\u00fcr eine Rast\u00a0 draussen an der Sonne. Dann geht es weiter hin\u00fcber nach Langis, wo das Postauto bereitsteht. Wohlbehalten kommen wir in Basel an.<\/td>\n<\/tr>\n<tr>\n<td valign=\"top\" width=\"399\">Dies war ein sehr sch\u00f6ner Tag! Herzlich Dank, Adrian f\u00fcr die Leitung dieser Tour.\u00a0 Teilnehmer:<\/p>\n<p>Roland Altenhoff<\/p>\n<p>Marianne Frei (Bericht)<\/p>\n<p>Brigitte Helbing<\/p>\n<p>Toni Jost<\/p>\n<p>Susanne Neuenschwander<\/p>\n<p>Hanspeter Sauter (GPS Aufzeichnung)<\/p>\n<p>Burgi Schweizer<\/p>\n<p>Ingo Weiss<\/p>\n<p>Adrian Wood (Leitung)<\/td>\n<td valign=\"top\" width=\"423\">\u00a0<img decoding=\"async\" class=\"ngg-singlepic ngg-none\" src=\"http:\/\/adrianwood.ch\/wp-content\/gallery\/jaenzi03\/dscn6671_r2_r4.jpg\" alt=\"dscn6671_r2_r4\" \/><\/td>\n<\/tr>\n<tr>\n<td colspan=\"2\" valign=\"top\" width=\"821\">\u00a0ngg_shortcode_0_placeholder<\/td>\n<\/tr>\n<tr>\n<td colspan=\"2\" valign=\"top\" width=\"821\"><\/td>\n<\/tr>\n<\/tbody>\n<\/table>\n<p><img decoding=\"async\" class=\"ngg-singlepic ngg-none\" src=\"http:\/\/adrianwood.ch\/wp-content\/gallery\/jaenzi03\/2012-12-29-00_r8.jpg\" alt=\"2012-12-29-00_r8\" \/><\/p>\n","protected":false},"excerpt":{"rendered":"<p>Weinachtliche Schneeschuhtour J\u00e4nzi, 29.12.2012 Noch kurz vor dem Jahresende 2012 gelingt es Adrian, doch noch die geplante Schneeschuhtour auf den J\u00e4nzi bei Langis durchzuf\u00fchren und zwar bei Sonnenschein und viel Schnee und pr\u00e4chtiger Bergsicht.Nach einer Kaffeepause in Langis 1442m ziehen wir unsere Schneeschuhe an und wandern durch einen lichten F\u00f6hrenwald hin\u00fcber nach Schwendi Kaltbad 1440m. &hellip; <a href=\"https:\/\/www.adrianwood.ch\/?page_id=2388\" class=\"more-link\">Continue reading <span class=\"screen-reader-text\">2012-12 J\u00e4nzi<\/span> <span class=\"meta-nav\">&rarr;<\/span><\/a><\/p>\n","protected":false},"author":1,"featured_media":0,"parent":122,"menu_order":1128,"comment_status":"closed","ping_status":"closed","template":"","meta":{"ngg_post_thumbnail":0,"footnotes":""},"class_list":["post-2388","page","type-page","status-publish","hentry"],"_links":{"self":[{"href":"https:\/\/www.adrianwood.ch\/index.php?rest_route=\/wp\/v2\/pages\/2388","targetHints":{"allow":["GET"]}}],"collection":[{"href":"https:\/\/www.adrianwood.ch\/index.php?rest_route=\/wp\/v2\/pages"}],"about":[{"href":"https:\/\/www.adrianwood.ch\/index.php?rest_route=\/wp\/v2\/types\/page"}],"author":[{"embeddable":true,"href":"https:\/\/www.adrianwood.ch\/index.php?rest_route=\/wp\/v2\/users\/1"}],"replies":[{"embeddable":true,"href":"https:\/\/www.adrianwood.ch\/index.php?rest_route=%2Fwp%2Fv2%2Fcomments&post=2388"}],"version-history":[{"count":2,"href":"https:\/\/www.adrianwood.ch\/index.php?rest_route=\/wp\/v2\/pages\/2388\/revisions"}],"predecessor-version":[{"id":4958,"href":"https:\/\/www.adrianwood.ch\/index.php?rest_route=\/wp\/v2\/pages\/2388\/revisions\/4958"}],"up":[{"embeddable":true,"href":"https:\/\/www.adrianwood.ch\/index.php?rest_route=\/wp\/v2\/pages\/122"}],"wp:attachment":[{"href":"https:\/\/www.adrianwood.ch\/index.php?rest_route=%2Fwp%2Fv2%2Fmedia&parent=2388"}],"curies":[{"name":"wp","href":"https:\/\/api.w.org\/{rel}","templated":true}]}}