{"id":23988,"date":"2022-09-14T12:39:16","date_gmt":"2022-09-14T12:39:16","guid":{"rendered":"https:\/\/www.adrianwood.ch\/?page_id=23988"},"modified":"2022-10-08T12:53:14","modified_gmt":"2022-10-08T12:53:14","slug":"programm","status":"publish","type":"page","link":"https:\/\/www.adrianwood.ch\/?page_id=23988","title":{"rendered":"Programm"},"content":{"rendered":"<figure id=\"attachment_23989\" aria-describedby=\"caption-attachment-23989\" style=\"width: 1620px\" class=\"wp-caption alignleft\"><a href=\"https:\/\/www.adrianwood.ch\/wp-content\/uploads\/2022\/09\/GRE_0089.jpg\"><img loading=\"lazy\" decoding=\"async\" class=\"size-full wp-image-23989\" src=\"https:\/\/www.adrianwood.ch\/wp-content\/uploads\/2022\/09\/GRE_0089.jpg\" alt=\"\" width=\"1620\" height=\"1080\" srcset=\"https:\/\/www.adrianwood.ch\/wp-content\/uploads\/2022\/09\/GRE_0089.jpg 1620w, https:\/\/www.adrianwood.ch\/wp-content\/uploads\/2022\/09\/GRE_0089-300x200.jpg 300w, https:\/\/www.adrianwood.ch\/wp-content\/uploads\/2022\/09\/GRE_0089-1024x683.jpg 1024w, https:\/\/www.adrianwood.ch\/wp-content\/uploads\/2022\/09\/GRE_0089-768x512.jpg 768w, https:\/\/www.adrianwood.ch\/wp-content\/uploads\/2022\/09\/GRE_0089-1536x1024.jpg 1536w\" sizes=\"auto, (max-width: 1620px) 100vw, 1620px\" \/><\/a><figcaption id=\"caption-attachment-23989\" class=\"wp-caption-text\">unsere Gruppe<\/figcaption><\/figure>\n<h2><strong>Gr\u00f6nland Imbach Programm<\/strong><\/h2>\n<ol>\n<li><strong> Tag: Z\u00fcrich\u2013Kopenhagen<\/strong><br \/>\nGegen Abend Direktflug mit SWISS. \u00dcbernachtung in einem Hotel, das gleich beim Flughafen Kopenhagen gelegen ist.<br \/>\n<strong>2. Tag: Kangerlussuaq<\/strong><br \/>\nAm Morgen Direktflug mit AIR GREENLAND von Kopenhagen nach Kangerlussuaq. Nach der Ankunft auf Gr\u00f6nl\u00e4ndischem Boden und dem Einchecken in der Unterkunft erste Erkundung der Region rund um Kangerlussuaq.<br \/>\n<strong>3. + 4. Tag: 2-t\u00e4gige Inlandeis-Tour<\/strong><br \/>\nEine 2-t\u00e4gige Expedition f\u00fchrt zur gr\u00f6ssten zusammenh\u00e4ngenden Eisfl\u00e4che auf der Nordhalbkugel. Mit einem lokalen Guide Entdeckung der einmaligen Eislandschaft, welche von Schmelzwasserfl\u00fcssen und -seen geformt wurde. Zudem gibt es eine Wanderung zur Abbruchkante des Russell Gletschers. Immer wieder brechen mit lautem Get\u00f6se Gletscherbl\u00f6cke in den Fluss. Aus sicherem Abstand Beobachtung des Spektakels. Wer m\u00f6chte, kann ein St\u00fcck zum Aussichtspunkt hochwandern, von wo sich ein tolles Panorama auf das Inlandeis und die umliegenden Seen er\u00f6ffnet. Die Nacht wird in einem Zelt auf dem Eis verbracht (Ausr\u00fcstung wird zur Verf\u00fcgung gestellt). R\u00fcckfahrt nach Kangerlussuaq.<br \/>\n<strong>5. Tag:Kangerlussuaq\u2013Sisimiut<\/strong><br \/>\nMit dem Flugzeug geht es weiter nach Sisimiut, ein schmucker, gr\u00f6nl\u00e4ndischer K\u00fcstenort und die zweitgr\u00f6sste Stadt Gr\u00f6nlands. Der Nachmittag steht zur freien Verf\u00fcgung. Der Besuch des Museums und der Kunstwerkstatt ist sehr empfehlenswert.<br \/>\n<strong>6. Tag: Umgebung Sisimiut<\/strong><br \/>\nDie Umgebung Sisimiuts l\u00e4dt zum Wandern ein. Wanderung vorbei am Geheule der Huskies, welche am Rande des Dorfes wohnen. Je nach Wetter und Interesse besteht die M\u00f6glichkeit, auf den 549m hohen Palasip Qaqqaa zu steigen \u2013 mit grandioser Aussicht. Es gibt aber auch diverse einfachere Wanderm\u00f6glichkeiten, wie z.B. eine kurze Stadtwanderung zum Aussichtspunkt des Polarkreises.<br \/>\n<strong>7. Tag: F\u00e4hren-\u00dcbernachtung<\/strong><br \/>\nEs steht eine Halbtageswanderung zur vorgelagerten Halbinsel auf dem Programm. Hier gibt es einen interessanten Rundweg, welcher Einblicke in das Leben in vergangene Zeiten erz\u00e4hlt. Am Abend Einchecken auf die Arctic F\u00e4hre, welche die Passagiere durch eine wundersch\u00f6ne Sch\u00e4renk\u00fcste in den Norden bringt. Die Mitternachtssonne und die faszinierende Landschaft machen es schwierig, in die Koje zu schl\u00fcpfen. Gegen Morgen kommen die ersten Eisberge in Sicht und vielleicht zeigt sich bereits ein Wal.<br \/>\n<strong>8. Tag: Qasigiannguit<\/strong><br \/>\nAm Vormittag Ankunft in Aasiaatund Weiterfahrt mit einem Boot zwischen den Eisbergen hindurch in das Fischerdorf Qasigiannguit. Das Hotel liegt direkt am Meer und ist bekannt f\u00fcr Walbeobachtungen. Auf einer Wanderung Entdeckung des Dorfes und seiner sch\u00f6nen Umgebung.<br \/>\n<strong>9. Tag: Diskobucht<\/strong><br \/>\nZeit um den bei Touristen weniger bekannten Ort, das kleine Museum und die tolle Umgebung zu erkunden. Verschiedene Wanderungen f\u00fchren an der K\u00fcste entlang, es besteht auch die Option, bei gutem Wetter auf den 456m hohen Berg Qaqqarsuaq zu wandern. Vielleicht gibt es sogar ein Eisbad in der Paradies Bucht. Erneute \u00dcbernachtung im gem\u00fctlichen Hotel direkt am Fjord.<br \/>\n<strong>10. Tag: Qeqertarsuaq<\/strong><br \/>\nWeiterfahrt mit einem kleinen Boot zur Diskoinsel. In den n\u00e4chsten Tagen Erkundung der wundersch\u00f6nen, von Vulkanismus gepr\u00e4gten Landschaften dieser Insel. Kennenlernen des Dorfs und Wanderung zum Walbeobachtungs-Aussichtspunkt. Hier gibt es gute Chancen die gr\u00f6ssten schwimmenden S\u00e4ugetiere zu sichten.<br \/>\n<strong>11. Tag: Diskoinsel<\/strong><br \/>\nHeute steht eine Tageswanderung auf den Gletscher des Lyngmarksbraen auf dem Programm. Hier sind auf Vorbuchung auch im Sommer Schlittenhund-Touren m\u00f6glich. Wem der steile Aufstieg (800hm) zu anstrengend ist, kann einen gem\u00fctlichen Tag am Strand oder einen Besuch des Museums einplanen.<br \/>\n<strong>12. Tag: Diskoinsel-Ilimanaq<\/strong><br \/>\nBesteigung des Bootes, welches in den Fischerort Ilimanaq f\u00e4hrt. Der kleine Ort mit seinen 50 Einwohnern liegt s\u00fcdlich des ber\u00fchmten Kangia-Eisfjords. Einquartieren in den Bungalows der neuen Ecolodge. Die Lage und der Ausblick auf den Fjord mit seinen Eisbergen werden alle in den Bann ziehen. Auch hier bestehen sehr gute M\u00f6glichkeiten, die Wale direkt von der Veranda aus zu beobachten.<br \/>\n<strong>13. Tag: Ilimanaq-Oqaatsut<\/strong><br \/>\nKleine Wanderung durch das Dorf und zum Trinkwassersee von Ilimanaq. Bootstransfer zwischen kleineren und gr\u00f6sseren Eisbergen hindurch zum urspr\u00fcnglichen Ort Oqaatsut und \u00dcbernachtung.<br \/>\n<strong>14: Ilulissat<\/strong><br \/>\nEine lange, aussichtsreiche Wanderung f\u00fchrt nach Ilulissat. Einquartieren in Ilulissat, der drittgr\u00f6ssten Stadt der Insel und Hauptort in der Diskobucht. Etwas s\u00fcdlich von Ilulissat verl\u00e4uft der in die Diskobucht m\u00fcndende Ilulissat-Eisfjord (Kangia), der seit 2004 UNESCO-Weltnaturerbe ist.<br \/>\n<strong>15: Unesco Eisfjord<\/strong><br \/>\nZu Fuss Entdeckung des Geburtsortes der gr\u00f6ssten Eisberge im Nordatlantik, welche jedoch durch die Klimaver\u00e4nderung von Jahr zu Jahr kleiner werden. Verschieden lange Rundwanderungen f\u00fchren zum ber\u00fchmten Eisfjord. Stundenlang kann man an einem der Aussichtspunkte auf die Eisberge verweilen und dem Knallen und Krachen des Eises zuh\u00f6ren.<br \/>\n<strong>16: Ilulissat<\/strong><br \/>\nFreier Tag, Wanderung auf eigene Faust, evtl. Ausflug zum Eqi Gletscher, Besuch vom Museum oder Eisfjord-Center<strong>.<\/strong><\/li>\n<\/ol>\n<p><strong>17. Tag: Arktische Tundra<\/strong><br \/>\nL\u00e4ngere Wanderung durch eine Schlucht zu einem See am Eisfjord. Am Fjord l\u00e4sst es sich gut verweilen, staunen und den Eisbergen und vielleicht sogar Walen zuzuh\u00f6ren und zuzuschauen.<br \/>\n<strong>18. Tag: Flug nach Kangerlussuaq<\/strong><br \/>\nFlug nach Kangerlussuaq f\u00fcr die letzte \u00dcbernachtung auf Gr\u00f6nl\u00e4ndischem Boden. Ein letztes Mal in die arktische Stimmung eintauchen und Abschied nehmen von diesem einzigartigen Teil der Welt.<br \/>\n<strong>19. Tag: Kangerlussuaq-Kopenhagen<\/strong><br \/>\nDirektflug mit AIR GREENLAND von Kangerlussuaq und \u00dcbernachtung beim Flughafen Kopenhagen.<br \/>\n<strong>20. Tag: Kopenhagen\u2013Z\u00fcrich<\/strong><br \/>\nAm Morgen Direktflug mit SWISS.<\/p>\n","protected":false},"excerpt":{"rendered":"<p>Gr\u00f6nland Imbach Programm Tag: Z\u00fcrich\u2013Kopenhagen Gegen Abend Direktflug mit SWISS. \u00dcbernachtung in einem Hotel, das gleich beim Flughafen Kopenhagen gelegen ist. 2. Tag: Kangerlussuaq Am Morgen Direktflug mit AIR GREENLAND von Kopenhagen nach Kangerlussuaq. Nach der Ankunft auf Gr\u00f6nl\u00e4ndischem Boden und dem Einchecken in der Unterkunft erste Erkundung der Region rund um Kangerlussuaq. 3. + &hellip; <a href=\"https:\/\/www.adrianwood.ch\/?page_id=23988\" class=\"more-link\">Continue reading <span class=\"screen-reader-text\">Programm<\/span> <span class=\"meta-nav\">&rarr;<\/span><\/a><\/p>\n","protected":false},"author":1,"featured_media":0,"parent":23984,"menu_order":5601,"comment_status":"closed","ping_status":"closed","template":"","meta":{"ngg_post_thumbnail":0,"footnotes":""},"class_list":["post-23988","page","type-page","status-publish","hentry"],"_links":{"self":[{"href":"https:\/\/www.adrianwood.ch\/index.php?rest_route=\/wp\/v2\/pages\/23988","targetHints":{"allow":["GET"]}}],"collection":[{"href":"https:\/\/www.adrianwood.ch\/index.php?rest_route=\/wp\/v2\/pages"}],"about":[{"href":"https:\/\/www.adrianwood.ch\/index.php?rest_route=\/wp\/v2\/types\/page"}],"author":[{"embeddable":true,"href":"https:\/\/www.adrianwood.ch\/index.php?rest_route=\/wp\/v2\/users\/1"}],"replies":[{"embeddable":true,"href":"https:\/\/www.adrianwood.ch\/index.php?rest_route=%2Fwp%2Fv2%2Fcomments&post=23988"}],"version-history":[{"count":4,"href":"https:\/\/www.adrianwood.ch\/index.php?rest_route=\/wp\/v2\/pages\/23988\/revisions"}],"predecessor-version":[{"id":24360,"href":"https:\/\/www.adrianwood.ch\/index.php?rest_route=\/wp\/v2\/pages\/23988\/revisions\/24360"}],"up":[{"embeddable":true,"href":"https:\/\/www.adrianwood.ch\/index.php?rest_route=\/wp\/v2\/pages\/23984"}],"wp:attachment":[{"href":"https:\/\/www.adrianwood.ch\/index.php?rest_route=%2Fwp%2Fv2%2Fmedia&parent=23988"}],"curies":[{"name":"wp","href":"https:\/\/api.w.org\/{rel}","templated":true}]}}