{"id":24372,"date":"2022-12-10T11:41:48","date_gmt":"2022-12-10T11:41:48","guid":{"rendered":"https:\/\/www.adrianwood.ch\/?page_id=24372"},"modified":"2022-12-10T13:26:16","modified_gmt":"2022-12-10T13:26:16","slug":"2022-10-lotschental","status":"publish","type":"page","link":"https:\/\/www.adrianwood.ch\/?page_id=24372","title":{"rendered":"2022-10 L\u00f6tschental"},"content":{"rendered":"<figure id=\"attachment_24373\" aria-describedby=\"caption-attachment-24373\" style=\"width: 1620px\" class=\"wp-caption alignleft\"><a href=\"https:\/\/www.adrianwood.ch\/wp-content\/uploads\/2022\/12\/LOE_0441.jpg\"><img loading=\"lazy\" decoding=\"async\" class=\"size-full wp-image-24373\" src=\"https:\/\/www.adrianwood.ch\/wp-content\/uploads\/2022\/12\/LOE_0441.jpg\" alt=\"\" width=\"1620\" height=\"1080\" srcset=\"https:\/\/www.adrianwood.ch\/wp-content\/uploads\/2022\/12\/LOE_0441.jpg 1620w, https:\/\/www.adrianwood.ch\/wp-content\/uploads\/2022\/12\/LOE_0441-300x200.jpg 300w, https:\/\/www.adrianwood.ch\/wp-content\/uploads\/2022\/12\/LOE_0441-1024x683.jpg 1024w, https:\/\/www.adrianwood.ch\/wp-content\/uploads\/2022\/12\/LOE_0441-768x512.jpg 768w, https:\/\/www.adrianwood.ch\/wp-content\/uploads\/2022\/12\/LOE_0441-1536x1024.jpg 1536w\" sizes=\"auto, (max-width: 1620px) 100vw, 1620px\" \/><\/a><figcaption id=\"caption-attachment-24373\" class=\"wp-caption-text\">bei Schwarzsee<\/figcaption><\/figure>\n<p><strong>16.\/17. Oktober 2022, Goldener Herbst im Wallis<\/strong><\/p>\n<p>Als die grosse Gruppe von Wanderfreunden der beiden Sektionen Baselbiet und Basel-Riehen der Naturfreunde die Fafleralp, am Ende des L\u00f6tschentals, erreichen liegt der Parkplatz im Schatten und der Boden ist noch gefroren. Bevor wir losmarschieren nehmen wir dort schnell einen Kaffee und einige von uns sogar ein sch\u00f6nes St\u00fcck Aprikosenw\u00e4he. Nach wenigen Schritten laufen wir dann in der Sonne zwischen sch\u00f6nen L\u00e4rchen, die in der tiefen Herbstsonne golden strahlen. Bald kommen wir an den Schwarzsee, wo wir eine erste Verpflegungspause geniessen. Fr\u00fcher h\u00e4tte ich dort gebadet, heute kommt das nicht in Frage. Wir sind nicht die Einzigen, an einem solch pr\u00e4chtigen Sonntag sind nat\u00fcrlich viele Leute unterwegs.<\/p>\n<p>Nach Tellin steigt der Weg weiter durch den L\u00e4rchenwald hinauf bis Weritzstafel. Vom h\u00f6chsten Punkt geniessen wir die Aussicht vor allem auf die Berge s\u00fcdlich des L\u00f6tschentals, das Breithorn, Nesthorn und Bietschhorn und Richtung Osten zur L\u00f6tschenl\u00fccke, die mich an Skitouren erinnert. Die letzte Etappe ist der Abstieg auf die Lauchernalp, von wo uns die Seilbahn nach Wiler hinunterbringt. Zuvor bleibt uns gerade noch Zeit f\u00fcr ein wohl verdientes Bier.<\/p>\n<p>Die kurze z\u00fcgige Busfahrt nach Goppenstein ist gut belegt, um es milde auszudr\u00fccken. Aber alle kommen heil an und erwischen den erw\u00fcnschten Zug. Die meisten der Gruppe fahren nach Basel, nur drei wollen im Wallis auf der Riederalp\/Bettmeralp \u00fcbernachten, um am n\u00e4chsten Tag eine Wanderung zu machen. Zwei laufen durch den Aletschwald, \u00fcber die H\u00e4ngebr\u00fccke bis auf die Bellalp, w\u00e4hrend ich oberhalb des Aletschgletschers bis zum Bettmerhorn wandere. Die Aussicht ist wie am Vortag pr\u00e4chtig.<\/p>\nngg_shortcode_0_placeholder\n","protected":false},"excerpt":{"rendered":"<p>16.\/17. Oktober 2022, Goldener Herbst im Wallis Als die grosse Gruppe von Wanderfreunden der beiden Sektionen Baselbiet und Basel-Riehen der Naturfreunde die Fafleralp, am Ende des L\u00f6tschentals, erreichen liegt der Parkplatz im Schatten und der Boden ist noch gefroren. Bevor wir losmarschieren nehmen wir dort schnell einen Kaffee und einige von uns sogar ein sch\u00f6nes &hellip; <a href=\"https:\/\/www.adrianwood.ch\/?page_id=24372\" class=\"more-link\">Continue reading <span class=\"screen-reader-text\">2022-10 L\u00f6tschental<\/span> <span class=\"meta-nav\">&rarr;<\/span><\/a><\/p>\n","protected":false},"author":1,"featured_media":0,"parent":136,"menu_order":1435,"comment_status":"closed","ping_status":"closed","template":"","meta":{"ngg_post_thumbnail":0,"footnotes":""},"class_list":["post-24372","page","type-page","status-publish","hentry"],"_links":{"self":[{"href":"https:\/\/www.adrianwood.ch\/index.php?rest_route=\/wp\/v2\/pages\/24372","targetHints":{"allow":["GET"]}}],"collection":[{"href":"https:\/\/www.adrianwood.ch\/index.php?rest_route=\/wp\/v2\/pages"}],"about":[{"href":"https:\/\/www.adrianwood.ch\/index.php?rest_route=\/wp\/v2\/types\/page"}],"author":[{"embeddable":true,"href":"https:\/\/www.adrianwood.ch\/index.php?rest_route=\/wp\/v2\/users\/1"}],"replies":[{"embeddable":true,"href":"https:\/\/www.adrianwood.ch\/index.php?rest_route=%2Fwp%2Fv2%2Fcomments&post=24372"}],"version-history":[{"count":5,"href":"https:\/\/www.adrianwood.ch\/index.php?rest_route=\/wp\/v2\/pages\/24372\/revisions"}],"predecessor-version":[{"id":24377,"href":"https:\/\/www.adrianwood.ch\/index.php?rest_route=\/wp\/v2\/pages\/24372\/revisions\/24377"}],"up":[{"embeddable":true,"href":"https:\/\/www.adrianwood.ch\/index.php?rest_route=\/wp\/v2\/pages\/136"}],"wp:attachment":[{"href":"https:\/\/www.adrianwood.ch\/index.php?rest_route=%2Fwp%2Fv2%2Fmedia&parent=24372"}],"curies":[{"name":"wp","href":"https:\/\/api.w.org\/{rel}","templated":true}]}}