{"id":24436,"date":"2023-03-12T13:28:49","date_gmt":"2023-03-12T13:28:49","guid":{"rendered":"https:\/\/www.adrianwood.ch\/?page_id=24436"},"modified":"2023-03-12T13:40:26","modified_gmt":"2023-03-12T13:40:26","slug":"2023-02-sorenberg","status":"publish","type":"page","link":"https:\/\/www.adrianwood.ch\/?page_id=24436","title":{"rendered":"2023-02 S\u00f6renberg"},"content":{"rendered":"<figure id=\"attachment_24437\" aria-describedby=\"caption-attachment-24437\" style=\"width: 1620px\" class=\"wp-caption alignleft\"><a href=\"https:\/\/www.adrianwood.ch\/wp-content\/uploads\/2023\/03\/SOR_0003.jpg\"><img loading=\"lazy\" decoding=\"async\" class=\"size-full wp-image-24437\" src=\"https:\/\/www.adrianwood.ch\/wp-content\/uploads\/2023\/03\/SOR_0003.jpg\" alt=\"\" width=\"1620\" height=\"1080\" srcset=\"https:\/\/www.adrianwood.ch\/wp-content\/uploads\/2023\/03\/SOR_0003.jpg 1620w, https:\/\/www.adrianwood.ch\/wp-content\/uploads\/2023\/03\/SOR_0003-300x200.jpg 300w, https:\/\/www.adrianwood.ch\/wp-content\/uploads\/2023\/03\/SOR_0003-1024x683.jpg 1024w, https:\/\/www.adrianwood.ch\/wp-content\/uploads\/2023\/03\/SOR_0003-768x512.jpg 768w, https:\/\/www.adrianwood.ch\/wp-content\/uploads\/2023\/03\/SOR_0003-1536x1024.jpg 1536w\" sizes=\"auto, (max-width: 1620px) 100vw, 1620px\" \/><\/a><figcaption id=\"caption-attachment-24437\" class=\"wp-caption-text\">auf Blattenegg<\/figcaption><\/figure>\n<p><strong>08. Februar 2023, <\/strong><strong>S\u00f6renberg \u2013 Salwideli, Schneeschuhwanderung <\/strong><\/p>\n<p>Vorgesehen war eine Schneeschuhwanderung in den Freibergen. Wegen Mangel an Schnee sind wir mit \u00d6V nach S\u00f6renberg zu Talstation der Brienzer Rothornbahn (1240 m) gefahren. Frisch gefallener Schnee und ein blauer Himmel versprachen einen sch\u00f6nen Wintertag. Mal mehr, mal weniger steil folgten wir dem Trail 910 bis zum h\u00f6chsten Punkt des Tages, Blattenegg auf 1635 m H\u00f6he. Nach dem Abstieg im Pulverschnee picknickten wir von der Sonne gew\u00e4rmt an einer Alph\u00fctte. Der Weiterweg im flachen Gel\u00e4nde liess an nordische Landschaften denken. Ein Genuss f\u00fcr NaturliebhaberInnen! Der negative Teil des Tages erwartete uns im Salwideli: Restaurant wegen Umbau geschlossen! Zum Gl\u00fcck mussten wir nur 30 Minuten auf den Shuttle-Bus warten, der uns zum Rischli brachte.<\/p>\n<p>Wanderleiterin: Birgit Racine<\/p>\n<p>ngg_shortcode_0_placeholder<a href=\"https:\/\/map.schweizmobil.ch\/?lang=en&amp;bgLayer=pk&amp;resolution=2.78&amp;E=2644964&amp;N=1183943&amp;photos=yes&amp;logo=yes&amp;season=summer&amp;detours=yes&amp;trackId=408121758\">Karte<\/a><\/p>\n","protected":false},"excerpt":{"rendered":"<p>08. Februar 2023, S\u00f6renberg \u2013 Salwideli, Schneeschuhwanderung Vorgesehen war eine Schneeschuhwanderung in den Freibergen. Wegen Mangel an Schnee sind wir mit \u00d6V nach S\u00f6renberg zu Talstation der Brienzer Rothornbahn (1240 m) gefahren. Frisch gefallener Schnee und ein blauer Himmel versprachen einen sch\u00f6nen Wintertag. Mal mehr, mal weniger steil folgten wir dem Trail 910 bis zum &hellip; <a href=\"https:\/\/www.adrianwood.ch\/?page_id=24436\" class=\"more-link\">Continue reading <span class=\"screen-reader-text\">2023-02 S\u00f6renberg<\/span> <span class=\"meta-nav\">&rarr;<\/span><\/a><\/p>\n","protected":false},"author":1,"featured_media":0,"parent":122,"menu_order":1158,"comment_status":"closed","ping_status":"closed","template":"","meta":{"ngg_post_thumbnail":0,"footnotes":""},"class_list":["post-24436","page","type-page","status-publish","hentry"],"_links":{"self":[{"href":"https:\/\/www.adrianwood.ch\/index.php?rest_route=\/wp\/v2\/pages\/24436","targetHints":{"allow":["GET"]}}],"collection":[{"href":"https:\/\/www.adrianwood.ch\/index.php?rest_route=\/wp\/v2\/pages"}],"about":[{"href":"https:\/\/www.adrianwood.ch\/index.php?rest_route=\/wp\/v2\/types\/page"}],"author":[{"embeddable":true,"href":"https:\/\/www.adrianwood.ch\/index.php?rest_route=\/wp\/v2\/users\/1"}],"replies":[{"embeddable":true,"href":"https:\/\/www.adrianwood.ch\/index.php?rest_route=%2Fwp%2Fv2%2Fcomments&post=24436"}],"version-history":[{"count":5,"href":"https:\/\/www.adrianwood.ch\/index.php?rest_route=\/wp\/v2\/pages\/24436\/revisions"}],"predecessor-version":[{"id":24455,"href":"https:\/\/www.adrianwood.ch\/index.php?rest_route=\/wp\/v2\/pages\/24436\/revisions\/24455"}],"up":[{"embeddable":true,"href":"https:\/\/www.adrianwood.ch\/index.php?rest_route=\/wp\/v2\/pages\/122"}],"wp:attachment":[{"href":"https:\/\/www.adrianwood.ch\/index.php?rest_route=%2Fwp%2Fv2%2Fmedia&parent=24436"}],"curies":[{"name":"wp","href":"https:\/\/api.w.org\/{rel}","templated":true}]}}