{"id":24574,"date":"2023-04-03T14:28:03","date_gmt":"2023-04-03T14:28:03","guid":{"rendered":"https:\/\/www.adrianwood.ch\/?page_id=24574"},"modified":"2023-04-15T09:12:44","modified_gmt":"2023-04-15T09:12:44","slug":"2023-03-fuerteventura","status":"publish","type":"page","link":"https:\/\/www.adrianwood.ch\/?page_id=24574","title":{"rendered":"2023 03 Fuerteventura"},"content":{"rendered":"ngg_shortcode_0_placeholder\n<h3>18. &#8211; 25. M\u00e4rz 2023, Wanderreise Aktiv und Entspannt mit Wikingerreisen<\/h3>\n<h2><a href=\"https:\/\/www.adrianwood.ch\/?page_id=24601\">Inhalt \/ Contents<\/a><\/h2>\n<h5><a href=\"https:\/\/www.adrianwood.ch\/?page_id=24577\">Sonntag 19.M\u00e4rz, Parque Natural de las Dunas de Corralejo<\/a><\/h5>\n<h5><a href=\"https:\/\/www.adrianwood.ch\/?page_id=24582\">Montag 20.M\u00e4rz, Malpa\u00eds de Bayuyo<\/a><\/h5>\n<h5><a href=\"https:\/\/www.adrianwood.ch\/?page_id=24585\">Dienstag 21.M\u00e4rz, Islote de Lobos<\/a><\/h5>\n<h5><a href=\"https:\/\/www.adrianwood.ch\/?page_id=24588\">Mittwoch 22. Freie Tag, K\u00fcstenwanderung El Cotillo<\/a><\/h5>\n<h5><a href=\"https:\/\/www.adrianwood.ch\/?page_id=24591\">Donnerstag 23.M\u00e4rz, Betancuria \u2013 Barranco de las Penitas<\/a><\/h5>\n<h5><a href=\"https:\/\/www.adrianwood.ch\/?page_id=24595\">Freitag 24.M\u00e4rz, Malpa\u00eds de la Arena oder Corralejo<\/a><\/h5>\n<h5><strong>Fuerteventura (Wikipedia)<br \/>\n<\/strong><\/h5>\n<p>Fuerteventura is one of the Canary Islands, in the Atlantic Ocean and is part of the North Africa region, politically part of Spain. At 1,660 square kilometres, it is the second largest of the Canary Islands, after Tenerife. Fuerteventura in 2018 had 113,275 inhabitants. It was declared a biosphere reserve by UNESCO in May 2009. Its capital is Puerto del Rosario.<\/p>\n<p><strong>History<\/strong><\/p>\n<p>Several Spanish and Portuguese expeditions to the islands were organized around 1340, followed by Moors and European slave traders. At the end of the Iberian conquest, the island was divided into two <a href=\"https:\/\/en.wikipedia.org\/wiki\/Guanches\">Guanches<\/a> kingdoms, one adhering to King Guize and the other to King Ayoze. The territories of these kingdoms were called <a href=\"https:\/\/en.wikipedia.org\/w\/index.php?title=Maxorata_Canton&amp;action=edit&amp;redlink=1\">Maxorata <\/a>(in the North) and<a href=\"https:\/\/en.wikipedia.org\/w\/index.php?title=Jand%C3%ADa_Canton&amp;action=edit&amp;redlink=1\"> Jand\u00eda<\/a> (in the South) respectively. They were separated by a wall, which traversed the La Pared isthmus. Some remains have been preserved. The ancient name for the island, Erbania, is derived from this wall&#8217;s name.<\/p>\n<p>The island&#8217;s conquest began in earnest in 1402, commanded by French knights and crusaders <a href=\"https:\/\/en.wikipedia.org\/wiki\/Jean_de_B%C3%A9thencourt\">Jean de B\u00e9thencourt<\/a> and<a href=\"https:\/\/en.wikipedia.org\/wiki\/Gadifer_de_la_Salle\"> Gadifer de la Salle<\/a>. They arrived with only 63 sailors out of the original 283, as many had deserted along the way. After arriving and settling in<a href=\"https:\/\/en.wikipedia.org\/wiki\/Lanzarote\">Lanzarote<\/a>, the invaders made some first excursions to the neighboring islands. In 1404, Bethencourt and Gadifer founded <a href=\"https:\/\/en.wikipedia.org\/wiki\/Betancuria\">Betancuria<\/a>, on the West coast, the first settlement on the island. After numerous difficulties, Gadifer took charge of the invasion, while Bethencourt returned to Spain to seek the recognition and support of the <a href=\"https:\/\/en.wikipedia.org\/wiki\/Kingdom_of_Castile\">Castilian king<\/a>. In 1405, de B\u00e9thencourt completed his conquest of the island, establishing its capital in Betancuria (Puerto Rosario took over the mantle as island capital in 1835). Over time, the island endured numerous raids. A<a href=\"https:\/\/en.wikipedia.org\/wiki\/Berber_people\">Berber<\/a>-led expedition invaded in 1593, sweeping as far inland as the capital.<\/p>\n<p><strong>Tourism<\/strong><\/p>\n<p>The first tourist hotel was built in 1965 followed by the construction of<a href=\"https:\/\/en.wikipedia.org\/wiki\/Fuerteventura_Airport\"> Fuerteventura Airport<\/a> at El Matorral, heralding the dawn of a new era for the island. Fuerteventura, with its 3,000 sunshine hours a year, was placed firmly on the world stage as a major European holiday destination.While having fully developed tourist facilities, the island has not experienced the overdevelopment found on some other islands.Nonetheless, it remains a destination for predominantly but not exclusively European tourists.<\/p>\n<p>The summer <a href=\"https:\/\/en.wikipedia.org\/wiki\/Trade_Winds\">Trade Winds<\/a>and winter swells of the Atlantic make this a year-round surfers&#8217; paradise, with more exposed areas on the north and west shores such as <a href=\"https:\/\/en.wikipedia.org\/wiki\/Corralejo\">Corralejo<\/a> and El Cotillo proving most popular. Wind surfing takes places at locations around the island. Sailors, scuba divers and big-game fishermen are all drawn to these clear blue Atlantic waters where whales, dolphins, marlin and turtles are all common sights. With many hills present throughout the Island, hikers are also attracted to this Island.<\/p>\n<p>Excellent sandy beaches are found in many locations. Western beaches, such as those around El Cotillo, can experience strong surf. The beaches adjoining the extensive sand dunes east of<a href=\"https:\/\/en.wikipedia.org\/wiki\/Corralejo\"> Corralejo<\/a> are popular, as are the more protected extensive sandy shores of the Playa de Sotavento de Jandia on the southeastern coast between <a href=\"https:\/\/en.wikipedia.org\/wiki\/Costa_Calma\">Costa Calma<\/a> and the Morro Jable.<\/p>\n<p>Much of the interior, with its large plains, lavascapes and volcanic mountains, consists of protected areas, although there are organised tours and vehicular access across them.<\/p>\n<p>Sites of interest include <a href=\"https:\/\/en.wikipedia.org\/wiki\/Corralejo\">Corralejo <\/a>and El Jable to the north which are made up of fine sand <a href=\"https:\/\/en.wikipedia.org\/wiki\/Dunes\">dunes <\/a>whilst the south is filled with long beaches and remote bays. The constant winds blowing onto the beaches provide a paradise for <a href=\"https:\/\/en.wikipedia.org\/wiki\/Windsurfing\">windsurfing<\/a>.<a href=\"https:\/\/en.wikipedia.org\/wiki\/Surfing\"> Surfing<\/a> is common on the west and north coasts where there are large waves. Windsurfing is common around Corralejo and Playas de Sotavento and wave sailing (windsurfing on the waves) on the coast along the northern half of the island. El Cotillo is a small fishing village in the north-west of the Island famous for a very long beach to the south of the village and few very calm beaches to the north. The northern beaches frequented by snorkeling enthusiasts and sun worshippers alike are referred to as lakes by the locals.<\/p>\n","protected":false},"excerpt":{"rendered":"<p>18. &#8211; 25. M\u00e4rz 2023, Wanderreise Aktiv und Entspannt mit Wikingerreisen Inhalt \/ Contents Sonntag 19.M\u00e4rz, Parque Natural de las Dunas de Corralejo Montag 20.M\u00e4rz, Malpa\u00eds de Bayuyo Dienstag 21.M\u00e4rz, Islote de Lobos Mittwoch 22. Freie Tag, K\u00fcstenwanderung El Cotillo Donnerstag 23.M\u00e4rz, Betancuria \u2013 Barranco de las Penitas Freitag 24.M\u00e4rz, Malpa\u00eds de la Arena oder &hellip; <a href=\"https:\/\/www.adrianwood.ch\/?page_id=24574\" class=\"more-link\">Continue reading <span class=\"screen-reader-text\">2023 03 Fuerteventura<\/span> <span class=\"meta-nav\">&rarr;<\/span><\/a><\/p>\n","protected":false},"author":1,"featured_media":0,"parent":2800,"menu_order":367,"comment_status":"closed","ping_status":"closed","template":"","meta":{"ngg_post_thumbnail":0,"footnotes":""},"class_list":["post-24574","page","type-page","status-publish","hentry"],"_links":{"self":[{"href":"https:\/\/www.adrianwood.ch\/index.php?rest_route=\/wp\/v2\/pages\/24574","targetHints":{"allow":["GET"]}}],"collection":[{"href":"https:\/\/www.adrianwood.ch\/index.php?rest_route=\/wp\/v2\/pages"}],"about":[{"href":"https:\/\/www.adrianwood.ch\/index.php?rest_route=\/wp\/v2\/types\/page"}],"author":[{"embeddable":true,"href":"https:\/\/www.adrianwood.ch\/index.php?rest_route=\/wp\/v2\/users\/1"}],"replies":[{"embeddable":true,"href":"https:\/\/www.adrianwood.ch\/index.php?rest_route=%2Fwp%2Fv2%2Fcomments&post=24574"}],"version-history":[{"count":14,"href":"https:\/\/www.adrianwood.ch\/index.php?rest_route=\/wp\/v2\/pages\/24574\/revisions"}],"predecessor-version":[{"id":24620,"href":"https:\/\/www.adrianwood.ch\/index.php?rest_route=\/wp\/v2\/pages\/24574\/revisions\/24620"}],"up":[{"embeddable":true,"href":"https:\/\/www.adrianwood.ch\/index.php?rest_route=\/wp\/v2\/pages\/2800"}],"wp:attachment":[{"href":"https:\/\/www.adrianwood.ch\/index.php?rest_route=%2Fwp%2Fv2%2Fmedia&parent=24574"}],"curies":[{"name":"wp","href":"https:\/\/api.w.org\/{rel}","templated":true}]}}