{"id":24577,"date":"2023-04-03T14:33:00","date_gmt":"2023-04-03T14:33:00","guid":{"rendered":"https:\/\/www.adrianwood.ch\/?page_id=24577"},"modified":"2023-04-03T14:35:25","modified_gmt":"2023-04-03T14:35:25","slug":"03-19-las-dunas","status":"publish","type":"page","link":"https:\/\/www.adrianwood.ch\/?page_id=24577","title":{"rendered":"03 19 Las Dunas"},"content":{"rendered":"ngg_shortcode_0_placeholder\n<h2><strong>Sonntag 19.M\u00e4rz, Parque Natural de las Dunas de Corralejo<\/strong><\/h2>\n<p>Wir erkunden die weitl\u00e4ufige D\u00fcnenlandschaft von Corralejo mit ihrem hellen, feinen Sand. Es geht direkt vom Hotel Marismas in den D\u00fcnen und wir bleiben dort bis wir an den Atlantik K\u00fcste wieder auftauchen. Die rote Flagge weht in der Wind, so dass niemand w\u00e4gt die Wellen zu trotzen. Auf dem R\u00fcckweg zum Hotel nach einem Besuch in einem quirligem Bar bei eine der zwei grosse Hotels am Strand lernen wir die Aloe-Vera-Pflanze besser kennen.<\/p>\nngg_shortcode_1_placeholder\n","protected":false},"excerpt":{"rendered":"<p>Sonntag 19.M\u00e4rz, Parque Natural de las Dunas de Corralejo Wir erkunden die weitl\u00e4ufige D\u00fcnenlandschaft von Corralejo mit ihrem hellen, feinen Sand. Es geht direkt vom Hotel Marismas in den D\u00fcnen und wir bleiben dort bis wir an den Atlantik K\u00fcste wieder auftauchen. Die rote Flagge weht in der Wind, so dass niemand w\u00e4gt die Wellen &hellip; <a href=\"https:\/\/www.adrianwood.ch\/?page_id=24577\" class=\"more-link\">Continue reading <span class=\"screen-reader-text\">03 19 Las Dunas<\/span> <span class=\"meta-nav\">&rarr;<\/span><\/a><\/p>\n","protected":false},"author":1,"featured_media":0,"parent":24574,"menu_order":3672,"comment_status":"closed","ping_status":"closed","template":"","meta":{"ngg_post_thumbnail":0,"footnotes":""},"class_list":["post-24577","page","type-page","status-publish","hentry"],"_links":{"self":[{"href":"https:\/\/www.adrianwood.ch\/index.php?rest_route=\/wp\/v2\/pages\/24577","targetHints":{"allow":["GET"]}}],"collection":[{"href":"https:\/\/www.adrianwood.ch\/index.php?rest_route=\/wp\/v2\/pages"}],"about":[{"href":"https:\/\/www.adrianwood.ch\/index.php?rest_route=\/wp\/v2\/types\/page"}],"author":[{"embeddable":true,"href":"https:\/\/www.adrianwood.ch\/index.php?rest_route=\/wp\/v2\/users\/1"}],"replies":[{"embeddable":true,"href":"https:\/\/www.adrianwood.ch\/index.php?rest_route=%2Fwp%2Fv2%2Fcomments&post=24577"}],"version-history":[{"count":2,"href":"https:\/\/www.adrianwood.ch\/index.php?rest_route=\/wp\/v2\/pages\/24577\/revisions"}],"predecessor-version":[{"id":24581,"href":"https:\/\/www.adrianwood.ch\/index.php?rest_route=\/wp\/v2\/pages\/24577\/revisions\/24581"}],"up":[{"embeddable":true,"href":"https:\/\/www.adrianwood.ch\/index.php?rest_route=\/wp\/v2\/pages\/24574"}],"wp:attachment":[{"href":"https:\/\/www.adrianwood.ch\/index.php?rest_route=%2Fwp%2Fv2%2Fmedia&parent=24577"}],"curies":[{"name":"wp","href":"https:\/\/api.w.org\/{rel}","templated":true}]}}