{"id":24582,"date":"2023-04-03T14:40:12","date_gmt":"2023-04-03T14:40:12","guid":{"rendered":"https:\/\/www.adrianwood.ch\/?page_id=24582"},"modified":"2023-04-03T14:40:12","modified_gmt":"2023-04-03T14:40:12","slug":"03-20-lajares","status":"publish","type":"page","link":"https:\/\/www.adrianwood.ch\/?page_id=24582","title":{"rendered":"03 20 Lajares"},"content":{"rendered":"ngg_shortcode_0_placeholder\n<h2><strong>Montag 20.M\u00e4rz, Malpa\u00eds de Bayuyo<\/strong><\/h2>\n<p>\u00dcber eine Schotterpiste geht es durch die Vulkanlandschaft des Malpa\u00eds de Bayuyo<br \/>\nbis zum Ortsrand von Lajares. Die karge Landschaft ist gepr\u00e4gt vom fr\u00fcheren Vulkanischem Aktivit\u00e4t. Nach der Mittagspause wo wir von gestreiften Eichh\u00f6rnchen besucht werden, steigen wir zum Rand einen kleinen Krater auf. Die Blicke hinein und auf die umliegende Landschaft sind eindr\u00fccklich. In der Agua Tiki Bar in Lajares k\u00f6nnen wir die Wanderung bei einem frischgepressten Mango Saft und\/oder einem Bier Revue passieren lassen, bevor Taxis uns zur\u00fcck ins Hotel bringen.<\/p>\nngg_shortcode_1_placeholder\n","protected":false},"excerpt":{"rendered":"<p>Montag 20.M\u00e4rz, Malpa\u00eds de Bayuyo \u00dcber eine Schotterpiste geht es durch die Vulkanlandschaft des Malpa\u00eds de Bayuyo bis zum Ortsrand von Lajares. Die karge Landschaft ist gepr\u00e4gt vom fr\u00fcheren Vulkanischem Aktivit\u00e4t. Nach der Mittagspause wo wir von gestreiften Eichh\u00f6rnchen besucht werden, steigen wir zum Rand einen kleinen Krater auf. Die Blicke hinein und auf die &hellip; <a href=\"https:\/\/www.adrianwood.ch\/?page_id=24582\" class=\"more-link\">Continue reading <span class=\"screen-reader-text\">03 20 Lajares<\/span> <span class=\"meta-nav\">&rarr;<\/span><\/a><\/p>\n","protected":false},"author":1,"featured_media":0,"parent":24574,"menu_order":3673,"comment_status":"closed","ping_status":"closed","template":"","meta":{"ngg_post_thumbnail":0,"footnotes":""},"class_list":["post-24582","page","type-page","status-publish","hentry"],"_links":{"self":[{"href":"https:\/\/www.adrianwood.ch\/index.php?rest_route=\/wp\/v2\/pages\/24582","targetHints":{"allow":["GET"]}}],"collection":[{"href":"https:\/\/www.adrianwood.ch\/index.php?rest_route=\/wp\/v2\/pages"}],"about":[{"href":"https:\/\/www.adrianwood.ch\/index.php?rest_route=\/wp\/v2\/types\/page"}],"author":[{"embeddable":true,"href":"https:\/\/www.adrianwood.ch\/index.php?rest_route=\/wp\/v2\/users\/1"}],"replies":[{"embeddable":true,"href":"https:\/\/www.adrianwood.ch\/index.php?rest_route=%2Fwp%2Fv2%2Fcomments&post=24582"}],"version-history":[{"count":2,"href":"https:\/\/www.adrianwood.ch\/index.php?rest_route=\/wp\/v2\/pages\/24582\/revisions"}],"predecessor-version":[{"id":24584,"href":"https:\/\/www.adrianwood.ch\/index.php?rest_route=\/wp\/v2\/pages\/24582\/revisions\/24584"}],"up":[{"embeddable":true,"href":"https:\/\/www.adrianwood.ch\/index.php?rest_route=\/wp\/v2\/pages\/24574"}],"wp:attachment":[{"href":"https:\/\/www.adrianwood.ch\/index.php?rest_route=%2Fwp%2Fv2%2Fmedia&parent=24582"}],"curies":[{"name":"wp","href":"https:\/\/api.w.org\/{rel}","templated":true}]}}