{"id":24588,"date":"2023-04-03T14:46:49","date_gmt":"2023-04-03T14:46:49","guid":{"rendered":"https:\/\/www.adrianwood.ch\/?page_id=24588"},"modified":"2023-04-03T14:57:27","modified_gmt":"2023-04-03T14:57:27","slug":"24588-2","status":"publish","type":"page","link":"https:\/\/www.adrianwood.ch\/?page_id=24588","title":{"rendered":"03 22 El Cotillo"},"content":{"rendered":"ngg_shortcode_0_placeholder\n<h2><strong>Mittwoch 22. Freie Tag, K\u00fcstenwanderung El Cotillo<\/strong><\/h2>\n<p>Wer sich nicht am Hotelpool entspannen m\u00f6chte, oder ganz relaxt durch den Ort bummeln, kann an einer Wanderung entlang den von Wellen umtoste Westk\u00fcste teilnehmen. Wir fahren zum kleine Dorf El Cotillo und laufen zuerst am Strand aber dann oberhalb der Klippen nach S\u00fcden bis zum Playa de Aguila. Hier bietet eine stabil gebaute Betontreppe die Gelegenheit wieder zum Strand zu gelangen. Mutige k\u00f6nnen probieren die Brandung zu trotzen. Die Weste K\u00fcste ist aber f\u00fcr Surfer besser geeignet.<\/p>\nngg_shortcode_1_placeholder\n","protected":false},"excerpt":{"rendered":"<p>Mittwoch 22. Freie Tag, K\u00fcstenwanderung El Cotillo Wer sich nicht am Hotelpool entspannen m\u00f6chte, oder ganz relaxt durch den Ort bummeln, kann an einer Wanderung entlang den von Wellen umtoste Westk\u00fcste teilnehmen. Wir fahren zum kleine Dorf El Cotillo und laufen zuerst am Strand aber dann oberhalb der Klippen nach S\u00fcden bis zum Playa de &hellip; <a href=\"https:\/\/www.adrianwood.ch\/?page_id=24588\" class=\"more-link\">Continue reading <span class=\"screen-reader-text\">03 22 El Cotillo<\/span> <span class=\"meta-nav\">&rarr;<\/span><\/a><\/p>\n","protected":false},"author":1,"featured_media":0,"parent":24574,"menu_order":3675,"comment_status":"closed","ping_status":"closed","template":"","meta":{"ngg_post_thumbnail":0,"footnotes":""},"class_list":["post-24588","page","type-page","status-publish","hentry"],"_links":{"self":[{"href":"https:\/\/www.adrianwood.ch\/index.php?rest_route=\/wp\/v2\/pages\/24588","targetHints":{"allow":["GET"]}}],"collection":[{"href":"https:\/\/www.adrianwood.ch\/index.php?rest_route=\/wp\/v2\/pages"}],"about":[{"href":"https:\/\/www.adrianwood.ch\/index.php?rest_route=\/wp\/v2\/types\/page"}],"author":[{"embeddable":true,"href":"https:\/\/www.adrianwood.ch\/index.php?rest_route=\/wp\/v2\/users\/1"}],"replies":[{"embeddable":true,"href":"https:\/\/www.adrianwood.ch\/index.php?rest_route=%2Fwp%2Fv2%2Fcomments&post=24588"}],"version-history":[{"count":3,"href":"https:\/\/www.adrianwood.ch\/index.php?rest_route=\/wp\/v2\/pages\/24588\/revisions"}],"predecessor-version":[{"id":24599,"href":"https:\/\/www.adrianwood.ch\/index.php?rest_route=\/wp\/v2\/pages\/24588\/revisions\/24599"}],"up":[{"embeddable":true,"href":"https:\/\/www.adrianwood.ch\/index.php?rest_route=\/wp\/v2\/pages\/24574"}],"wp:attachment":[{"href":"https:\/\/www.adrianwood.ch\/index.php?rest_route=%2Fwp%2Fv2%2Fmedia&parent=24588"}],"curies":[{"name":"wp","href":"https:\/\/api.w.org\/{rel}","templated":true}]}}