{"id":24591,"date":"2023-04-03T14:51:58","date_gmt":"2023-04-03T14:51:58","guid":{"rendered":"https:\/\/www.adrianwood.ch\/?page_id=24591"},"modified":"2023-04-03T14:52:15","modified_gmt":"2023-04-03T14:52:15","slug":"03-23-betancuria","status":"publish","type":"page","link":"https:\/\/www.adrianwood.ch\/?page_id=24591","title":{"rendered":"03 23 Betancuria"},"content":{"rendered":"ngg_shortcode_0_placeholder\n<h2><strong>Donnerstag 23.M\u00e4rz, Betancuria \u2013 Barranco de las Penitas<\/strong><\/h2>\n<p>Heute erkunden wir das Inselinnere. Mit dem Bus fahren wir zun\u00e4chst zu einer Ziegenfarm und dann zum Mirador de la Cruz mit seinem Denkmal zu den letzten zwei Guanchen K\u00f6nige. Eine kurze Wanderung bringt uns anschlie\u00dfend nach Betancuria, dem wohl sch\u00f6nsten Dorf der Insel. Unterwegs besichtigen wir die romantisch gelegene Klosterruine San Buenaventura. Wir haben gen\u00fcgend Freizeit der historischen fr\u00fcheren Hauptstadt inklusiv dem Antikenmuseum zu besichtigen. Anschliessend von einem Palmental wandern wir durch den Barranco de las Pe\u00f1itas in Richtung Westk\u00fcste. Auf dem R\u00fcckweg Einkehr in Restaurante Mahoh in Villaverde.<\/p>\nngg_shortcode_1_placeholder\n","protected":false},"excerpt":{"rendered":"<p>Donnerstag 23.M\u00e4rz, Betancuria \u2013 Barranco de las Penitas Heute erkunden wir das Inselinnere. Mit dem Bus fahren wir zun\u00e4chst zu einer Ziegenfarm und dann zum Mirador de la Cruz mit seinem Denkmal zu den letzten zwei Guanchen K\u00f6nige. Eine kurze Wanderung bringt uns anschlie\u00dfend nach Betancuria, dem wohl sch\u00f6nsten Dorf der Insel. Unterwegs besichtigen wir &hellip; <a href=\"https:\/\/www.adrianwood.ch\/?page_id=24591\" class=\"more-link\">Continue reading <span class=\"screen-reader-text\">03 23 Betancuria<\/span> <span class=\"meta-nav\">&rarr;<\/span><\/a><\/p>\n","protected":false},"author":1,"featured_media":0,"parent":24574,"menu_order":3676,"comment_status":"closed","ping_status":"closed","template":"","meta":{"ngg_post_thumbnail":0,"footnotes":""},"class_list":["post-24591","page","type-page","status-publish","hentry"],"_links":{"self":[{"href":"https:\/\/www.adrianwood.ch\/index.php?rest_route=\/wp\/v2\/pages\/24591","targetHints":{"allow":["GET"]}}],"collection":[{"href":"https:\/\/www.adrianwood.ch\/index.php?rest_route=\/wp\/v2\/pages"}],"about":[{"href":"https:\/\/www.adrianwood.ch\/index.php?rest_route=\/wp\/v2\/types\/page"}],"author":[{"embeddable":true,"href":"https:\/\/www.adrianwood.ch\/index.php?rest_route=\/wp\/v2\/users\/1"}],"replies":[{"embeddable":true,"href":"https:\/\/www.adrianwood.ch\/index.php?rest_route=%2Fwp%2Fv2%2Fcomments&post=24591"}],"version-history":[{"count":3,"href":"https:\/\/www.adrianwood.ch\/index.php?rest_route=\/wp\/v2\/pages\/24591\/revisions"}],"predecessor-version":[{"id":24594,"href":"https:\/\/www.adrianwood.ch\/index.php?rest_route=\/wp\/v2\/pages\/24591\/revisions\/24594"}],"up":[{"embeddable":true,"href":"https:\/\/www.adrianwood.ch\/index.php?rest_route=\/wp\/v2\/pages\/24574"}],"wp:attachment":[{"href":"https:\/\/www.adrianwood.ch\/index.php?rest_route=%2Fwp%2Fv2%2Fmedia&parent=24591"}],"curies":[{"name":"wp","href":"https:\/\/api.w.org\/{rel}","templated":true}]}}