{"id":24595,"date":"2023-04-03T14:55:56","date_gmt":"2023-04-03T14:55:56","guid":{"rendered":"https:\/\/www.adrianwood.ch\/?page_id=24595"},"modified":"2023-04-03T14:55:56","modified_gmt":"2023-04-03T14:55:56","slug":"03-24-corralejo","status":"publish","type":"page","link":"https:\/\/www.adrianwood.ch\/?page_id=24595","title":{"rendered":"03 24 Corralejo"},"content":{"rendered":"ngg_shortcode_0_placeholder\n<h2><strong>Freitag 24.M\u00e4rz, Malpa\u00eds de la Arena oder Corralejo<\/strong><\/h2>\n<p>Unsere letzte Wanderung verl\u00e4uft zwischen den Vulkankegeln des Malpa\u00eds de la Arena bis nach Villaverde. Dort kehren wir zum Abschluss in eine typische Gastst\u00e4tte ein und lassen uns die Spezialit\u00e4ten der Insel schmecken. Ich habe diese Wanderung nicht mitgemacht, aber den Tag auf den sch\u00f6nen Str\u00e4nden vor dem Dorf Corralejo verbracht. Es herrschte dort eine angenehme Atmosph\u00e4re mit nicht zu viele aber auch nicht zu wenige Ferieng\u00e4ste und es bildete ein passende Abschluss der genussvolle Woche. Ein letzte Durchgang um den Hotelanlage schliesst die Ferien ab.<\/p>\nngg_shortcode_1_placeholder\n","protected":false},"excerpt":{"rendered":"<p>Freitag 24.M\u00e4rz, Malpa\u00eds de la Arena oder Corralejo Unsere letzte Wanderung verl\u00e4uft zwischen den Vulkankegeln des Malpa\u00eds de la Arena bis nach Villaverde. Dort kehren wir zum Abschluss in eine typische Gastst\u00e4tte ein und lassen uns die Spezialit\u00e4ten der Insel schmecken. Ich habe diese Wanderung nicht mitgemacht, aber den Tag auf den sch\u00f6nen Str\u00e4nden vor &hellip; <a href=\"https:\/\/www.adrianwood.ch\/?page_id=24595\" class=\"more-link\">Continue reading <span class=\"screen-reader-text\">03 24 Corralejo<\/span> <span class=\"meta-nav\">&rarr;<\/span><\/a><\/p>\n","protected":false},"author":1,"featured_media":0,"parent":24574,"menu_order":3677,"comment_status":"closed","ping_status":"closed","template":"","meta":{"ngg_post_thumbnail":0,"footnotes":""},"class_list":["post-24595","page","type-page","status-publish","hentry"],"_links":{"self":[{"href":"https:\/\/www.adrianwood.ch\/index.php?rest_route=\/wp\/v2\/pages\/24595","targetHints":{"allow":["GET"]}}],"collection":[{"href":"https:\/\/www.adrianwood.ch\/index.php?rest_route=\/wp\/v2\/pages"}],"about":[{"href":"https:\/\/www.adrianwood.ch\/index.php?rest_route=\/wp\/v2\/types\/page"}],"author":[{"embeddable":true,"href":"https:\/\/www.adrianwood.ch\/index.php?rest_route=\/wp\/v2\/users\/1"}],"replies":[{"embeddable":true,"href":"https:\/\/www.adrianwood.ch\/index.php?rest_route=%2Fwp%2Fv2%2Fcomments&post=24595"}],"version-history":[{"count":1,"href":"https:\/\/www.adrianwood.ch\/index.php?rest_route=\/wp\/v2\/pages\/24595\/revisions"}],"predecessor-version":[{"id":24596,"href":"https:\/\/www.adrianwood.ch\/index.php?rest_route=\/wp\/v2\/pages\/24595\/revisions\/24596"}],"up":[{"embeddable":true,"href":"https:\/\/www.adrianwood.ch\/index.php?rest_route=\/wp\/v2\/pages\/24574"}],"wp:attachment":[{"href":"https:\/\/www.adrianwood.ch\/index.php?rest_route=%2Fwp%2Fv2%2Fmedia&parent=24595"}],"curies":[{"name":"wp","href":"https:\/\/api.w.org\/{rel}","templated":true}]}}