{"id":24833,"date":"2023-05-25T10:14:37","date_gmt":"2023-05-25T10:14:37","guid":{"rendered":"https:\/\/www.adrianwood.ch\/?page_id=24833"},"modified":"2023-05-27T08:46:29","modified_gmt":"2023-05-27T08:46:29","slug":"05-02-el-cedreo","status":"publish","type":"page","link":"https:\/\/www.adrianwood.ch\/?page_id=24833","title":{"rendered":"05-02 El Cedreo"},"content":{"rendered":"<div class=\"pmdi_content_wrapper\">\n<h2 class=\"Normal-P\" style=\"margin-bottom: 6pt; direction: ltr; unicode-bidi: normal;\"><span class=\"Normal-H\"><span style=\"font-family: Arial; font-weight: bold; font-size: 11pt;\">Dienstag 02.05.2023, National Park El Cedr<\/span><span style=\"font-family: Arial; font-weight: bold; font-size: 11pt;\">o<\/span><\/span><\/h2>\n<p class=\"Normal-P\" style=\"margin-bottom: 6pt; text-align: justify; text-justify: inter-ideograph; direction: ltr; unicode-bidi: normal;\">\n<table class=\"TableGrid-T\" style=\"border-collapse: collapse;\" cellspacing=\"0\">\n<tbody>\n<tr class=\"-R\">\n<td class=\"-C\" style=\"width: 481.4pt; border: none windowtext 0pt;\" colspan=\"2\">\n<p class=\"Normal-P\" style=\"margin-bottom: 6pt; text-align: justify; text-justify: inter-ideograph; direction: ltr; unicode-bidi: normal;\"><span class=\"Normal-H\"><span style=\"font-family: Arial; font-size: 11pt;\">In diesem Bericht werde ich eine umfassende Beschreibung unserer heutigen Wanderung im Nationalpark El <\/span><span style=\"font-family: Arial; font-size: 11pt;\">Cedro<\/span><span style=\"font-family: Arial; font-size: 11pt;\"> geben, einschlie\u00dflich der zur\u00fcckgelegten Strecke, der H\u00f6henunterschiede, des generellen Schwierigkeitsgrads und des Gesamterlebnisses.<\/span><\/span><\/p>\n<\/td>\n<\/tr>\n<tr class=\"-R\">\n<td class=\"-C\" style=\"width: 238.5pt; border: none windowtext 0pt;\">\n<p class=\"Normal-P\" style=\"margin-bottom: 6pt; text-align: justify; text-justify: inter-ideograph; direction: ltr; unicode-bidi: normal;\"><span class=\"Normal-H\"><span style=\"font-family: Arial; font-size: 11pt;\"><img loading=\"lazy\" decoding=\"async\" class=\"\" src=\"https:\/\/www.adrianwood.ch\/wp-content\/uploads\/2023\/05\/1685103580_image1.jpeg\" data-link=\"\" width=\"353\" height=\"242\"><\/span><\/span><\/p>\n<\/td>\n<td class=\"-C\" style=\"width: 242.9pt; border: none windowtext 0pt;\">\n<p class=\"Normal-P\" style=\"margin-bottom: 6pt; text-align: center; direction: ltr; unicode-bidi: normal;\"><span class=\"Normal-H\"><span style=\"font-family: Arial; font-size: 11pt;\"><img loading=\"lazy\" decoding=\"async\" class=\"\" src=\"https:\/\/www.adrianwood.ch\/wp-content\/uploads\/2023\/05\/1685103580_image2.jpeg\" data-link=\"\" width=\"352\" height=\"236\"><\/span><\/span><\/p>\n<\/td>\n<\/tr>\n<tr class=\"-R\">\n<td class=\"-C\" style=\"width: 238.5pt; border: none windowtext 0pt;\">\n<p class=\"Normal-P\" style=\"margin-bottom: 6pt; text-align: justify; text-justify: inter-ideograph; direction: ltr; unicode-bidi: normal;\"><span class=\"Normal-H\"><span style=\"font-family: Arial; font-style: italic; font-size: 10pt;\">Abstieg auf einem wohlgepflegten Wanderweg dank Finanzierung der Gemeinde und UNESCO-Sub<\/span><span style=\"font-family: Arial; font-style: italic; font-size: 10pt;\">s.<\/span><\/span><\/p>\n<\/td>\n<td class=\"-C\" style=\"width: 242.9pt; border: none windowtext 0pt;\">\n<p class=\"Normal-P\" style=\"margin-bottom: 6pt; text-align: justify; text-justify: inter-ideograph; direction: ltr; unicode-bidi: normal;\"><span class=\"Normal-H\"><span style=\"font-family: Arial; font-style: italic; font-size: 10pt;\">Moos und Flechten behangener alter Baum im Urwald<\/span><\/span><\/p>\n<\/td>\n<\/tr>\n<tr class=\"-R\">\n<td class=\"-C\" style=\"width: 481.4pt; border: none windowtext 0pt;\" colspan=\"2\">\n<p class=\"Normal-P\" style=\"margin-bottom: 6pt; text-align: justify; text-justify: inter-ideograph; direction: ltr; unicode-bidi: normal;\"><span class=\"Normal-H\"><span style=\"font-family: Arial; font-size: 11pt;\">Der Nationalpark El <\/span><span style=\"font-family: Arial; font-size: 11pt;\">Cedro<\/span><span style=\"font-family: Arial; font-size: 11pt;\"> ist wie der <\/span><span style=\"font-family: Arial; font-size: 11pt;\">Garajonay<\/span><span style=\"font-family: Arial; font-size: 11pt;\"> Nationalpark, ein beliebtes Ziel f\u00fcr Wanderbegeisterte sowie auch Einheimische auf La Gomera. Nicht nur Touristen wandern in diesem Park. Unser Wanderleiter Carlo erkl\u00e4rte uns zudem, der Nationalpark und die Gemeinden seien die wichtigsten Arbeitgeber auf der Insel. <\/span><\/span><\/p>\n<\/td>\n<\/tr>\n<tr class=\"-R\">\n<td class=\"-C\" style=\"width: 238.5pt; border: none windowtext 0pt;\">\n<p class=\"Normal-P\" style=\"margin-bottom: 6pt; text-align: justify; text-justify: inter-ideograph; direction: ltr; unicode-bidi: normal;\"><span class=\"Normal-H\"><span style=\"font-family: Arial; font-size: 11pt;\"><img loading=\"lazy\" decoding=\"async\" class=\"\" src=\"https:\/\/www.adrianwood.ch\/wp-content\/uploads\/2023\/05\/1685103580_image3.jpeg\" data-link=\"\" width=\"352\" height=\"235\"><\/span><\/span><\/p>\n<\/td>\n<td class=\"-C\" style=\"width: 242.9pt; border: none windowtext 0pt;\">\n<p class=\"Normal-P\" style=\"margin-bottom: 6pt; text-align: justify; text-justify: inter-ideograph; direction: ltr; unicode-bidi: normal;\"><span class=\"Normal-H\"><span style=\"font-family: Arial; font-size: 11pt;\"><img loading=\"lazy\" decoding=\"async\" class=\"\" src=\"https:\/\/www.adrianwood.ch\/wp-content\/uploads\/2023\/05\/1685103580_image4.jpeg\" data-link=\"\" width=\"352\" height=\"236\"><\/span><\/span><\/p>\n<\/td>\n<\/tr>\n<tr class=\"-R\">\n<td class=\"-C\" style=\"width: 481.4pt; border: none windowtext 0pt;\" colspan=\"2\">\n<p class=\"Normal-P\" style=\"margin-bottom: 6pt; text-align: justify; text-justify: inter-ideograph; direction: ltr; unicode-bidi: normal;\"><span class=\"Normal-H\"><span style=\"font-family: Arial; font-size: 11pt;\">Die Wanderung begann am Eingang des Nationalparks El <\/span><span style=\"font-family: Arial; font-size: 11pt;\">Cedro<\/span><span style=\"font-family: Arial; font-size: 11pt;\"> und dauerte etwa vier Stunden. Wir legten eine Strecke von ungef\u00e4hr 10 Kilometern zur\u00fcck, mit einem H\u00f6henunterschied von 400 Metern auf und 600 Metern ab. Der Weg war von durchschnittlicher Schwierigkeit, mit einigen steilen Anstiegen und Abstiegen, aber nicht zu herausfordernd f\u00fcr erfahrene Wanderer. <\/span><\/span><\/p>\n<\/td>\n<\/tr>\n<tr class=\"-R\">\n<td class=\"-C\" style=\"width: 238.5pt; border: none windowtext 0pt;\">\n<p class=\"Normal-P\" style=\"margin-bottom: 6pt; text-align: justify; text-justify: inter-ideograph; direction: ltr; unicode-bidi: normal;\"><span class=\"Normal-H\"><span style=\"font-family: Arial; font-size: 11pt;\"><img loading=\"lazy\" decoding=\"async\" class=\"\" src=\"https:\/\/www.adrianwood.ch\/wp-content\/uploads\/2023\/05\/1685103580_image5.jpeg\" data-link=\"\" width=\"353\" height=\"234\"><\/span><\/span><\/p>\n<\/td>\n<td class=\"-C\" style=\"width: 242.9pt; border: none windowtext 0pt;\">\n<p class=\"Normal-P\" style=\"margin-bottom: 6pt; text-align: justify; text-justify: inter-ideograph; direction: ltr; unicode-bidi: normal;\"><span class=\"Normal-H\"><span style=\"font-family: Arial; font-size: 11pt;\"><img loading=\"lazy\" decoding=\"async\" class=\"\" src=\"https:\/\/www.adrianwood.ch\/wp-content\/uploads\/2023\/05\/1685103580_image6.jpeg\" data-link=\"\" width=\"352\" height=\"236\"><\/span><\/span><\/p>\n<\/td>\n<\/tr>\n<tr class=\"-R\">\n<td class=\"-C\" style=\"width: 481.4pt; border: none windowtext 0pt;\" colspan=\"2\">\n<p class=\"Normal-P\" style=\"margin-bottom: 6pt; text-align: justify; text-justify: inter-ideograph; direction: ltr; unicode-bidi: normal;\"><span class=\"Normal-H\"><span style=\"font-family: Arial; font-size: 11pt;\">Drei unserer Mitwanderer hatten sich an dem Tag f\u00fcr <\/span><span style=\"font-family: Arial; font-size: 11pt;\">Whale-Watching<\/span><span style=\"font-family: Arial; font-size: 11pt;\"> entschieden, es fehlten also Jean-Fran\u00e7ois und seine Gattin Huguette und unser <\/span><span style=\"font-family: Arial; font-size: 11pt;\">Reisef\u00fcher<\/span><span style=\"font-family: Arial; font-size: 11pt;\"> Adrian. Hoffentlich hatten sie Gl\u00fcck auf dem Schiff, da die Wellen sehr hoch waren, als wir relativ fr\u00fch zum Hotel zur\u00fcckkehrten, um einzupacken f\u00fcr den morgigen Flug nach Teneriffa und dann Fuerteventura.<\/span><\/span><\/p>\n<\/td>\n<\/tr>\n<tr class=\"-R\">\n<td class=\"-C\" style=\"width: 238.5pt; border: none windowtext 0pt;\">\n<p class=\"Normal-P\" style=\"margin-bottom: 6pt; text-align: justify; text-justify: inter-ideograph; direction: ltr; unicode-bidi: normal;\"><span class=\"Normal-H\"><span style=\"font-family: Arial; font-size: 11pt;\"><img loading=\"lazy\" decoding=\"async\" class=\"\" src=\"https:\/\/www.adrianwood.ch\/wp-content\/uploads\/2023\/05\/1685103580_image7.jpeg\" data-link=\"\" width=\"353\" height=\"234\"><\/span><\/span><\/p>\n<\/td>\n<td class=\"-C\" style=\"width: 242.9pt; border: none windowtext 0pt;\">\n<p class=\"Normal-P\" style=\"margin-bottom: 6pt; text-align: justify; text-justify: inter-ideograph; direction: ltr; unicode-bidi: normal;\"><span class=\"Normal-H\"><span style=\"font-family: Arial; font-size: 11pt;\"><img loading=\"lazy\" decoding=\"async\" class=\"\" src=\"https:\/\/www.adrianwood.ch\/wp-content\/uploads\/2023\/05\/1685103580_image8.jpeg\" data-link=\"\" width=\"352\" height=\"236\"><\/span><\/span><\/p>\n<\/td>\n<\/tr>\n<tr class=\"-R\">\n<td class=\"-C\" style=\"width: 238.5pt; border: none windowtext 0pt;\">\n<p class=\"Normal-P\" style=\"margin-bottom: 6pt; text-align: justify; text-justify: inter-ideograph; direction: ltr; unicode-bidi: normal;\"><span class=\"Normal-H\"><span style=\"font-family: Arial; font-size: 11pt;\"><img loading=\"lazy\" decoding=\"async\" class=\"\" src=\"https:\/\/www.adrianwood.ch\/wp-content\/uploads\/2023\/05\/1685103580_image9.jpeg\" data-link=\"\" width=\"353\" height=\"264\"><\/span><\/span><\/p>\n<\/td>\n<td class=\"-C\" style=\"width: 242.9pt; border: none windowtext 0pt;\">\n<p class=\"Normal-P\" style=\"margin-bottom: 6pt; text-align: justify; text-justify: inter-ideograph; direction: ltr; unicode-bidi: normal;\"><span class=\"Normal-H\"><span style=\"font-family: Arial; font-size: 11pt;\"><img loading=\"lazy\" decoding=\"async\" class=\"\" src=\"https:\/\/www.adrianwood.ch\/wp-content\/uploads\/2023\/05\/1685103580_image10.jpeg\" data-link=\"\" width=\"352\" height=\"265\"><\/span><\/span><\/p>\n<\/td>\n<\/tr>\n<tr class=\"-R\">\n<td class=\"-C\" style=\"width: 238.5pt; border: none windowtext 0pt;\">\n<p class=\"Normal-P\" style=\"margin-bottom: 6pt; text-align: justify; text-justify: inter-ideograph; direction: ltr; unicode-bidi: normal;\"><span class=\"Normal-H\"><span style=\"font-family: Arial; font-style: italic; font-size: 10pt;\">Ger<\/span><span style=\"font-family: Arial; font-style: italic; font-size: 10pt;\">\u00f6<\/span><span style=\"font-family: Arial; font-style: italic; font-size: 10pt;\">llbl\u00f6cke, Moos <\/span><span style=\"font-family: Arial; font-style: italic; font-size: 10pt;\">&amp;<\/span><span style=\"font-family: Arial; font-style: italic; font-size: 10pt;\"> B\u00e4ume <\/span><span style=\"font-family: Arial; font-style: italic; font-size: 10pt;\">im<\/span><span style=\"font-family: Arial; font-style: italic; font-size: 10pt;\"> Urwald-Lan<\/span><span style=\"font-family: Arial; font-style: italic; font-size: 10pt;\">d<\/span><span style=\"font-family: Arial; font-style: italic; font-size: 10pt;\">schaft<\/span><\/span><\/p>\n<\/td>\n<td class=\"-C\" style=\"width: 242.9pt; border: none windowtext 0pt;\">\n<p class=\"Normal-P\" style=\"margin-bottom: 6pt; text-align: justify; text-justify: inter-ideograph; direction: ltr; unicode-bidi: normal;\"><span class=\"Normal-H\"><span style=\"font-family: Arial; font-style: italic; font-size: 10pt;\">El Roque sichtbar durch \u00fcppiges Laub<\/span><\/span><\/p>\n<\/td>\n<\/tr>\n<tr class=\"-R\">\n<td class=\"-C\" style=\"width: 481.4pt; border: none windowtext 0pt;\" colspan=\"2\">\n<p class=\"Normal-P\" style=\"margin-bottom: 6pt; text-align: justify; text-justify: inter-ideograph; direction: ltr; unicode-bidi: normal;\"><span class=\"Normal-H\"><span style=\"font-family: Arial; font-size: 11pt;\">Die Landschaft auf der Wanderung war atemberaubend, mit \u00fcppigen W\u00e4ldern, erstens meistens aus Heide- (Erika) und <\/span><span style=\"font-family: Arial; font-size: 11pt;\">Gagelb\u00e4umen<\/span><span style=\"font-family: Arial; font-size: 11pt;\"> (<\/span><span style=\"font-family: Arial; font-size: 11pt;\">Myrica<\/span><span style=\"font-family: Arial; font-size: 11pt;\">Faya<\/span><span style=\"font-family: Arial; font-size: 11pt;\">) und sp\u00e4ter, unter der kleinen Lourdes Kapelle (<\/span><span style=\"font-family: Arial; font-size: 11pt;\">Ermita<\/span><span style=\"font-family: Arial; font-size: 11pt;\"> de Lourdes) vorwiegend aus Lorbeerb\u00e4umen. Es gab ein paar Panoramablicke auf die umliegenden Berge und wir erkannten El Roque, der unsere gestrige, viel schwierigere Wanderung stets begleitet hatte. Wir trafen auch auf eine Vielzahl von Pflanzen, aber nicht von Tierarten, au\u00dfer die hungrigen V\u00f6gel, die uns beim Picknick besuchten. Kanarienv\u00f6gel auf der Insel sind im Gegensatz zu den gez\u00fcchteten Kanarien, nicht ganz gelb, sondern gr\u00fcngelb.<\/span><\/span><\/p>\n<\/td>\n<\/tr>\n<tr class=\"-R\">\n<td class=\"-C\" style=\"width: 238.5pt; border: none windowtext 0pt;\">\n<p class=\"Normal-P\" style=\"margin-bottom: 6pt; text-align: justify; text-justify: inter-ideograph; direction: ltr; unicode-bidi: normal;\"><span class=\"Normal-H\"><span style=\"font-family: Arial; font-size: 11pt;\"><img loading=\"lazy\" decoding=\"async\" class=\"\" src=\"https:\/\/www.adrianwood.ch\/wp-content\/uploads\/2023\/05\/1685103580_image11.jpeg\" data-link=\"\" width=\"353\" height=\"234\"><\/span><\/span><\/p>\n<\/td>\n<td class=\"-C\" style=\"width: 242.9pt; border: none windowtext 0pt;\">\n<p class=\"Normal-P\" style=\"margin-bottom: 6pt; text-align: justify; text-justify: inter-ideograph; direction: ltr; unicode-bidi: normal;\"><span class=\"Normal-H\"><span style=\"font-family: Arial; font-size: 11pt;\"><img loading=\"lazy\" decoding=\"async\" class=\"\" src=\"https:\/\/www.adrianwood.ch\/wp-content\/uploads\/2023\/05\/1685103580_image12.jpg\" data-link=\"\" width=\"352\" height=\"236\"><\/span><\/span><\/p>\n<\/td>\n<\/tr>\n<tr class=\"-R\">\n<td class=\"-C\" style=\"width: 238.5pt; border: none windowtext 0pt;\">\n<p class=\"Normal-P\" style=\"margin-bottom: 6pt; text-align: justify; text-justify: inter-ideograph; direction: ltr; unicode-bidi: normal;\"><span class=\"Normal-H\"><span style=\"font-family: Arial; font-style: italic; font-size: 10pt;\">Der Bach El Cedro<\/span><\/span><\/p>\n<\/td>\n<td class=\"-C\" style=\"width: 242.9pt; border: none windowtext 0pt;\">\n<p class=\"Normal-P\" style=\"margin-bottom: 6pt; text-align: justify; text-justify: inter-ideograph; direction: ltr; unicode-bidi: normal;\"><span class=\"Normal-H\"><span style=\"font-family: Arial; font-style: italic; font-size: 10pt;\">Heftige Brandung vor unserem Hote<\/span><span style=\"font-family: Arial; font-style: italic; font-size: 10pt;\">l<\/span><span style=\"font-family: Arial; font-style: italic; font-size: 10pt;\"> Gran Rey<\/span><\/span><\/p>\n<\/td>\n<\/tr>\n<tr class=\"-R\">\n<td class=\"-C\" style=\"width: 481.4pt; border: none windowtext 0pt;\" colspan=\"2\">\n<p class=\"Normal-P\" style=\"margin-bottom: 6pt; text-align: justify; text-justify: inter-ideograph; direction: ltr; unicode-bidi: normal;\"><span class=\"Normal-H\"><span style=\"font-family: Arial; font-size: 11pt;\">Den zum Welterbe geh\u00f6renden <\/span><span style=\"font-family: Arial; font-size: 11pt;\">Garajonay<\/span><span style=\"font-family: Arial; font-size: 11pt;\"> Nationalpark hatten wir schon bei unserer ersten Wanderung kennengelernt. El <\/span><span style=\"font-family: Arial; font-size: 11pt;\">Cedro<\/span><span style=\"font-family: Arial; font-size: 11pt;\"> ist vielleicht weniger <\/span><span style=\"font-family: Arial; font-size: 11pt;\">beeindr\u00fcckend<\/span><span style=\"font-family: Arial; font-size: 11pt;\">, aber wegen des k\u00fchlen Schattens, nicht weniger angenehm zu durchlaufen. Au\u00dferdem bietet der mit Moos und Flechten behangener Urwald einen ganzj\u00e4hrig flie\u00dfenden Bach, auch El <\/span><span style=\"font-family: Arial; font-size: 11pt;\">Cedro<\/span><span style=\"font-family: Arial; font-size: 11pt;\"> benannt.<\/span><\/span><\/p>\n<p class=\"Normal-P\" style=\"margin-bottom: 6pt; text-align: justify; text-justify: inter-ideograph; direction: ltr; unicode-bidi: normal;\"><span class=\"Normal-H\"><span style=\"font-family: Arial; font-size: 11pt;\">Alain F.<\/span><\/span><\/p>\n<\/td>\n<\/tr>\n<p><!-- [if !supportMisalignedColumns]--><\/tbody>\n<\/table>\n<\/div>\n","protected":false},"excerpt":{"rendered":"<p>Dienstag 02.05.2023, National Park El Cedro In diesem Bericht werde ich eine umfassende Beschreibung unserer heutigen Wanderung im Nationalpark El Cedro geben, einschlie\u00dflich der zur\u00fcckgelegten Strecke, der H\u00f6henunterschiede, des generellen Schwierigkeitsgrads und des Gesamterlebnisses. Abstieg auf einem wohlgepflegten Wanderweg dank Finanzierung der Gemeinde und UNESCO-Subs. Moos und Flechten behangener alter Baum im Urwald Der Nationalpark &hellip; <a href=\"https:\/\/www.adrianwood.ch\/?page_id=24833\" class=\"more-link\">Continue reading <span class=\"screen-reader-text\">05-02 El Cedreo<\/span> <span class=\"meta-nav\">&rarr;<\/span><\/a><\/p>\n","protected":false},"author":1,"featured_media":0,"parent":24622,"menu_order":2648,"comment_status":"closed","ping_status":"closed","template":"","meta":{"ngg_post_thumbnail":0,"footnotes":""},"class_list":["post-24833","page","type-page","status-publish","hentry"],"_links":{"self":[{"href":"https:\/\/www.adrianwood.ch\/index.php?rest_route=\/wp\/v2\/pages\/24833","targetHints":{"allow":["GET"]}}],"collection":[{"href":"https:\/\/www.adrianwood.ch\/index.php?rest_route=\/wp\/v2\/pages"}],"about":[{"href":"https:\/\/www.adrianwood.ch\/index.php?rest_route=\/wp\/v2\/types\/page"}],"author":[{"embeddable":true,"href":"https:\/\/www.adrianwood.ch\/index.php?rest_route=\/wp\/v2\/users\/1"}],"replies":[{"embeddable":true,"href":"https:\/\/www.adrianwood.ch\/index.php?rest_route=%2Fwp%2Fv2%2Fcomments&post=24833"}],"version-history":[{"count":4,"href":"https:\/\/www.adrianwood.ch\/index.php?rest_route=\/wp\/v2\/pages\/24833\/revisions"}],"predecessor-version":[{"id":24919,"href":"https:\/\/www.adrianwood.ch\/index.php?rest_route=\/wp\/v2\/pages\/24833\/revisions\/24919"}],"up":[{"embeddable":true,"href":"https:\/\/www.adrianwood.ch\/index.php?rest_route=\/wp\/v2\/pages\/24622"}],"wp:attachment":[{"href":"https:\/\/www.adrianwood.ch\/index.php?rest_route=%2Fwp%2Fv2%2Fmedia&parent=24833"}],"curies":[{"name":"wp","href":"https:\/\/api.w.org\/{rel}","templated":true}]}}